{"id":1420,"date":"2020-03-30T07:13:44","date_gmt":"2020-03-30T06:13:44","guid":{"rendered":"http:\/\/centredeyoga-lyon-jean-mace.org\/?page_id=1420"},"modified":"2026-03-18T11:22:33","modified_gmt":"2026-03-18T09:22:33","slug":"politique-de-confidentialite","status":"publish","type":"page","link":"https:\/\/centredeyoga-lyon-jean-mace.org\/index.php\/politique-de-confidentialite\/","title":{"rendered":"Politique de confidentialit\u00e9"},"content":{"rendered":"\n<h2 class=\"wp-block-heading\">Qui sommes-nous&nbsp;?<\/h2>\n\n\n\n<p>Nous sommes des professionnels ind\u00e9pendants, regroup\u00e9s sous forme d&rsquo;association autour de la salle d\u00e9nomm\u00e9e \u00ab\u00a0Centre de yoga Lyon Jean Mac\u00e9\u00a0\u00bb, localis\u00e9e au 13 rue Camille Roy, Lyon 7\u00e8me.<br>L\u2019adresse de notre site Web est&nbsp;: http:\/\/centredeyoga-lyon-jean-mace.org.<\/p>\n\n\n\n<h2 class=\"wp-block-heading\">Utilisation des donn\u00e9es personnelles collect\u00e9es<\/h2>\n\n\n\n<h3 class=\"wp-block-heading\">Inscription \u00e0 la newsletter<\/h3>\n\n\n\n<p>Le formulaire d&rsquo;inscription est reli\u00e9 directement \u00e0 notre compte MailChimp, \u00e0 partir duquel nous envoyons les Lettres d&rsquo;informations. Vous avez donc la possibilit\u00e9 de vous inscrire via le site internet et de vous d\u00e9sinscrire dans chaque mail que vous recevrez par la suite. Cette inscription et d\u00e9sinscription se fait donc de mani\u00e8re libre et sans engagement de votre part.<br>Les informations fournies servent donc uniquement \u00e0 l&rsquo;envoi volontaire de ces newsletters et ne sont pas utilis\u00e9es \u00e0 d&rsquo;autres fins commerciales.<\/p>\n\n\n\n<p>Les informations recueillies sur ce formulaire sont enregistr\u00e9es dans un fichier informatis\u00e9 stock\u00e9 en ligne chez <a href=\"https:\/\/mailchimp.com\/fr\/\" target=\"_blank\" rel=\"noreferrer noopener\">MailChimp<\/a>, pour l\u2019envoi de la Lettre d\u2019informations du Centre de Yoga Lyon Jean Mac\u00e9. La base l\u00e9gale du traitement est l\u2019int\u00e9r\u00eat l\u00e9gitime du Centre de Yoga Lyon Jean Mac\u00e9 de promouvoir son activit\u00e9, dans le strict respect des droits et int\u00e9r\u00eats des personnes dont les donn\u00e9es sont trait\u00e9es.<br>Les donn\u00e9es collect\u00e9es seront communiqu\u00e9es aux seuls destinataires suivants : MailChimp (prestataire de l\u2019envoi des Lettres d\u2019informations) et Centre de Yoga Lyon Jean Mac\u00e9 (utilisateur final).<br>Les donn\u00e9es sont conserv\u00e9es pendant <strong>2 ans<\/strong>.<br>Vous pouvez acc\u00e9der aux donn\u00e9es vous concernant, les rectifier, demander leur effacement ou exercer votre droit \u00e0 la limitation du traitement de vos donn\u00e9es. Consultez le site\u00a0<a href=\"https:\/\/www.cnil.fr\/\" target=\"_blank\" rel=\"noreferrer noopener\">cnil.fr<\/a> pour plus d\u2019informations sur vos droits.<br>Pour exercer ces droits ou pour toute question sur le traitement de vos donn\u00e9es dans ce dispositif, vous pouvez contacter Laurent SIMON \u00e0 <a href=\"javascript:;\">laurent.simon@mailo.com<\/a> ou 06 78 86 89 92.<br>Si vous estimez, apr\u00e8s nous avoir contact\u00e9s, que vos droits \u00ab\u00a0Informatique et Libert\u00e9s\u00a0\u00bb ne sont pas respect\u00e9s, vous pouvez adresser une r\u00e9clamation \u00e0 la CNIL.<\/p>\n\n\n\n<h3 class=\"wp-block-heading\"><strong>Cookie Google Analytics<\/strong><\/h3>\n\n\n\n<p>Ce site utilise un cookie Google Analytics, \u00e0 des fins de statistiques et pour am\u00e9liorer le contenu du site. Nous n\u2019avons, dans ce contexte, aucun contr\u00f4le sur la <strong>nature et l\u2019\u00e9tendue des donn\u00e9es<\/strong> transmises \u00e0 Google Inc. Cette soci\u00e9t\u00e9 d\u00e9taille l&rsquo;utilisation des donn\u00e9es collect\u00e9es dans ses <a href=\"https:\/\/policies.google.com\/privacy?gl=fr\" target=\"_blank\" rel=\"noreferrer noopener\">R\u00e8gles de confidentialit\u00e9<\/a>.<\/p>\n\n\n\n<h3 class=\"wp-block-heading\">Contenu embarqu\u00e9 depuis d\u2019autres sites<\/h3>\n\n\n\n<p>Les articles de ce site peuvent inclure des contenus int\u00e9gr\u00e9s (par exemple des vid\u00e9os, images, articles\u2026). Le contenu int\u00e9gr\u00e9 depuis d\u2019autres sites se comporte de la m\u00eame mani\u00e8re que si le visiteur se rendait sur cet autre site.<br>Ces sites web pourraient collecter des donn\u00e9es sur vous, utiliser des cookies, embarquer des outils de suivis tiers, suivre vos interactions avec ces contenus embarqu\u00e9s si vous disposez d\u2019un compte connect\u00e9 sur leur site web.<\/p>\n\n\n\n<h2 class=\"wp-block-heading\">Informations de contact<\/h2>\n\n\n\n<p>En cas de besoin, contactez Laurent SIMON \u00e0 <a href=\"javascript:;\">laurent.simon@mailo.com<\/a> <\/p>\n\n\n\n<h2 class=\"wp-block-heading\">Informations suppl\u00e9mentaires<\/h2>\n\n\n\n<h3 class=\"wp-block-heading\">Gestion des \u00e9v\u00e8nements<\/h3>\n\n\n\n<p>Nous utilisons  les services de Google pour cr\u00e9er les cartes et fournir des r\u00e9ponses lors de la recherche des \u00e9v\u00e8nements par emplacement. Ces services  peuvent collecter des donn\u00e9es en fonction de la <a href=\"https:\/\/policies.google.com\/privacy\">politique de confidentialit\u00e9<\/a> de Google.<\/p>\n","protected":false},"excerpt":{"rendered":"<p>Qui sommes-nous&nbsp;? Nous sommes des professionnels ind\u00e9pendants, regroup\u00e9s sous forme d&rsquo;association autour de la salle d\u00e9nomm\u00e9e \u00ab\u00a0Centre de yoga Lyon Jean Mac\u00e9\u00a0\u00bb, localis\u00e9e au 13 rue Camille Roy, Lyon 7\u00e8me.L\u2019adresse de notre site Web est&nbsp;: http:\/\/centredeyoga-lyon-jean-mace.org. Utilisation des donn\u00e9es personnelles collect\u00e9es Inscription \u00e0 la newsletter Le formulaire d&rsquo;inscription est reli\u00e9 directement \u00e0 notre compte MailChimp, [&hellip;]<\/p>\n","protected":false},"author":3,"featured_media":0,"parent":0,"menu_order":0,"comment_status":"closed","ping_status":"closed","template":"","meta":{"_monsterinsights_skip_tracking":false,"_monsterinsights_sitenote_active":false,"_monsterinsights_sitenote_note":"","_monsterinsights_sitenote_category":0,"footnotes":""},"class_list":["post-1420","page","type-page","status-publish","hentry","clear"],"yoast_head":"<!-- This site is optimized with the Yoast SEO plugin v27.3 - https:\/\/yoast.com\/product\/yoast-seo-wordpress\/ -->\n<title>Politique de confidentialit\u00e9 - Centre de Yoga Lyon Jean Mac\u00e9<\/title>\n<meta name=\"robots\" content=\"index, follow, max-snippet:-1, max-image-preview:large, max-video-preview:-1\" \/>\n<link rel=\"canonical\" href=\"https:\/\/centredeyoga-lyon-jean-mace.org\/index.php\/politique-de-confidentialite\/\" \/>\n<meta property=\"og:locale\" content=\"fr_FR\" \/>\n<meta property=\"og:type\" content=\"article\" \/>\n<meta property=\"og:title\" content=\"Politique de confidentialit\u00e9 - Centre de Yoga Lyon Jean Mac\u00e9\" \/>\n<meta property=\"og:description\" content=\"Qui sommes-nous&nbsp;? Nous sommes des professionnels ind\u00e9pendants, regroup\u00e9s sous forme d&rsquo;association autour de la salle d\u00e9nomm\u00e9e \u00ab\u00a0Centre de yoga Lyon Jean Mac\u00e9\u00a0\u00bb, localis\u00e9e au 13 rue Camille Roy, Lyon 7\u00e8me.L\u2019adresse de notre site Web est&nbsp;: http:\/\/centredeyoga-lyon-jean-mace.org. Utilisation des donn\u00e9es personnelles collect\u00e9es Inscription \u00e0 la newsletter Le formulaire d&rsquo;inscription est reli\u00e9 directement \u00e0 notre compte MailChimp, [&hellip;]\" \/>\n<meta property=\"og:url\" content=\"https:\/\/centredeyoga-lyon-jean-mace.org\/index.php\/politique-de-confidentialite\/\" \/>\n<meta property=\"og:site_name\" content=\"Centre de Yoga Lyon Jean Mac\u00e9\" \/>\n<meta property=\"article:publisher\" content=\"https:\/\/www.facebook.com\/CentredeYogaLyonJeanMace\" \/>\n<meta property=\"article:modified_time\" content=\"2026-03-18T09:22:33+00:00\" \/>\n<meta name=\"twitter:card\" content=\"summary_large_image\" \/>\n<meta name=\"twitter:label1\" content=\"Dur\u00e9e de lecture estim\u00e9e\" \/>\n\t<meta name=\"twitter:data1\" content=\"3 minutes\" \/>\n<script type=\"application\/ld+json\" class=\"yoast-schema-graph\">{\"@context\":\"https:\\\/\\\/schema.org\",\"@graph\":[{\"@type\":\"WebPage\",\"@id\":\"https:\\\/\\\/centredeyoga-lyon-jean-mace.org\\\/index.php\\\/politique-de-confidentialite\\\/\",\"url\":\"https:\\\/\\\/centredeyoga-lyon-jean-mace.org\\\/index.php\\\/politique-de-confidentialite\\\/\",\"name\":\"Politique de confidentialit\u00e9 - Centre de Yoga Lyon Jean Mac\u00e9\",\"isPartOf\":{\"@id\":\"https:\\\/\\\/centredeyoga-lyon-jean-mace.org\\\/#website\"},\"datePublished\":\"2020-03-30T06:13:44+00:00\",\"dateModified\":\"2026-03-18T09:22:33+00:00\",\"breadcrumb\":{\"@id\":\"https:\\\/\\\/centredeyoga-lyon-jean-mace.org\\\/index.php\\\/politique-de-confidentialite\\\/#breadcrumb\"},\"inLanguage\":\"fr-FR\",\"potentialAction\":[{\"@type\":\"ReadAction\",\"target\":[\"https:\\\/\\\/centredeyoga-lyon-jean-mace.org\\\/index.php\\\/politique-de-confidentialite\\\/\"]}]},{\"@type\":\"BreadcrumbList\",\"@id\":\"https:\\\/\\\/centredeyoga-lyon-jean-mace.org\\\/index.php\\\/politique-de-confidentialite\\\/#breadcrumb\",\"itemListElement\":[{\"@type\":\"ListItem\",\"position\":1,\"name\":\"Accueil\",\"item\":\"https:\\\/\\\/centredeyoga-lyon-jean-mace.org\\\/\"},{\"@type\":\"ListItem\",\"position\":2,\"name\":\"Politique de confidentialit\u00e9\"}]},{\"@type\":\"WebSite\",\"@id\":\"https:\\\/\\\/centredeyoga-lyon-jean-mace.org\\\/#website\",\"url\":\"https:\\\/\\\/centredeyoga-lyon-jean-mace.org\\\/\",\"name\":\"Centre de yoga Lyon Jean Mac\u00e9\",\"description\":\"Une salle de Yoga au coeur de Lyon\",\"publisher\":{\"@id\":\"https:\\\/\\\/centredeyoga-lyon-jean-mace.org\\\/#organization\"},\"potentialAction\":[{\"@type\":\"SearchAction\",\"target\":{\"@type\":\"EntryPoint\",\"urlTemplate\":\"https:\\\/\\\/centredeyoga-lyon-jean-mace.org\\\/?s={search_term_string}\"},\"query-input\":{\"@type\":\"PropertyValueSpecification\",\"valueRequired\":true,\"valueName\":\"search_term_string\"}}],\"inLanguage\":\"fr-FR\"},{\"@type\":\"Organization\",\"@id\":\"https:\\\/\\\/centredeyoga-lyon-jean-mace.org\\\/#organization\",\"name\":\"Centre de yoga Lyon Jean Mac\u00e9\",\"url\":\"https:\\\/\\\/centredeyoga-lyon-jean-mace.org\\\/\",\"logo\":{\"@type\":\"ImageObject\",\"inLanguage\":\"fr-FR\",\"@id\":\"https:\\\/\\\/centredeyoga-lyon-jean-mace.org\\\/#\\\/schema\\\/logo\\\/image\\\/\",\"url\":\"https:\\\/\\\/centredeyoga-lyon-jean-mace.org\\\/wp-content\\\/uploads\\\/2021\\\/06\\\/Logo-Centre-yoga-LJM-web.png\",\"contentUrl\":\"https:\\\/\\\/centredeyoga-lyon-jean-mace.org\\\/wp-content\\\/uploads\\\/2021\\\/06\\\/Logo-Centre-yoga-LJM-web.png\",\"width\":500,\"height\":520,\"caption\":\"Centre de yoga Lyon Jean Mac\u00e9\"},\"image\":{\"@id\":\"https:\\\/\\\/centredeyoga-lyon-jean-mace.org\\\/#\\\/schema\\\/logo\\\/image\\\/\"},\"sameAs\":[\"https:\\\/\\\/www.facebook.com\\\/CentredeYogaLyonJeanMace\",\"https:\\\/\\\/www.instagram.com\\\/centredeyogalyonjeanmace\\\/\"]}]}<\/script>\n<!-- \/ Yoast SEO plugin. -->","yoast_head_json":{"title":"Politique de confidentialit\u00e9 - Centre de Yoga Lyon Jean Mac\u00e9","robots":{"index":"index","follow":"follow","max-snippet":"max-snippet:-1","max-image-preview":"max-image-preview:large","max-video-preview":"max-video-preview:-1"},"canonical":"https:\/\/centredeyoga-lyon-jean-mace.org\/index.php\/politique-de-confidentialite\/","og_locale":"fr_FR","og_type":"article","og_title":"Politique de confidentialit\u00e9 - Centre de Yoga Lyon Jean Mac\u00e9","og_description":"Qui sommes-nous&nbsp;? Nous sommes des professionnels ind\u00e9pendants, regroup\u00e9s sous forme d&rsquo;association autour de la salle d\u00e9nomm\u00e9e \u00ab\u00a0Centre de yoga Lyon Jean Mac\u00e9\u00a0\u00bb, localis\u00e9e au 13 rue Camille Roy, Lyon 7\u00e8me.L\u2019adresse de notre site Web est&nbsp;: http:\/\/centredeyoga-lyon-jean-mace.org. Utilisation des donn\u00e9es personnelles collect\u00e9es Inscription \u00e0 la newsletter Le formulaire d&rsquo;inscription est reli\u00e9 directement \u00e0 notre compte MailChimp, [&hellip;]","og_url":"https:\/\/centredeyoga-lyon-jean-mace.org\/index.php\/politique-de-confidentialite\/","og_site_name":"Centre de Yoga Lyon Jean Mac\u00e9","article_publisher":"https:\/\/www.facebook.com\/CentredeYogaLyonJeanMace","article_modified_time":"2026-03-18T09:22:33+00:00","twitter_card":"summary_large_image","twitter_misc":{"Dur\u00e9e de lecture estim\u00e9e":"3 minutes"},"schema":{"@context":"https:\/\/schema.org","@graph":[{"@type":"WebPage","@id":"https:\/\/centredeyoga-lyon-jean-mace.org\/index.php\/politique-de-confidentialite\/","url":"https:\/\/centredeyoga-lyon-jean-mace.org\/index.php\/politique-de-confidentialite\/","name":"Politique de confidentialit\u00e9 - Centre de Yoga Lyon Jean Mac\u00e9","isPartOf":{"@id":"https:\/\/centredeyoga-lyon-jean-mace.org\/#website"},"datePublished":"2020-03-30T06:13:44+00:00","dateModified":"2026-03-18T09:22:33+00:00","breadcrumb":{"@id":"https:\/\/centredeyoga-lyon-jean-mace.org\/index.php\/politique-de-confidentialite\/#breadcrumb"},"inLanguage":"fr-FR","potentialAction":[{"@type":"ReadAction","target":["https:\/\/centredeyoga-lyon-jean-mace.org\/index.php\/politique-de-confidentialite\/"]}]},{"@type":"BreadcrumbList","@id":"https:\/\/centredeyoga-lyon-jean-mace.org\/index.php\/politique-de-confidentialite\/#breadcrumb","itemListElement":[{"@type":"ListItem","position":1,"name":"Accueil","item":"https:\/\/centredeyoga-lyon-jean-mace.org\/"},{"@type":"ListItem","position":2,"name":"Politique de confidentialit\u00e9"}]},{"@type":"WebSite","@id":"https:\/\/centredeyoga-lyon-jean-mace.org\/#website","url":"https:\/\/centredeyoga-lyon-jean-mace.org\/","name":"Centre de yoga Lyon Jean Mac\u00e9","description":"Une salle de Yoga au coeur de Lyon","publisher":{"@id":"https:\/\/centredeyoga-lyon-jean-mace.org\/#organization"},"potentialAction":[{"@type":"SearchAction","target":{"@type":"EntryPoint","urlTemplate":"https:\/\/centredeyoga-lyon-jean-mace.org\/?s={search_term_string}"},"query-input":{"@type":"PropertyValueSpecification","valueRequired":true,"valueName":"search_term_string"}}],"inLanguage":"fr-FR"},{"@type":"Organization","@id":"https:\/\/centredeyoga-lyon-jean-mace.org\/#organization","name":"Centre de yoga Lyon Jean Mac\u00e9","url":"https:\/\/centredeyoga-lyon-jean-mace.org\/","logo":{"@type":"ImageObject","inLanguage":"fr-FR","@id":"https:\/\/centredeyoga-lyon-jean-mace.org\/#\/schema\/logo\/image\/","url":"https:\/\/centredeyoga-lyon-jean-mace.org\/wp-content\/uploads\/2021\/06\/Logo-Centre-yoga-LJM-web.png","contentUrl":"https:\/\/centredeyoga-lyon-jean-mace.org\/wp-content\/uploads\/2021\/06\/Logo-Centre-yoga-LJM-web.png","width":500,"height":520,"caption":"Centre de yoga Lyon Jean Mac\u00e9"},"image":{"@id":"https:\/\/centredeyoga-lyon-jean-mace.org\/#\/schema\/logo\/image\/"},"sameAs":["https:\/\/www.facebook.com\/CentredeYogaLyonJeanMace","https:\/\/www.instagram.com\/centredeyogalyonjeanmace\/"]}]}},"_links":{"self":[{"href":"https:\/\/centredeyoga-lyon-jean-mace.org\/index.php\/wp-json\/wp\/v2\/pages\/1420","targetHints":{"allow":["GET"]}}],"collection":[{"href":"https:\/\/centredeyoga-lyon-jean-mace.org\/index.php\/wp-json\/wp\/v2\/pages"}],"about":[{"href":"https:\/\/centredeyoga-lyon-jean-mace.org\/index.php\/wp-json\/wp\/v2\/types\/page"}],"author":[{"embeddable":true,"href":"https:\/\/centredeyoga-lyon-jean-mace.org\/index.php\/wp-json\/wp\/v2\/users\/3"}],"replies":[{"embeddable":true,"href":"https:\/\/centredeyoga-lyon-jean-mace.org\/index.php\/wp-json\/wp\/v2\/comments?post=1420"}],"version-history":[{"count":1,"href":"https:\/\/centredeyoga-lyon-jean-mace.org\/index.php\/wp-json\/wp\/v2\/pages\/1420\/revisions"}],"predecessor-version":[{"id":5233,"href":"https:\/\/centredeyoga-lyon-jean-mace.org\/index.php\/wp-json\/wp\/v2\/pages\/1420\/revisions\/5233"}],"wp:attachment":[{"href":"https:\/\/centredeyoga-lyon-jean-mace.org\/index.php\/wp-json\/wp\/v2\/media?parent=1420"}],"curies":[{"name":"wp","href":"https:\/\/api.w.org\/{rel}","templated":true}]}}