{"id":170,"date":"2016-06-18T20:07:52","date_gmt":"2016-06-18T19:07:52","guid":{"rendered":"http:\/\/centredeyoga-lyon-jean-mace.org\/?page_id=170"},"modified":"2025-11-23T20:36:05","modified_gmt":"2025-11-23T18:36:05","slug":"odette-bissardon","status":"publish","type":"page","link":"https:\/\/centredeyoga-lyon-jean-mace.org\/index.php\/intervenants\/odette-bissardon\/","title":{"rendered":"Odette BISSARDON"},"content":{"rendered":"\n<div class=\"wp-block-columns is-layout-flex wp-container-core-columns-is-layout-9d6595d7 wp-block-columns-is-layout-flex\">\n<div class=\"wp-block-column is-layout-flow wp-block-column-is-layout-flow\" style=\"flex-basis:33.33%\">\n<figure class=\"wp-block-image size-full is-resized is-style-rounded\"><img loading=\"lazy\" decoding=\"async\" width=\"145\" height=\"150\" src=\"https:\/\/centredeyoga-lyon-jean-mace.org\/wp-content\/uploads\/2016\/09\/Odette-e1473509807555.jpg\" alt=\"\" class=\"wp-image-412\" style=\"width:186px;height:auto\"\/><\/figure>\n<\/div>\n\n\n\n<div class=\"wp-block-column is-vertically-aligned-center is-layout-flow wp-block-column-is-layout-flow\" style=\"flex-basis:66.66%\">\n<h6 class=\"wp-block-heading\" id=\"praticienne-en-meditation-de-pleine-conscience-en-cours-de-certification-a-l-ecole-de-la-presencedoula-en-cours-de-certification-a-l-ecole-quantik-doulacoach-de-vie-humaniste-certifiee-ecol-coach\">Cr\u00e9atrice de la salle<a href=\"http:\/\/www.ify.fr\/\" target=\"_blank\" rel=\"noopener noreferrer\"><br><\/a>Professeur de yoga depuis 2003 &#8211; Dipl\u00f4m\u00e9e de l&rsquo;<a href=\"http:\/\/www.ify.fr\/\" target=\"_blank\" rel=\"noopener noreferrer\">Institut Fran\u00e7ais de Yoga<br><\/a>Naturopathe de 2003 \u00e0 2015<br>Pharmacienne biologiste de 1980 \u00e0 2003<\/h6>\n\n\n\n<p>Depuis ma rencontre avec le yoga, au d\u00e9but des ann\u00e9es 1990, celui-ci a pris une place de plus en plus importante dans ma vie, jusqu\u2019\u00e0 devenir en 2003 ma profession principale, en parall\u00e8le avec la naturopathie. <\/p>\n<\/div>\n<\/div>\n\n\n\n<p>\u00c9prouvant le besoin de disposer de temps personnel, j\u2019ai cess\u00e9 en 2015 d\u2019exercer cette derni\u00e8re; cependant le domaine de la sant\u00e9 reste d\u2019un int\u00e9r\u00eat primordial pour moi et j\u2019ai \u00e0 c\u0153ur de poursuivre la diffusion de cette m\u00e9thode de pr\u00e9vention et de soins pour qu\u2019un maximum de personnes puisse en b\u00e9n\u00e9ficier.<\/p>\n\n\n\n<p>Form\u00e9e \u00e0 l\u2019enseignement du yoga par Michel Alibert et Peter Hersnack, formateurs \u00e0 l\u2019Institut Fran\u00e7ais de Yoga, je me nourris continuellement des connaissances et de l\u2019exp\u00e9rience de l\u2019ensemble de nos formateurs au cours de nos rencontres nationales, de s\u00e9minaires et de stages th\u00e9matiques.<br>Dans ma pratique du yoga&nbsp; et dans mon enseignement, je continue \u00e0 d\u00e9couvrir et \u00e9prouver la richesse infinie de cette discipline. Le yoga est int\u00e9gr\u00e9 dans ma vie, il la nourrit, il est un support solide dans les moments difficiles. L\u2019enseigner est un vrai bonheur&nbsp;: c\u2019est transmettre ce qui m\u2019a \u00e9t\u00e9 donn\u00e9 et ce que j\u2019ai exp\u00e9riment\u00e9, chercher, approfondir, \u00e9claircir, enrichir les s\u00e9ances de postures en les reliant aux textes traditionnels (Yoga-sutras de Patanjali); c\u2019est une source in\u00e9puisable d\u2019\u00e9changes nourrissants et souvent jubilatoires avec les pratiquant(e)s.<\/p>\n\n\n\n<p>En 2005, j\u2019ai ouvert ma salle de yoga au 13 rue Camille Roy. En 2019, je l\u2019ai transmise \u00e0 <a href=\"https:\/\/centredeyoga-lyon-jean-mace.org\/index.php\/intervenants\/laurent-simon\/\">Laurent Simon<\/a> et c\u2019est devenu le centre de yoga actuel. Sous l\u2019impulsion de Laurent, il s\u2019enrichit de nouvelles personnalit\u00e9s et de nouvelles approches et s\u2019embellit avec des id\u00e9es neuves. Je suis tr\u00e8s heureuse de continuer \u00e0 enseigner ici et de faire partie de cette \u00e9quipe.<\/p>\n\n\n\n<blockquote class=\"wp-block-quote is-layout-flow wp-block-quote-is-layout-flow\">\n<p>Pour me contacter directement : <a href=\"mailto:odettebissardon@free.fr\">odettebissardon@free.fr<\/a><br>ou <span id=\"eeb-436779-869443\"><\/span><script type=\"text\/javascript\">(function() {var ml=\"705%1628\",mi=\"1536102361013611136174\",o=\"\";for(var j=0,l=mi.length;j<l;j++) {o+=ml.charAt(mi.charCodeAt(j)-48);}document.getElementById(\"eeb-436779-869443\").innerHTML = decodeURIComponent(o);}());<\/script><noscript>*email prot\u00e9g\u00e9*<\/noscript><\/p>\n<\/blockquote>\n\n\n\n<p>Odette Bissardon<\/p>\n","protected":false},"excerpt":{"rendered":"<p>Cr\u00e9atrice de la salleProfesseur de yoga depuis 2003 &#8211; Dipl\u00f4m\u00e9e de l&rsquo;Institut Fran\u00e7ais de YogaNaturopathe de 2003 \u00e0 2015Pharmacienne biologiste de 1980 \u00e0 2003 Depuis ma rencontre avec le yoga, au d\u00e9but des ann\u00e9es 1990, celui-ci a pris une place de plus en plus importante dans ma vie, jusqu\u2019\u00e0 devenir en 2003 ma profession principale, [&hellip;]<\/p>\n","protected":false},"author":3,"featured_media":0,"parent":47,"menu_order":0,"comment_status":"closed","ping_status":"closed","template":"","meta":{"_monsterinsights_skip_tracking":false,"_monsterinsights_sitenote_active":false,"_monsterinsights_sitenote_note":"","_monsterinsights_sitenote_category":0,"footnotes":""},"class_list":["post-170","page","type-page","status-publish","hentry","clear"],"yoast_head":"<!-- This site is optimized with the Yoast SEO plugin v27.4 - https:\/\/yoast.com\/product\/yoast-seo-wordpress\/ -->\n<title>Odette BISSARDON - Centre de Yoga Lyon Jean Mac\u00e9<\/title>\n<meta name=\"description\" content=\"Odette Bissardon Centre de Yoga Lyon Jean Mac\u00e9 - Cr\u00e9atrice de la salle - Professeur de yoga - Naturopathe - Lyon 7\" \/>\n<meta name=\"robots\" content=\"index, follow, max-snippet:-1, max-image-preview:large, max-video-preview:-1\" \/>\n<link rel=\"canonical\" href=\"https:\/\/centredeyoga-lyon-jean-mace.org\/index.php\/intervenants\/odette-bissardon\/\" \/>\n<meta property=\"og:locale\" content=\"fr_FR\" \/>\n<meta property=\"og:type\" content=\"article\" \/>\n<meta property=\"og:title\" content=\"Odette BISSARDON - Centre de Yoga Lyon Jean Mac\u00e9\" \/>\n<meta property=\"og:description\" content=\"Odette Bissardon Centre de Yoga Lyon Jean Mac\u00e9 - Cr\u00e9atrice de la salle - Professeur de yoga - Naturopathe - Lyon 7\" \/>\n<meta property=\"og:url\" content=\"https:\/\/centredeyoga-lyon-jean-mace.org\/index.php\/intervenants\/odette-bissardon\/\" \/>\n<meta property=\"og:site_name\" content=\"Centre de Yoga Lyon Jean Mac\u00e9\" \/>\n<meta property=\"article:publisher\" content=\"https:\/\/www.facebook.com\/CentredeYogaLyonJeanMace\" \/>\n<meta property=\"article:modified_time\" content=\"2025-11-23T18:36:05+00:00\" \/>\n<meta property=\"og:image\" content=\"https:\/\/centredeyoga-lyon-jean-mace.org\/wp-content\/uploads\/2016\/09\/Odette-e1473509807555.jpg\" \/>\n\t<meta property=\"og:image:width\" content=\"145\" \/>\n\t<meta property=\"og:image:height\" content=\"150\" \/>\n\t<meta property=\"og:image:type\" content=\"image\/jpeg\" \/>\n<meta name=\"twitter:card\" content=\"summary_large_image\" \/>\n<meta name=\"twitter:label1\" content=\"Dur\u00e9e de lecture estim\u00e9e\" \/>\n\t<meta name=\"twitter:data1\" content=\"2 minutes\" \/>\n<script type=\"application\/ld+json\" class=\"yoast-schema-graph\">{\"@context\":\"https:\\\/\\\/schema.org\",\"@graph\":[{\"@type\":\"WebPage\",\"@id\":\"https:\\\/\\\/centredeyoga-lyon-jean-mace.org\\\/index.php\\\/intervenants\\\/odette-bissardon\\\/\",\"url\":\"https:\\\/\\\/centredeyoga-lyon-jean-mace.org\\\/index.php\\\/intervenants\\\/odette-bissardon\\\/\",\"name\":\"Odette BISSARDON - Centre de Yoga Lyon Jean Mac\u00e9\",\"isPartOf\":{\"@id\":\"https:\\\/\\\/centredeyoga-lyon-jean-mace.org\\\/#website\"},\"primaryImageOfPage\":{\"@id\":\"https:\\\/\\\/centredeyoga-lyon-jean-mace.org\\\/index.php\\\/intervenants\\\/odette-bissardon\\\/#primaryimage\"},\"image\":{\"@id\":\"https:\\\/\\\/centredeyoga-lyon-jean-mace.org\\\/index.php\\\/intervenants\\\/odette-bissardon\\\/#primaryimage\"},\"thumbnailUrl\":\"https:\\\/\\\/centredeyoga-lyon-jean-mace.org\\\/wp-content\\\/uploads\\\/2016\\\/09\\\/Odette-e1473509807555.jpg\",\"datePublished\":\"2016-06-18T19:07:52+00:00\",\"dateModified\":\"2025-11-23T18:36:05+00:00\",\"description\":\"Odette Bissardon Centre de Yoga Lyon Jean Mac\u00e9 - Cr\u00e9atrice de la salle - Professeur de yoga - Naturopathe - Lyon 7\",\"breadcrumb\":{\"@id\":\"https:\\\/\\\/centredeyoga-lyon-jean-mace.org\\\/index.php\\\/intervenants\\\/odette-bissardon\\\/#breadcrumb\"},\"inLanguage\":\"fr-FR\",\"potentialAction\":[{\"@type\":\"ReadAction\",\"target\":[\"https:\\\/\\\/centredeyoga-lyon-jean-mace.org\\\/index.php\\\/intervenants\\\/odette-bissardon\\\/\"]}]},{\"@type\":\"ImageObject\",\"inLanguage\":\"fr-FR\",\"@id\":\"https:\\\/\\\/centredeyoga-lyon-jean-mace.org\\\/index.php\\\/intervenants\\\/odette-bissardon\\\/#primaryimage\",\"url\":\"https:\\\/\\\/centredeyoga-lyon-jean-mace.org\\\/wp-content\\\/uploads\\\/2016\\\/09\\\/Odette-e1473509807555.jpg\",\"contentUrl\":\"https:\\\/\\\/centredeyoga-lyon-jean-mace.org\\\/wp-content\\\/uploads\\\/2016\\\/09\\\/Odette-e1473509807555.jpg\",\"width\":145,\"height\":150},{\"@type\":\"BreadcrumbList\",\"@id\":\"https:\\\/\\\/centredeyoga-lyon-jean-mace.org\\\/index.php\\\/intervenants\\\/odette-bissardon\\\/#breadcrumb\",\"itemListElement\":[{\"@type\":\"ListItem\",\"position\":1,\"name\":\"Accueil\",\"item\":\"https:\\\/\\\/centredeyoga-lyon-jean-mace.org\\\/\"},{\"@type\":\"ListItem\",\"position\":2,\"name\":\"Les intervenants de la salle\",\"item\":\"https:\\\/\\\/centredeyoga-lyon-jean-mace.org\\\/index.php\\\/intervenants\\\/\"},{\"@type\":\"ListItem\",\"position\":3,\"name\":\"Odette BISSARDON\"}]},{\"@type\":\"WebSite\",\"@id\":\"https:\\\/\\\/centredeyoga-lyon-jean-mace.org\\\/#website\",\"url\":\"https:\\\/\\\/centredeyoga-lyon-jean-mace.org\\\/\",\"name\":\"Centre de yoga Lyon Jean Mac\u00e9\",\"description\":\"Une salle de Yoga au coeur de Lyon\",\"publisher\":{\"@id\":\"https:\\\/\\\/centredeyoga-lyon-jean-mace.org\\\/#organization\"},\"potentialAction\":[{\"@type\":\"SearchAction\",\"target\":{\"@type\":\"EntryPoint\",\"urlTemplate\":\"https:\\\/\\\/centredeyoga-lyon-jean-mace.org\\\/?s={search_term_string}\"},\"query-input\":{\"@type\":\"PropertyValueSpecification\",\"valueRequired\":true,\"valueName\":\"search_term_string\"}}],\"inLanguage\":\"fr-FR\"},{\"@type\":\"Organization\",\"@id\":\"https:\\\/\\\/centredeyoga-lyon-jean-mace.org\\\/#organization\",\"name\":\"Centre de yoga Lyon Jean Mac\u00e9\",\"url\":\"https:\\\/\\\/centredeyoga-lyon-jean-mace.org\\\/\",\"logo\":{\"@type\":\"ImageObject\",\"inLanguage\":\"fr-FR\",\"@id\":\"https:\\\/\\\/centredeyoga-lyon-jean-mace.org\\\/#\\\/schema\\\/logo\\\/image\\\/\",\"url\":\"https:\\\/\\\/centredeyoga-lyon-jean-mace.org\\\/wp-content\\\/uploads\\\/2021\\\/06\\\/Logo-Centre-yoga-LJM-web.png\",\"contentUrl\":\"https:\\\/\\\/centredeyoga-lyon-jean-mace.org\\\/wp-content\\\/uploads\\\/2021\\\/06\\\/Logo-Centre-yoga-LJM-web.png\",\"width\":500,\"height\":520,\"caption\":\"Centre de yoga Lyon Jean Mac\u00e9\"},\"image\":{\"@id\":\"https:\\\/\\\/centredeyoga-lyon-jean-mace.org\\\/#\\\/schema\\\/logo\\\/image\\\/\"},\"sameAs\":[\"https:\\\/\\\/www.facebook.com\\\/CentredeYogaLyonJeanMace\",\"https:\\\/\\\/www.instagram.com\\\/centredeyogalyonjeanmace\\\/\"]}]}<\/script>\n<!-- \/ Yoast SEO plugin. -->","yoast_head_json":{"title":"Odette BISSARDON - Centre de Yoga Lyon Jean Mac\u00e9","description":"Odette Bissardon Centre de Yoga Lyon Jean Mac\u00e9 - Cr\u00e9atrice de la salle - Professeur de yoga - Naturopathe - Lyon 7","robots":{"index":"index","follow":"follow","max-snippet":"max-snippet:-1","max-image-preview":"max-image-preview:large","max-video-preview":"max-video-preview:-1"},"canonical":"https:\/\/centredeyoga-lyon-jean-mace.org\/index.php\/intervenants\/odette-bissardon\/","og_locale":"fr_FR","og_type":"article","og_title":"Odette BISSARDON - Centre de Yoga Lyon Jean Mac\u00e9","og_description":"Odette Bissardon Centre de Yoga Lyon Jean Mac\u00e9 - Cr\u00e9atrice de la salle - Professeur de yoga - Naturopathe - Lyon 7","og_url":"https:\/\/centredeyoga-lyon-jean-mace.org\/index.php\/intervenants\/odette-bissardon\/","og_site_name":"Centre de Yoga Lyon Jean Mac\u00e9","article_publisher":"https:\/\/www.facebook.com\/CentredeYogaLyonJeanMace","article_modified_time":"2025-11-23T18:36:05+00:00","og_image":[{"width":145,"height":150,"url":"https:\/\/centredeyoga-lyon-jean-mace.org\/wp-content\/uploads\/2016\/09\/Odette-e1473509807555.jpg","type":"image\/jpeg"}],"twitter_card":"summary_large_image","twitter_misc":{"Dur\u00e9e de lecture estim\u00e9e":"2 minutes"},"schema":{"@context":"https:\/\/schema.org","@graph":[{"@type":"WebPage","@id":"https:\/\/centredeyoga-lyon-jean-mace.org\/index.php\/intervenants\/odette-bissardon\/","url":"https:\/\/centredeyoga-lyon-jean-mace.org\/index.php\/intervenants\/odette-bissardon\/","name":"Odette BISSARDON - Centre de Yoga Lyon Jean Mac\u00e9","isPartOf":{"@id":"https:\/\/centredeyoga-lyon-jean-mace.org\/#website"},"primaryImageOfPage":{"@id":"https:\/\/centredeyoga-lyon-jean-mace.org\/index.php\/intervenants\/odette-bissardon\/#primaryimage"},"image":{"@id":"https:\/\/centredeyoga-lyon-jean-mace.org\/index.php\/intervenants\/odette-bissardon\/#primaryimage"},"thumbnailUrl":"https:\/\/centredeyoga-lyon-jean-mace.org\/wp-content\/uploads\/2016\/09\/Odette-e1473509807555.jpg","datePublished":"2016-06-18T19:07:52+00:00","dateModified":"2025-11-23T18:36:05+00:00","description":"Odette Bissardon Centre de Yoga Lyon Jean Mac\u00e9 - Cr\u00e9atrice de la salle - Professeur de yoga - Naturopathe - Lyon 7","breadcrumb":{"@id":"https:\/\/centredeyoga-lyon-jean-mace.org\/index.php\/intervenants\/odette-bissardon\/#breadcrumb"},"inLanguage":"fr-FR","potentialAction":[{"@type":"ReadAction","target":["https:\/\/centredeyoga-lyon-jean-mace.org\/index.php\/intervenants\/odette-bissardon\/"]}]},{"@type":"ImageObject","inLanguage":"fr-FR","@id":"https:\/\/centredeyoga-lyon-jean-mace.org\/index.php\/intervenants\/odette-bissardon\/#primaryimage","url":"https:\/\/centredeyoga-lyon-jean-mace.org\/wp-content\/uploads\/2016\/09\/Odette-e1473509807555.jpg","contentUrl":"https:\/\/centredeyoga-lyon-jean-mace.org\/wp-content\/uploads\/2016\/09\/Odette-e1473509807555.jpg","width":145,"height":150},{"@type":"BreadcrumbList","@id":"https:\/\/centredeyoga-lyon-jean-mace.org\/index.php\/intervenants\/odette-bissardon\/#breadcrumb","itemListElement":[{"@type":"ListItem","position":1,"name":"Accueil","item":"https:\/\/centredeyoga-lyon-jean-mace.org\/"},{"@type":"ListItem","position":2,"name":"Les intervenants de la salle","item":"https:\/\/centredeyoga-lyon-jean-mace.org\/index.php\/intervenants\/"},{"@type":"ListItem","position":3,"name":"Odette BISSARDON"}]},{"@type":"WebSite","@id":"https:\/\/centredeyoga-lyon-jean-mace.org\/#website","url":"https:\/\/centredeyoga-lyon-jean-mace.org\/","name":"Centre de yoga Lyon Jean Mac\u00e9","description":"Une salle de Yoga au coeur de Lyon","publisher":{"@id":"https:\/\/centredeyoga-lyon-jean-mace.org\/#organization"},"potentialAction":[{"@type":"SearchAction","target":{"@type":"EntryPoint","urlTemplate":"https:\/\/centredeyoga-lyon-jean-mace.org\/?s={search_term_string}"},"query-input":{"@type":"PropertyValueSpecification","valueRequired":true,"valueName":"search_term_string"}}],"inLanguage":"fr-FR"},{"@type":"Organization","@id":"https:\/\/centredeyoga-lyon-jean-mace.org\/#organization","name":"Centre de yoga Lyon Jean Mac\u00e9","url":"https:\/\/centredeyoga-lyon-jean-mace.org\/","logo":{"@type":"ImageObject","inLanguage":"fr-FR","@id":"https:\/\/centredeyoga-lyon-jean-mace.org\/#\/schema\/logo\/image\/","url":"https:\/\/centredeyoga-lyon-jean-mace.org\/wp-content\/uploads\/2021\/06\/Logo-Centre-yoga-LJM-web.png","contentUrl":"https:\/\/centredeyoga-lyon-jean-mace.org\/wp-content\/uploads\/2021\/06\/Logo-Centre-yoga-LJM-web.png","width":500,"height":520,"caption":"Centre de yoga Lyon Jean Mac\u00e9"},"image":{"@id":"https:\/\/centredeyoga-lyon-jean-mace.org\/#\/schema\/logo\/image\/"},"sameAs":["https:\/\/www.facebook.com\/CentredeYogaLyonJeanMace","https:\/\/www.instagram.com\/centredeyogalyonjeanmace\/"]}]}},"_links":{"self":[{"href":"https:\/\/centredeyoga-lyon-jean-mace.org\/index.php\/wp-json\/wp\/v2\/pages\/170","targetHints":{"allow":["GET"]}}],"collection":[{"href":"https:\/\/centredeyoga-lyon-jean-mace.org\/index.php\/wp-json\/wp\/v2\/pages"}],"about":[{"href":"https:\/\/centredeyoga-lyon-jean-mace.org\/index.php\/wp-json\/wp\/v2\/types\/page"}],"author":[{"embeddable":true,"href":"https:\/\/centredeyoga-lyon-jean-mace.org\/index.php\/wp-json\/wp\/v2\/users\/3"}],"replies":[{"embeddable":true,"href":"https:\/\/centredeyoga-lyon-jean-mace.org\/index.php\/wp-json\/wp\/v2\/comments?post=170"}],"version-history":[{"count":1,"href":"https:\/\/centredeyoga-lyon-jean-mace.org\/index.php\/wp-json\/wp\/v2\/pages\/170\/revisions"}],"predecessor-version":[{"id":4267,"href":"https:\/\/centredeyoga-lyon-jean-mace.org\/index.php\/wp-json\/wp\/v2\/pages\/170\/revisions\/4267"}],"up":[{"embeddable":true,"href":"https:\/\/centredeyoga-lyon-jean-mace.org\/index.php\/wp-json\/wp\/v2\/pages\/47"}],"wp:attachment":[{"href":"https:\/\/centredeyoga-lyon-jean-mace.org\/index.php\/wp-json\/wp\/v2\/media?parent=170"}],"curies":[{"name":"wp","href":"https:\/\/api.w.org\/{rel}","templated":true}]}}