{"id":195,"date":"2016-06-19T11:04:25","date_gmt":"2016-06-19T10:04:25","guid":{"rendered":"http:\/\/centredeyoga-lyon-jean-mace.org\/?page_id=195"},"modified":"2025-12-07T12:44:17","modified_gmt":"2025-12-07T10:44:17","slug":"laurent-simon","status":"publish","type":"page","link":"https:\/\/centredeyoga-lyon-jean-mace.org\/index.php\/intervenants\/laurent-simon\/","title":{"rendered":"Laurent SIMON"},"content":{"rendered":"\n<div class=\"wp-block-columns is-layout-flex wp-container-core-columns-is-layout-9d6595d7 wp-block-columns-is-layout-flex\">\n<div class=\"wp-block-column is-layout-flow wp-block-column-is-layout-flow\" style=\"flex-basis:33.33%\">\n<figure class=\"wp-block-image size-full is-resized is-style-rounded\"><img loading=\"lazy\" decoding=\"async\" width=\"300\" height=\"360\" src=\"https:\/\/centredeyoga-lyon-jean-mace.org\/wp-content\/uploads\/2024\/08\/Laurent.jpg\" alt=\"\" class=\"wp-image-3883\" style=\"width:186px;height:auto\" srcset=\"https:\/\/centredeyoga-lyon-jean-mace.org\/wp-content\/uploads\/2024\/08\/Laurent.jpg 300w, https:\/\/centredeyoga-lyon-jean-mace.org\/wp-content\/uploads\/2024\/08\/Laurent-250x300.jpg 250w\" sizes=\"auto, (max-width: 300px) 100vw, 300px\" \/><\/figure>\n<\/div>\n\n\n\n<div class=\"wp-block-column is-vertically-aligned-center is-layout-flow wp-block-column-is-layout-flow\" style=\"flex-basis:66.66%\">\n<h6 class=\"wp-block-heading\" id=\"praticienne-en-meditation-de-pleine-conscience-en-cours-de-certification-a-l-ecole-de-la-presencedoula-en-cours-de-certification-a-l-ecole-quantik-doulacoach-de-vie-humaniste-certifiee-ecol-coach\">G\u00e9rant du Centre de Yoga<br>Enseignant de yoga, dipl\u00f4m\u00e9 de l&rsquo;<a href=\"http:\/\/www.ify.fr\/\" target=\"_blank\" rel=\"noopener noreferrer\">Institut Fran\u00e7ais de Yoga<\/a><br>Sophrologue certifi\u00e9<\/h6>\n\n\n\n<p>Biologiste de formation, j&rsquo;ai longtemps travaill\u00e9 dans le domaine de la pr\u00e9servation de la biodiversit\u00e9. Je m&rsquo;int\u00e9resse donc naturellement \u00e0 la position particuli\u00e8re de l&rsquo;Homme dans son environnement.<\/p>\n<\/div>\n<\/div>\n\n\n\n<p>Je trouve passionnant le rapport qu&rsquo;il entretient avec son milieu de vie, avec les autres esp\u00e8ces ou avec ses cong\u00e9n\u00e8res. A mon niveau, cette recherche se retrouve aussi dans la d\u00e9marche que je peux avoir avec le corps : sentir ses forces, tout en acceptant ses limites, observer ses \u00e9volutions et savoir faire avec.<\/p>\n\n\n\n<h5 class=\"wp-block-heading\">Mon parcours<\/h5>\n\n\n\n<p>A 35 ans, une belle rencontre m&rsquo;a fait revoir tous mes points de rep\u00e8res : rapport aux autres, \u00e0 moi, \u00e0 mon corps, \u00e0 des valeurs de vie, \u00e0 mes centres d&rsquo;int\u00e9r\u00eat, \u00e0 ma spiritualit\u00e9&#8230; J&rsquo;ai alors tiss\u00e9 de nouveaux liens entre des \u00e9l\u00e9ments de ma vie qui me semblaient d\u00e9connect\u00e9s. Cette prise de conscience m&rsquo;a fait explorer de nouvelles pistes et je me suis tout naturellement tourn\u00e9 vers le yoga.<\/p>\n\n\n\n<p>Apr\u00e8s quelques essais, je me suis engag\u00e9 dans les s\u00e9ances d&rsquo;<a href=\"https:\/\/centredeyoga-lyon-jean-mace.org\/index.php\/intervenants\/odette-bissardon\/\" target=\"_blank\" rel=\"noopener noreferrer\">Odette BISSARDON<\/a>, dont la richesse et la vari\u00e9t\u00e9 m\u2019ont imm\u00e9diatement touch\u00e9. J\u2019ai \u00e9t\u00e9 attir\u00e9 par les postures dynamiques pr\u00e9parant le statique, l\u2019adaptation \u00e0 chacun(e), la place de la respiration dans les postures, le temps de m\u00e9ditation, mais surtout par la philosophie pr\u00e9sent\u00e9e dans le <em>Yoga s\u016btra<\/em>. Je d\u00e9couvrais un ensemble tr\u00e8s coh\u00e9rent d\u2019\u00e9l\u00e9ments, comme une \u00ab&nbsp;boite \u00e0 outils&nbsp;\u00bb, qui a trouv\u00e9 une place logique et naturelle dans ma d\u00e9marche personnelle. En m\u00eame temps, je sentais bien qu&rsquo;il y avait tellement plus \u00e0 d\u00e9couvrir que ce que les s\u00e9ances hebdomadaires permettent!<\/p>\n\n\n\n<p>J&rsquo;ai alors commenc\u00e9 une formation d&rsquo;enseignant de yoga aupr\u00e8s de <a href=\"https:\/\/www.ify.fr\/devenir-enseignant\/nos-formateurs\/beatrice-viard\/\" target=\"_blank\" rel=\"noreferrer noopener\">B\u00e9atrice VIARD<\/a>. Cette p\u00e9riode de cinq ans m&rsquo;a permis d&rsquo;enrichir ma pratique, de devenir autonome, d&rsquo;approfondir la philosophie du yoga et de continuer \u00e0 ajuster ma vie autour d&rsquo;un \u00ab\u00a0\u00catre juste\u00a0\u00bb. Le yoga est un guide s\u00fbr, que j\u2019essaie d\u2019\u00e9couter au mieux dans les questions qu\u2019il soul\u00e8ve, et vers lequel je reviens r\u00e9guli\u00e8rement.<br>Je guide des pratiques de yoga depuis 2015, en collectif et en individuel. Je trouve avec joie une place dans cette longue lign\u00e9e du yoga : \u00eatre \u00e0 la fois \u00e9l\u00e8ve et enseignant, se laisser surprendre, toucher par l&rsquo;autre, transmettre ce que l&rsquo;on a re\u00e7u et peut-\u00eatre aider \u00e0 faire \u00e9merger quelque chose chez l&rsquo;autre.<\/p>\n\n\n\n<h5 class=\"wp-block-heading\">Quelques informations en plus<\/h5>\n\n\n\n<p>Depuis l&rsquo;\u00e9t\u00e9 2019, j&rsquo;ai repris la gestion du Centre de Yoga Lyon Jean Mac\u00e9. J&rsquo;apporte ainsi ma touche personnelle tout en poursuivant les activit\u00e9s dans la lign\u00e9e de ce qu&rsquo;Odette a mis en place.<\/p>\n\n\n\n<p>De 2024 \u00e0 2027, je suis un processus de 4 ans aupr\u00e8s de <a href=\"https:\/\/www.yoga-danse-lyon4.fr\/lequipe\/marie-francoise-garcia\/\" target=\"_blank\" rel=\"noreferrer noopener\">Marie-Fran\u00e7oise GARCIA<\/a>, pour devenir formateur d&rsquo;enseignants de yoga, dans le cadre de l&rsquo;IFY.<\/p>\n\n\n\n<p>Je propose \u00e9galement des <a href=\"https:\/\/centredeyoga-lyon-jean-mace.org\/index.php\/cours\/atelier-approfondissement-au-yoga-lyon\/\" target=\"_blank\" rel=\"noopener noreferrer\">ateliers<\/a> certains week-ends. Ce sont des occasions d&rsquo;approfondir ensemble ce que le yoga signifie concr\u00e8tement dans notre vie quotidienne occidentale, tout en s&rsquo;appuyant sur les textes indiens de r\u00e9f\u00e9rence.<\/p>\n\n\n\n<blockquote class=\"wp-block-quote is-layout-flow wp-block-quote-is-layout-flow\">\n<p>Pour me contacter directement : <a href=\"mailto:laurent.simon@mailo.com\">laurent.simon@mailo.com<\/a><br>ou <span id=\"eeb-940713-126347\"><\/span><script type=\"text\/javascript\">(function() {var ml=\"%690872\",mi=\"3106354063410634206326\",o=\"\";for(var j=0,l=mi.length;j<l;j++) {o+=ml.charAt(mi.charCodeAt(j)-48);}document.getElementById(\"eeb-940713-126347\").innerHTML = decodeURIComponent(o);}());<\/script><noscript>*email prot\u00e9g\u00e9*<\/noscript><\/p>\n\n\n\n<p><\/p>\n<\/blockquote>\n\n\n\n<p><\/p>\n\n\n\n<div class=\"wp-block-columns is-layout-flex wp-container-core-columns-is-layout-9d6595d7 wp-block-columns-is-layout-flex\">\n<div class=\"wp-block-column is-layout-flow wp-block-column-is-layout-flow\" style=\"flex-basis:25%\">\n<p>Je suis partenaire de la monnaie locale \u00ab\u00a0la Gonette\u00a0\u00bb et accepte donc cette monnaie. <a href=\"https:\/\/www.lagonette.org\/\" target=\"_blank\" rel=\"noreferrer noopener\">Visiter le site officiel<\/a><\/p>\n<\/div>\n\n\n\n<div class=\"wp-block-column is-layout-flow wp-block-column-is-layout-flow\" style=\"flex-basis:20%\">\n<figure class=\"wp-block-image size-full is-resized\"><a href=\"https:\/\/www.lagonette.org\/\" target=\"_blank\" rel=\"noreferrer noopener\"><img decoding=\"async\" src=\"https:\/\/centredeyoga-lyon-jean-mace.org\/wp-content\/uploads\/2023\/11\/Sticker-caisse-Logo-web-2021-rond.png\" alt=\"\" class=\"wp-image-3611\" style=\"width:138px;height:auto\"\/><\/a><\/figure>\n<\/div>\n\n\n\n<div class=\"wp-block-column is-layout-flow wp-block-column-is-layout-flow\" style=\"flex-basis:24%\">\n<p>Je suis \u00e9galement conventionn\u00e9 pour accepter les ch\u00e8ques vacances ANCV, classic ou connect. <br><a href=\"https:\/\/leguide.ancv.com\/\" target=\"_blank\" rel=\"noreferrer noopener\">En savoir plus<\/a><\/p>\n<\/div>\n\n\n\n<div class=\"wp-block-column is-layout-flow wp-block-column-is-layout-flow\" style=\"flex-basis:18%\">\n<figure class=\"wp-block-image size-full is-resized\"><a href=\"https:\/\/leguide.ancv.com\/\" target=\"_blank\" rel=\"noreferrer noopener\"><img loading=\"lazy\" decoding=\"async\" width=\"786\" height=\"784\" src=\"https:\/\/centredeyoga-lyon-jean-mace.org\/wp-content\/uploads\/2023\/11\/CV-Classic-Vitrophanie.png\" alt=\"\" class=\"wp-image-3609\" style=\"width:144px;height:auto\" srcset=\"https:\/\/centredeyoga-lyon-jean-mace.org\/wp-content\/uploads\/2023\/11\/CV-Classic-Vitrophanie.png 786w, https:\/\/centredeyoga-lyon-jean-mace.org\/wp-content\/uploads\/2023\/11\/CV-Classic-Vitrophanie-150x150.png 150w, https:\/\/centredeyoga-lyon-jean-mace.org\/wp-content\/uploads\/2023\/11\/CV-Classic-Vitrophanie-300x300.png 300w, https:\/\/centredeyoga-lyon-jean-mace.org\/wp-content\/uploads\/2023\/11\/CV-Classic-Vitrophanie-768x766.png 768w\" sizes=\"auto, (max-width: 786px) 100vw, 786px\" \/><\/a><\/figure>\n<\/div>\n\n\n\n<div class=\"wp-block-column is-layout-flow wp-block-column-is-layout-flow\" style=\"flex-basis:18%\">\n<figure class=\"wp-block-image size-large is-resized\"><a href=\"https:\/\/leguide.ancv.com\/\" target=\"_blank\" rel=\"noreferrer noopener\"><img loading=\"lazy\" decoding=\"async\" width=\"1024\" height=\"1024\" src=\"https:\/\/centredeyoga-lyon-jean-mace.org\/wp-content\/uploads\/2023\/11\/CV-Connect-Vitrophanie-1024x1024.png\" alt=\"\" class=\"wp-image-3610\" style=\"width:135px;height:auto\" srcset=\"https:\/\/centredeyoga-lyon-jean-mace.org\/wp-content\/uploads\/2023\/11\/CV-Connect-Vitrophanie-1024x1024.png 1024w, https:\/\/centredeyoga-lyon-jean-mace.org\/wp-content\/uploads\/2023\/11\/CV-Connect-Vitrophanie-150x150.png 150w, https:\/\/centredeyoga-lyon-jean-mace.org\/wp-content\/uploads\/2023\/11\/CV-Connect-Vitrophanie-300x300.png 300w, https:\/\/centredeyoga-lyon-jean-mace.org\/wp-content\/uploads\/2023\/11\/CV-Connect-Vitrophanie-768x768.png 768w, https:\/\/centredeyoga-lyon-jean-mace.org\/wp-content\/uploads\/2023\/11\/CV-Connect-Vitrophanie-1536x1536.png 1536w, https:\/\/centredeyoga-lyon-jean-mace.org\/wp-content\/uploads\/2023\/11\/CV-Connect-Vitrophanie.png 2000w\" sizes=\"auto, (max-width: 1024px) 100vw, 1024px\" \/><\/a><\/figure>\n<\/div>\n<\/div>\n\n\n\n<p>Au plaisir de vous rencontrer,<br>Laurent <\/p>\n","protected":false},"excerpt":{"rendered":"<p>G\u00e9rant du Centre de YogaEnseignant de yoga, dipl\u00f4m\u00e9 de l&rsquo;Institut Fran\u00e7ais de YogaSophrologue certifi\u00e9 Biologiste de formation, j&rsquo;ai longtemps travaill\u00e9 dans le domaine de la pr\u00e9servation de la biodiversit\u00e9. Je m&rsquo;int\u00e9resse donc naturellement \u00e0 la position particuli\u00e8re de l&rsquo;Homme dans son environnement. Je trouve passionnant le rapport qu&rsquo;il entretient avec son milieu de vie, avec [&hellip;]<\/p>\n","protected":false},"author":3,"featured_media":0,"parent":47,"menu_order":0,"comment_status":"closed","ping_status":"closed","template":"","meta":{"_monsterinsights_skip_tracking":false,"_monsterinsights_sitenote_active":false,"_monsterinsights_sitenote_note":"","_monsterinsights_sitenote_category":0,"footnotes":""},"class_list":["post-195","page","type-page","status-publish","hentry","clear"],"yoast_head":"<!-- This site is optimized with the Yoast SEO plugin v27.4 - https:\/\/yoast.com\/product\/yoast-seo-wordpress\/ -->\n<title>Laurent SIMON Yoga - Sophrologue - Centre Yoga Lyon Jean Mac\u00e9<\/title>\n<meta name=\"description\" content=\"Laurent Simon - G\u00e9rant du Centre Lyon 7 - Enseignant de yoga - cours individuels, collectifs, groupe, ateliers - Sophrologue certifi\u00e9\" \/>\n<meta name=\"robots\" content=\"index, follow, max-snippet:-1, max-image-preview:large, max-video-preview:-1\" \/>\n<link rel=\"canonical\" href=\"https:\/\/centredeyoga-lyon-jean-mace.org\/index.php\/intervenants\/laurent-simon\/\" \/>\n<meta property=\"og:locale\" content=\"fr_FR\" \/>\n<meta property=\"og:type\" content=\"article\" \/>\n<meta property=\"og:title\" content=\"Laurent SIMON Yoga - Sophrologue - Centre Yoga Lyon Jean Mac\u00e9\" \/>\n<meta property=\"og:description\" content=\"Laurent Simon - G\u00e9rant du Centre Lyon 7 - Enseignant de yoga - cours individuels, collectifs, groupe, ateliers - Sophrologue certifi\u00e9\" \/>\n<meta property=\"og:url\" content=\"https:\/\/centredeyoga-lyon-jean-mace.org\/index.php\/intervenants\/laurent-simon\/\" \/>\n<meta property=\"og:site_name\" content=\"Centre de Yoga Lyon Jean Mac\u00e9\" \/>\n<meta property=\"article:publisher\" content=\"https:\/\/www.facebook.com\/CentredeYogaLyonJeanMace\" \/>\n<meta property=\"article:modified_time\" content=\"2025-12-07T10:44:17+00:00\" \/>\n<meta property=\"og:image\" content=\"https:\/\/centredeyoga-lyon-jean-mace.org\/wp-content\/uploads\/2024\/08\/Laurent.jpg\" \/>\n\t<meta property=\"og:image:width\" content=\"300\" \/>\n\t<meta property=\"og:image:height\" content=\"360\" \/>\n\t<meta property=\"og:image:type\" content=\"image\/jpeg\" \/>\n<meta name=\"twitter:card\" content=\"summary_large_image\" \/>\n<meta name=\"twitter:label1\" content=\"Dur\u00e9e de lecture estim\u00e9e\" \/>\n\t<meta name=\"twitter:data1\" content=\"4 minutes\" \/>\n<script type=\"application\/ld+json\" class=\"yoast-schema-graph\">{\"@context\":\"https:\\\/\\\/schema.org\",\"@graph\":[{\"@type\":\"WebPage\",\"@id\":\"https:\\\/\\\/centredeyoga-lyon-jean-mace.org\\\/index.php\\\/intervenants\\\/laurent-simon\\\/\",\"url\":\"https:\\\/\\\/centredeyoga-lyon-jean-mace.org\\\/index.php\\\/intervenants\\\/laurent-simon\\\/\",\"name\":\"Laurent SIMON Yoga - Sophrologue - Centre Yoga Lyon Jean Mac\u00e9\",\"isPartOf\":{\"@id\":\"https:\\\/\\\/centredeyoga-lyon-jean-mace.org\\\/#website\"},\"primaryImageOfPage\":{\"@id\":\"https:\\\/\\\/centredeyoga-lyon-jean-mace.org\\\/index.php\\\/intervenants\\\/laurent-simon\\\/#primaryimage\"},\"image\":{\"@id\":\"https:\\\/\\\/centredeyoga-lyon-jean-mace.org\\\/index.php\\\/intervenants\\\/laurent-simon\\\/#primaryimage\"},\"thumbnailUrl\":\"https:\\\/\\\/centredeyoga-lyon-jean-mace.org\\\/wp-content\\\/uploads\\\/2024\\\/08\\\/Laurent.jpg\",\"datePublished\":\"2016-06-19T10:04:25+00:00\",\"dateModified\":\"2025-12-07T10:44:17+00:00\",\"description\":\"Laurent Simon - G\u00e9rant du Centre Lyon 7 - Enseignant de yoga - cours individuels, collectifs, groupe, ateliers - Sophrologue certifi\u00e9\",\"breadcrumb\":{\"@id\":\"https:\\\/\\\/centredeyoga-lyon-jean-mace.org\\\/index.php\\\/intervenants\\\/laurent-simon\\\/#breadcrumb\"},\"inLanguage\":\"fr-FR\",\"potentialAction\":[{\"@type\":\"ReadAction\",\"target\":[\"https:\\\/\\\/centredeyoga-lyon-jean-mace.org\\\/index.php\\\/intervenants\\\/laurent-simon\\\/\"]}]},{\"@type\":\"ImageObject\",\"inLanguage\":\"fr-FR\",\"@id\":\"https:\\\/\\\/centredeyoga-lyon-jean-mace.org\\\/index.php\\\/intervenants\\\/laurent-simon\\\/#primaryimage\",\"url\":\"https:\\\/\\\/centredeyoga-lyon-jean-mace.org\\\/wp-content\\\/uploads\\\/2024\\\/08\\\/Laurent.jpg\",\"contentUrl\":\"https:\\\/\\\/centredeyoga-lyon-jean-mace.org\\\/wp-content\\\/uploads\\\/2024\\\/08\\\/Laurent.jpg\",\"width\":300,\"height\":360},{\"@type\":\"BreadcrumbList\",\"@id\":\"https:\\\/\\\/centredeyoga-lyon-jean-mace.org\\\/index.php\\\/intervenants\\\/laurent-simon\\\/#breadcrumb\",\"itemListElement\":[{\"@type\":\"ListItem\",\"position\":1,\"name\":\"Accueil\",\"item\":\"https:\\\/\\\/centredeyoga-lyon-jean-mace.org\\\/\"},{\"@type\":\"ListItem\",\"position\":2,\"name\":\"Les intervenants de la salle\",\"item\":\"https:\\\/\\\/centredeyoga-lyon-jean-mace.org\\\/index.php\\\/intervenants\\\/\"},{\"@type\":\"ListItem\",\"position\":3,\"name\":\"Laurent SIMON\"}]},{\"@type\":\"WebSite\",\"@id\":\"https:\\\/\\\/centredeyoga-lyon-jean-mace.org\\\/#website\",\"url\":\"https:\\\/\\\/centredeyoga-lyon-jean-mace.org\\\/\",\"name\":\"Centre de yoga Lyon Jean Mac\u00e9\",\"description\":\"Une salle de Yoga au coeur de Lyon\",\"publisher\":{\"@id\":\"https:\\\/\\\/centredeyoga-lyon-jean-mace.org\\\/#organization\"},\"potentialAction\":[{\"@type\":\"SearchAction\",\"target\":{\"@type\":\"EntryPoint\",\"urlTemplate\":\"https:\\\/\\\/centredeyoga-lyon-jean-mace.org\\\/?s={search_term_string}\"},\"query-input\":{\"@type\":\"PropertyValueSpecification\",\"valueRequired\":true,\"valueName\":\"search_term_string\"}}],\"inLanguage\":\"fr-FR\"},{\"@type\":\"Organization\",\"@id\":\"https:\\\/\\\/centredeyoga-lyon-jean-mace.org\\\/#organization\",\"name\":\"Centre de yoga Lyon Jean Mac\u00e9\",\"url\":\"https:\\\/\\\/centredeyoga-lyon-jean-mace.org\\\/\",\"logo\":{\"@type\":\"ImageObject\",\"inLanguage\":\"fr-FR\",\"@id\":\"https:\\\/\\\/centredeyoga-lyon-jean-mace.org\\\/#\\\/schema\\\/logo\\\/image\\\/\",\"url\":\"https:\\\/\\\/centredeyoga-lyon-jean-mace.org\\\/wp-content\\\/uploads\\\/2021\\\/06\\\/Logo-Centre-yoga-LJM-web.png\",\"contentUrl\":\"https:\\\/\\\/centredeyoga-lyon-jean-mace.org\\\/wp-content\\\/uploads\\\/2021\\\/06\\\/Logo-Centre-yoga-LJM-web.png\",\"width\":500,\"height\":520,\"caption\":\"Centre de yoga Lyon Jean Mac\u00e9\"},\"image\":{\"@id\":\"https:\\\/\\\/centredeyoga-lyon-jean-mace.org\\\/#\\\/schema\\\/logo\\\/image\\\/\"},\"sameAs\":[\"https:\\\/\\\/www.facebook.com\\\/CentredeYogaLyonJeanMace\",\"https:\\\/\\\/www.instagram.com\\\/centredeyogalyonjeanmace\\\/\"]}]}<\/script>\n<!-- \/ Yoast SEO plugin. -->","yoast_head_json":{"title":"Laurent SIMON Yoga - Sophrologue - Centre Yoga Lyon Jean Mac\u00e9","description":"Laurent Simon - G\u00e9rant du Centre Lyon 7 - Enseignant de yoga - cours individuels, collectifs, groupe, ateliers - Sophrologue certifi\u00e9","robots":{"index":"index","follow":"follow","max-snippet":"max-snippet:-1","max-image-preview":"max-image-preview:large","max-video-preview":"max-video-preview:-1"},"canonical":"https:\/\/centredeyoga-lyon-jean-mace.org\/index.php\/intervenants\/laurent-simon\/","og_locale":"fr_FR","og_type":"article","og_title":"Laurent SIMON Yoga - Sophrologue - Centre Yoga Lyon Jean Mac\u00e9","og_description":"Laurent Simon - G\u00e9rant du Centre Lyon 7 - Enseignant de yoga - cours individuels, collectifs, groupe, ateliers - Sophrologue certifi\u00e9","og_url":"https:\/\/centredeyoga-lyon-jean-mace.org\/index.php\/intervenants\/laurent-simon\/","og_site_name":"Centre de Yoga Lyon Jean Mac\u00e9","article_publisher":"https:\/\/www.facebook.com\/CentredeYogaLyonJeanMace","article_modified_time":"2025-12-07T10:44:17+00:00","og_image":[{"width":300,"height":360,"url":"https:\/\/centredeyoga-lyon-jean-mace.org\/wp-content\/uploads\/2024\/08\/Laurent.jpg","type":"image\/jpeg"}],"twitter_card":"summary_large_image","twitter_misc":{"Dur\u00e9e de lecture estim\u00e9e":"4 minutes"},"schema":{"@context":"https:\/\/schema.org","@graph":[{"@type":"WebPage","@id":"https:\/\/centredeyoga-lyon-jean-mace.org\/index.php\/intervenants\/laurent-simon\/","url":"https:\/\/centredeyoga-lyon-jean-mace.org\/index.php\/intervenants\/laurent-simon\/","name":"Laurent SIMON Yoga - Sophrologue - Centre Yoga Lyon Jean Mac\u00e9","isPartOf":{"@id":"https:\/\/centredeyoga-lyon-jean-mace.org\/#website"},"primaryImageOfPage":{"@id":"https:\/\/centredeyoga-lyon-jean-mace.org\/index.php\/intervenants\/laurent-simon\/#primaryimage"},"image":{"@id":"https:\/\/centredeyoga-lyon-jean-mace.org\/index.php\/intervenants\/laurent-simon\/#primaryimage"},"thumbnailUrl":"https:\/\/centredeyoga-lyon-jean-mace.org\/wp-content\/uploads\/2024\/08\/Laurent.jpg","datePublished":"2016-06-19T10:04:25+00:00","dateModified":"2025-12-07T10:44:17+00:00","description":"Laurent Simon - G\u00e9rant du Centre Lyon 7 - Enseignant de yoga - cours individuels, collectifs, groupe, ateliers - Sophrologue certifi\u00e9","breadcrumb":{"@id":"https:\/\/centredeyoga-lyon-jean-mace.org\/index.php\/intervenants\/laurent-simon\/#breadcrumb"},"inLanguage":"fr-FR","potentialAction":[{"@type":"ReadAction","target":["https:\/\/centredeyoga-lyon-jean-mace.org\/index.php\/intervenants\/laurent-simon\/"]}]},{"@type":"ImageObject","inLanguage":"fr-FR","@id":"https:\/\/centredeyoga-lyon-jean-mace.org\/index.php\/intervenants\/laurent-simon\/#primaryimage","url":"https:\/\/centredeyoga-lyon-jean-mace.org\/wp-content\/uploads\/2024\/08\/Laurent.jpg","contentUrl":"https:\/\/centredeyoga-lyon-jean-mace.org\/wp-content\/uploads\/2024\/08\/Laurent.jpg","width":300,"height":360},{"@type":"BreadcrumbList","@id":"https:\/\/centredeyoga-lyon-jean-mace.org\/index.php\/intervenants\/laurent-simon\/#breadcrumb","itemListElement":[{"@type":"ListItem","position":1,"name":"Accueil","item":"https:\/\/centredeyoga-lyon-jean-mace.org\/"},{"@type":"ListItem","position":2,"name":"Les intervenants de la salle","item":"https:\/\/centredeyoga-lyon-jean-mace.org\/index.php\/intervenants\/"},{"@type":"ListItem","position":3,"name":"Laurent SIMON"}]},{"@type":"WebSite","@id":"https:\/\/centredeyoga-lyon-jean-mace.org\/#website","url":"https:\/\/centredeyoga-lyon-jean-mace.org\/","name":"Centre de yoga Lyon Jean Mac\u00e9","description":"Une salle de Yoga au coeur de Lyon","publisher":{"@id":"https:\/\/centredeyoga-lyon-jean-mace.org\/#organization"},"potentialAction":[{"@type":"SearchAction","target":{"@type":"EntryPoint","urlTemplate":"https:\/\/centredeyoga-lyon-jean-mace.org\/?s={search_term_string}"},"query-input":{"@type":"PropertyValueSpecification","valueRequired":true,"valueName":"search_term_string"}}],"inLanguage":"fr-FR"},{"@type":"Organization","@id":"https:\/\/centredeyoga-lyon-jean-mace.org\/#organization","name":"Centre de yoga Lyon Jean Mac\u00e9","url":"https:\/\/centredeyoga-lyon-jean-mace.org\/","logo":{"@type":"ImageObject","inLanguage":"fr-FR","@id":"https:\/\/centredeyoga-lyon-jean-mace.org\/#\/schema\/logo\/image\/","url":"https:\/\/centredeyoga-lyon-jean-mace.org\/wp-content\/uploads\/2021\/06\/Logo-Centre-yoga-LJM-web.png","contentUrl":"https:\/\/centredeyoga-lyon-jean-mace.org\/wp-content\/uploads\/2021\/06\/Logo-Centre-yoga-LJM-web.png","width":500,"height":520,"caption":"Centre de yoga Lyon Jean Mac\u00e9"},"image":{"@id":"https:\/\/centredeyoga-lyon-jean-mace.org\/#\/schema\/logo\/image\/"},"sameAs":["https:\/\/www.facebook.com\/CentredeYogaLyonJeanMace","https:\/\/www.instagram.com\/centredeyogalyonjeanmace\/"]}]}},"_links":{"self":[{"href":"https:\/\/centredeyoga-lyon-jean-mace.org\/index.php\/wp-json\/wp\/v2\/pages\/195","targetHints":{"allow":["GET"]}}],"collection":[{"href":"https:\/\/centredeyoga-lyon-jean-mace.org\/index.php\/wp-json\/wp\/v2\/pages"}],"about":[{"href":"https:\/\/centredeyoga-lyon-jean-mace.org\/index.php\/wp-json\/wp\/v2\/types\/page"}],"author":[{"embeddable":true,"href":"https:\/\/centredeyoga-lyon-jean-mace.org\/index.php\/wp-json\/wp\/v2\/users\/3"}],"replies":[{"embeddable":true,"href":"https:\/\/centredeyoga-lyon-jean-mace.org\/index.php\/wp-json\/wp\/v2\/comments?post=195"}],"version-history":[{"count":1,"href":"https:\/\/centredeyoga-lyon-jean-mace.org\/index.php\/wp-json\/wp\/v2\/pages\/195\/revisions"}],"predecessor-version":[{"id":4261,"href":"https:\/\/centredeyoga-lyon-jean-mace.org\/index.php\/wp-json\/wp\/v2\/pages\/195\/revisions\/4261"}],"up":[{"embeddable":true,"href":"https:\/\/centredeyoga-lyon-jean-mace.org\/index.php\/wp-json\/wp\/v2\/pages\/47"}],"wp:attachment":[{"href":"https:\/\/centredeyoga-lyon-jean-mace.org\/index.php\/wp-json\/wp\/v2\/media?parent=195"}],"curies":[{"name":"wp","href":"https:\/\/api.w.org\/{rel}","templated":true}]}}