{"id":2226,"date":"2021-06-30T16:18:12","date_gmt":"2021-06-30T14:18:12","guid":{"rendered":"https:\/\/centredeyoga-lyon-jean-mace.org\/?page_id=2226"},"modified":"2025-11-23T20:31:55","modified_gmt":"2025-11-23T18:31:55","slug":"anne-sophie-torta","status":"publish","type":"page","link":"https:\/\/centredeyoga-lyon-jean-mace.org\/index.php\/intervenants\/anne-sophie-torta\/","title":{"rendered":"Anne-Sophie TORTA"},"content":{"rendered":"\n<div class=\"wp-block-columns is-layout-flex wp-container-core-columns-is-layout-9d6595d7 wp-block-columns-is-layout-flex\">\n<div class=\"wp-block-column is-layout-flow wp-block-column-is-layout-flow\" style=\"flex-basis:33.33%\">\n<figure class=\"wp-block-image size-full is-resized is-style-rounded\"><img loading=\"lazy\" decoding=\"async\" width=\"427\" height=\"417\" src=\"https:\/\/centredeyoga-lyon-jean-mace.org\/wp-content\/uploads\/2025\/07\/Anne-Sophie-2.png\" alt=\"\" class=\"wp-image-4432\" style=\"width:186px;height:auto\" srcset=\"https:\/\/centredeyoga-lyon-jean-mace.org\/wp-content\/uploads\/2025\/07\/Anne-Sophie-2.png 427w, https:\/\/centredeyoga-lyon-jean-mace.org\/wp-content\/uploads\/2025\/07\/Anne-Sophie-2-300x293.png 300w\" sizes=\"auto, (max-width: 427px) 100vw, 427px\" \/><\/figure>\n<\/div>\n\n\n\n<div class=\"wp-block-column is-vertically-aligned-center is-layout-flow wp-block-column-is-layout-flow\" style=\"flex-basis:66.66%\">\n<h6 class=\"wp-block-heading\" id=\"praticienne-en-meditation-de-pleine-conscience-en-cours-de-certification-a-l-ecole-de-la-presencedoula-en-cours-de-certification-a-l-ecole-quantik-doulacoach-de-vie-humaniste-certifiee-ecol-coach\">Enseignante de yoga, en cours de formation \u00e0 l&rsquo;<a href=\"http:\/\/www.ify.fr\/\" target=\"_blank\" rel=\"noopener noreferrer\">Institut Fran\u00e7ais de Yoga<\/a><br>Praticienne en <a href=\"https:\/\/centredeyoga-lyon-jean-mace.org\/index.php\/autres-activites\/meditation-pleine-conscience\/\">m\u00e9ditation de pleine conscience<\/a>, form\u00e9e par Evelyne Lorato <a href=\"http:\/\/mindfulness-pleineconscience-lyon.fr\/\" target=\"_blank\" rel=\"noreferrer noopener\">Ecole de la pr\u00e9sence<\/a><br>Coach de vie humaniste certifi\u00e9e, <a href=\"https:\/\/www.formation-ecolcoach.fr\/formation\" target=\"_blank\" rel=\"noreferrer noopener\">Ecol\u2019coach<\/a><br>Doula certifi\u00e9e <a href=\"https:\/\/ecolequantik.com\/\" target=\"_blank\" rel=\"noreferrer noopener\">Quantik Doula<\/a>, form\u00e9e aux <a href=\"https:\/\/centredeyoga-lyon-jean-mace.org\/index.php\/autres-activites\/soins-rebozo\/\">soins REBOZO<\/a> par Elsa Uzan<\/h6>\n\n\n\n<p><\/p>\n<\/div>\n<\/div>\n\n\n\n<h5 class=\"wp-block-heading\">Tu as une vie \u00e0 1000 \u00e0 l\u2019heure&nbsp;? De multiples d\u00e9fis&nbsp;?<\/h5>\n\n\n\n<p>Je t\u2019accompagne en groupe et\/ou en individuel \u00e0 ralentir, \u00e0 revenir \u00e0 toi avec douceur, \u00e9coute et compassion. En reconnectant \u00e0 ton corps, ton souffle et ton c\u0153ur retrouve du calme, de l\u2019\u00e9lan et redonne du sens \u00e0 ton quotidien.<br>Voici comment nous pouvons cheminer ensemble&nbsp;:<\/p>\n\n\n\n<p>*<strong>Yoga \u2013 mardi 18H45 \/ 20H10 (1H20)<\/strong>&nbsp;: pour explorer les voix du corps, retrouver de la mobilit\u00e9, de la souplesse mais aussi calmer tes pens\u00e9es, explorer ta respiration et peut \u00eatre connecter \u00e0 une plus grande libert\u00e9&nbsp;;<\/p>\n\n\n\n<p>*<strong>Yoga-M\u00e9ditation \u2013 jeudi 12H30 (1H)<\/strong>&nbsp;: pour faire une pause dans ta semaine. Ancrage, reconnexion profonde \u00e0 qui tu es&nbsp;; postures \u2013 m\u00e9ditation de pleine conscience&nbsp;;<\/p>\n\n\n\n<p>*<strong>Coaching de vie<\/strong>&nbsp;: tu as une vie \u00e0 1000 \u00e0 l\u2019heure&nbsp;? de grands d\u00e9fis personnels (anxi\u00e9t\u00e9, jeunes enfantes, neuro-atypie, p\u00e9ri-m\u00e9nopause, m\u00e9nopause, etc.). Je t\u2019accompagne avec douceur, compassion en rdv individuel pour apprendre \u00e0 ralentir, mettre en place des routines quotidiennes soutenantes simples et efficaces. Apprends \u00e0 surfer sur les vagues de la vie&nbsp;gr\u00e2ce \u00e0 des outils personnalis\u00e9s&nbsp;!<\/p>\n\n\n\n<p>*<strong>Soin rebozo (1H45)<\/strong> \u00e0 n\u2019importe quelle \u00e9tape de ta vie de femme. Un temps suspendu durant lequel tu seras berc\u00e9e, contenue, soutenue. Une opportunit\u00e9 de te d\u00e9poser pleinement et de prendre soin de la merveilleuse femme que tu es.<\/p>\n\n\n\n<h5 class=\"wp-block-heading\" id=\"parcours\"><strong>Mon parcours<\/strong><\/h5>\n\n\n\n<p>Cr\u00e9ative, dynamique et passionn\u00e9e j\u2019ai d\u00e9velopp\u00e9 un parcours professionnel au sein de l\u2019industrie cosm\u00e9tique bio, puis m\u00e9dicale, durant une quinzaine d\u2019ann\u00e9e. J\u2019ai enchain\u00e9 les projets et les rencontres \u00e0 travers le monde, me nourrissant de ce rythme effr\u00e9n\u00e9. Mon corps \u00e9tait anesth\u00e9si\u00e9, comme un \u00e9l\u00e9ment compl\u00e9tement d\u00e9connect\u00e9 de mon mental.<\/p>\n\n\n\n<p>En 2015 je suis devenue maman pour la premi\u00e8re fois. Persuad\u00e9e qu\u2019il ne s\u2019agissait que d\u2019une \u00e9tape de plus dans la vie, je me confortais dans l\u2019id\u00e9e que je pouvais g\u00e9rer ma maternit\u00e9 tel un \u00ab&nbsp;projet&nbsp;\u00bb. La r\u00e9alit\u00e9 est toute autre. La graine du changement \u00e9tait plant\u00e9e.<br>Mais les r\u00e9sistances sont parfois profondes\u2026 alors il m\u2019a fallu la naissance de mon second enfant en 2017 pour me laisser cueillir par l\u2019inattendu.<\/p>\n\n\n\n<p>Enferm\u00e9e dans un rythme m\u00e9tro-boulot-dodo infernal, \u00e9puis\u00e9e, j\u2019ai alors explor\u00e9 mes ombres et avec elles le pilotage automatique en mode survie, la tyrannie des pens\u00e9es automatiques, l\u2019enfermement dans un corps devenu hurlant. Je suis alors partie \u00e0 la rencontre de ma vuln\u00e9rabilit\u00e9 et de mes terres int\u00e9rieures.<\/p>\n\n\n\n<p>C\u2019est alors que la <strong><a href=\"https:\/\/centredeyoga-lyon-jean-mace.org\/index.php\/autres-activites\/meditation-pleine-conscience\/\">m\u00e9ditation de pleine conscience<\/a><\/strong> est arriv\u00e9e dans mon quotidien lors d\u2019un stage initiatique MBSR (Mindfulness Based Stress Reduction) de 8 semaines. J\u2019ai imm\u00e9diatement adh\u00e9r\u00e9 \u00e0 cette pratique bien que tout me semblait inconnu.<\/p>\n\n\n\n<p>J\u2019ai choisi de transmettre en 2020 en initiant une formation de praticienne en m\u00e9ditation de pleine conscience aupr\u00e8s de l\u2019\u00e9cole de la pr\u00e9sence d\u2019Evelyne Lorato. Mon intention \u00e9tait de t\u00e9moigner avec le c\u0153ur des bienfaits de cette pratique m\u00e9dicalement reconnue, notamment sur le stress et l\u2019anxi\u00e9t\u00e9.<\/p>\n\n\n\n<p>Aujourd\u2019hui <strong>coach de vie<\/strong> certifi\u00e9 j\u2019\u0153uvre aupr\u00e8s de la merveilleuse Marine Garnier, Femme Ph\u00e9nix pour accompagner les femmes dans leurs d\u00e9fis de vie li\u00e9s \u00e0 l\u2019anxi\u00e9t\u00e9. Mes outils de pr\u00e9dilection sont le retour au corps ou coaching somatique, la pleine pr\u00e9sence \u00e0 soi et \u00e0 sa respiration. Mon exp\u00e9rience aupr\u00e8s de tr\u00e8s nombreuses femmes me montre que la douceur, la compassion et l\u2019humour sont des socles fondateurs pour reprendre les r\u00eanes de sa vie.<\/p>\n\n\n\n<p>Et puis en 2024 j\u2019ai d\u00e9but\u00e9 une formation d&rsquo;enseignante de <strong><a href=\"https:\/\/centredeyoga-lyon-jean-mace.org\/index.php\/le-yoga\/yoga-ify\/\">yoga<\/a><\/strong> de 4 ans aupr\u00e8s de Marie-Fran\u00e7oise Garcia &#8211; IFY, guid\u00e9e par Laurent Simon. Mon intention \u00e9tait de connecter aux apprentissages mill\u00e9naires du yoga \u00e0 travers un travail quotidien du corps, du souffle, des sens, mais \u00e9galement en portant un autre regard sur soi et le monde. Je chemine au quotidien avec curiosit\u00e9 et envie.<\/p>\n\n\n\n<p>Pour me contacter directement : <a href=\"mailto:astorta@hotmail.com\" target=\"_blank\" rel=\"noreferrer noopener\">astorta@hotmail.com<\/a><br>ou au <span id=\"eeb-888330-66385\"><\/span><script type=\"text\/javascript\">(function() {var ml=\"5673%420\",mi=\"7146733467054672746730\",o=\"\";for(var j=0,l=mi.length;j<l;j++) {o+=ml.charAt(mi.charCodeAt(j)-48);}document.getElementById(\"eeb-888330-66385\").innerHTML = decodeURIComponent(o);}());<\/script><noscript>*email prot\u00e9g\u00e9*<\/noscript><\/p>\n\n\n\n<p>Anne-Sophie<\/p>\n","protected":false},"excerpt":{"rendered":"<p>Enseignante de yoga, en cours de formation \u00e0 l&rsquo;Institut Fran\u00e7ais de YogaPraticienne en m\u00e9ditation de pleine conscience, form\u00e9e par Evelyne Lorato Ecole de la pr\u00e9senceCoach de vie humaniste certifi\u00e9e, Ecol\u2019coachDoula certifi\u00e9e Quantik Doula, form\u00e9e aux soins REBOZO par Elsa Uzan Tu as une vie \u00e0 1000 \u00e0 l\u2019heure&nbsp;? De multiples d\u00e9fis&nbsp;? Je t\u2019accompagne en groupe [&hellip;]<\/p>\n","protected":false},"author":3,"featured_media":0,"parent":47,"menu_order":0,"comment_status":"closed","ping_status":"closed","template":"","meta":{"_monsterinsights_skip_tracking":false,"_monsterinsights_sitenote_active":false,"_monsterinsights_sitenote_note":"","_monsterinsights_sitenote_category":0,"footnotes":""},"class_list":["post-2226","page","type-page","status-publish","hentry","clear"],"yoast_head":"<!-- This site is optimized with the Yoast SEO plugin v27.4 - https:\/\/yoast.com\/product\/yoast-seo-wordpress\/ -->\n<title>Anne-Sophie TORTA - Centre de Yoga Lyon Jean Mac\u00e9<\/title>\n<meta name=\"robots\" content=\"index, follow, max-snippet:-1, max-image-preview:large, max-video-preview:-1\" \/>\n<link rel=\"canonical\" href=\"https:\/\/centredeyoga-lyon-jean-mace.org\/index.php\/intervenants\/anne-sophie-torta\/\" \/>\n<meta property=\"og:locale\" content=\"fr_FR\" \/>\n<meta property=\"og:type\" content=\"article\" \/>\n<meta property=\"og:title\" content=\"Anne-Sophie TORTA - Centre de Yoga Lyon Jean Mac\u00e9\" \/>\n<meta property=\"og:description\" content=\"Enseignante de yoga, en cours de formation \u00e0 l&rsquo;Institut Fran\u00e7ais de YogaPraticienne en m\u00e9ditation de pleine conscience, form\u00e9e par Evelyne Lorato Ecole de la pr\u00e9senceCoach de vie humaniste certifi\u00e9e, Ecol\u2019coachDoula certifi\u00e9e Quantik Doula, form\u00e9e aux soins REBOZO par Elsa Uzan Tu as une vie \u00e0 1000 \u00e0 l\u2019heure&nbsp;? De multiples d\u00e9fis&nbsp;? Je t\u2019accompagne en groupe [&hellip;]\" \/>\n<meta property=\"og:url\" content=\"https:\/\/centredeyoga-lyon-jean-mace.org\/index.php\/intervenants\/anne-sophie-torta\/\" \/>\n<meta property=\"og:site_name\" content=\"Centre de Yoga Lyon Jean Mac\u00e9\" \/>\n<meta property=\"article:publisher\" content=\"https:\/\/www.facebook.com\/CentredeYogaLyonJeanMace\" \/>\n<meta property=\"article:modified_time\" content=\"2025-11-23T18:31:55+00:00\" \/>\n<meta property=\"og:image\" content=\"https:\/\/centredeyoga-lyon-jean-mace.org\/wp-content\/uploads\/2025\/07\/Anne-Sophie-2.png\" \/>\n\t<meta property=\"og:image:width\" content=\"427\" \/>\n\t<meta property=\"og:image:height\" content=\"417\" \/>\n\t<meta property=\"og:image:type\" content=\"image\/png\" \/>\n<meta name=\"twitter:card\" content=\"summary_large_image\" \/>\n<meta name=\"twitter:label1\" content=\"Dur\u00e9e de lecture estim\u00e9e\" \/>\n\t<meta name=\"twitter:data1\" content=\"4 minutes\" \/>\n<script type=\"application\/ld+json\" class=\"yoast-schema-graph\">{\"@context\":\"https:\\\/\\\/schema.org\",\"@graph\":[{\"@type\":\"WebPage\",\"@id\":\"https:\\\/\\\/centredeyoga-lyon-jean-mace.org\\\/index.php\\\/intervenants\\\/anne-sophie-torta\\\/\",\"url\":\"https:\\\/\\\/centredeyoga-lyon-jean-mace.org\\\/index.php\\\/intervenants\\\/anne-sophie-torta\\\/\",\"name\":\"Anne-Sophie TORTA - Centre de Yoga Lyon Jean Mac\u00e9\",\"isPartOf\":{\"@id\":\"https:\\\/\\\/centredeyoga-lyon-jean-mace.org\\\/#website\"},\"primaryImageOfPage\":{\"@id\":\"https:\\\/\\\/centredeyoga-lyon-jean-mace.org\\\/index.php\\\/intervenants\\\/anne-sophie-torta\\\/#primaryimage\"},\"image\":{\"@id\":\"https:\\\/\\\/centredeyoga-lyon-jean-mace.org\\\/index.php\\\/intervenants\\\/anne-sophie-torta\\\/#primaryimage\"},\"thumbnailUrl\":\"https:\\\/\\\/centredeyoga-lyon-jean-mace.org\\\/wp-content\\\/uploads\\\/2025\\\/07\\\/Anne-Sophie-2.png\",\"datePublished\":\"2021-06-30T14:18:12+00:00\",\"dateModified\":\"2025-11-23T18:31:55+00:00\",\"breadcrumb\":{\"@id\":\"https:\\\/\\\/centredeyoga-lyon-jean-mace.org\\\/index.php\\\/intervenants\\\/anne-sophie-torta\\\/#breadcrumb\"},\"inLanguage\":\"fr-FR\",\"potentialAction\":[{\"@type\":\"ReadAction\",\"target\":[\"https:\\\/\\\/centredeyoga-lyon-jean-mace.org\\\/index.php\\\/intervenants\\\/anne-sophie-torta\\\/\"]}]},{\"@type\":\"ImageObject\",\"inLanguage\":\"fr-FR\",\"@id\":\"https:\\\/\\\/centredeyoga-lyon-jean-mace.org\\\/index.php\\\/intervenants\\\/anne-sophie-torta\\\/#primaryimage\",\"url\":\"https:\\\/\\\/centredeyoga-lyon-jean-mace.org\\\/wp-content\\\/uploads\\\/2025\\\/07\\\/Anne-Sophie-2.png\",\"contentUrl\":\"https:\\\/\\\/centredeyoga-lyon-jean-mace.org\\\/wp-content\\\/uploads\\\/2025\\\/07\\\/Anne-Sophie-2.png\",\"width\":427,\"height\":417},{\"@type\":\"BreadcrumbList\",\"@id\":\"https:\\\/\\\/centredeyoga-lyon-jean-mace.org\\\/index.php\\\/intervenants\\\/anne-sophie-torta\\\/#breadcrumb\",\"itemListElement\":[{\"@type\":\"ListItem\",\"position\":1,\"name\":\"Accueil\",\"item\":\"https:\\\/\\\/centredeyoga-lyon-jean-mace.org\\\/\"},{\"@type\":\"ListItem\",\"position\":2,\"name\":\"Les intervenants de la salle\",\"item\":\"https:\\\/\\\/centredeyoga-lyon-jean-mace.org\\\/index.php\\\/intervenants\\\/\"},{\"@type\":\"ListItem\",\"position\":3,\"name\":\"Anne-Sophie TORTA\"}]},{\"@type\":\"WebSite\",\"@id\":\"https:\\\/\\\/centredeyoga-lyon-jean-mace.org\\\/#website\",\"url\":\"https:\\\/\\\/centredeyoga-lyon-jean-mace.org\\\/\",\"name\":\"Centre de yoga Lyon Jean Mac\u00e9\",\"description\":\"Une salle de Yoga au coeur de Lyon\",\"publisher\":{\"@id\":\"https:\\\/\\\/centredeyoga-lyon-jean-mace.org\\\/#organization\"},\"potentialAction\":[{\"@type\":\"SearchAction\",\"target\":{\"@type\":\"EntryPoint\",\"urlTemplate\":\"https:\\\/\\\/centredeyoga-lyon-jean-mace.org\\\/?s={search_term_string}\"},\"query-input\":{\"@type\":\"PropertyValueSpecification\",\"valueRequired\":true,\"valueName\":\"search_term_string\"}}],\"inLanguage\":\"fr-FR\"},{\"@type\":\"Organization\",\"@id\":\"https:\\\/\\\/centredeyoga-lyon-jean-mace.org\\\/#organization\",\"name\":\"Centre de yoga Lyon Jean Mac\u00e9\",\"url\":\"https:\\\/\\\/centredeyoga-lyon-jean-mace.org\\\/\",\"logo\":{\"@type\":\"ImageObject\",\"inLanguage\":\"fr-FR\",\"@id\":\"https:\\\/\\\/centredeyoga-lyon-jean-mace.org\\\/#\\\/schema\\\/logo\\\/image\\\/\",\"url\":\"https:\\\/\\\/centredeyoga-lyon-jean-mace.org\\\/wp-content\\\/uploads\\\/2021\\\/06\\\/Logo-Centre-yoga-LJM-web.png\",\"contentUrl\":\"https:\\\/\\\/centredeyoga-lyon-jean-mace.org\\\/wp-content\\\/uploads\\\/2021\\\/06\\\/Logo-Centre-yoga-LJM-web.png\",\"width\":500,\"height\":520,\"caption\":\"Centre de yoga Lyon Jean Mac\u00e9\"},\"image\":{\"@id\":\"https:\\\/\\\/centredeyoga-lyon-jean-mace.org\\\/#\\\/schema\\\/logo\\\/image\\\/\"},\"sameAs\":[\"https:\\\/\\\/www.facebook.com\\\/CentredeYogaLyonJeanMace\",\"https:\\\/\\\/www.instagram.com\\\/centredeyogalyonjeanmace\\\/\"]}]}<\/script>\n<!-- \/ Yoast SEO plugin. -->","yoast_head_json":{"title":"Anne-Sophie TORTA - Centre de Yoga Lyon Jean Mac\u00e9","robots":{"index":"index","follow":"follow","max-snippet":"max-snippet:-1","max-image-preview":"max-image-preview:large","max-video-preview":"max-video-preview:-1"},"canonical":"https:\/\/centredeyoga-lyon-jean-mace.org\/index.php\/intervenants\/anne-sophie-torta\/","og_locale":"fr_FR","og_type":"article","og_title":"Anne-Sophie TORTA - Centre de Yoga Lyon Jean Mac\u00e9","og_description":"Enseignante de yoga, en cours de formation \u00e0 l&rsquo;Institut Fran\u00e7ais de YogaPraticienne en m\u00e9ditation de pleine conscience, form\u00e9e par Evelyne Lorato Ecole de la pr\u00e9senceCoach de vie humaniste certifi\u00e9e, Ecol\u2019coachDoula certifi\u00e9e Quantik Doula, form\u00e9e aux soins REBOZO par Elsa Uzan Tu as une vie \u00e0 1000 \u00e0 l\u2019heure&nbsp;? De multiples d\u00e9fis&nbsp;? Je t\u2019accompagne en groupe [&hellip;]","og_url":"https:\/\/centredeyoga-lyon-jean-mace.org\/index.php\/intervenants\/anne-sophie-torta\/","og_site_name":"Centre de Yoga Lyon Jean Mac\u00e9","article_publisher":"https:\/\/www.facebook.com\/CentredeYogaLyonJeanMace","article_modified_time":"2025-11-23T18:31:55+00:00","og_image":[{"width":427,"height":417,"url":"https:\/\/centredeyoga-lyon-jean-mace.org\/wp-content\/uploads\/2025\/07\/Anne-Sophie-2.png","type":"image\/png"}],"twitter_card":"summary_large_image","twitter_misc":{"Dur\u00e9e de lecture estim\u00e9e":"4 minutes"},"schema":{"@context":"https:\/\/schema.org","@graph":[{"@type":"WebPage","@id":"https:\/\/centredeyoga-lyon-jean-mace.org\/index.php\/intervenants\/anne-sophie-torta\/","url":"https:\/\/centredeyoga-lyon-jean-mace.org\/index.php\/intervenants\/anne-sophie-torta\/","name":"Anne-Sophie TORTA - Centre de Yoga Lyon Jean Mac\u00e9","isPartOf":{"@id":"https:\/\/centredeyoga-lyon-jean-mace.org\/#website"},"primaryImageOfPage":{"@id":"https:\/\/centredeyoga-lyon-jean-mace.org\/index.php\/intervenants\/anne-sophie-torta\/#primaryimage"},"image":{"@id":"https:\/\/centredeyoga-lyon-jean-mace.org\/index.php\/intervenants\/anne-sophie-torta\/#primaryimage"},"thumbnailUrl":"https:\/\/centredeyoga-lyon-jean-mace.org\/wp-content\/uploads\/2025\/07\/Anne-Sophie-2.png","datePublished":"2021-06-30T14:18:12+00:00","dateModified":"2025-11-23T18:31:55+00:00","breadcrumb":{"@id":"https:\/\/centredeyoga-lyon-jean-mace.org\/index.php\/intervenants\/anne-sophie-torta\/#breadcrumb"},"inLanguage":"fr-FR","potentialAction":[{"@type":"ReadAction","target":["https:\/\/centredeyoga-lyon-jean-mace.org\/index.php\/intervenants\/anne-sophie-torta\/"]}]},{"@type":"ImageObject","inLanguage":"fr-FR","@id":"https:\/\/centredeyoga-lyon-jean-mace.org\/index.php\/intervenants\/anne-sophie-torta\/#primaryimage","url":"https:\/\/centredeyoga-lyon-jean-mace.org\/wp-content\/uploads\/2025\/07\/Anne-Sophie-2.png","contentUrl":"https:\/\/centredeyoga-lyon-jean-mace.org\/wp-content\/uploads\/2025\/07\/Anne-Sophie-2.png","width":427,"height":417},{"@type":"BreadcrumbList","@id":"https:\/\/centredeyoga-lyon-jean-mace.org\/index.php\/intervenants\/anne-sophie-torta\/#breadcrumb","itemListElement":[{"@type":"ListItem","position":1,"name":"Accueil","item":"https:\/\/centredeyoga-lyon-jean-mace.org\/"},{"@type":"ListItem","position":2,"name":"Les intervenants de la salle","item":"https:\/\/centredeyoga-lyon-jean-mace.org\/index.php\/intervenants\/"},{"@type":"ListItem","position":3,"name":"Anne-Sophie TORTA"}]},{"@type":"WebSite","@id":"https:\/\/centredeyoga-lyon-jean-mace.org\/#website","url":"https:\/\/centredeyoga-lyon-jean-mace.org\/","name":"Centre de yoga Lyon Jean Mac\u00e9","description":"Une salle de Yoga au coeur de Lyon","publisher":{"@id":"https:\/\/centredeyoga-lyon-jean-mace.org\/#organization"},"potentialAction":[{"@type":"SearchAction","target":{"@type":"EntryPoint","urlTemplate":"https:\/\/centredeyoga-lyon-jean-mace.org\/?s={search_term_string}"},"query-input":{"@type":"PropertyValueSpecification","valueRequired":true,"valueName":"search_term_string"}}],"inLanguage":"fr-FR"},{"@type":"Organization","@id":"https:\/\/centredeyoga-lyon-jean-mace.org\/#organization","name":"Centre de yoga Lyon Jean Mac\u00e9","url":"https:\/\/centredeyoga-lyon-jean-mace.org\/","logo":{"@type":"ImageObject","inLanguage":"fr-FR","@id":"https:\/\/centredeyoga-lyon-jean-mace.org\/#\/schema\/logo\/image\/","url":"https:\/\/centredeyoga-lyon-jean-mace.org\/wp-content\/uploads\/2021\/06\/Logo-Centre-yoga-LJM-web.png","contentUrl":"https:\/\/centredeyoga-lyon-jean-mace.org\/wp-content\/uploads\/2021\/06\/Logo-Centre-yoga-LJM-web.png","width":500,"height":520,"caption":"Centre de yoga Lyon Jean Mac\u00e9"},"image":{"@id":"https:\/\/centredeyoga-lyon-jean-mace.org\/#\/schema\/logo\/image\/"},"sameAs":["https:\/\/www.facebook.com\/CentredeYogaLyonJeanMace","https:\/\/www.instagram.com\/centredeyogalyonjeanmace\/"]}]}},"_links":{"self":[{"href":"https:\/\/centredeyoga-lyon-jean-mace.org\/index.php\/wp-json\/wp\/v2\/pages\/2226","targetHints":{"allow":["GET"]}}],"collection":[{"href":"https:\/\/centredeyoga-lyon-jean-mace.org\/index.php\/wp-json\/wp\/v2\/pages"}],"about":[{"href":"https:\/\/centredeyoga-lyon-jean-mace.org\/index.php\/wp-json\/wp\/v2\/types\/page"}],"author":[{"embeddable":true,"href":"https:\/\/centredeyoga-lyon-jean-mace.org\/index.php\/wp-json\/wp\/v2\/users\/3"}],"replies":[{"embeddable":true,"href":"https:\/\/centredeyoga-lyon-jean-mace.org\/index.php\/wp-json\/wp\/v2\/comments?post=2226"}],"version-history":[{"count":9,"href":"https:\/\/centredeyoga-lyon-jean-mace.org\/index.php\/wp-json\/wp\/v2\/pages\/2226\/revisions"}],"predecessor-version":[{"id":5012,"href":"https:\/\/centredeyoga-lyon-jean-mace.org\/index.php\/wp-json\/wp\/v2\/pages\/2226\/revisions\/5012"}],"up":[{"embeddable":true,"href":"https:\/\/centredeyoga-lyon-jean-mace.org\/index.php\/wp-json\/wp\/v2\/pages\/47"}],"wp:attachment":[{"href":"https:\/\/centredeyoga-lyon-jean-mace.org\/index.php\/wp-json\/wp\/v2\/media?parent=2226"}],"curies":[{"name":"wp","href":"https:\/\/api.w.org\/{rel}","templated":true}]}}