{"id":2243,"date":"2021-07-01T12:14:49","date_gmt":"2021-07-01T10:14:49","guid":{"rendered":"https:\/\/centredeyoga-lyon-jean-mace.org\/?page_id=2243"},"modified":"2025-11-23T11:32:16","modified_gmt":"2025-11-23T09:32:16","slug":"meditation-pleine-conscience","status":"publish","type":"page","link":"https:\/\/centredeyoga-lyon-jean-mace.org\/index.php\/autres-activites\/meditation-pleine-conscience\/","title":{"rendered":"Yoga et M\u00e9ditation pleine conscience"},"content":{"rendered":"\n<h4 class=\"wp-block-heading\" style=\"font-size:18px\">Ralentir, observer, prendre soin de ses ressources avec douceur pour mieux les d\u00e9ployer<\/h4>\n\n\n\n<p>Je vous propose un cours hebdomadaire <strong>associant le yoga de l\u2019IFY et la m\u00e9ditation de pleine conscience<\/strong>. Deux pratiques qui me tiennent particuli\u00e8rement \u00e0 c\u0153ur pour apprendre \u00e0 ralentir, observer ce qui se passe \u00e0 l\u2019int\u00e9rieur de soi, prendre soin de ses ressources pour mieux les d\u00e9ployer.<\/p>\n\n\n\n<p>1h de pratique hebdomadaire c\u2019est la proposition de <strong>faire une pause<\/strong>, de <strong>calmer son mental<\/strong>, d\u2019<strong>am\u00e9liorer sa concentration<\/strong>, de <strong>d\u00e9tendre son corps<\/strong> et de permettre \u00e0 son <strong>souffle de circuler plus librement<\/strong>. \u00c7a vous tente&nbsp;? <a href=\"https:\/\/centredeyoga-lyon-jean-mace.org\/index.php\/intervenants\/anne-sophie-torta\/\">Venez faire un essai<\/a>&nbsp;!<\/p>\n\n\n\n<figure class=\"wp-block-image size-large is-style-rounded\"><img loading=\"lazy\" decoding=\"async\" width=\"1024\" height=\"318\" src=\"https:\/\/centredeyoga-lyon-jean-mace.org\/wp-content\/uploads\/2025\/11\/Haut-de-page-18-1024x318.png\" alt=\"yoga et m\u00e9ditation\" class=\"wp-image-4978\" srcset=\"https:\/\/centredeyoga-lyon-jean-mace.org\/wp-content\/uploads\/2025\/11\/Haut-de-page-18-1024x318.png 1024w, https:\/\/centredeyoga-lyon-jean-mace.org\/wp-content\/uploads\/2025\/11\/Haut-de-page-18-300x93.png 300w, https:\/\/centredeyoga-lyon-jean-mace.org\/wp-content\/uploads\/2025\/11\/Haut-de-page-18-768x238.png 768w, https:\/\/centredeyoga-lyon-jean-mace.org\/wp-content\/uploads\/2025\/11\/Haut-de-page-18.png 1061w\" sizes=\"auto, (max-width: 1024px) 100vw, 1024px\" \/><\/figure>\n\n\n\n<h4 class=\"wp-block-heading\" id=\"qu-est-ce-que-la-meditation-de-pleine-conscience\">La m\u00e9ditation de pleine conscience, c\u2019est quoi&nbsp;?<\/h4>\n\n\n\n<p>La m\u00e9ditation de pleine conscience (ou mindfulness) est une m\u00e9ditation la\u00efque ancestrale. Elle consiste \u00e0 \u00ab&nbsp;<strong>porter son attention sur le moment pr\u00e9sent, instant apr\u00e8s instant, de fa\u00e7on intentionnelle, et sans jugement<\/strong>&nbsp;(<a href=\"https:\/\/fr.wikipedia.org\/wiki\/Jon_Kabat-Zinn\" target=\"_blank\" rel=\"noreferrer noopener\">John Kabat Zinn<\/a>&nbsp;1993).<\/p>\n\n\n\n<p>Pris par le tumulte de nos vies nous passons notre temps \u00e0 courir d\u2019une activit\u00e9 \u00e0 une autre, tout en pensant \u00e0 tout autre chose. Pilotage automatique, rumination, pens\u00e9es d\u2019anticipation, jugements, demandes incessantes, ultra-connexion nous \u00e9loignent de l\u2019ici et maintenant. Le corps et les \u00e9motions sont souvent v\u00e9cus comme des facteurs limitants la sur-puissance du mental.<br>Cons\u00e9quence de tout ceci&nbsp;: stress, anxi\u00e9t\u00e9, fatigue, \u00e9puisement g\u00e9n\u00e9ralis\u00e9, trouble du sommeil, perte de sens, etc.<\/p>\n\n\n\n<p>La m\u00e9ditation de pleine conscience nous invite \u00e0&nbsp;<strong>ralentir<\/strong>, \u00e0&nbsp;<strong>nous poser pour observer avec bienveillance et sans jugement<\/strong>&nbsp;nos fonctionnements.<\/p>\n\n\n\n<h4 class=\"wp-block-heading\"><strong>Le d\u00e9roul\u00e9 d\u2019une s\u00e9ance<\/strong><\/h4>\n\n\n\n<p>La s\u00e9ance est structur\u00e9e de la fa\u00e7on suivante&nbsp;:<\/p>\n\n\n\n<ul class=\"wp-block-list\">\n<li><strong>30 minutes de pratique de yoga<\/strong> (<em>asanas <\/em>&#8211;<em>pranayama<\/em>)&nbsp;\u00e0 partir d\u2019un th\u00e8me d\u2019observation (<em>bhavana<\/em>);<\/li>\n\n\n\n<li><strong>20 minutes de m\u00e9ditation de pleine conscience<\/strong>. Les pratiques sont guid\u00e9es, \u00e9volutives afin de vous permettre de d\u00e9velopper une meilleure connaissance de ce qu\u2019il se passe \u00e0 l\u2019int\u00e9rieur de vous pas \u00e0 pas;<\/li>\n\n\n\n<li><strong>10 minutes d\u2019\u00e9changes<\/strong>. Livrer votre v\u00e9cu, entendre celui des autres permet de faire des liens et d\u2019avancer beaucoup plus rapidement dans vos explorations.<\/li>\n<\/ul>\n\n\n\n<figure class=\"wp-block-image size-large is-style-rounded\"><img loading=\"lazy\" decoding=\"async\" width=\"1024\" height=\"318\" src=\"https:\/\/centredeyoga-lyon-jean-mace.org\/wp-content\/uploads\/2025\/11\/Haut-de-page-11-1024x318.jpg\" alt=\"temps de m\u00e9ditation pendant une s\u00e9ance de yoga\" class=\"wp-image-4981\" srcset=\"https:\/\/centredeyoga-lyon-jean-mace.org\/wp-content\/uploads\/2025\/11\/Haut-de-page-11-1024x318.jpg 1024w, https:\/\/centredeyoga-lyon-jean-mace.org\/wp-content\/uploads\/2025\/11\/Haut-de-page-11-300x93.jpg 300w, https:\/\/centredeyoga-lyon-jean-mace.org\/wp-content\/uploads\/2025\/11\/Haut-de-page-11-768x238.jpg 768w, https:\/\/centredeyoga-lyon-jean-mace.org\/wp-content\/uploads\/2025\/11\/Haut-de-page-11.jpg 1061w\" sizes=\"auto, (max-width: 1024px) 100vw, 1024px\" \/><\/figure>\n\n\n\n<h4 class=\"wp-block-heading\"><strong>Mon cadre de travail<\/strong><\/h4>\n\n\n\n<p>Je m\u2019engage \u00e0 tenir un espace s\u00e9curitaire, \u00e0 la fois structur\u00e9, d\u00e9complex\u00e9 et joyeux dans lequel chacun puisse \u00e9voluer comme il le souhaite. Sans jugement. En confiance.<\/p>\n\n\n\n<h5 class=\"wp-block-heading\" id=\"pour-qui\"><strong>Pour qui&nbsp;?<\/strong><\/h5>\n\n\n\n<p>Tout le monde \u2013 sans niveau initial<br>La proposition s\u2019adresse \u00e0 des personnes qui ont la volont\u00e9 :<\/p>\n\n\n\n<ul class=\"wp-block-list\">\n<li>de d\u00e9couvrir avec bienveillance des pratiques guid\u00e9es en groupe ;<\/li>\n\n\n\n<li>de prendre du temps pour soi, de rompre avec le rythme du quotidien.<\/li>\n<\/ul>\n\n\n\n<h5 class=\"wp-block-heading\"><strong>Quand?<\/strong><\/h5>\n\n\n\n<p>Le jeudi de 12h30 \u00e0 13h30 (33 s\u00e9ances dans l\u2019ann\u00e9e)<\/p>\n\n\n\n<h5 class=\"wp-block-heading\"><strong>Tarif&nbsp;?<\/strong><\/h5>\n\n\n\n<p>375\u20ac pour 33 s\u00e9ances (septembre \u00e0 juin)<\/p>\n\n\n\n<hr class=\"wp-block-separator has-text-color has-luminous-vivid-orange-color has-css-opacity has-luminous-vivid-orange-background-color has-background is-style-dots\"\/>\n\n\n\n<h5 class=\"wp-block-heading\" id=\"pilatessophrologie\"><a href=\"https:\/\/centredeyoga-lyon-jean-mace.org\/index.php\/autres-activites\/consultation-et-massage-ayurvediques\/\">Consultations et massages ayurv\u00e9diques<\/a><br><a href=\"https:\/\/centredeyoga-lyon-jean-mace.org\/index.php\/autres-activites\/atelier-deveil-musical-parents-bebes\/\">\u00c9veil musical parents-b\u00e9b\u00e9s<\/a><br><a href=\"https:\/\/centredeyoga-lyon-jean-mace.org\/index.php\/autres-activites\/formation-en-massages\/\">Formation en massages<\/a><br><a href=\"https:\/\/centredeyoga-lyon-jean-mace.org\/index.php\/autres-activites\/kundalini-activation\/\">Kundalini Activation<\/a><br><a href=\"https:\/\/centredeyoga-lyon-jean-mace.org\/index.php\/autres-activites\/meditation-pleine-conscience\/\">M\u00e9ditation pleine conscience<\/a><br><a href=\"https:\/\/centredeyoga-lyon-jean-mace.org\/index.php\/autres-activites\/pilates\/\">Pilates<\/a><br><a href=\"https:\/\/centredeyoga-lyon-jean-mace.org\/index.php\/autres-activites\/soins-rebozo\/\">Soins REBOZO<\/a><br><a href=\"http:\/\/centredeyoga-lyon-jean-mace.org\/index.php\/autres-activites\/la-sophrologie\/\">Sophrologie<\/a><\/h5>\n","protected":false},"excerpt":{"rendered":"<p>Ralentir, observer, prendre soin de ses ressources avec douceur pour mieux les d\u00e9ployer Je vous propose un cours hebdomadaire associant le yoga de l\u2019IFY et la m\u00e9ditation de pleine conscience. Deux pratiques qui me tiennent particuli\u00e8rement \u00e0 c\u0153ur pour apprendre \u00e0 ralentir, observer ce qui se passe \u00e0 l\u2019int\u00e9rieur de soi, prendre soin de ses [&hellip;]<\/p>\n","protected":false},"author":3,"featured_media":0,"parent":468,"menu_order":0,"comment_status":"closed","ping_status":"closed","template":"","meta":{"_monsterinsights_skip_tracking":false,"_monsterinsights_sitenote_active":false,"_monsterinsights_sitenote_note":"","_monsterinsights_sitenote_category":0,"footnotes":""},"class_list":["post-2243","page","type-page","status-publish","hentry","clear"],"yoast_head":"<!-- This site is optimized with the Yoast SEO plugin v27.5 - https:\/\/yoast.com\/product\/yoast-seo-wordpress\/ -->\n<title>Yoga et M\u00e9ditation pleine conscience - Centre de Yoga Lyon Jean Mac\u00e9<\/title>\n<meta name=\"description\" content=\"La m\u00e9ditation de pleine conscience \u00e0 Lyon nous invite \u00e0 ralentir pour observer avec bienveillance et sans jugement nos fonctionnements\" \/>\n<meta name=\"robots\" content=\"index, follow, max-snippet:-1, max-image-preview:large, max-video-preview:-1\" \/>\n<link rel=\"canonical\" href=\"https:\/\/centredeyoga-lyon-jean-mace.org\/index.php\/autres-activites\/meditation-pleine-conscience\/\" \/>\n<meta property=\"og:locale\" content=\"fr_FR\" \/>\n<meta property=\"og:type\" content=\"article\" \/>\n<meta property=\"og:title\" content=\"Yoga et M\u00e9ditation pleine conscience - Centre de Yoga Lyon Jean Mac\u00e9\" \/>\n<meta property=\"og:description\" content=\"La m\u00e9ditation de pleine conscience \u00e0 Lyon nous invite \u00e0 ralentir pour observer avec bienveillance et sans jugement nos fonctionnements\" \/>\n<meta property=\"og:url\" content=\"https:\/\/centredeyoga-lyon-jean-mace.org\/index.php\/autres-activites\/meditation-pleine-conscience\/\" \/>\n<meta property=\"og:site_name\" content=\"Centre de Yoga Lyon Jean Mac\u00e9\" \/>\n<meta property=\"article:publisher\" content=\"https:\/\/www.facebook.com\/CentredeYogaLyonJeanMace\" \/>\n<meta property=\"article:modified_time\" content=\"2025-11-23T09:32:16+00:00\" \/>\n<meta property=\"og:image\" content=\"https:\/\/centredeyoga-lyon-jean-mace.org\/wp-content\/uploads\/2025\/11\/Haut-de-page-18.png\" \/>\n\t<meta property=\"og:image:width\" content=\"1061\" \/>\n\t<meta property=\"og:image:height\" content=\"329\" \/>\n\t<meta property=\"og:image:type\" content=\"image\/png\" \/>\n<meta name=\"twitter:card\" content=\"summary_large_image\" \/>\n<meta name=\"twitter:label1\" content=\"Dur\u00e9e de lecture estim\u00e9e\" \/>\n\t<meta name=\"twitter:data1\" content=\"3 minutes\" \/>\n<script type=\"application\/ld+json\" class=\"yoast-schema-graph\">{\"@context\":\"https:\\\/\\\/schema.org\",\"@graph\":[{\"@type\":\"WebPage\",\"@id\":\"https:\\\/\\\/centredeyoga-lyon-jean-mace.org\\\/index.php\\\/autres-activites\\\/meditation-pleine-conscience\\\/\",\"url\":\"https:\\\/\\\/centredeyoga-lyon-jean-mace.org\\\/index.php\\\/autres-activites\\\/meditation-pleine-conscience\\\/\",\"name\":\"Yoga et M\u00e9ditation pleine conscience - Centre de Yoga Lyon Jean Mac\u00e9\",\"isPartOf\":{\"@id\":\"https:\\\/\\\/centredeyoga-lyon-jean-mace.org\\\/#website\"},\"primaryImageOfPage\":{\"@id\":\"https:\\\/\\\/centredeyoga-lyon-jean-mace.org\\\/index.php\\\/autres-activites\\\/meditation-pleine-conscience\\\/#primaryimage\"},\"image\":{\"@id\":\"https:\\\/\\\/centredeyoga-lyon-jean-mace.org\\\/index.php\\\/autres-activites\\\/meditation-pleine-conscience\\\/#primaryimage\"},\"thumbnailUrl\":\"https:\\\/\\\/centredeyoga-lyon-jean-mace.org\\\/wp-content\\\/uploads\\\/2025\\\/11\\\/Haut-de-page-18-1024x318.png\",\"datePublished\":\"2021-07-01T10:14:49+00:00\",\"dateModified\":\"2025-11-23T09:32:16+00:00\",\"description\":\"La m\u00e9ditation de pleine conscience \u00e0 Lyon nous invite \u00e0 ralentir pour observer avec bienveillance et sans jugement nos fonctionnements\",\"breadcrumb\":{\"@id\":\"https:\\\/\\\/centredeyoga-lyon-jean-mace.org\\\/index.php\\\/autres-activites\\\/meditation-pleine-conscience\\\/#breadcrumb\"},\"inLanguage\":\"fr-FR\",\"potentialAction\":[{\"@type\":\"ReadAction\",\"target\":[\"https:\\\/\\\/centredeyoga-lyon-jean-mace.org\\\/index.php\\\/autres-activites\\\/meditation-pleine-conscience\\\/\"]}]},{\"@type\":\"ImageObject\",\"inLanguage\":\"fr-FR\",\"@id\":\"https:\\\/\\\/centredeyoga-lyon-jean-mace.org\\\/index.php\\\/autres-activites\\\/meditation-pleine-conscience\\\/#primaryimage\",\"url\":\"https:\\\/\\\/centredeyoga-lyon-jean-mace.org\\\/wp-content\\\/uploads\\\/2025\\\/11\\\/Haut-de-page-18.png\",\"contentUrl\":\"https:\\\/\\\/centredeyoga-lyon-jean-mace.org\\\/wp-content\\\/uploads\\\/2025\\\/11\\\/Haut-de-page-18.png\",\"width\":1061,\"height\":329},{\"@type\":\"BreadcrumbList\",\"@id\":\"https:\\\/\\\/centredeyoga-lyon-jean-mace.org\\\/index.php\\\/autres-activites\\\/meditation-pleine-conscience\\\/#breadcrumb\",\"itemListElement\":[{\"@type\":\"ListItem\",\"position\":1,\"name\":\"Accueil\",\"item\":\"https:\\\/\\\/centredeyoga-lyon-jean-mace.org\\\/\"},{\"@type\":\"ListItem\",\"position\":2,\"name\":\"Autres activit\u00e9s\",\"item\":\"https:\\\/\\\/centredeyoga-lyon-jean-mace.org\\\/index.php\\\/autres-activites\\\/\"},{\"@type\":\"ListItem\",\"position\":3,\"name\":\"Yoga et M\u00e9ditation pleine conscience\"}]},{\"@type\":\"WebSite\",\"@id\":\"https:\\\/\\\/centredeyoga-lyon-jean-mace.org\\\/#website\",\"url\":\"https:\\\/\\\/centredeyoga-lyon-jean-mace.org\\\/\",\"name\":\"Centre de yoga Lyon Jean Mac\u00e9\",\"description\":\"Une salle de Yoga au coeur de Lyon\",\"publisher\":{\"@id\":\"https:\\\/\\\/centredeyoga-lyon-jean-mace.org\\\/#organization\"},\"potentialAction\":[{\"@type\":\"SearchAction\",\"target\":{\"@type\":\"EntryPoint\",\"urlTemplate\":\"https:\\\/\\\/centredeyoga-lyon-jean-mace.org\\\/?s={search_term_string}\"},\"query-input\":{\"@type\":\"PropertyValueSpecification\",\"valueRequired\":true,\"valueName\":\"search_term_string\"}}],\"inLanguage\":\"fr-FR\"},{\"@type\":\"Organization\",\"@id\":\"https:\\\/\\\/centredeyoga-lyon-jean-mace.org\\\/#organization\",\"name\":\"Centre de yoga Lyon Jean Mac\u00e9\",\"url\":\"https:\\\/\\\/centredeyoga-lyon-jean-mace.org\\\/\",\"logo\":{\"@type\":\"ImageObject\",\"inLanguage\":\"fr-FR\",\"@id\":\"https:\\\/\\\/centredeyoga-lyon-jean-mace.org\\\/#\\\/schema\\\/logo\\\/image\\\/\",\"url\":\"https:\\\/\\\/centredeyoga-lyon-jean-mace.org\\\/wp-content\\\/uploads\\\/2021\\\/06\\\/Logo-Centre-yoga-LJM-web.png\",\"contentUrl\":\"https:\\\/\\\/centredeyoga-lyon-jean-mace.org\\\/wp-content\\\/uploads\\\/2021\\\/06\\\/Logo-Centre-yoga-LJM-web.png\",\"width\":500,\"height\":520,\"caption\":\"Centre de yoga Lyon Jean Mac\u00e9\"},\"image\":{\"@id\":\"https:\\\/\\\/centredeyoga-lyon-jean-mace.org\\\/#\\\/schema\\\/logo\\\/image\\\/\"},\"sameAs\":[\"https:\\\/\\\/www.facebook.com\\\/CentredeYogaLyonJeanMace\",\"https:\\\/\\\/www.instagram.com\\\/centredeyogalyonjeanmace\\\/\"]}]}<\/script>\n<!-- \/ Yoast SEO plugin. -->","yoast_head_json":{"title":"Yoga et M\u00e9ditation pleine conscience - Centre de Yoga Lyon Jean Mac\u00e9","description":"La m\u00e9ditation de pleine conscience \u00e0 Lyon nous invite \u00e0 ralentir pour observer avec bienveillance et sans jugement nos fonctionnements","robots":{"index":"index","follow":"follow","max-snippet":"max-snippet:-1","max-image-preview":"max-image-preview:large","max-video-preview":"max-video-preview:-1"},"canonical":"https:\/\/centredeyoga-lyon-jean-mace.org\/index.php\/autres-activites\/meditation-pleine-conscience\/","og_locale":"fr_FR","og_type":"article","og_title":"Yoga et M\u00e9ditation pleine conscience - Centre de Yoga Lyon Jean Mac\u00e9","og_description":"La m\u00e9ditation de pleine conscience \u00e0 Lyon nous invite \u00e0 ralentir pour observer avec bienveillance et sans jugement nos fonctionnements","og_url":"https:\/\/centredeyoga-lyon-jean-mace.org\/index.php\/autres-activites\/meditation-pleine-conscience\/","og_site_name":"Centre de Yoga Lyon Jean Mac\u00e9","article_publisher":"https:\/\/www.facebook.com\/CentredeYogaLyonJeanMace","article_modified_time":"2025-11-23T09:32:16+00:00","og_image":[{"width":1061,"height":329,"url":"https:\/\/centredeyoga-lyon-jean-mace.org\/wp-content\/uploads\/2025\/11\/Haut-de-page-18.png","type":"image\/png"}],"twitter_card":"summary_large_image","twitter_misc":{"Dur\u00e9e de lecture estim\u00e9e":"3 minutes"},"schema":{"@context":"https:\/\/schema.org","@graph":[{"@type":"WebPage","@id":"https:\/\/centredeyoga-lyon-jean-mace.org\/index.php\/autres-activites\/meditation-pleine-conscience\/","url":"https:\/\/centredeyoga-lyon-jean-mace.org\/index.php\/autres-activites\/meditation-pleine-conscience\/","name":"Yoga et M\u00e9ditation pleine conscience - Centre de Yoga Lyon Jean Mac\u00e9","isPartOf":{"@id":"https:\/\/centredeyoga-lyon-jean-mace.org\/#website"},"primaryImageOfPage":{"@id":"https:\/\/centredeyoga-lyon-jean-mace.org\/index.php\/autres-activites\/meditation-pleine-conscience\/#primaryimage"},"image":{"@id":"https:\/\/centredeyoga-lyon-jean-mace.org\/index.php\/autres-activites\/meditation-pleine-conscience\/#primaryimage"},"thumbnailUrl":"https:\/\/centredeyoga-lyon-jean-mace.org\/wp-content\/uploads\/2025\/11\/Haut-de-page-18-1024x318.png","datePublished":"2021-07-01T10:14:49+00:00","dateModified":"2025-11-23T09:32:16+00:00","description":"La m\u00e9ditation de pleine conscience \u00e0 Lyon nous invite \u00e0 ralentir pour observer avec bienveillance et sans jugement nos fonctionnements","breadcrumb":{"@id":"https:\/\/centredeyoga-lyon-jean-mace.org\/index.php\/autres-activites\/meditation-pleine-conscience\/#breadcrumb"},"inLanguage":"fr-FR","potentialAction":[{"@type":"ReadAction","target":["https:\/\/centredeyoga-lyon-jean-mace.org\/index.php\/autres-activites\/meditation-pleine-conscience\/"]}]},{"@type":"ImageObject","inLanguage":"fr-FR","@id":"https:\/\/centredeyoga-lyon-jean-mace.org\/index.php\/autres-activites\/meditation-pleine-conscience\/#primaryimage","url":"https:\/\/centredeyoga-lyon-jean-mace.org\/wp-content\/uploads\/2025\/11\/Haut-de-page-18.png","contentUrl":"https:\/\/centredeyoga-lyon-jean-mace.org\/wp-content\/uploads\/2025\/11\/Haut-de-page-18.png","width":1061,"height":329},{"@type":"BreadcrumbList","@id":"https:\/\/centredeyoga-lyon-jean-mace.org\/index.php\/autres-activites\/meditation-pleine-conscience\/#breadcrumb","itemListElement":[{"@type":"ListItem","position":1,"name":"Accueil","item":"https:\/\/centredeyoga-lyon-jean-mace.org\/"},{"@type":"ListItem","position":2,"name":"Autres activit\u00e9s","item":"https:\/\/centredeyoga-lyon-jean-mace.org\/index.php\/autres-activites\/"},{"@type":"ListItem","position":3,"name":"Yoga et M\u00e9ditation pleine conscience"}]},{"@type":"WebSite","@id":"https:\/\/centredeyoga-lyon-jean-mace.org\/#website","url":"https:\/\/centredeyoga-lyon-jean-mace.org\/","name":"Centre de yoga Lyon Jean Mac\u00e9","description":"Une salle de Yoga au coeur de Lyon","publisher":{"@id":"https:\/\/centredeyoga-lyon-jean-mace.org\/#organization"},"potentialAction":[{"@type":"SearchAction","target":{"@type":"EntryPoint","urlTemplate":"https:\/\/centredeyoga-lyon-jean-mace.org\/?s={search_term_string}"},"query-input":{"@type":"PropertyValueSpecification","valueRequired":true,"valueName":"search_term_string"}}],"inLanguage":"fr-FR"},{"@type":"Organization","@id":"https:\/\/centredeyoga-lyon-jean-mace.org\/#organization","name":"Centre de yoga Lyon Jean Mac\u00e9","url":"https:\/\/centredeyoga-lyon-jean-mace.org\/","logo":{"@type":"ImageObject","inLanguage":"fr-FR","@id":"https:\/\/centredeyoga-lyon-jean-mace.org\/#\/schema\/logo\/image\/","url":"https:\/\/centredeyoga-lyon-jean-mace.org\/wp-content\/uploads\/2021\/06\/Logo-Centre-yoga-LJM-web.png","contentUrl":"https:\/\/centredeyoga-lyon-jean-mace.org\/wp-content\/uploads\/2021\/06\/Logo-Centre-yoga-LJM-web.png","width":500,"height":520,"caption":"Centre de yoga Lyon Jean Mac\u00e9"},"image":{"@id":"https:\/\/centredeyoga-lyon-jean-mace.org\/#\/schema\/logo\/image\/"},"sameAs":["https:\/\/www.facebook.com\/CentredeYogaLyonJeanMace","https:\/\/www.instagram.com\/centredeyogalyonjeanmace\/"]}]}},"_links":{"self":[{"href":"https:\/\/centredeyoga-lyon-jean-mace.org\/index.php\/wp-json\/wp\/v2\/pages\/2243","targetHints":{"allow":["GET"]}}],"collection":[{"href":"https:\/\/centredeyoga-lyon-jean-mace.org\/index.php\/wp-json\/wp\/v2\/pages"}],"about":[{"href":"https:\/\/centredeyoga-lyon-jean-mace.org\/index.php\/wp-json\/wp\/v2\/types\/page"}],"author":[{"embeddable":true,"href":"https:\/\/centredeyoga-lyon-jean-mace.org\/index.php\/wp-json\/wp\/v2\/users\/3"}],"replies":[{"embeddable":true,"href":"https:\/\/centredeyoga-lyon-jean-mace.org\/index.php\/wp-json\/wp\/v2\/comments?post=2243"}],"version-history":[{"count":14,"href":"https:\/\/centredeyoga-lyon-jean-mace.org\/index.php\/wp-json\/wp\/v2\/pages\/2243\/revisions"}],"predecessor-version":[{"id":4983,"href":"https:\/\/centredeyoga-lyon-jean-mace.org\/index.php\/wp-json\/wp\/v2\/pages\/2243\/revisions\/4983"}],"up":[{"embeddable":true,"href":"https:\/\/centredeyoga-lyon-jean-mace.org\/index.php\/wp-json\/wp\/v2\/pages\/468"}],"wp:attachment":[{"href":"https:\/\/centredeyoga-lyon-jean-mace.org\/index.php\/wp-json\/wp\/v2\/media?parent=2243"}],"curies":[{"name":"wp","href":"https:\/\/api.w.org\/{rel}","templated":true}]}}