{"id":2435,"date":"2022-01-17T17:37:18","date_gmt":"2022-01-17T15:37:18","guid":{"rendered":"https:\/\/centredeyoga-lyon-jean-mace.org\/?page_id=2435"},"modified":"2025-12-01T20:18:09","modified_gmt":"2025-12-01T18:18:09","slug":"comment-se-deroule-une-seance-de-yoga","status":"publish","type":"page","link":"https:\/\/centredeyoga-lyon-jean-mace.org\/index.php\/le-yoga-pratique-et-effets\/comment-se-deroule-une-seance-de-yoga\/","title":{"rendered":"Comment se d\u00e9roule une s\u00e9ance de Yoga?"},"content":{"rendered":"\n<p><strong>La s\u00e9ance de yoga commence \u00e0 l&rsquo;heure indiqu\u00e9e (cf. <a href=\"https:\/\/centredeyoga-lyon-jean-mace.org\/index.php\/cours\/cours-hebdomadaires-yoga-pilates-sophrologie-lyon-7\/\">cr\u00e9neaux horaires<\/a>) : merci donc d&rsquo;arriver 5 ou 10 minutes en avance pour \u00eatre pr\u00eat.e sur le tapis \u00e0 cet horaire<\/strong>. L&rsquo;enseignant pr\u00e9voit de vous lib\u00e9rer \u00e0 l&rsquo;heure indiqu\u00e9e. La s\u00e9ance s&rsquo;arr\u00eate donc 5 \u00e0 10 minutes avant pour vous permettre de vous changer et quitter la salle.<\/p>\n\n\n\n<figure class=\"wp-block-image size-large\"><img loading=\"lazy\" decoding=\"async\" width=\"1024\" height=\"318\" src=\"https:\/\/centredeyoga-lyon-jean-mace.org\/wp-content\/uploads\/2025\/12\/Haut-de-page-03-1024x318.jpg\" alt=\"d\u00e9roulement d'une s\u00e9ance de yoga collective (en groupe)\" class=\"wp-image-5076\" srcset=\"https:\/\/centredeyoga-lyon-jean-mace.org\/wp-content\/uploads\/2025\/12\/Haut-de-page-03-1024x318.jpg 1024w, https:\/\/centredeyoga-lyon-jean-mace.org\/wp-content\/uploads\/2025\/12\/Haut-de-page-03-300x93.jpg 300w, https:\/\/centredeyoga-lyon-jean-mace.org\/wp-content\/uploads\/2025\/12\/Haut-de-page-03-768x238.jpg 768w, https:\/\/centredeyoga-lyon-jean-mace.org\/wp-content\/uploads\/2025\/12\/Haut-de-page-03.jpg 1061w\" sizes=\"auto, (max-width: 1024px) 100vw, 1024px\" \/><\/figure>\n\n\n\n<p>La s\u00e9ance comprend : <br>&#8211; une courte pr\u00e9sentation et un temps pour <strong>s&rsquo;installer dans la s\u00e9ance<\/strong><br>&#8211; les <strong>postures <\/strong>elles-m\u00eames, prises en dynamique (en mouvement) ou en statique<br>&#8211; puis en g\u00e9n\u00e9ral un <strong>temps de repos<\/strong> ou d&rsquo;observation allong\u00e9<br>&#8211; un temps de d&rsquo;<strong>\u00e9coute int\u00e9rieure<\/strong> (quelques minutes pour s&rsquo;initier \u00e0 la m\u00e9ditation)<br>&#8211; puis un <strong>\u00e9change <\/strong>: retours sur la s\u00e9ance, questions sur un point pr\u00e9cis, etc.<\/p>\n\n\n\n<p><strong>Aucun \u00e9l\u00e9ment n&rsquo;est obligatoire<\/strong> si vous ne souhaitez pas y participer.<br>La s\u00e9ance de yoga dure au moins 1h15 (\u00e0 l&rsquo;exception des cr\u00e9neaux d&rsquo;1h (le midi) o\u00f9 la s\u00e9ance dure environ 55 minutes).<\/p>\n\n\n\n<h2 class=\"wp-block-heading\">Le yoga, un temps pour soi<\/h2>\n\n\n\n<p>Une s\u00e9ance est avant tout <strong>un moment pour vous<\/strong> : vous recentrer, souffler, \u00e9couter vos ressentis, poser le mental en restant concentr\u00e9.e sur le corps, \u00eatre pr\u00e9sent.e.<br>Une s\u00e9ance tourne en g\u00e9n\u00e9ral autour d&rsquo;une <strong>th\u00e9matique particuli\u00e8re<\/strong>, qu&rsquo;elle vous soit expliqu\u00e9e ou que vous la d\u00e9couvriez en pratiquant. Il est donc possible que l&rsquo;enseignant fasse une petite pr\u00e9sentation en d\u00e9but de s\u00e9ance. Son but est de vous indiquer l&rsquo;ambiance dans laquelle vous allez pratiquer. C&rsquo;est ce qu&rsquo;on appelle le <a href=\"https:\/\/fr.wikipedia.org\/wiki\/Bhavana\" target=\"_blank\" rel=\"noreferrer noopener\"><em>bh\u0101vana<\/em><\/a> de la s\u00e9ance (traduit ici par intention).<\/p>\n\n\n\n<figure class=\"wp-block-image size-large is-style-rounded\"><img loading=\"lazy\" decoding=\"async\" width=\"1024\" height=\"683\" src=\"https:\/\/centredeyoga-lyon-jean-mace.org\/wp-content\/uploads\/2023\/11\/DSC08343-1024x683.jpg\" alt=\"posture de yoga en s\u00e9ance\" class=\"wp-image-3566\" srcset=\"https:\/\/centredeyoga-lyon-jean-mace.org\/wp-content\/uploads\/2023\/11\/DSC08343-1024x683.jpg 1024w, https:\/\/centredeyoga-lyon-jean-mace.org\/wp-content\/uploads\/2023\/11\/DSC08343-300x200.jpg 300w, https:\/\/centredeyoga-lyon-jean-mace.org\/wp-content\/uploads\/2023\/11\/DSC08343-768x512.jpg 768w, https:\/\/centredeyoga-lyon-jean-mace.org\/wp-content\/uploads\/2023\/11\/DSC08343-1536x1024.jpg 1536w, https:\/\/centredeyoga-lyon-jean-mace.org\/wp-content\/uploads\/2023\/11\/DSC08343-2048x1365.jpg 2048w\" sizes=\"auto, (max-width: 1024px) 100vw, 1024px\" \/><\/figure>\n\n\n\n<h2 class=\"wp-block-heading\">Laissez-vous guider dans la s\u00e9ance de yoga<\/h2>\n\n\n\n<p>Le c\u0153ur de la s\u00e9ance se compose de <strong>diff\u00e9rentes postures<\/strong>, avec des mouvements (posture dynamique) ou sans mouvement (posture en statique). Selon les s\u00e9ances de yoga et l&rsquo;intention de la s\u00e9ance, vous pratiquerez avec une respiration adapt\u00e9e aux mouvements : parfois cal\u00e9e dessus, parfois d\u00e9cal\u00e9e, parfois libre.<\/p>\n\n\n\n<p>Pour cela, l&rsquo;enseignant vous donne des indications sur les mouvements \u00e0 pratiquer. Il explique \u00e9ventuellement tel ou tel point technique ou bien ce qui est recherch\u00e9 dans la posture. <strong>Chacun pratique pour lui<\/strong>, comme cela lui est possible dans l&rsquo;instant, sans rechercher \u00e0 se comparer aux autres et surtout sans d\u00e9passer ses propres limites. Le respect de soi et des autres fait partie int\u00e9grante de la d\u00e9marche du yoga (cf. notre article sur <a href=\"https:\/\/centredeyoga-lyon-jean-mace.org\/index.php\/2024\/08\/22\/autour-de-ahimsa\/\">ahi\u1e43s\u0101<\/a>).<br>Une bonne pratique est <strong>une pratique sans douleur<\/strong>. Il est important ben s\u00fbr de distinguer les tiraillements bienfaisants du corps qui cherche \u00e0 d\u00e9passer son quotidien et ses habitudes, et les tensions ou douleurs qui indiquent au contraire un exc\u00e8s dans le mouvement, qui pourrait \u00eatre \u00e0 l&rsquo;origine de complications articulaires ou autres.<\/p>\n\n\n\n<figure class=\"wp-block-image size-large is-style-rounded\"><img loading=\"lazy\" decoding=\"async\" width=\"1024\" height=\"470\" src=\"https:\/\/centredeyoga-lyon-jean-mace.org\/wp-content\/uploads\/2023\/11\/IMG_9475-1024x470.jpg\" alt=\"posture allong\u00e9e en s\u00e9ance de yoga\" class=\"wp-image-3564\" srcset=\"https:\/\/centredeyoga-lyon-jean-mace.org\/wp-content\/uploads\/2023\/11\/IMG_9475-1024x470.jpg 1024w, https:\/\/centredeyoga-lyon-jean-mace.org\/wp-content\/uploads\/2023\/11\/IMG_9475-768x352.jpg 768w, https:\/\/centredeyoga-lyon-jean-mace.org\/wp-content\/uploads\/2023\/11\/IMG_9475-300x138.jpg 300w, https:\/\/centredeyoga-lyon-jean-mace.org\/wp-content\/uploads\/2023\/11\/IMG_9475-1536x705.jpg 1536w, https:\/\/centredeyoga-lyon-jean-mace.org\/wp-content\/uploads\/2023\/11\/IMG_9475-2048x940.jpg 2048w\" sizes=\"auto, (max-width: 1024px) 100vw, 1024px\" \/><\/figure>\n\n\n\n<h2 class=\"wp-block-heading\">Chacun \u00e0 son rythme<\/h2>\n\n\n\n<p><strong>Il n&rsquo;y a pas de r\u00e9el d\u00e9butant en Yoga<\/strong> : chacun l&rsquo;aborde \u00e0 un moment de sa vie, avec ce qu&rsquo;il connait de son corps, de son mental, de sa respiration, de ses propres limites. Ainsi, chacun pratique de mani\u00e8re diff\u00e9rente selon son propre avancement dans ses perceptions, ses capacit\u00e9s physiques, son niveau de concentration, etc.<br>Chacun.e va vivre la s\u00e9ance de mani\u00e8re diff\u00e9rente et unique. La m\u00eame pratique, guid\u00e9e une semaine apr\u00e8s ou par un autre enseignant, am\u00e8nera certainement des ressentis diff\u00e9rents.<\/p>\n\n\n\n<h2 class=\"wp-block-heading\">Accueillir les effets de la s\u00e9ance de yoga<\/h2>\n\n\n\n<p>La s\u00e9ance se termine g\u00e9n\u00e9ralement par <strong>un temps immobile, en assise ou allong\u00e9, pour se poser un peu et \u00e9couter ses ressentis<\/strong>, percevoir les effets de la s\u00e9ance, laisser appara\u00eetre les sensations subtiles en soi. En fin de s\u00e9ance, l&rsquo;enseignant propose g\u00e9n\u00e9ralement un temps pour s&rsquo;exprimer sur ses ressentis, pour les personnes qui le souhaitent. L\u00e0 encore, il n&rsquo;y a aucune obligation&#8230;<\/p>\n\n\n\n<figure class=\"wp-block-image size-large is-style-default\"><img loading=\"lazy\" decoding=\"async\" width=\"1024\" height=\"318\" src=\"https:\/\/centredeyoga-lyon-jean-mace.org\/wp-content\/uploads\/2025\/11\/Haut-de-page-04-1024x318.png\" alt=\"temps d'observation pendant une s\u00e9ance de yoga\" class=\"wp-image-4957\" srcset=\"https:\/\/centredeyoga-lyon-jean-mace.org\/wp-content\/uploads\/2025\/11\/Haut-de-page-04-1024x318.png 1024w, https:\/\/centredeyoga-lyon-jean-mace.org\/wp-content\/uploads\/2025\/11\/Haut-de-page-04-300x93.png 300w, https:\/\/centredeyoga-lyon-jean-mace.org\/wp-content\/uploads\/2025\/11\/Haut-de-page-04-768x238.png 768w, https:\/\/centredeyoga-lyon-jean-mace.org\/wp-content\/uploads\/2025\/11\/Haut-de-page-04.png 1061w\" sizes=\"auto, (max-width: 1024px) 100vw, 1024px\" \/><\/figure>\n\n\n\n<div class=\"wp-block-buttons is-horizontal is-content-justification-center is-layout-flex wp-container-core-buttons-is-layout-499968f5 wp-block-buttons-is-layout-flex\">\n<div class=\"wp-block-button\"><a class=\"wp-block-button__link has-white-color has-luminous-vivid-amber-to-luminous-vivid-orange-gradient-background has-text-color has-background wp-element-button\" href=\"https:\/\/centredeyoga-lyon-jean-mace.org\/index.php\/cours\/cours-hebdomadaires-yoga-pilates-sophrologie-lyon-7\/\"><strong>S&rsquo;inscrire? Faire un cours d&rsquo;essai?<\/strong><\/a><\/div>\n<\/div>\n","protected":false},"excerpt":{"rendered":"<p>La s\u00e9ance de yoga commence \u00e0 l&rsquo;heure indiqu\u00e9e (cf. cr\u00e9neaux horaires) : merci donc d&rsquo;arriver 5 ou 10 minutes en avance pour \u00eatre pr\u00eat.e sur le tapis \u00e0 cet horaire. L&rsquo;enseignant pr\u00e9voit de vous lib\u00e9rer \u00e0 l&rsquo;heure indiqu\u00e9e. La s\u00e9ance s&rsquo;arr\u00eate donc 5 \u00e0 10 minutes avant pour vous permettre de vous changer et quitter [&hellip;]<\/p>\n","protected":false},"author":3,"featured_media":0,"parent":40,"menu_order":0,"comment_status":"closed","ping_status":"closed","template":"","meta":{"_monsterinsights_skip_tracking":false,"_monsterinsights_sitenote_active":false,"_monsterinsights_sitenote_note":"","_monsterinsights_sitenote_category":0,"footnotes":""},"class_list":["post-2435","page","type-page","status-publish","hentry","clear"],"yoast_head":"<!-- This site is optimized with the Yoast SEO plugin v27.3 - https:\/\/yoast.com\/product\/yoast-seo-wordpress\/ -->\n<title>Comment se d\u00e9roule une s\u00e9ance de Yoga? - Centre Lyon 7<\/title>\n<meta name=\"description\" content=\"La s\u00e9ance de yoga comprend une courte pr\u00e9sentation, les postures, en g\u00e9n\u00e9ral un temps de repos-m\u00e9ditation, puis des \u00e9changes\" \/>\n<meta name=\"robots\" content=\"index, follow, max-snippet:-1, max-image-preview:large, max-video-preview:-1\" \/>\n<link rel=\"canonical\" href=\"https:\/\/centredeyoga-lyon-jean-mace.org\/index.php\/le-yoga-pratique-et-effets\/comment-se-deroule-une-seance-de-yoga\/\" \/>\n<meta property=\"og:locale\" content=\"fr_FR\" \/>\n<meta property=\"og:type\" content=\"article\" \/>\n<meta property=\"og:title\" content=\"Comment se d\u00e9roule une s\u00e9ance de Yoga? - Centre Lyon 7\" \/>\n<meta property=\"og:description\" content=\"La s\u00e9ance de yoga comprend une courte pr\u00e9sentation, les postures, en g\u00e9n\u00e9ral un temps de repos-m\u00e9ditation, puis des \u00e9changes\" \/>\n<meta property=\"og:url\" content=\"https:\/\/centredeyoga-lyon-jean-mace.org\/index.php\/le-yoga-pratique-et-effets\/comment-se-deroule-une-seance-de-yoga\/\" \/>\n<meta property=\"og:site_name\" content=\"Centre de Yoga Lyon Jean Mac\u00e9\" \/>\n<meta property=\"article:publisher\" content=\"https:\/\/www.facebook.com\/CentredeYogaLyonJeanMace\" \/>\n<meta property=\"article:modified_time\" content=\"2025-12-01T18:18:09+00:00\" \/>\n<meta property=\"og:image\" content=\"https:\/\/centredeyoga-lyon-jean-mace.org\/wp-content\/uploads\/2025\/12\/Haut-de-page-03.jpg\" \/>\n\t<meta property=\"og:image:width\" content=\"1061\" \/>\n\t<meta property=\"og:image:height\" content=\"329\" \/>\n\t<meta property=\"og:image:type\" content=\"image\/jpeg\" \/>\n<meta name=\"twitter:card\" content=\"summary_large_image\" \/>\n<meta name=\"twitter:label1\" content=\"Dur\u00e9e de lecture estim\u00e9e\" \/>\n\t<meta name=\"twitter:data1\" content=\"4 minutes\" \/>\n<script type=\"application\/ld+json\" class=\"yoast-schema-graph\">{\"@context\":\"https:\\\/\\\/schema.org\",\"@graph\":[{\"@type\":\"WebPage\",\"@id\":\"https:\\\/\\\/centredeyoga-lyon-jean-mace.org\\\/index.php\\\/le-yoga-pratique-et-effets\\\/comment-se-deroule-une-seance-de-yoga\\\/\",\"url\":\"https:\\\/\\\/centredeyoga-lyon-jean-mace.org\\\/index.php\\\/le-yoga-pratique-et-effets\\\/comment-se-deroule-une-seance-de-yoga\\\/\",\"name\":\"Comment se d\u00e9roule une s\u00e9ance de Yoga? - Centre Lyon 7\",\"isPartOf\":{\"@id\":\"https:\\\/\\\/centredeyoga-lyon-jean-mace.org\\\/#website\"},\"primaryImageOfPage\":{\"@id\":\"https:\\\/\\\/centredeyoga-lyon-jean-mace.org\\\/index.php\\\/le-yoga-pratique-et-effets\\\/comment-se-deroule-une-seance-de-yoga\\\/#primaryimage\"},\"image\":{\"@id\":\"https:\\\/\\\/centredeyoga-lyon-jean-mace.org\\\/index.php\\\/le-yoga-pratique-et-effets\\\/comment-se-deroule-une-seance-de-yoga\\\/#primaryimage\"},\"thumbnailUrl\":\"https:\\\/\\\/centredeyoga-lyon-jean-mace.org\\\/wp-content\\\/uploads\\\/2025\\\/12\\\/Haut-de-page-03-1024x318.jpg\",\"datePublished\":\"2022-01-17T15:37:18+00:00\",\"dateModified\":\"2025-12-01T18:18:09+00:00\",\"description\":\"La s\u00e9ance de yoga comprend une courte pr\u00e9sentation, les postures, en g\u00e9n\u00e9ral un temps de repos-m\u00e9ditation, puis des \u00e9changes\",\"breadcrumb\":{\"@id\":\"https:\\\/\\\/centredeyoga-lyon-jean-mace.org\\\/index.php\\\/le-yoga-pratique-et-effets\\\/comment-se-deroule-une-seance-de-yoga\\\/#breadcrumb\"},\"inLanguage\":\"fr-FR\",\"potentialAction\":[{\"@type\":\"ReadAction\",\"target\":[\"https:\\\/\\\/centredeyoga-lyon-jean-mace.org\\\/index.php\\\/le-yoga-pratique-et-effets\\\/comment-se-deroule-une-seance-de-yoga\\\/\"]}]},{\"@type\":\"ImageObject\",\"inLanguage\":\"fr-FR\",\"@id\":\"https:\\\/\\\/centredeyoga-lyon-jean-mace.org\\\/index.php\\\/le-yoga-pratique-et-effets\\\/comment-se-deroule-une-seance-de-yoga\\\/#primaryimage\",\"url\":\"https:\\\/\\\/centredeyoga-lyon-jean-mace.org\\\/wp-content\\\/uploads\\\/2025\\\/12\\\/Haut-de-page-03.jpg\",\"contentUrl\":\"https:\\\/\\\/centredeyoga-lyon-jean-mace.org\\\/wp-content\\\/uploads\\\/2025\\\/12\\\/Haut-de-page-03.jpg\",\"width\":1061,\"height\":329},{\"@type\":\"BreadcrumbList\",\"@id\":\"https:\\\/\\\/centredeyoga-lyon-jean-mace.org\\\/index.php\\\/le-yoga-pratique-et-effets\\\/comment-se-deroule-une-seance-de-yoga\\\/#breadcrumb\",\"itemListElement\":[{\"@type\":\"ListItem\",\"position\":1,\"name\":\"Accueil\",\"item\":\"https:\\\/\\\/centredeyoga-lyon-jean-mace.org\\\/\"},{\"@type\":\"ListItem\",\"position\":2,\"name\":\"La pratique du Yoga et ses effets\",\"item\":\"https:\\\/\\\/centredeyoga-lyon-jean-mace.org\\\/index.php\\\/le-yoga-pratique-et-effets\\\/\"},{\"@type\":\"ListItem\",\"position\":3,\"name\":\"Comment se d\u00e9roule une s\u00e9ance de Yoga?\"}]},{\"@type\":\"WebSite\",\"@id\":\"https:\\\/\\\/centredeyoga-lyon-jean-mace.org\\\/#website\",\"url\":\"https:\\\/\\\/centredeyoga-lyon-jean-mace.org\\\/\",\"name\":\"Centre de yoga Lyon Jean Mac\u00e9\",\"description\":\"Une salle de Yoga au coeur de Lyon\",\"publisher\":{\"@id\":\"https:\\\/\\\/centredeyoga-lyon-jean-mace.org\\\/#organization\"},\"potentialAction\":[{\"@type\":\"SearchAction\",\"target\":{\"@type\":\"EntryPoint\",\"urlTemplate\":\"https:\\\/\\\/centredeyoga-lyon-jean-mace.org\\\/?s={search_term_string}\"},\"query-input\":{\"@type\":\"PropertyValueSpecification\",\"valueRequired\":true,\"valueName\":\"search_term_string\"}}],\"inLanguage\":\"fr-FR\"},{\"@type\":\"Organization\",\"@id\":\"https:\\\/\\\/centredeyoga-lyon-jean-mace.org\\\/#organization\",\"name\":\"Centre de yoga Lyon Jean Mac\u00e9\",\"url\":\"https:\\\/\\\/centredeyoga-lyon-jean-mace.org\\\/\",\"logo\":{\"@type\":\"ImageObject\",\"inLanguage\":\"fr-FR\",\"@id\":\"https:\\\/\\\/centredeyoga-lyon-jean-mace.org\\\/#\\\/schema\\\/logo\\\/image\\\/\",\"url\":\"https:\\\/\\\/centredeyoga-lyon-jean-mace.org\\\/wp-content\\\/uploads\\\/2021\\\/06\\\/Logo-Centre-yoga-LJM-web.png\",\"contentUrl\":\"https:\\\/\\\/centredeyoga-lyon-jean-mace.org\\\/wp-content\\\/uploads\\\/2021\\\/06\\\/Logo-Centre-yoga-LJM-web.png\",\"width\":500,\"height\":520,\"caption\":\"Centre de yoga Lyon Jean Mac\u00e9\"},\"image\":{\"@id\":\"https:\\\/\\\/centredeyoga-lyon-jean-mace.org\\\/#\\\/schema\\\/logo\\\/image\\\/\"},\"sameAs\":[\"https:\\\/\\\/www.facebook.com\\\/CentredeYogaLyonJeanMace\",\"https:\\\/\\\/www.instagram.com\\\/centredeyogalyonjeanmace\\\/\"]}]}<\/script>\n<!-- \/ Yoast SEO plugin. -->","yoast_head_json":{"title":"Comment se d\u00e9roule une s\u00e9ance de Yoga? - Centre Lyon 7","description":"La s\u00e9ance de yoga comprend une courte pr\u00e9sentation, les postures, en g\u00e9n\u00e9ral un temps de repos-m\u00e9ditation, puis des \u00e9changes","robots":{"index":"index","follow":"follow","max-snippet":"max-snippet:-1","max-image-preview":"max-image-preview:large","max-video-preview":"max-video-preview:-1"},"canonical":"https:\/\/centredeyoga-lyon-jean-mace.org\/index.php\/le-yoga-pratique-et-effets\/comment-se-deroule-une-seance-de-yoga\/","og_locale":"fr_FR","og_type":"article","og_title":"Comment se d\u00e9roule une s\u00e9ance de Yoga? - Centre Lyon 7","og_description":"La s\u00e9ance de yoga comprend une courte pr\u00e9sentation, les postures, en g\u00e9n\u00e9ral un temps de repos-m\u00e9ditation, puis des \u00e9changes","og_url":"https:\/\/centredeyoga-lyon-jean-mace.org\/index.php\/le-yoga-pratique-et-effets\/comment-se-deroule-une-seance-de-yoga\/","og_site_name":"Centre de Yoga Lyon Jean Mac\u00e9","article_publisher":"https:\/\/www.facebook.com\/CentredeYogaLyonJeanMace","article_modified_time":"2025-12-01T18:18:09+00:00","og_image":[{"width":1061,"height":329,"url":"https:\/\/centredeyoga-lyon-jean-mace.org\/wp-content\/uploads\/2025\/12\/Haut-de-page-03.jpg","type":"image\/jpeg"}],"twitter_card":"summary_large_image","twitter_misc":{"Dur\u00e9e de lecture estim\u00e9e":"4 minutes"},"schema":{"@context":"https:\/\/schema.org","@graph":[{"@type":"WebPage","@id":"https:\/\/centredeyoga-lyon-jean-mace.org\/index.php\/le-yoga-pratique-et-effets\/comment-se-deroule-une-seance-de-yoga\/","url":"https:\/\/centredeyoga-lyon-jean-mace.org\/index.php\/le-yoga-pratique-et-effets\/comment-se-deroule-une-seance-de-yoga\/","name":"Comment se d\u00e9roule une s\u00e9ance de Yoga? - Centre Lyon 7","isPartOf":{"@id":"https:\/\/centredeyoga-lyon-jean-mace.org\/#website"},"primaryImageOfPage":{"@id":"https:\/\/centredeyoga-lyon-jean-mace.org\/index.php\/le-yoga-pratique-et-effets\/comment-se-deroule-une-seance-de-yoga\/#primaryimage"},"image":{"@id":"https:\/\/centredeyoga-lyon-jean-mace.org\/index.php\/le-yoga-pratique-et-effets\/comment-se-deroule-une-seance-de-yoga\/#primaryimage"},"thumbnailUrl":"https:\/\/centredeyoga-lyon-jean-mace.org\/wp-content\/uploads\/2025\/12\/Haut-de-page-03-1024x318.jpg","datePublished":"2022-01-17T15:37:18+00:00","dateModified":"2025-12-01T18:18:09+00:00","description":"La s\u00e9ance de yoga comprend une courte pr\u00e9sentation, les postures, en g\u00e9n\u00e9ral un temps de repos-m\u00e9ditation, puis des \u00e9changes","breadcrumb":{"@id":"https:\/\/centredeyoga-lyon-jean-mace.org\/index.php\/le-yoga-pratique-et-effets\/comment-se-deroule-une-seance-de-yoga\/#breadcrumb"},"inLanguage":"fr-FR","potentialAction":[{"@type":"ReadAction","target":["https:\/\/centredeyoga-lyon-jean-mace.org\/index.php\/le-yoga-pratique-et-effets\/comment-se-deroule-une-seance-de-yoga\/"]}]},{"@type":"ImageObject","inLanguage":"fr-FR","@id":"https:\/\/centredeyoga-lyon-jean-mace.org\/index.php\/le-yoga-pratique-et-effets\/comment-se-deroule-une-seance-de-yoga\/#primaryimage","url":"https:\/\/centredeyoga-lyon-jean-mace.org\/wp-content\/uploads\/2025\/12\/Haut-de-page-03.jpg","contentUrl":"https:\/\/centredeyoga-lyon-jean-mace.org\/wp-content\/uploads\/2025\/12\/Haut-de-page-03.jpg","width":1061,"height":329},{"@type":"BreadcrumbList","@id":"https:\/\/centredeyoga-lyon-jean-mace.org\/index.php\/le-yoga-pratique-et-effets\/comment-se-deroule-une-seance-de-yoga\/#breadcrumb","itemListElement":[{"@type":"ListItem","position":1,"name":"Accueil","item":"https:\/\/centredeyoga-lyon-jean-mace.org\/"},{"@type":"ListItem","position":2,"name":"La pratique du Yoga et ses effets","item":"https:\/\/centredeyoga-lyon-jean-mace.org\/index.php\/le-yoga-pratique-et-effets\/"},{"@type":"ListItem","position":3,"name":"Comment se d\u00e9roule une s\u00e9ance de Yoga?"}]},{"@type":"WebSite","@id":"https:\/\/centredeyoga-lyon-jean-mace.org\/#website","url":"https:\/\/centredeyoga-lyon-jean-mace.org\/","name":"Centre de yoga Lyon Jean Mac\u00e9","description":"Une salle de Yoga au coeur de Lyon","publisher":{"@id":"https:\/\/centredeyoga-lyon-jean-mace.org\/#organization"},"potentialAction":[{"@type":"SearchAction","target":{"@type":"EntryPoint","urlTemplate":"https:\/\/centredeyoga-lyon-jean-mace.org\/?s={search_term_string}"},"query-input":{"@type":"PropertyValueSpecification","valueRequired":true,"valueName":"search_term_string"}}],"inLanguage":"fr-FR"},{"@type":"Organization","@id":"https:\/\/centredeyoga-lyon-jean-mace.org\/#organization","name":"Centre de yoga Lyon Jean Mac\u00e9","url":"https:\/\/centredeyoga-lyon-jean-mace.org\/","logo":{"@type":"ImageObject","inLanguage":"fr-FR","@id":"https:\/\/centredeyoga-lyon-jean-mace.org\/#\/schema\/logo\/image\/","url":"https:\/\/centredeyoga-lyon-jean-mace.org\/wp-content\/uploads\/2021\/06\/Logo-Centre-yoga-LJM-web.png","contentUrl":"https:\/\/centredeyoga-lyon-jean-mace.org\/wp-content\/uploads\/2021\/06\/Logo-Centre-yoga-LJM-web.png","width":500,"height":520,"caption":"Centre de yoga Lyon Jean Mac\u00e9"},"image":{"@id":"https:\/\/centredeyoga-lyon-jean-mace.org\/#\/schema\/logo\/image\/"},"sameAs":["https:\/\/www.facebook.com\/CentredeYogaLyonJeanMace","https:\/\/www.instagram.com\/centredeyogalyonjeanmace\/"]}]}},"_links":{"self":[{"href":"https:\/\/centredeyoga-lyon-jean-mace.org\/index.php\/wp-json\/wp\/v2\/pages\/2435","targetHints":{"allow":["GET"]}}],"collection":[{"href":"https:\/\/centredeyoga-lyon-jean-mace.org\/index.php\/wp-json\/wp\/v2\/pages"}],"about":[{"href":"https:\/\/centredeyoga-lyon-jean-mace.org\/index.php\/wp-json\/wp\/v2\/types\/page"}],"author":[{"embeddable":true,"href":"https:\/\/centredeyoga-lyon-jean-mace.org\/index.php\/wp-json\/wp\/v2\/users\/3"}],"replies":[{"embeddable":true,"href":"https:\/\/centredeyoga-lyon-jean-mace.org\/index.php\/wp-json\/wp\/v2\/comments?post=2435"}],"version-history":[{"count":5,"href":"https:\/\/centredeyoga-lyon-jean-mace.org\/index.php\/wp-json\/wp\/v2\/pages\/2435\/revisions"}],"predecessor-version":[{"id":5077,"href":"https:\/\/centredeyoga-lyon-jean-mace.org\/index.php\/wp-json\/wp\/v2\/pages\/2435\/revisions\/5077"}],"up":[{"embeddable":true,"href":"https:\/\/centredeyoga-lyon-jean-mace.org\/index.php\/wp-json\/wp\/v2\/pages\/40"}],"wp:attachment":[{"href":"https:\/\/centredeyoga-lyon-jean-mace.org\/index.php\/wp-json\/wp\/v2\/media?parent=2435"}],"curies":[{"name":"wp","href":"https:\/\/api.w.org\/{rel}","templated":true}]}}