{"id":2453,"date":"2021-09-03T18:00:33","date_gmt":"2021-09-03T16:00:33","guid":{"rendered":"https:\/\/centredeyoga-lyon-jean-mace.org\/?page_id=2453"},"modified":"2026-04-28T17:26:09","modified_gmt":"2026-04-28T15:26:09","slug":"partenaires-et-amis","status":"publish","type":"page","link":"https:\/\/centredeyoga-lyon-jean-mace.org\/index.php\/contact-yoga-lyon-7\/partenaires-et-amis\/","title":{"rendered":"Partenaires et amis"},"content":{"rendered":"\n<p>Voici quelques liens vers des structures ou des personnes avec qui nous travaillons ou qui sont proches de nos activit\u00e9s.<\/p>\n\n\n\n<h2 class=\"wp-block-heading\">Li\u00e9s au Yoga<\/h2>\n\n\n\n<div class=\"wp-block-columns is-layout-flex wp-container-core-columns-is-layout-9d6595d7 wp-block-columns-is-layout-flex\">\n<div class=\"wp-block-column is-layout-flow wp-block-column-is-layout-flow\" style=\"flex-basis:20%\">\n<figure class=\"wp-block-image size-full\"><a href=\"http:\/\/www.ify.fr\/\" target=\"_blank\" rel=\"noopener\"><img loading=\"lazy\" decoding=\"async\" width=\"800\" height=\"383\" src=\"https:\/\/centredeyoga-lyon-jean-mace.org\/wp-content\/uploads\/2023\/01\/Logo-IFY-horizontal-2023-petit.png\" alt=\"\" class=\"wp-image-3146\" srcset=\"https:\/\/centredeyoga-lyon-jean-mace.org\/wp-content\/uploads\/2023\/01\/Logo-IFY-horizontal-2023-petit.png 800w, https:\/\/centredeyoga-lyon-jean-mace.org\/wp-content\/uploads\/2023\/01\/Logo-IFY-horizontal-2023-petit-300x144.png 300w, https:\/\/centredeyoga-lyon-jean-mace.org\/wp-content\/uploads\/2023\/01\/Logo-IFY-horizontal-2023-petit-768x368.png 768w\" sizes=\"auto, (max-width: 800px) 100vw, 800px\" \/><\/a><\/figure>\n<\/div>\n\n\n\n<div class=\"wp-block-column is-vertically-aligned-center is-layout-flow wp-block-column-is-layout-flow\" style=\"flex-basis:80%\">\n<p>L\u2019Institut fran\u00e7ais de yoga, initialement appel\u00e9e F\u00e9d\u00e9ration Fran\u00e7aise de Yoga Viniyoga, est une f\u00e9d\u00e9ration cr\u00e9\u00e9e en novembre 1983, membre de <a href=\"https:\/\/www.ify.fr\/institut\/lify-et-luey\/\" target=\"_blank\" rel=\"noreferrer noopener\">l\u2019Union europ\u00e9enne de yoga (UEY)<\/a> <\/p>\n<\/div>\n<\/div>\n\n\n\n<div class=\"wp-block-columns is-layout-flex wp-container-core-columns-is-layout-9d6595d7 wp-block-columns-is-layout-flex\">\n<div class=\"wp-block-column is-layout-flow wp-block-column-is-layout-flow\" style=\"flex-basis:20%\">\n<figure class=\"wp-block-image size-full\"><a href=\"https:\/\/www.ify.fr\/lyon-centre-est\/\" target=\"_blank\" rel=\"noopener\"><img loading=\"lazy\" decoding=\"async\" width=\"800\" height=\"384\" src=\"https:\/\/centredeyoga-lyon-jean-mace.org\/wp-content\/uploads\/2023\/01\/Logo-horizontal-IFYLCE-2023-petit.png\" alt=\"\" class=\"wp-image-3145\" srcset=\"https:\/\/centredeyoga-lyon-jean-mace.org\/wp-content\/uploads\/2023\/01\/Logo-horizontal-IFYLCE-2023-petit.png 800w, https:\/\/centredeyoga-lyon-jean-mace.org\/wp-content\/uploads\/2023\/01\/Logo-horizontal-IFYLCE-2023-petit-300x144.png 300w, https:\/\/centredeyoga-lyon-jean-mace.org\/wp-content\/uploads\/2023\/01\/Logo-horizontal-IFYLCE-2023-petit-768x369.png 768w\" sizes=\"auto, (max-width: 800px) 100vw, 800px\" \/><\/a><\/figure>\n<\/div>\n\n\n\n<div class=\"wp-block-column is-vertically-aligned-center is-layout-flow wp-block-column-is-layout-flow\" style=\"flex-basis:80%\">\n<p> L&rsquo;association r\u00e9gionale de  <a href=\"https:\/\/centredeyoga-lyon-jean-mace.org\/index.php\/le-yoga\/yoga-ify\/\">Yoga<\/a>, reli\u00e9e \u00e0 l&rsquo;IFY national<\/p>\n<\/div>\n<\/div>\n\n\n\n<div class=\"wp-block-columns is-layout-flex wp-container-core-columns-is-layout-9d6595d7 wp-block-columns-is-layout-flex\">\n<div class=\"wp-block-column is-layout-flow wp-block-column-is-layout-flow\" style=\"flex-basis:20%\">\n<figure class=\"wp-block-image size-full is-resized\"><a href=\"https:\/\/www.yoga-danse-lyon4.fr\/\" target=\"_blank\" rel=\"noopener\"><img loading=\"lazy\" decoding=\"async\" width=\"235\" height=\"195\" src=\"https:\/\/centredeyoga-lyon-jean-mace.org\/wp-content\/uploads\/2021\/09\/logo_235.png\" alt=\"\" class=\"wp-image-2475\"\/><\/a><\/figure>\n<\/div>\n\n\n\n<div class=\"wp-block-column is-vertically-aligned-center is-layout-flow wp-block-column-is-layout-flow\" style=\"flex-basis:80%\">\n<p>Centre de Yoga (et de danse) anim\u00e9 par Marie-Fran\u00e7oise Garcia, formatrice d&rsquo;enseignants de <a href=\"https:\/\/centredeyoga-lyon-jean-mace.org\/index.php\/le-yoga\/yoga-ify\/\">Yoga \u00e0 l&rsquo;IFY <\/a> <\/p>\n<\/div>\n<\/div>\n\n\n\n<div class=\"wp-block-columns is-layout-flex wp-container-core-columns-is-layout-9d6595d7 wp-block-columns-is-layout-flex\">\n<div class=\"wp-block-column is-layout-flow wp-block-column-is-layout-flow\" style=\"flex-basis:20%\">\n<figure class=\"wp-block-image size-full is-resized\"><a href=\"https:\/\/www.yogasoi.fr\" target=\"_blank\" rel=\"noopener\"><img decoding=\"async\" src=\"https:\/\/centredeyoga-lyon-jean-mace.org\/wp-content\/uploads\/2021\/09\/1b1f4b_f269d0a8faee451daa7a9ccff2653b5cmv2.webp\" alt=\"\" class=\"wp-image-2476\"\/><\/a><figcaption class=\"wp-element-caption\"><a href=\"https:\/\/www.yogasoi.fr\">YOGASOI<\/a><\/figcaption><\/figure>\n<\/div>\n\n\n\n<div class=\"wp-block-column is-vertically-aligned-center is-layout-flow wp-block-column-is-layout-flow\" style=\"flex-basis:80%\">\n<p>Enseignant le <a href=\"https:\/\/centredeyoga-lyon-jean-mace.org\/index.php\/le-yoga\/yoga-ify\/\">Yoga de l&rsquo;IFY<\/a>, Adeline propose des s\u00e9ances dans le Vercors<\/p>\n<\/div>\n<\/div>\n\n\n\n<h2 class=\"wp-block-heading\">Li\u00e9s \u00e0 d&rsquo;autres activit\u00e9s<\/h2>\n\n\n\n<div class=\"wp-block-columns is-layout-flex wp-container-core-columns-is-layout-9d6595d7 wp-block-columns-is-layout-flex\">\n<div class=\"wp-block-column is-layout-flow wp-block-column-is-layout-flow\" style=\"flex-basis:20%\">\n<p><a href=\"https:\/\/centredeyoga-lyon-jean-mace.org\/index.php\/intervenants\/anne-sophie-torta\/\" target=\"_blank\" rel=\"noreferrer noopener\">Anne-Sophie &#8211; coach de vie, doula, m\u00e9ditation<\/a><\/p>\n<\/div>\n\n\n\n<div class=\"wp-block-column is-vertically-aligned-center is-layout-flow wp-block-column-is-layout-flow\" style=\"flex-basis:80%\">\n<p>Praticienne en <a href=\"https:\/\/centredeyoga-lyon-jean-mace.org\/index.php\/autres-activites\/meditation-pleine-conscience\/\">m\u00e9ditation de pleine conscience<\/a>, Doula et Coach de vie humaniste certifi\u00e9e, <a href=\"https:\/\/centredeyoga-lyon-jean-mace.org\/index.php\/intervenants\/anne-sophie-torta\/\">Anne-Sophie<\/a> propose ses comp\u00e9tences multiples&#8230; Elle enseigne \u00e9galement le yoga.<\/p>\n<\/div>\n<\/div>\n\n\n\n<div class=\"wp-block-columns is-layout-flex wp-container-core-columns-is-layout-9d6595d7 wp-block-columns-is-layout-flex\">\n<div class=\"wp-block-column is-layout-flow wp-block-column-is-layout-flow\" style=\"flex-basis:20%\">\n<figure class=\"wp-block-image size-full is-resized\"><a href=\"https:\/\/www.nadinesophro.com\/\" target=\"_blank\" rel=\"noopener\"><img loading=\"lazy\" decoding=\"async\" width=\"225\" height=\"225\" src=\"https:\/\/centredeyoga-lyon-jean-mace.org\/wp-content\/uploads\/2020\/06\/logo-sophro-19.jpeg\" alt=\"\" class=\"wp-image-1667\" style=\"width:124px;height:auto\" srcset=\"https:\/\/centredeyoga-lyon-jean-mace.org\/wp-content\/uploads\/2020\/06\/logo-sophro-19.jpeg 225w, https:\/\/centredeyoga-lyon-jean-mace.org\/wp-content\/uploads\/2020\/06\/logo-sophro-19-150x150.jpeg 150w\" sizes=\"auto, (max-width: 225px) 100vw, 225px\" \/><\/a><figcaption class=\"wp-element-caption\"><a href=\"https:\/\/www.nadinesophro.com\/\" target=\"_blank\" rel=\"noreferrer noopener\">Nadine &#8211; Sophrologue<\/a><\/figcaption><\/figure>\n<\/div>\n\n\n\n<div class=\"wp-block-column is-vertically-aligned-center is-layout-flow wp-block-column-is-layout-flow\" style=\"flex-basis:80%\">\n<p>Sophrologue certifi\u00e9e, <a href=\"https:\/\/centredeyoga-lyon-jean-mace.org\/index.php\/intervenants\/nadine-lavolaine\/\">Nadine<\/a> propose notamment au Centre des ateliers et des cours collectifs de <a href=\"https:\/\/centredeyoga-lyon-jean-mace.org\/index.php\/autres-activites\/la-sophrologie\/\">Sophrologie<\/a> <\/p>\n<\/div>\n<\/div>\n\n\n\n<div class=\"wp-block-columns is-layout-flex wp-container-core-columns-is-layout-9d6595d7 wp-block-columns-is-layout-flex\">\n<div class=\"wp-block-column is-layout-flow wp-block-column-is-layout-flow\" style=\"flex-basis:20%\">\n<figure class=\"wp-block-image size-full is-resized\"><img loading=\"lazy\" decoding=\"async\" width=\"149\" height=\"170\" src=\"https:\/\/centredeyoga-lyon-jean-mace.org\/wp-content\/uploads\/2023\/02\/Logo.png\" alt=\"\" class=\"wp-image-3187\"\/><figcaption class=\"wp-element-caption\"><a href=\"https:\/\/www.chethu-weerasinghe.com\" target=\"_blank\" rel=\"noreferrer noopener\">Siddhanta Ayurveda<\/a><\/figcaption><\/figure>\n<\/div>\n\n\n\n<div class=\"wp-block-column is-vertically-aligned-center is-layout-flow wp-block-column-is-layout-flow\" style=\"flex-basis:80%\">\n<p>Centre de consultations et de massages en ayurveda, par <a href=\"https:\/\/www.chethu-weerasinghe.com\" target=\"_blank\" rel=\"noreferrer noopener\">Chethu Weerasinghe<\/a>. Bas\u00e9 \u00e0 Nice, il vient r\u00e9guli\u00e8rement dans notre centre pour y proposer des conf\u00e9rences, consultations et massages ayurv\u00e9diques.<\/p>\n<\/div>\n<\/div>\n\n\n\n<div class=\"wp-block-columns is-layout-flex wp-container-core-columns-is-layout-9d6595d7 wp-block-columns-is-layout-flex\">\n<div class=\"wp-block-column is-layout-flow wp-block-column-is-layout-flow\" style=\"flex-basis:20%\">\n<figure class=\"wp-block-image size-full is-resized\"><img loading=\"lazy\" decoding=\"async\" width=\"75\" height=\"70\" src=\"https:\/\/centredeyoga-lyon-jean-mace.org\/wp-content\/uploads\/2025\/07\/Logo-Lucie-Richard.png\" alt=\"\" class=\"wp-image-4421\" style=\"width:99px;height:auto\"\/><figcaption class=\"wp-element-caption\"><a href=\"https:\/\/www.lucierichard.fr\/\" target=\"_blank\" rel=\"noreferrer noopener\">Lucie Richard<\/a><\/figcaption><\/figure>\n<\/div>\n\n\n\n<div class=\"wp-block-column is-vertically-aligned-center is-layout-flow wp-block-column-is-layout-flow\" style=\"flex-basis:80%\">\n<p>Enseignante en Yoga du Son, Psychopraticienne en Bio\u00e9nergie Chamanique et Kundalini Activation, <a href=\"https:\/\/centredeyoga-lyon-jean-mace.org\/index.php\/intervenants\/lucie-richard\/\">Lucie Richard<\/a> travaille autour du son pour aider \u00e0 d\u00e9ployer notre propre \u00e9nergie vitale.<\/p>\n<\/div>\n<\/div>\n\n\n\n<div class=\"wp-block-columns is-layout-flex wp-container-core-columns-is-layout-9d6595d7 wp-block-columns-is-layout-flex\">\n<div class=\"wp-block-column is-layout-flow wp-block-column-is-layout-flow\" style=\"flex-basis:20%\">\n<figure class=\"wp-block-image size-full is-resized\"><img loading=\"lazy\" decoding=\"async\" width=\"500\" height=\"307\" src=\"https:\/\/centredeyoga-lyon-jean-mace.org\/wp-content\/uploads\/2025\/09\/logo_cantadoula_rvb_horizontal.png\" alt=\"\" class=\"wp-image-4640\" style=\"width:99px;height:auto\" srcset=\"https:\/\/centredeyoga-lyon-jean-mace.org\/wp-content\/uploads\/2025\/09\/logo_cantadoula_rvb_horizontal.png 500w, https:\/\/centredeyoga-lyon-jean-mace.org\/wp-content\/uploads\/2025\/09\/logo_cantadoula_rvb_horizontal-300x184.png 300w\" sizes=\"auto, (max-width: 500px) 100vw, 500px\" \/><figcaption class=\"wp-element-caption\"><a href=\"https:\/\/cantadoula.fr\/\">Julie Robert<\/a><\/figcaption><\/figure>\n<\/div>\n\n\n\n<div class=\"wp-block-column is-vertically-aligned-center is-layout-flow wp-block-column-is-layout-flow\" style=\"flex-basis:80%\">\n<p>Julie est Doula, animatrice de chant pr\u00e9natal et d\u2019\u00e9veil musical. Elle vient r\u00e9guli\u00e8rement au Centre pour des <a href=\"https:\/\/centredeyoga-lyon-jean-mace.org\/index.php\/autres-activites\/atelier-deveil-musical-parents-bebes\/\">ateliers d&rsquo;\u00e9veil musical Parents-b\u00e9b\u00e9s<\/a><\/p>\n<\/div>\n<\/div>\n\n\n\n<div class=\"wp-block-columns is-layout-flex wp-container-core-columns-is-layout-9d6595d7 wp-block-columns-is-layout-flex\">\n<div class=\"wp-block-column is-layout-flow wp-block-column-is-layout-flow\" style=\"flex-basis:20%\">\n<figure class=\"wp-block-image size-full is-resized\"><img loading=\"lazy\" decoding=\"async\" width=\"500\" height=\"500\" src=\"https:\/\/centredeyoga-lyon-jean-mace.org\/wp-content\/uploads\/2025\/07\/Academie-massage.jpg\" alt=\"\" class=\"wp-image-4461\" style=\"width:99px;height:auto\" srcset=\"https:\/\/centredeyoga-lyon-jean-mace.org\/wp-content\/uploads\/2025\/07\/Academie-massage.jpg 500w, https:\/\/centredeyoga-lyon-jean-mace.org\/wp-content\/uploads\/2025\/07\/Academie-massage-150x150.jpg 150w, https:\/\/centredeyoga-lyon-jean-mace.org\/wp-content\/uploads\/2025\/07\/Academie-massage-300x300.jpg 300w, https:\/\/centredeyoga-lyon-jean-mace.org\/wp-content\/uploads\/2025\/07\/Academie-massage-400x400.jpg 400w\" sizes=\"auto, (max-width: 500px) 100vw, 500px\" \/><figcaption class=\"wp-element-caption\"><a href=\"https:\/\/academiecielterre.com\/\" target=\"_blank\" rel=\"noreferrer noopener\">Acad\u00e9mie Ciel &amp; Terre<\/a><\/figcaption><\/figure>\n<\/div>\n\n\n\n<div class=\"wp-block-column is-vertically-aligned-center is-layout-flow wp-block-column-is-layout-flow\" style=\"flex-basis:80%\">\n<p>L&rsquo;<a href=\"https:\/\/academiecielterre.com\/\" target=\"_blank\" rel=\"noreferrer noopener\">Acad\u00e9mie Ciel&amp;Terre<\/a> propose des formations en massages : massages du corps, R\u00e9flexologie et Kobido. Notre Centre de yoga accueille r\u00e9guli\u00e8rement ces formations<\/p>\n<\/div>\n<\/div>\n","protected":false},"excerpt":{"rendered":"<p>Voici quelques liens vers des structures ou des personnes avec qui nous travaillons ou qui sont proches de nos activit\u00e9s. Li\u00e9s au Yoga L\u2019Institut fran\u00e7ais de yoga, initialement appel\u00e9e F\u00e9d\u00e9ration Fran\u00e7aise de Yoga Viniyoga, est une f\u00e9d\u00e9ration cr\u00e9\u00e9e en novembre 1983, membre de l\u2019Union europ\u00e9enne de yoga (UEY) L&rsquo;association r\u00e9gionale de Yoga, reli\u00e9e \u00e0 l&rsquo;IFY [&hellip;]<\/p>\n","protected":false},"author":3,"featured_media":0,"parent":63,"menu_order":0,"comment_status":"closed","ping_status":"closed","template":"","meta":{"_monsterinsights_skip_tracking":false,"_monsterinsights_sitenote_active":false,"_monsterinsights_sitenote_note":"","_monsterinsights_sitenote_category":0,"footnotes":""},"class_list":["post-2453","page","type-page","status-publish","hentry","clear"],"yoast_head":"<!-- This site is optimized with the Yoast SEO plugin v27.5 - https:\/\/yoast.com\/product\/yoast-seo-wordpress\/ -->\n<title>Partenaires et amis - Centre de Yoga Lyon Jean Mac\u00e9<\/title>\n<meta name=\"robots\" content=\"index, follow, max-snippet:-1, max-image-preview:large, max-video-preview:-1\" \/>\n<link rel=\"canonical\" href=\"https:\/\/centredeyoga-lyon-jean-mace.org\/index.php\/contact-yoga-lyon-7\/partenaires-et-amis\/\" \/>\n<meta property=\"og:locale\" content=\"fr_FR\" \/>\n<meta property=\"og:type\" content=\"article\" \/>\n<meta property=\"og:title\" content=\"Partenaires et amis - Centre de Yoga Lyon Jean Mac\u00e9\" \/>\n<meta property=\"og:description\" content=\"Voici quelques liens vers des structures ou des personnes avec qui nous travaillons ou qui sont proches de nos activit\u00e9s. Li\u00e9s au Yoga L\u2019Institut fran\u00e7ais de yoga, initialement appel\u00e9e F\u00e9d\u00e9ration Fran\u00e7aise de Yoga Viniyoga, est une f\u00e9d\u00e9ration cr\u00e9\u00e9e en novembre 1983, membre de l\u2019Union europ\u00e9enne de yoga (UEY) L&rsquo;association r\u00e9gionale de Yoga, reli\u00e9e \u00e0 l&rsquo;IFY [&hellip;]\" \/>\n<meta property=\"og:url\" content=\"https:\/\/centredeyoga-lyon-jean-mace.org\/index.php\/contact-yoga-lyon-7\/partenaires-et-amis\/\" \/>\n<meta property=\"og:site_name\" content=\"Centre de Yoga Lyon Jean Mac\u00e9\" \/>\n<meta property=\"article:publisher\" content=\"https:\/\/www.facebook.com\/CentredeYogaLyonJeanMace\" \/>\n<meta property=\"article:modified_time\" content=\"2026-04-28T15:26:09+00:00\" \/>\n<meta property=\"og:image\" content=\"https:\/\/centredeyoga-lyon-jean-mace.org\/wp-content\/uploads\/2023\/01\/Logo-IFY-horizontal-2023-petit.png\" \/>\n\t<meta property=\"og:image:width\" content=\"800\" \/>\n\t<meta property=\"og:image:height\" content=\"383\" \/>\n\t<meta property=\"og:image:type\" content=\"image\/png\" \/>\n<meta name=\"twitter:card\" content=\"summary_large_image\" \/>\n<meta name=\"twitter:label1\" content=\"Dur\u00e9e de lecture estim\u00e9e\" \/>\n\t<meta name=\"twitter:data1\" content=\"4 minutes\" \/>\n<script type=\"application\/ld+json\" class=\"yoast-schema-graph\">{\"@context\":\"https:\\\/\\\/schema.org\",\"@graph\":[{\"@type\":\"WebPage\",\"@id\":\"https:\\\/\\\/centredeyoga-lyon-jean-mace.org\\\/index.php\\\/contact-yoga-lyon-7\\\/partenaires-et-amis\\\/\",\"url\":\"https:\\\/\\\/centredeyoga-lyon-jean-mace.org\\\/index.php\\\/contact-yoga-lyon-7\\\/partenaires-et-amis\\\/\",\"name\":\"Partenaires et amis - Centre de Yoga Lyon Jean Mac\u00e9\",\"isPartOf\":{\"@id\":\"https:\\\/\\\/centredeyoga-lyon-jean-mace.org\\\/#website\"},\"primaryImageOfPage\":{\"@id\":\"https:\\\/\\\/centredeyoga-lyon-jean-mace.org\\\/index.php\\\/contact-yoga-lyon-7\\\/partenaires-et-amis\\\/#primaryimage\"},\"image\":{\"@id\":\"https:\\\/\\\/centredeyoga-lyon-jean-mace.org\\\/index.php\\\/contact-yoga-lyon-7\\\/partenaires-et-amis\\\/#primaryimage\"},\"thumbnailUrl\":\"https:\\\/\\\/centredeyoga-lyon-jean-mace.org\\\/wp-content\\\/uploads\\\/2023\\\/01\\\/Logo-IFY-horizontal-2023-petit.png\",\"datePublished\":\"2021-09-03T16:00:33+00:00\",\"dateModified\":\"2026-04-28T15:26:09+00:00\",\"breadcrumb\":{\"@id\":\"https:\\\/\\\/centredeyoga-lyon-jean-mace.org\\\/index.php\\\/contact-yoga-lyon-7\\\/partenaires-et-amis\\\/#breadcrumb\"},\"inLanguage\":\"fr-FR\",\"potentialAction\":[{\"@type\":\"ReadAction\",\"target\":[\"https:\\\/\\\/centredeyoga-lyon-jean-mace.org\\\/index.php\\\/contact-yoga-lyon-7\\\/partenaires-et-amis\\\/\"]}]},{\"@type\":\"ImageObject\",\"inLanguage\":\"fr-FR\",\"@id\":\"https:\\\/\\\/centredeyoga-lyon-jean-mace.org\\\/index.php\\\/contact-yoga-lyon-7\\\/partenaires-et-amis\\\/#primaryimage\",\"url\":\"https:\\\/\\\/centredeyoga-lyon-jean-mace.org\\\/wp-content\\\/uploads\\\/2023\\\/01\\\/Logo-IFY-horizontal-2023-petit.png\",\"contentUrl\":\"https:\\\/\\\/centredeyoga-lyon-jean-mace.org\\\/wp-content\\\/uploads\\\/2023\\\/01\\\/Logo-IFY-horizontal-2023-petit.png\",\"width\":800,\"height\":383},{\"@type\":\"BreadcrumbList\",\"@id\":\"https:\\\/\\\/centredeyoga-lyon-jean-mace.org\\\/index.php\\\/contact-yoga-lyon-7\\\/partenaires-et-amis\\\/#breadcrumb\",\"itemListElement\":[{\"@type\":\"ListItem\",\"position\":1,\"name\":\"Accueil\",\"item\":\"https:\\\/\\\/centredeyoga-lyon-jean-mace.org\\\/\"},{\"@type\":\"ListItem\",\"position\":2,\"name\":\"Restons en contact\",\"item\":\"https:\\\/\\\/centredeyoga-lyon-jean-mace.org\\\/index.php\\\/contact-yoga-lyon-7\\\/\"},{\"@type\":\"ListItem\",\"position\":3,\"name\":\"Partenaires et amis\"}]},{\"@type\":\"WebSite\",\"@id\":\"https:\\\/\\\/centredeyoga-lyon-jean-mace.org\\\/#website\",\"url\":\"https:\\\/\\\/centredeyoga-lyon-jean-mace.org\\\/\",\"name\":\"Centre de yoga Lyon Jean Mac\u00e9\",\"description\":\"Une salle de Yoga au coeur de Lyon\",\"publisher\":{\"@id\":\"https:\\\/\\\/centredeyoga-lyon-jean-mace.org\\\/#organization\"},\"potentialAction\":[{\"@type\":\"SearchAction\",\"target\":{\"@type\":\"EntryPoint\",\"urlTemplate\":\"https:\\\/\\\/centredeyoga-lyon-jean-mace.org\\\/?s={search_term_string}\"},\"query-input\":{\"@type\":\"PropertyValueSpecification\",\"valueRequired\":true,\"valueName\":\"search_term_string\"}}],\"inLanguage\":\"fr-FR\"},{\"@type\":\"Organization\",\"@id\":\"https:\\\/\\\/centredeyoga-lyon-jean-mace.org\\\/#organization\",\"name\":\"Centre de yoga Lyon Jean Mac\u00e9\",\"url\":\"https:\\\/\\\/centredeyoga-lyon-jean-mace.org\\\/\",\"logo\":{\"@type\":\"ImageObject\",\"inLanguage\":\"fr-FR\",\"@id\":\"https:\\\/\\\/centredeyoga-lyon-jean-mace.org\\\/#\\\/schema\\\/logo\\\/image\\\/\",\"url\":\"https:\\\/\\\/centredeyoga-lyon-jean-mace.org\\\/wp-content\\\/uploads\\\/2021\\\/06\\\/Logo-Centre-yoga-LJM-web.png\",\"contentUrl\":\"https:\\\/\\\/centredeyoga-lyon-jean-mace.org\\\/wp-content\\\/uploads\\\/2021\\\/06\\\/Logo-Centre-yoga-LJM-web.png\",\"width\":500,\"height\":520,\"caption\":\"Centre de yoga Lyon Jean Mac\u00e9\"},\"image\":{\"@id\":\"https:\\\/\\\/centredeyoga-lyon-jean-mace.org\\\/#\\\/schema\\\/logo\\\/image\\\/\"},\"sameAs\":[\"https:\\\/\\\/www.facebook.com\\\/CentredeYogaLyonJeanMace\",\"https:\\\/\\\/www.instagram.com\\\/centredeyogalyonjeanmace\\\/\"]}]}<\/script>\n<!-- \/ Yoast SEO plugin. -->","yoast_head_json":{"title":"Partenaires et amis - Centre de Yoga Lyon Jean Mac\u00e9","robots":{"index":"index","follow":"follow","max-snippet":"max-snippet:-1","max-image-preview":"max-image-preview:large","max-video-preview":"max-video-preview:-1"},"canonical":"https:\/\/centredeyoga-lyon-jean-mace.org\/index.php\/contact-yoga-lyon-7\/partenaires-et-amis\/","og_locale":"fr_FR","og_type":"article","og_title":"Partenaires et amis - Centre de Yoga Lyon Jean Mac\u00e9","og_description":"Voici quelques liens vers des structures ou des personnes avec qui nous travaillons ou qui sont proches de nos activit\u00e9s. Li\u00e9s au Yoga L\u2019Institut fran\u00e7ais de yoga, initialement appel\u00e9e F\u00e9d\u00e9ration Fran\u00e7aise de Yoga Viniyoga, est une f\u00e9d\u00e9ration cr\u00e9\u00e9e en novembre 1983, membre de l\u2019Union europ\u00e9enne de yoga (UEY) L&rsquo;association r\u00e9gionale de Yoga, reli\u00e9e \u00e0 l&rsquo;IFY [&hellip;]","og_url":"https:\/\/centredeyoga-lyon-jean-mace.org\/index.php\/contact-yoga-lyon-7\/partenaires-et-amis\/","og_site_name":"Centre de Yoga Lyon Jean Mac\u00e9","article_publisher":"https:\/\/www.facebook.com\/CentredeYogaLyonJeanMace","article_modified_time":"2026-04-28T15:26:09+00:00","og_image":[{"width":800,"height":383,"url":"https:\/\/centredeyoga-lyon-jean-mace.org\/wp-content\/uploads\/2023\/01\/Logo-IFY-horizontal-2023-petit.png","type":"image\/png"}],"twitter_card":"summary_large_image","twitter_misc":{"Dur\u00e9e de lecture estim\u00e9e":"4 minutes"},"schema":{"@context":"https:\/\/schema.org","@graph":[{"@type":"WebPage","@id":"https:\/\/centredeyoga-lyon-jean-mace.org\/index.php\/contact-yoga-lyon-7\/partenaires-et-amis\/","url":"https:\/\/centredeyoga-lyon-jean-mace.org\/index.php\/contact-yoga-lyon-7\/partenaires-et-amis\/","name":"Partenaires et amis - Centre de Yoga Lyon Jean Mac\u00e9","isPartOf":{"@id":"https:\/\/centredeyoga-lyon-jean-mace.org\/#website"},"primaryImageOfPage":{"@id":"https:\/\/centredeyoga-lyon-jean-mace.org\/index.php\/contact-yoga-lyon-7\/partenaires-et-amis\/#primaryimage"},"image":{"@id":"https:\/\/centredeyoga-lyon-jean-mace.org\/index.php\/contact-yoga-lyon-7\/partenaires-et-amis\/#primaryimage"},"thumbnailUrl":"https:\/\/centredeyoga-lyon-jean-mace.org\/wp-content\/uploads\/2023\/01\/Logo-IFY-horizontal-2023-petit.png","datePublished":"2021-09-03T16:00:33+00:00","dateModified":"2026-04-28T15:26:09+00:00","breadcrumb":{"@id":"https:\/\/centredeyoga-lyon-jean-mace.org\/index.php\/contact-yoga-lyon-7\/partenaires-et-amis\/#breadcrumb"},"inLanguage":"fr-FR","potentialAction":[{"@type":"ReadAction","target":["https:\/\/centredeyoga-lyon-jean-mace.org\/index.php\/contact-yoga-lyon-7\/partenaires-et-amis\/"]}]},{"@type":"ImageObject","inLanguage":"fr-FR","@id":"https:\/\/centredeyoga-lyon-jean-mace.org\/index.php\/contact-yoga-lyon-7\/partenaires-et-amis\/#primaryimage","url":"https:\/\/centredeyoga-lyon-jean-mace.org\/wp-content\/uploads\/2023\/01\/Logo-IFY-horizontal-2023-petit.png","contentUrl":"https:\/\/centredeyoga-lyon-jean-mace.org\/wp-content\/uploads\/2023\/01\/Logo-IFY-horizontal-2023-petit.png","width":800,"height":383},{"@type":"BreadcrumbList","@id":"https:\/\/centredeyoga-lyon-jean-mace.org\/index.php\/contact-yoga-lyon-7\/partenaires-et-amis\/#breadcrumb","itemListElement":[{"@type":"ListItem","position":1,"name":"Accueil","item":"https:\/\/centredeyoga-lyon-jean-mace.org\/"},{"@type":"ListItem","position":2,"name":"Restons en contact","item":"https:\/\/centredeyoga-lyon-jean-mace.org\/index.php\/contact-yoga-lyon-7\/"},{"@type":"ListItem","position":3,"name":"Partenaires et amis"}]},{"@type":"WebSite","@id":"https:\/\/centredeyoga-lyon-jean-mace.org\/#website","url":"https:\/\/centredeyoga-lyon-jean-mace.org\/","name":"Centre de yoga Lyon Jean Mac\u00e9","description":"Une salle de Yoga au coeur de Lyon","publisher":{"@id":"https:\/\/centredeyoga-lyon-jean-mace.org\/#organization"},"potentialAction":[{"@type":"SearchAction","target":{"@type":"EntryPoint","urlTemplate":"https:\/\/centredeyoga-lyon-jean-mace.org\/?s={search_term_string}"},"query-input":{"@type":"PropertyValueSpecification","valueRequired":true,"valueName":"search_term_string"}}],"inLanguage":"fr-FR"},{"@type":"Organization","@id":"https:\/\/centredeyoga-lyon-jean-mace.org\/#organization","name":"Centre de yoga Lyon Jean Mac\u00e9","url":"https:\/\/centredeyoga-lyon-jean-mace.org\/","logo":{"@type":"ImageObject","inLanguage":"fr-FR","@id":"https:\/\/centredeyoga-lyon-jean-mace.org\/#\/schema\/logo\/image\/","url":"https:\/\/centredeyoga-lyon-jean-mace.org\/wp-content\/uploads\/2021\/06\/Logo-Centre-yoga-LJM-web.png","contentUrl":"https:\/\/centredeyoga-lyon-jean-mace.org\/wp-content\/uploads\/2021\/06\/Logo-Centre-yoga-LJM-web.png","width":500,"height":520,"caption":"Centre de yoga Lyon Jean Mac\u00e9"},"image":{"@id":"https:\/\/centredeyoga-lyon-jean-mace.org\/#\/schema\/logo\/image\/"},"sameAs":["https:\/\/www.facebook.com\/CentredeYogaLyonJeanMace","https:\/\/www.instagram.com\/centredeyogalyonjeanmace\/"]}]}},"_links":{"self":[{"href":"https:\/\/centredeyoga-lyon-jean-mace.org\/index.php\/wp-json\/wp\/v2\/pages\/2453","targetHints":{"allow":["GET"]}}],"collection":[{"href":"https:\/\/centredeyoga-lyon-jean-mace.org\/index.php\/wp-json\/wp\/v2\/pages"}],"about":[{"href":"https:\/\/centredeyoga-lyon-jean-mace.org\/index.php\/wp-json\/wp\/v2\/types\/page"}],"author":[{"embeddable":true,"href":"https:\/\/centredeyoga-lyon-jean-mace.org\/index.php\/wp-json\/wp\/v2\/users\/3"}],"replies":[{"embeddable":true,"href":"https:\/\/centredeyoga-lyon-jean-mace.org\/index.php\/wp-json\/wp\/v2\/comments?post=2453"}],"version-history":[{"count":11,"href":"https:\/\/centredeyoga-lyon-jean-mace.org\/index.php\/wp-json\/wp\/v2\/pages\/2453\/revisions"}],"predecessor-version":[{"id":5247,"href":"https:\/\/centredeyoga-lyon-jean-mace.org\/index.php\/wp-json\/wp\/v2\/pages\/2453\/revisions\/5247"}],"up":[{"embeddable":true,"href":"https:\/\/centredeyoga-lyon-jean-mace.org\/index.php\/wp-json\/wp\/v2\/pages\/63"}],"wp:attachment":[{"href":"https:\/\/centredeyoga-lyon-jean-mace.org\/index.php\/wp-json\/wp\/v2\/media?parent=2453"}],"curies":[{"name":"wp","href":"https:\/\/api.w.org\/{rel}","templated":true}]}}