{"id":248,"date":"2016-07-03T09:30:26","date_gmt":"2016-07-03T08:30:26","guid":{"rendered":"http:\/\/centredeyoga-lyon-jean-mace.org\/?page_id=248"},"modified":"2025-11-23T20:32:20","modified_gmt":"2025-11-23T18:32:20","slug":"barbara-bernard","status":"publish","type":"page","link":"https:\/\/centredeyoga-lyon-jean-mace.org\/index.php\/intervenants\/barbara-bernard\/","title":{"rendered":"Barbara BERNARD"},"content":{"rendered":"\n<div class=\"wp-block-columns is-layout-flex wp-container-core-columns-is-layout-9d6595d7 wp-block-columns-is-layout-flex\">\n<div class=\"wp-block-column is-layout-flow wp-block-column-is-layout-flow\" style=\"flex-basis:33.33%\">\n<figure class=\"wp-block-image size-full is-resized is-style-rounded\"><img loading=\"lazy\" decoding=\"async\" width=\"362\" height=\"458\" src=\"https:\/\/centredeyoga-lyon-jean-mace.org\/wp-content\/uploads\/2023\/12\/Barbara.jpg\" alt=\"\" class=\"wp-image-3628\" style=\"width:186px;height:auto\" srcset=\"https:\/\/centredeyoga-lyon-jean-mace.org\/wp-content\/uploads\/2023\/12\/Barbara.jpg 362w, https:\/\/centredeyoga-lyon-jean-mace.org\/wp-content\/uploads\/2023\/12\/Barbara-237x300.jpg 237w\" sizes=\"auto, (max-width: 362px) 100vw, 362px\" \/><\/figure>\n<\/div>\n\n\n\n<div class=\"wp-block-column is-vertically-aligned-center is-layout-flow wp-block-column-is-layout-flow\" style=\"flex-basis:66.66%\">\n<h6 class=\"wp-block-heading\">Professeur de Yoga depuis 2008&nbsp; &#8211; Dipl\u00f4m\u00e9e de l&rsquo;<a href=\"http:\/\/www.ify.fr\/\" target=\"_blank\" rel=\"noopener noreferrer\">Institut Fran\u00e7ais de Yoga<\/a><br>Journaliste de 1974 \u00e0 2010<\/h6>\n\n\n\n<p>Le yoga que j\u2019enseigne depuis 16 ans m\u2019a \u00e9t\u00e9 transmis par des professeurs de l\u2019Institut Fran\u00e7ais de Yoga : Nicole Deville qui m\u2019a initi\u00e9e, Marina Margherita qui m\u2019a form\u00e9e au m\u00e9tier d\u2019enseignant de yoga, Peter Hersnack et Michel Alibert qui m\u2019ont aid\u00e9 \u00e0 approfondir ce que j\u2019ai appris.<\/p>\n<\/div>\n<\/div>\n\n\n\n<p>Avec des professeurs de l\u2019IFY, Odette Bissardon et bien d\u2019autres, nous avons partag\u00e9 nos exp\u00e9riences lors des ateliers, stages, s\u00e9minaires, rencontres nationales.<\/p>\n\n\n\n<p>Ma propre exp\u00e9rience m\u2019a fait ressentir les effets b\u00e9n\u00e9fiques de la pratique des postures et de la respiration en yoga&nbsp;: d\u00e9tente, \u00e9quilibre, \u00e9nergie embrassant le corps et le mental. En devenant enseignante, je souhaitais le partager avec ceux qui venaient \u00e0 mes cours. Petit \u00e0 petit, il m\u2019est apparu que le yoga est aussi un cheminement, qu\u2019il ouvre un espace de d\u00e9veloppement propre \u00e0 chacun(e). Sur ce chemin, nous rencontrons des obstacles que la pratique du yoga nous aide \u00e0 voir et \u00e0 surmonter. Nous avan\u00e7ons, chacun(e) \u00e0 son rythme, en discernant notre potentiel, notre place, ce qui compte dans nos vies. Le yoga nous aide \u00e0 d\u00e9couvrir notre \u00ab&nbsp;jardin secret&nbsp;\u00bb et le faire fleurir, il nous apprend la confiance, la constance et le l\u00e2cher prise.<\/p>\n\n\n\n<p>Le yoga que nous enseignons \u00e0 l\u2019Institut Fran\u00e7ais de Yoga tend \u00e0 s\u2019adapter \u00e0 la personne en fonction de son \u00e2ge, son \u00e9tat de sant\u00e9, sa culture, ses demandes et ses besoins. Cette vision qui m\u2019a \u00e9t\u00e9 transmise, me guide dans mes cours du yoga.<br>Pour soutenir le d\u00e9veloppement de ce courant de yoga, je me suis \u00e9galement engag\u00e9e dans la vie associative de l\u2019Institut Fran\u00e7ais de Yoga o\u00f9 j\u2019ai assur\u00e9 pendant 4 ans la pr\u00e9sidence de <a href=\"https:\/\/www.ify.fr\/lyon-centre-est\/\" target=\"_blank\" rel=\"noreferrer noopener\">l\u2019association r\u00e9gionale IFY Lyon Centre Est<\/a> et, pendant de longues ann\u00e9es, la r\u00e9daction du journal associatif \u00ab&nbsp;Trait d\u2019union&nbsp;\u00bb, envoy\u00e9 \u00e0 tous les adh\u00e9rents<\/p>\n\n\n\n<blockquote class=\"wp-block-quote is-layout-flow wp-block-quote-is-layout-flow\">\n<p>Pour me contacter directement : <a href=\"mailto:bernard.gibs@live.fr\">bernard.gibs@live.fr<\/a><br>ou <span id=\"eeb-961541-818226\"><\/span><script type=\"text\/javascript\">(function() {var ml=\"26%4780\",mi=\"6120634206532060020663\",o=\"\";for(var j=0,l=mi.length;j<l;j++) {o+=ml.charAt(mi.charCodeAt(j)-48);}document.getElementById(\"eeb-961541-818226\").innerHTML = decodeURIComponent(o);}());<\/script><noscript>*email prot\u00e9g\u00e9*<\/noscript><\/p>\n<\/blockquote>\n\n\n\n<p>Barbara<\/p>\n","protected":false},"excerpt":{"rendered":"<p>Professeur de Yoga depuis 2008&nbsp; &#8211; Dipl\u00f4m\u00e9e de l&rsquo;Institut Fran\u00e7ais de YogaJournaliste de 1974 \u00e0 2010 Le yoga que j\u2019enseigne depuis 16 ans m\u2019a \u00e9t\u00e9 transmis par des professeurs de l\u2019Institut Fran\u00e7ais de Yoga : Nicole Deville qui m\u2019a initi\u00e9e, Marina Margherita qui m\u2019a form\u00e9e au m\u00e9tier d\u2019enseignant de yoga, Peter Hersnack et Michel Alibert [&hellip;]<\/p>\n","protected":false},"author":3,"featured_media":0,"parent":47,"menu_order":0,"comment_status":"closed","ping_status":"closed","template":"","meta":{"_monsterinsights_skip_tracking":false,"_monsterinsights_sitenote_active":false,"_monsterinsights_sitenote_note":"","_monsterinsights_sitenote_category":0,"footnotes":""},"class_list":["post-248","page","type-page","status-publish","hentry","clear"],"yoast_head":"<!-- This site is optimized with the Yoast SEO plugin v27.4 - https:\/\/yoast.com\/product\/yoast-seo-wordpress\/ -->\n<title>Barbara BERNARD - Centre de Yoga Lyon Jean Mac\u00e9<\/title>\n<meta name=\"robots\" content=\"index, follow, max-snippet:-1, max-image-preview:large, max-video-preview:-1\" \/>\n<link rel=\"canonical\" href=\"https:\/\/centredeyoga-lyon-jean-mace.org\/index.php\/intervenants\/barbara-bernard\/\" \/>\n<meta property=\"og:locale\" content=\"fr_FR\" \/>\n<meta property=\"og:type\" content=\"article\" \/>\n<meta property=\"og:title\" content=\"Barbara BERNARD - Centre de Yoga Lyon Jean Mac\u00e9\" \/>\n<meta property=\"og:description\" content=\"Professeur de Yoga depuis 2008&nbsp; &#8211; Dipl\u00f4m\u00e9e de l&rsquo;Institut Fran\u00e7ais de YogaJournaliste de 1974 \u00e0 2010 Le yoga que j\u2019enseigne depuis 16 ans m\u2019a \u00e9t\u00e9 transmis par des professeurs de l\u2019Institut Fran\u00e7ais de Yoga : Nicole Deville qui m\u2019a initi\u00e9e, Marina Margherita qui m\u2019a form\u00e9e au m\u00e9tier d\u2019enseignant de yoga, Peter Hersnack et Michel Alibert [&hellip;]\" \/>\n<meta property=\"og:url\" content=\"https:\/\/centredeyoga-lyon-jean-mace.org\/index.php\/intervenants\/barbara-bernard\/\" \/>\n<meta property=\"og:site_name\" content=\"Centre de Yoga Lyon Jean Mac\u00e9\" \/>\n<meta property=\"article:publisher\" content=\"https:\/\/www.facebook.com\/CentredeYogaLyonJeanMace\" \/>\n<meta property=\"article:modified_time\" content=\"2025-11-23T18:32:20+00:00\" \/>\n<meta property=\"og:image\" content=\"https:\/\/centredeyoga-lyon-jean-mace.org\/wp-content\/uploads\/2023\/12\/Barbara.jpg\" \/>\n\t<meta property=\"og:image:width\" content=\"362\" \/>\n\t<meta property=\"og:image:height\" content=\"458\" \/>\n\t<meta property=\"og:image:type\" content=\"image\/jpeg\" \/>\n<meta name=\"twitter:card\" content=\"summary_large_image\" \/>\n<meta name=\"twitter:label1\" content=\"Dur\u00e9e de lecture estim\u00e9e\" \/>\n\t<meta name=\"twitter:data1\" content=\"2 minutes\" \/>\n<script type=\"application\/ld+json\" class=\"yoast-schema-graph\">{\"@context\":\"https:\\\/\\\/schema.org\",\"@graph\":[{\"@type\":\"WebPage\",\"@id\":\"https:\\\/\\\/centredeyoga-lyon-jean-mace.org\\\/index.php\\\/intervenants\\\/barbara-bernard\\\/\",\"url\":\"https:\\\/\\\/centredeyoga-lyon-jean-mace.org\\\/index.php\\\/intervenants\\\/barbara-bernard\\\/\",\"name\":\"Barbara BERNARD - Centre de Yoga Lyon Jean Mac\u00e9\",\"isPartOf\":{\"@id\":\"https:\\\/\\\/centredeyoga-lyon-jean-mace.org\\\/#website\"},\"primaryImageOfPage\":{\"@id\":\"https:\\\/\\\/centredeyoga-lyon-jean-mace.org\\\/index.php\\\/intervenants\\\/barbara-bernard\\\/#primaryimage\"},\"image\":{\"@id\":\"https:\\\/\\\/centredeyoga-lyon-jean-mace.org\\\/index.php\\\/intervenants\\\/barbara-bernard\\\/#primaryimage\"},\"thumbnailUrl\":\"https:\\\/\\\/centredeyoga-lyon-jean-mace.org\\\/wp-content\\\/uploads\\\/2023\\\/12\\\/Barbara.jpg\",\"datePublished\":\"2016-07-03T08:30:26+00:00\",\"dateModified\":\"2025-11-23T18:32:20+00:00\",\"breadcrumb\":{\"@id\":\"https:\\\/\\\/centredeyoga-lyon-jean-mace.org\\\/index.php\\\/intervenants\\\/barbara-bernard\\\/#breadcrumb\"},\"inLanguage\":\"fr-FR\",\"potentialAction\":[{\"@type\":\"ReadAction\",\"target\":[\"https:\\\/\\\/centredeyoga-lyon-jean-mace.org\\\/index.php\\\/intervenants\\\/barbara-bernard\\\/\"]}]},{\"@type\":\"ImageObject\",\"inLanguage\":\"fr-FR\",\"@id\":\"https:\\\/\\\/centredeyoga-lyon-jean-mace.org\\\/index.php\\\/intervenants\\\/barbara-bernard\\\/#primaryimage\",\"url\":\"https:\\\/\\\/centredeyoga-lyon-jean-mace.org\\\/wp-content\\\/uploads\\\/2023\\\/12\\\/Barbara.jpg\",\"contentUrl\":\"https:\\\/\\\/centredeyoga-lyon-jean-mace.org\\\/wp-content\\\/uploads\\\/2023\\\/12\\\/Barbara.jpg\",\"width\":362,\"height\":458},{\"@type\":\"BreadcrumbList\",\"@id\":\"https:\\\/\\\/centredeyoga-lyon-jean-mace.org\\\/index.php\\\/intervenants\\\/barbara-bernard\\\/#breadcrumb\",\"itemListElement\":[{\"@type\":\"ListItem\",\"position\":1,\"name\":\"Accueil\",\"item\":\"https:\\\/\\\/centredeyoga-lyon-jean-mace.org\\\/\"},{\"@type\":\"ListItem\",\"position\":2,\"name\":\"Les intervenants de la salle\",\"item\":\"https:\\\/\\\/centredeyoga-lyon-jean-mace.org\\\/index.php\\\/intervenants\\\/\"},{\"@type\":\"ListItem\",\"position\":3,\"name\":\"Barbara BERNARD\"}]},{\"@type\":\"WebSite\",\"@id\":\"https:\\\/\\\/centredeyoga-lyon-jean-mace.org\\\/#website\",\"url\":\"https:\\\/\\\/centredeyoga-lyon-jean-mace.org\\\/\",\"name\":\"Centre de yoga Lyon Jean Mac\u00e9\",\"description\":\"Une salle de Yoga au coeur de Lyon\",\"publisher\":{\"@id\":\"https:\\\/\\\/centredeyoga-lyon-jean-mace.org\\\/#organization\"},\"potentialAction\":[{\"@type\":\"SearchAction\",\"target\":{\"@type\":\"EntryPoint\",\"urlTemplate\":\"https:\\\/\\\/centredeyoga-lyon-jean-mace.org\\\/?s={search_term_string}\"},\"query-input\":{\"@type\":\"PropertyValueSpecification\",\"valueRequired\":true,\"valueName\":\"search_term_string\"}}],\"inLanguage\":\"fr-FR\"},{\"@type\":\"Organization\",\"@id\":\"https:\\\/\\\/centredeyoga-lyon-jean-mace.org\\\/#organization\",\"name\":\"Centre de yoga Lyon Jean Mac\u00e9\",\"url\":\"https:\\\/\\\/centredeyoga-lyon-jean-mace.org\\\/\",\"logo\":{\"@type\":\"ImageObject\",\"inLanguage\":\"fr-FR\",\"@id\":\"https:\\\/\\\/centredeyoga-lyon-jean-mace.org\\\/#\\\/schema\\\/logo\\\/image\\\/\",\"url\":\"https:\\\/\\\/centredeyoga-lyon-jean-mace.org\\\/wp-content\\\/uploads\\\/2021\\\/06\\\/Logo-Centre-yoga-LJM-web.png\",\"contentUrl\":\"https:\\\/\\\/centredeyoga-lyon-jean-mace.org\\\/wp-content\\\/uploads\\\/2021\\\/06\\\/Logo-Centre-yoga-LJM-web.png\",\"width\":500,\"height\":520,\"caption\":\"Centre de yoga Lyon Jean Mac\u00e9\"},\"image\":{\"@id\":\"https:\\\/\\\/centredeyoga-lyon-jean-mace.org\\\/#\\\/schema\\\/logo\\\/image\\\/\"},\"sameAs\":[\"https:\\\/\\\/www.facebook.com\\\/CentredeYogaLyonJeanMace\",\"https:\\\/\\\/www.instagram.com\\\/centredeyogalyonjeanmace\\\/\"]}]}<\/script>\n<!-- \/ Yoast SEO plugin. -->","yoast_head_json":{"title":"Barbara BERNARD - Centre de Yoga Lyon Jean Mac\u00e9","robots":{"index":"index","follow":"follow","max-snippet":"max-snippet:-1","max-image-preview":"max-image-preview:large","max-video-preview":"max-video-preview:-1"},"canonical":"https:\/\/centredeyoga-lyon-jean-mace.org\/index.php\/intervenants\/barbara-bernard\/","og_locale":"fr_FR","og_type":"article","og_title":"Barbara BERNARD - Centre de Yoga Lyon Jean Mac\u00e9","og_description":"Professeur de Yoga depuis 2008&nbsp; &#8211; Dipl\u00f4m\u00e9e de l&rsquo;Institut Fran\u00e7ais de YogaJournaliste de 1974 \u00e0 2010 Le yoga que j\u2019enseigne depuis 16 ans m\u2019a \u00e9t\u00e9 transmis par des professeurs de l\u2019Institut Fran\u00e7ais de Yoga : Nicole Deville qui m\u2019a initi\u00e9e, Marina Margherita qui m\u2019a form\u00e9e au m\u00e9tier d\u2019enseignant de yoga, Peter Hersnack et Michel Alibert [&hellip;]","og_url":"https:\/\/centredeyoga-lyon-jean-mace.org\/index.php\/intervenants\/barbara-bernard\/","og_site_name":"Centre de Yoga Lyon Jean Mac\u00e9","article_publisher":"https:\/\/www.facebook.com\/CentredeYogaLyonJeanMace","article_modified_time":"2025-11-23T18:32:20+00:00","og_image":[{"width":362,"height":458,"url":"https:\/\/centredeyoga-lyon-jean-mace.org\/wp-content\/uploads\/2023\/12\/Barbara.jpg","type":"image\/jpeg"}],"twitter_card":"summary_large_image","twitter_misc":{"Dur\u00e9e de lecture estim\u00e9e":"2 minutes"},"schema":{"@context":"https:\/\/schema.org","@graph":[{"@type":"WebPage","@id":"https:\/\/centredeyoga-lyon-jean-mace.org\/index.php\/intervenants\/barbara-bernard\/","url":"https:\/\/centredeyoga-lyon-jean-mace.org\/index.php\/intervenants\/barbara-bernard\/","name":"Barbara BERNARD - Centre de Yoga Lyon Jean Mac\u00e9","isPartOf":{"@id":"https:\/\/centredeyoga-lyon-jean-mace.org\/#website"},"primaryImageOfPage":{"@id":"https:\/\/centredeyoga-lyon-jean-mace.org\/index.php\/intervenants\/barbara-bernard\/#primaryimage"},"image":{"@id":"https:\/\/centredeyoga-lyon-jean-mace.org\/index.php\/intervenants\/barbara-bernard\/#primaryimage"},"thumbnailUrl":"https:\/\/centredeyoga-lyon-jean-mace.org\/wp-content\/uploads\/2023\/12\/Barbara.jpg","datePublished":"2016-07-03T08:30:26+00:00","dateModified":"2025-11-23T18:32:20+00:00","breadcrumb":{"@id":"https:\/\/centredeyoga-lyon-jean-mace.org\/index.php\/intervenants\/barbara-bernard\/#breadcrumb"},"inLanguage":"fr-FR","potentialAction":[{"@type":"ReadAction","target":["https:\/\/centredeyoga-lyon-jean-mace.org\/index.php\/intervenants\/barbara-bernard\/"]}]},{"@type":"ImageObject","inLanguage":"fr-FR","@id":"https:\/\/centredeyoga-lyon-jean-mace.org\/index.php\/intervenants\/barbara-bernard\/#primaryimage","url":"https:\/\/centredeyoga-lyon-jean-mace.org\/wp-content\/uploads\/2023\/12\/Barbara.jpg","contentUrl":"https:\/\/centredeyoga-lyon-jean-mace.org\/wp-content\/uploads\/2023\/12\/Barbara.jpg","width":362,"height":458},{"@type":"BreadcrumbList","@id":"https:\/\/centredeyoga-lyon-jean-mace.org\/index.php\/intervenants\/barbara-bernard\/#breadcrumb","itemListElement":[{"@type":"ListItem","position":1,"name":"Accueil","item":"https:\/\/centredeyoga-lyon-jean-mace.org\/"},{"@type":"ListItem","position":2,"name":"Les intervenants de la salle","item":"https:\/\/centredeyoga-lyon-jean-mace.org\/index.php\/intervenants\/"},{"@type":"ListItem","position":3,"name":"Barbara BERNARD"}]},{"@type":"WebSite","@id":"https:\/\/centredeyoga-lyon-jean-mace.org\/#website","url":"https:\/\/centredeyoga-lyon-jean-mace.org\/","name":"Centre de yoga Lyon Jean Mac\u00e9","description":"Une salle de Yoga au coeur de Lyon","publisher":{"@id":"https:\/\/centredeyoga-lyon-jean-mace.org\/#organization"},"potentialAction":[{"@type":"SearchAction","target":{"@type":"EntryPoint","urlTemplate":"https:\/\/centredeyoga-lyon-jean-mace.org\/?s={search_term_string}"},"query-input":{"@type":"PropertyValueSpecification","valueRequired":true,"valueName":"search_term_string"}}],"inLanguage":"fr-FR"},{"@type":"Organization","@id":"https:\/\/centredeyoga-lyon-jean-mace.org\/#organization","name":"Centre de yoga Lyon Jean Mac\u00e9","url":"https:\/\/centredeyoga-lyon-jean-mace.org\/","logo":{"@type":"ImageObject","inLanguage":"fr-FR","@id":"https:\/\/centredeyoga-lyon-jean-mace.org\/#\/schema\/logo\/image\/","url":"https:\/\/centredeyoga-lyon-jean-mace.org\/wp-content\/uploads\/2021\/06\/Logo-Centre-yoga-LJM-web.png","contentUrl":"https:\/\/centredeyoga-lyon-jean-mace.org\/wp-content\/uploads\/2021\/06\/Logo-Centre-yoga-LJM-web.png","width":500,"height":520,"caption":"Centre de yoga Lyon Jean Mac\u00e9"},"image":{"@id":"https:\/\/centredeyoga-lyon-jean-mace.org\/#\/schema\/logo\/image\/"},"sameAs":["https:\/\/www.facebook.com\/CentredeYogaLyonJeanMace","https:\/\/www.instagram.com\/centredeyogalyonjeanmace\/"]}]}},"_links":{"self":[{"href":"https:\/\/centredeyoga-lyon-jean-mace.org\/index.php\/wp-json\/wp\/v2\/pages\/248","targetHints":{"allow":["GET"]}}],"collection":[{"href":"https:\/\/centredeyoga-lyon-jean-mace.org\/index.php\/wp-json\/wp\/v2\/pages"}],"about":[{"href":"https:\/\/centredeyoga-lyon-jean-mace.org\/index.php\/wp-json\/wp\/v2\/types\/page"}],"author":[{"embeddable":true,"href":"https:\/\/centredeyoga-lyon-jean-mace.org\/index.php\/wp-json\/wp\/v2\/users\/3"}],"replies":[{"embeddable":true,"href":"https:\/\/centredeyoga-lyon-jean-mace.org\/index.php\/wp-json\/wp\/v2\/comments?post=248"}],"version-history":[{"count":2,"href":"https:\/\/centredeyoga-lyon-jean-mace.org\/index.php\/wp-json\/wp\/v2\/pages\/248\/revisions"}],"predecessor-version":[{"id":5013,"href":"https:\/\/centredeyoga-lyon-jean-mace.org\/index.php\/wp-json\/wp\/v2\/pages\/248\/revisions\/5013"}],"up":[{"embeddable":true,"href":"https:\/\/centredeyoga-lyon-jean-mace.org\/index.php\/wp-json\/wp\/v2\/pages\/47"}],"wp:attachment":[{"href":"https:\/\/centredeyoga-lyon-jean-mace.org\/index.php\/wp-json\/wp\/v2\/media?parent=248"}],"curies":[{"name":"wp","href":"https:\/\/api.w.org\/{rel}","templated":true}]}}