{"id":3277,"date":"2023-04-15T20:46:46","date_gmt":"2023-04-15T18:46:46","guid":{"rendered":"https:\/\/centredeyoga-lyon-jean-mace.org\/?page_id=3277"},"modified":"2025-11-23T12:09:10","modified_gmt":"2025-11-23T10:09:10","slug":"soins-rebozo","status":"publish","type":"page","link":"https:\/\/centredeyoga-lyon-jean-mace.org\/index.php\/autres-activites\/soins-rebozo\/","title":{"rendered":"Soins REBOZO"},"content":{"rendered":"\n<p><strong>Envie d&rsquo;un moment de pause, \u00e0 l&rsquo;\u00e9coute de votre corps et de vos sensations ?<\/strong><\/p>\n\n\n\n<p>Je vous propose un <strong>voyage de 1h45<\/strong> durant lequel <strong>lenteur <\/strong>et <strong>douceur <\/strong>seront \u00e0 l&rsquo;honneur gr\u00e2ce aux <strong>ch\u00e2les <a href=\"https:\/\/fr.wikipedia.org\/wiki\/Rebozo\" target=\"_blank\" rel=\"noreferrer noopener\">REBOZO<\/a><\/strong>. Issus de la tradition mexicaine, ils ont pour vocation <strong>l&rsquo;enveloppement et la protection des femmes<\/strong> tout au long de la vie.<\/p>\n\n\n\n<div class=\"wp-block-columns is-layout-flex wp-container-core-columns-is-layout-9d6595d7 wp-block-columns-is-layout-flex\">\n<div class=\"wp-block-column is-layout-flow wp-block-column-is-layout-flow\" style=\"flex-basis:33.33%\">\n<figure class=\"wp-block-image size-large is-style-rounded\"><img loading=\"lazy\" decoding=\"async\" width=\"768\" height=\"1024\" src=\"https:\/\/centredeyoga-lyon-jean-mace.org\/wp-content\/uploads\/2023\/04\/9cc919b5-85e1-4db7-9966-92d862bc5b07-768x1024.jpg\" alt=\"Soins REBOZO\" class=\"wp-image-3280\" srcset=\"https:\/\/centredeyoga-lyon-jean-mace.org\/wp-content\/uploads\/2023\/04\/9cc919b5-85e1-4db7-9966-92d862bc5b07-768x1024.jpg 768w, https:\/\/centredeyoga-lyon-jean-mace.org\/wp-content\/uploads\/2023\/04\/9cc919b5-85e1-4db7-9966-92d862bc5b07-225x300.jpg 225w, https:\/\/centredeyoga-lyon-jean-mace.org\/wp-content\/uploads\/2023\/04\/9cc919b5-85e1-4db7-9966-92d862bc5b07-1152x1536.jpg 1152w, https:\/\/centredeyoga-lyon-jean-mace.org\/wp-content\/uploads\/2023\/04\/9cc919b5-85e1-4db7-9966-92d862bc5b07.jpg 1200w\" sizes=\"auto, (max-width: 768px) 100vw, 768px\" \/><\/figure>\n<\/div>\n\n\n\n<div class=\"wp-block-column is-vertically-aligned-center is-layout-flow wp-block-column-is-layout-flow\" style=\"flex-basis:66.66%\">\n<p>Ensemble, nous initierons l&rsquo;\u00e9change autour d&rsquo;une boisson chaude. Un temps pour exprimer vos besoins, vos envies. Pour d\u00e9poser l&rsquo;intention que vous souhaitez mettre dans le soin.<\/p>\n\n\n\n<p>Puis, envelopp\u00e9 et contenu dans les ch\u00e2les, chaudement couvert, <strong>votre corps sera berc\u00e9<\/strong> et resserr\u00e9 en diff\u00e9rents points tout en douceur. Ce soin, espace de lib\u00e9ration pour le corps, permet de d\u00e9poser les tensions, de rel\u00e2cher le corps et d&rsquo;accueillir les \u00e9motions.<\/p>\n<\/div>\n<\/div>\n\n\n\n<p><strong>Pour qui ? <\/strong>toutes les <strong>femmes <\/strong>qui se sentiront appel\u00e9es par ce soin qu&rsquo;il s&rsquo;agisse d&rsquo;un moment particulier de leur vie ou d&rsquo;une \u00e9tape \u00e0 marquer, mais \u00e9galement pour les femmes enceintes, jeunes mamans, etc.<\/p>\n\n\n\n<p><strong>Un soin \u00e0 s&rsquo;offrir et \u00e0 offrir<\/strong><\/p>\n\n\n\n<p><strong>Tarif <\/strong>: 85\u20ac pour 1h45 de soin REBOZO<br>Plus d&rsquo;informations et rendez vous \u00e0 prendre aupr\u00e8s d&rsquo;<a href=\"https:\/\/centredeyoga-lyon-jean-mace.org\/index.php\/intervenants\/anne-sophie-torta\/\" target=\"_blank\" rel=\"noreferrer noopener\">Anne-Sophie<\/a> : <a href=\"mailto:astorta@hotmail.com\" target=\"_blank\" rel=\"noreferrer noopener\">astorta@hotmail.com<\/a> ou au <span id=\"eeb-330306-192634\"><\/span><script type=\"text\/javascript\">(function() {var ml=\"760%2435\",mi=\"2134266342753420234267\",o=\"\";for(var j=0,l=mi.length;j<l;j++) {o+=ml.charAt(mi.charCodeAt(j)-48);}document.getElementById(\"eeb-330306-192634\").innerHTML = decodeURIComponent(o);}());<\/script><noscript>*email prot\u00e9g\u00e9*<\/noscript><\/p>\n\n\n\n<hr class=\"wp-block-separator has-text-color has-luminous-vivid-orange-color has-alpha-channel-opacity has-luminous-vivid-orange-background-color has-background is-style-dots\"\/>\n\n\n\n<h5 class=\"wp-block-heading\" id=\"block-63d0ae12-55ce-4307-af4b-205b628e370b\"><a href=\"https:\/\/centredeyoga-lyon-jean-mace.org\/index.php\/autres-activites\/consultation-et-massage-ayurvediques\/\">Consultations et massages ayurv\u00e9diques<\/a><br><a href=\"https:\/\/centredeyoga-lyon-jean-mace.org\/index.php\/autres-activites\/atelier-deveil-musical-parents-bebes\/\">\u00c9veil musical parents-b\u00e9b\u00e9s<\/a><br><a href=\"https:\/\/centredeyoga-lyon-jean-mace.org\/index.php\/autres-activites\/formation-en-massages\/\">Formation en massages<\/a><br><a href=\"https:\/\/centredeyoga-lyon-jean-mace.org\/index.php\/autres-activites\/kundalini-activation\/\">Kundalini Activation<\/a><br><a href=\"https:\/\/centredeyoga-lyon-jean-mace.org\/index.php\/autres-activites\/meditation-pleine-conscience\/\">M\u00e9ditation pleine conscience<\/a><br><a href=\"https:\/\/centredeyoga-lyon-jean-mace.org\/index.php\/autres-activites\/pilates\/\">Pilates<\/a><br><a href=\"https:\/\/centredeyoga-lyon-jean-mace.org\/index.php\/autres-activites\/soins-rebozo\/\">Soins REBOZO<\/a><br><a href=\"http:\/\/centredeyoga-lyon-jean-mace.org\/index.php\/autres-activites\/la-sophrologie\/\">Sophrologie<\/a><\/h5>\n","protected":false},"excerpt":{"rendered":"<p>Envie d&rsquo;un moment de pause, \u00e0 l&rsquo;\u00e9coute de votre corps et de vos sensations ? Je vous propose un voyage de 1h45 durant lequel lenteur et douceur seront \u00e0 l&rsquo;honneur gr\u00e2ce aux ch\u00e2les REBOZO. Issus de la tradition mexicaine, ils ont pour vocation l&rsquo;enveloppement et la protection des femmes tout au long de la vie. [&hellip;]<\/p>\n","protected":false},"author":3,"featured_media":0,"parent":468,"menu_order":0,"comment_status":"closed","ping_status":"closed","template":"","meta":{"_monsterinsights_skip_tracking":false,"_monsterinsights_sitenote_active":false,"_monsterinsights_sitenote_note":"","_monsterinsights_sitenote_category":0,"footnotes":""},"class_list":["post-3277","page","type-page","status-publish","hentry","clear"],"yoast_head":"<!-- This site is optimized with the Yoast SEO plugin v27.5 - https:\/\/yoast.com\/product\/yoast-seo-wordpress\/ -->\n<title>Soins REBOZO - Centre de Yoga Lyon Jean Mac\u00e9<\/title>\n<meta name=\"description\" content=\"Soins rebozo sur Lyon. Votre corps sera berc\u00e9 avec des ch\u00e2les au chaud. D\u00e9posez les tensions, rel\u00e2chez le corps et accueillez vos \u00e9motions\" \/>\n<meta name=\"robots\" content=\"index, follow, max-snippet:-1, max-image-preview:large, max-video-preview:-1\" \/>\n<link rel=\"canonical\" href=\"https:\/\/centredeyoga-lyon-jean-mace.org\/index.php\/autres-activites\/soins-rebozo\/\" \/>\n<meta property=\"og:locale\" content=\"fr_FR\" \/>\n<meta property=\"og:type\" content=\"article\" \/>\n<meta property=\"og:title\" content=\"Soins REBOZO - Centre de Yoga Lyon Jean Mac\u00e9\" \/>\n<meta property=\"og:description\" content=\"Soins rebozo sur Lyon. Votre corps sera berc\u00e9 avec des ch\u00e2les au chaud. D\u00e9posez les tensions, rel\u00e2chez le corps et accueillez vos \u00e9motions\" \/>\n<meta property=\"og:url\" content=\"https:\/\/centredeyoga-lyon-jean-mace.org\/index.php\/autres-activites\/soins-rebozo\/\" \/>\n<meta property=\"og:site_name\" content=\"Centre de Yoga Lyon Jean Mac\u00e9\" \/>\n<meta property=\"article:publisher\" content=\"https:\/\/www.facebook.com\/CentredeYogaLyonJeanMace\" \/>\n<meta property=\"article:modified_time\" content=\"2025-11-23T10:09:10+00:00\" \/>\n<meta property=\"og:image\" content=\"https:\/\/centredeyoga-lyon-jean-mace.org\/wp-content\/uploads\/2023\/04\/9cc919b5-85e1-4db7-9966-92d862bc5b07.jpg\" \/>\n\t<meta property=\"og:image:width\" content=\"1200\" \/>\n\t<meta property=\"og:image:height\" content=\"1600\" \/>\n\t<meta property=\"og:image:type\" content=\"image\/jpeg\" \/>\n<meta name=\"twitter:card\" content=\"summary_large_image\" \/>\n<meta name=\"twitter:label1\" content=\"Dur\u00e9e de lecture estim\u00e9e\" \/>\n\t<meta name=\"twitter:data1\" content=\"2 minutes\" \/>\n<script type=\"application\/ld+json\" class=\"yoast-schema-graph\">{\"@context\":\"https:\\\/\\\/schema.org\",\"@graph\":[{\"@type\":\"WebPage\",\"@id\":\"https:\\\/\\\/centredeyoga-lyon-jean-mace.org\\\/index.php\\\/autres-activites\\\/soins-rebozo\\\/\",\"url\":\"https:\\\/\\\/centredeyoga-lyon-jean-mace.org\\\/index.php\\\/autres-activites\\\/soins-rebozo\\\/\",\"name\":\"Soins REBOZO - Centre de Yoga Lyon Jean Mac\u00e9\",\"isPartOf\":{\"@id\":\"https:\\\/\\\/centredeyoga-lyon-jean-mace.org\\\/#website\"},\"primaryImageOfPage\":{\"@id\":\"https:\\\/\\\/centredeyoga-lyon-jean-mace.org\\\/index.php\\\/autres-activites\\\/soins-rebozo\\\/#primaryimage\"},\"image\":{\"@id\":\"https:\\\/\\\/centredeyoga-lyon-jean-mace.org\\\/index.php\\\/autres-activites\\\/soins-rebozo\\\/#primaryimage\"},\"thumbnailUrl\":\"https:\\\/\\\/centredeyoga-lyon-jean-mace.org\\\/wp-content\\\/uploads\\\/2023\\\/04\\\/9cc919b5-85e1-4db7-9966-92d862bc5b07-768x1024.jpg\",\"datePublished\":\"2023-04-15T18:46:46+00:00\",\"dateModified\":\"2025-11-23T10:09:10+00:00\",\"description\":\"Soins rebozo sur Lyon. Votre corps sera berc\u00e9 avec des ch\u00e2les au chaud. D\u00e9posez les tensions, rel\u00e2chez le corps et accueillez vos \u00e9motions\",\"breadcrumb\":{\"@id\":\"https:\\\/\\\/centredeyoga-lyon-jean-mace.org\\\/index.php\\\/autres-activites\\\/soins-rebozo\\\/#breadcrumb\"},\"inLanguage\":\"fr-FR\",\"potentialAction\":[{\"@type\":\"ReadAction\",\"target\":[\"https:\\\/\\\/centredeyoga-lyon-jean-mace.org\\\/index.php\\\/autres-activites\\\/soins-rebozo\\\/\"]}]},{\"@type\":\"ImageObject\",\"inLanguage\":\"fr-FR\",\"@id\":\"https:\\\/\\\/centredeyoga-lyon-jean-mace.org\\\/index.php\\\/autres-activites\\\/soins-rebozo\\\/#primaryimage\",\"url\":\"https:\\\/\\\/centredeyoga-lyon-jean-mace.org\\\/wp-content\\\/uploads\\\/2023\\\/04\\\/9cc919b5-85e1-4db7-9966-92d862bc5b07.jpg\",\"contentUrl\":\"https:\\\/\\\/centredeyoga-lyon-jean-mace.org\\\/wp-content\\\/uploads\\\/2023\\\/04\\\/9cc919b5-85e1-4db7-9966-92d862bc5b07.jpg\",\"width\":1200,\"height\":1600,\"caption\":\"Soins REBOZO\"},{\"@type\":\"BreadcrumbList\",\"@id\":\"https:\\\/\\\/centredeyoga-lyon-jean-mace.org\\\/index.php\\\/autres-activites\\\/soins-rebozo\\\/#breadcrumb\",\"itemListElement\":[{\"@type\":\"ListItem\",\"position\":1,\"name\":\"Accueil\",\"item\":\"https:\\\/\\\/centredeyoga-lyon-jean-mace.org\\\/\"},{\"@type\":\"ListItem\",\"position\":2,\"name\":\"Autres activit\u00e9s\",\"item\":\"https:\\\/\\\/centredeyoga-lyon-jean-mace.org\\\/index.php\\\/autres-activites\\\/\"},{\"@type\":\"ListItem\",\"position\":3,\"name\":\"Soins REBOZO\"}]},{\"@type\":\"WebSite\",\"@id\":\"https:\\\/\\\/centredeyoga-lyon-jean-mace.org\\\/#website\",\"url\":\"https:\\\/\\\/centredeyoga-lyon-jean-mace.org\\\/\",\"name\":\"Centre de yoga Lyon Jean Mac\u00e9\",\"description\":\"Une salle de Yoga au coeur de Lyon\",\"publisher\":{\"@id\":\"https:\\\/\\\/centredeyoga-lyon-jean-mace.org\\\/#organization\"},\"potentialAction\":[{\"@type\":\"SearchAction\",\"target\":{\"@type\":\"EntryPoint\",\"urlTemplate\":\"https:\\\/\\\/centredeyoga-lyon-jean-mace.org\\\/?s={search_term_string}\"},\"query-input\":{\"@type\":\"PropertyValueSpecification\",\"valueRequired\":true,\"valueName\":\"search_term_string\"}}],\"inLanguage\":\"fr-FR\"},{\"@type\":\"Organization\",\"@id\":\"https:\\\/\\\/centredeyoga-lyon-jean-mace.org\\\/#organization\",\"name\":\"Centre de yoga Lyon Jean Mac\u00e9\",\"url\":\"https:\\\/\\\/centredeyoga-lyon-jean-mace.org\\\/\",\"logo\":{\"@type\":\"ImageObject\",\"inLanguage\":\"fr-FR\",\"@id\":\"https:\\\/\\\/centredeyoga-lyon-jean-mace.org\\\/#\\\/schema\\\/logo\\\/image\\\/\",\"url\":\"https:\\\/\\\/centredeyoga-lyon-jean-mace.org\\\/wp-content\\\/uploads\\\/2021\\\/06\\\/Logo-Centre-yoga-LJM-web.png\",\"contentUrl\":\"https:\\\/\\\/centredeyoga-lyon-jean-mace.org\\\/wp-content\\\/uploads\\\/2021\\\/06\\\/Logo-Centre-yoga-LJM-web.png\",\"width\":500,\"height\":520,\"caption\":\"Centre de yoga Lyon Jean Mac\u00e9\"},\"image\":{\"@id\":\"https:\\\/\\\/centredeyoga-lyon-jean-mace.org\\\/#\\\/schema\\\/logo\\\/image\\\/\"},\"sameAs\":[\"https:\\\/\\\/www.facebook.com\\\/CentredeYogaLyonJeanMace\",\"https:\\\/\\\/www.instagram.com\\\/centredeyogalyonjeanmace\\\/\"]}]}<\/script>\n<!-- \/ Yoast SEO plugin. -->","yoast_head_json":{"title":"Soins REBOZO - Centre de Yoga Lyon Jean Mac\u00e9","description":"Soins rebozo sur Lyon. Votre corps sera berc\u00e9 avec des ch\u00e2les au chaud. D\u00e9posez les tensions, rel\u00e2chez le corps et accueillez vos \u00e9motions","robots":{"index":"index","follow":"follow","max-snippet":"max-snippet:-1","max-image-preview":"max-image-preview:large","max-video-preview":"max-video-preview:-1"},"canonical":"https:\/\/centredeyoga-lyon-jean-mace.org\/index.php\/autres-activites\/soins-rebozo\/","og_locale":"fr_FR","og_type":"article","og_title":"Soins REBOZO - Centre de Yoga Lyon Jean Mac\u00e9","og_description":"Soins rebozo sur Lyon. Votre corps sera berc\u00e9 avec des ch\u00e2les au chaud. D\u00e9posez les tensions, rel\u00e2chez le corps et accueillez vos \u00e9motions","og_url":"https:\/\/centredeyoga-lyon-jean-mace.org\/index.php\/autres-activites\/soins-rebozo\/","og_site_name":"Centre de Yoga Lyon Jean Mac\u00e9","article_publisher":"https:\/\/www.facebook.com\/CentredeYogaLyonJeanMace","article_modified_time":"2025-11-23T10:09:10+00:00","og_image":[{"width":1200,"height":1600,"url":"https:\/\/centredeyoga-lyon-jean-mace.org\/wp-content\/uploads\/2023\/04\/9cc919b5-85e1-4db7-9966-92d862bc5b07.jpg","type":"image\/jpeg"}],"twitter_card":"summary_large_image","twitter_misc":{"Dur\u00e9e de lecture estim\u00e9e":"2 minutes"},"schema":{"@context":"https:\/\/schema.org","@graph":[{"@type":"WebPage","@id":"https:\/\/centredeyoga-lyon-jean-mace.org\/index.php\/autres-activites\/soins-rebozo\/","url":"https:\/\/centredeyoga-lyon-jean-mace.org\/index.php\/autres-activites\/soins-rebozo\/","name":"Soins REBOZO - Centre de Yoga Lyon Jean Mac\u00e9","isPartOf":{"@id":"https:\/\/centredeyoga-lyon-jean-mace.org\/#website"},"primaryImageOfPage":{"@id":"https:\/\/centredeyoga-lyon-jean-mace.org\/index.php\/autres-activites\/soins-rebozo\/#primaryimage"},"image":{"@id":"https:\/\/centredeyoga-lyon-jean-mace.org\/index.php\/autres-activites\/soins-rebozo\/#primaryimage"},"thumbnailUrl":"https:\/\/centredeyoga-lyon-jean-mace.org\/wp-content\/uploads\/2023\/04\/9cc919b5-85e1-4db7-9966-92d862bc5b07-768x1024.jpg","datePublished":"2023-04-15T18:46:46+00:00","dateModified":"2025-11-23T10:09:10+00:00","description":"Soins rebozo sur Lyon. Votre corps sera berc\u00e9 avec des ch\u00e2les au chaud. D\u00e9posez les tensions, rel\u00e2chez le corps et accueillez vos \u00e9motions","breadcrumb":{"@id":"https:\/\/centredeyoga-lyon-jean-mace.org\/index.php\/autres-activites\/soins-rebozo\/#breadcrumb"},"inLanguage":"fr-FR","potentialAction":[{"@type":"ReadAction","target":["https:\/\/centredeyoga-lyon-jean-mace.org\/index.php\/autres-activites\/soins-rebozo\/"]}]},{"@type":"ImageObject","inLanguage":"fr-FR","@id":"https:\/\/centredeyoga-lyon-jean-mace.org\/index.php\/autres-activites\/soins-rebozo\/#primaryimage","url":"https:\/\/centredeyoga-lyon-jean-mace.org\/wp-content\/uploads\/2023\/04\/9cc919b5-85e1-4db7-9966-92d862bc5b07.jpg","contentUrl":"https:\/\/centredeyoga-lyon-jean-mace.org\/wp-content\/uploads\/2023\/04\/9cc919b5-85e1-4db7-9966-92d862bc5b07.jpg","width":1200,"height":1600,"caption":"Soins REBOZO"},{"@type":"BreadcrumbList","@id":"https:\/\/centredeyoga-lyon-jean-mace.org\/index.php\/autres-activites\/soins-rebozo\/#breadcrumb","itemListElement":[{"@type":"ListItem","position":1,"name":"Accueil","item":"https:\/\/centredeyoga-lyon-jean-mace.org\/"},{"@type":"ListItem","position":2,"name":"Autres activit\u00e9s","item":"https:\/\/centredeyoga-lyon-jean-mace.org\/index.php\/autres-activites\/"},{"@type":"ListItem","position":3,"name":"Soins REBOZO"}]},{"@type":"WebSite","@id":"https:\/\/centredeyoga-lyon-jean-mace.org\/#website","url":"https:\/\/centredeyoga-lyon-jean-mace.org\/","name":"Centre de yoga Lyon Jean Mac\u00e9","description":"Une salle de Yoga au coeur de Lyon","publisher":{"@id":"https:\/\/centredeyoga-lyon-jean-mace.org\/#organization"},"potentialAction":[{"@type":"SearchAction","target":{"@type":"EntryPoint","urlTemplate":"https:\/\/centredeyoga-lyon-jean-mace.org\/?s={search_term_string}"},"query-input":{"@type":"PropertyValueSpecification","valueRequired":true,"valueName":"search_term_string"}}],"inLanguage":"fr-FR"},{"@type":"Organization","@id":"https:\/\/centredeyoga-lyon-jean-mace.org\/#organization","name":"Centre de yoga Lyon Jean Mac\u00e9","url":"https:\/\/centredeyoga-lyon-jean-mace.org\/","logo":{"@type":"ImageObject","inLanguage":"fr-FR","@id":"https:\/\/centredeyoga-lyon-jean-mace.org\/#\/schema\/logo\/image\/","url":"https:\/\/centredeyoga-lyon-jean-mace.org\/wp-content\/uploads\/2021\/06\/Logo-Centre-yoga-LJM-web.png","contentUrl":"https:\/\/centredeyoga-lyon-jean-mace.org\/wp-content\/uploads\/2021\/06\/Logo-Centre-yoga-LJM-web.png","width":500,"height":520,"caption":"Centre de yoga Lyon Jean Mac\u00e9"},"image":{"@id":"https:\/\/centredeyoga-lyon-jean-mace.org\/#\/schema\/logo\/image\/"},"sameAs":["https:\/\/www.facebook.com\/CentredeYogaLyonJeanMace","https:\/\/www.instagram.com\/centredeyogalyonjeanmace\/"]}]}},"_links":{"self":[{"href":"https:\/\/centredeyoga-lyon-jean-mace.org\/index.php\/wp-json\/wp\/v2\/pages\/3277","targetHints":{"allow":["GET"]}}],"collection":[{"href":"https:\/\/centredeyoga-lyon-jean-mace.org\/index.php\/wp-json\/wp\/v2\/pages"}],"about":[{"href":"https:\/\/centredeyoga-lyon-jean-mace.org\/index.php\/wp-json\/wp\/v2\/types\/page"}],"author":[{"embeddable":true,"href":"https:\/\/centredeyoga-lyon-jean-mace.org\/index.php\/wp-json\/wp\/v2\/users\/3"}],"replies":[{"embeddable":true,"href":"https:\/\/centredeyoga-lyon-jean-mace.org\/index.php\/wp-json\/wp\/v2\/comments?post=3277"}],"version-history":[{"count":14,"href":"https:\/\/centredeyoga-lyon-jean-mace.org\/index.php\/wp-json\/wp\/v2\/pages\/3277\/revisions"}],"predecessor-version":[{"id":5009,"href":"https:\/\/centredeyoga-lyon-jean-mace.org\/index.php\/wp-json\/wp\/v2\/pages\/3277\/revisions\/5009"}],"up":[{"embeddable":true,"href":"https:\/\/centredeyoga-lyon-jean-mace.org\/index.php\/wp-json\/wp\/v2\/pages\/468"}],"wp:attachment":[{"href":"https:\/\/centredeyoga-lyon-jean-mace.org\/index.php\/wp-json\/wp\/v2\/media?parent=3277"}],"curies":[{"name":"wp","href":"https:\/\/api.w.org\/{rel}","templated":true}]}}