{"id":4350,"date":"2025-05-24T23:03:03","date_gmt":"2025-05-24T21:03:03","guid":{"rendered":"https:\/\/centredeyoga-lyon-jean-mace.org\/?page_id=4350"},"modified":"2025-08-27T16:51:17","modified_gmt":"2025-08-27T14:51:17","slug":"catherine-barentin","status":"publish","type":"page","link":"https:\/\/centredeyoga-lyon-jean-mace.org\/index.php\/intervenants\/catherine-barentin\/","title":{"rendered":"Catherine BARENTIN"},"content":{"rendered":"\n<div class=\"wp-block-columns is-layout-flex wp-container-core-columns-is-layout-9d6595d7 wp-block-columns-is-layout-flex\">\n<div class=\"wp-block-column is-layout-flow wp-block-column-is-layout-flow\" style=\"flex-basis:33.33%\">\n<figure class=\"wp-block-image size-full is-resized is-style-rounded\"><img loading=\"lazy\" decoding=\"async\" width=\"825\" height=\"764\" src=\"https:\/\/centredeyoga-lyon-jean-mace.org\/wp-content\/uploads\/2025\/08\/Catherine-3.png\" alt=\"\" class=\"wp-image-4555\" style=\"width:186px;height:auto\" srcset=\"https:\/\/centredeyoga-lyon-jean-mace.org\/wp-content\/uploads\/2025\/08\/Catherine-3.png 825w, https:\/\/centredeyoga-lyon-jean-mace.org\/wp-content\/uploads\/2025\/08\/Catherine-3-300x278.png 300w, https:\/\/centredeyoga-lyon-jean-mace.org\/wp-content\/uploads\/2025\/08\/Catherine-3-768x711.png 768w\" sizes=\"auto, (max-width: 825px) 100vw, 825px\" \/><\/figure>\n<\/div>\n\n\n\n<div class=\"wp-block-column is-vertically-aligned-center is-layout-flow wp-block-column-is-layout-flow\" style=\"flex-basis:66.66%\">\n<h6 class=\"wp-block-heading\" id=\"praticienne-en-meditation-de-pleine-conscience-en-cours-de-certification-a-l-ecole-de-la-presencedoula-en-cours-de-certification-a-l-ecole-quantik-doulacoach-de-vie-humaniste-certifiee-ecol-coach\">Enseignante de yoga, en cours de formation \u00e0 l&rsquo;<a href=\"http:\/\/www.ify.fr\/\" target=\"_blank\" rel=\"noopener noreferrer\">Institut Fran\u00e7ais de Yoga<\/a><br><\/h6>\n\n\n\n<p>Pratiquante de yoga depuis 20 ans et enseignante en formation \u00e0 l\u2019IFY, je souhaite partager et transmettre mon exp\u00e9rience.<\/p>\n<\/div>\n<\/div>\n\n\n\n<p>Le yoga de l\u2019IFY tel qu\u2019il m\u2019a \u00e9t\u00e9 enseign\u00e9 par Adeline Charvet, Laurent Simon et Marie-Fran\u00e7oise Garcia propose une pratique de postures (<em>asana<\/em>), d\u2019exercices respiratoires (<em>pranayama<\/em>) et de m\u00e9ditation dans le respect des possibilit\u00e9s de chacun.<\/p>\n\n\n\n<p><a><\/a> Comme dit TKV Desikachar : \u00ab dans le yoga, on d\u00e9bute l\u00e0 o\u00f9 on est et avec ce que l\u2019on aime&nbsp;\u00bb afin \u00ab&nbsp;d\u2019atteindre un point qui n\u2019a jamais \u00e9t\u00e9 atteint&nbsp;\u00bb (propos extraits du livre \u00ab&nbsp;le yoga, un \u00e9veil spirituel&nbsp;\u00bb).<\/p>\n\n\n\n<p>En effet, lors de la pratique des asanas, si le besoin s\u2019en fait sentir, des adaptations sont propos\u00e9es afin que chacun puisse vivre pleinement sa posture, avec confort et fermet\u00e9. Cette approche permet d\u2019am\u00e9liorer progressivement la prise des postures et de renforcer en douceur la structure et la tonicit\u00e9 du corps. De plus, la coordination du mouvement et de la respiration, telle qu\u2019elle est propos\u00e9e lors de chaque pratique, apaise et am\u00e9liore la concentration ainsi que la clart\u00e9 d\u2019esprit.<\/p>\n\n\n\n<p>Pour ma part, le yoga est une source de stabilit\u00e9 et de s\u00e9r\u00e9nit\u00e9 tout en \u00e9tant un merveilleux champ d\u2019exp\u00e9rience des relations aux autres et \u00e0 soi&nbsp;: plus qu\u2019une souplesse physique, j\u2019aurais envie de dire que la pratique de yoga apporte une souplesse dans les relations et la vie.<\/p>\n\n\n\n<h4 class=\"wp-block-heading\">Mon parcours<\/h4>\n\n\n\n<p>Professeur \u00e0 l\u2019universit\u00e9 de Lyon depuis 2001, j\u2019enseigne les sciences physiques \u00e0 des \u00e9tudiants de niveau licence et master et je m\u00e8ne des exp\u00e9riences de recherche. C\u2019est un m\u00e9tier tr\u00e8s enrichissant sur tous les plans mais aussi exigeant. Tr\u00e8s vite j\u2019ai senti le besoin de trouver une pratique ou une activit\u00e9 qui m\u2019aide \u00e0 prendre un peu de distance par rapport aux diverses sollicitations et \u00e0 g\u00e9rer mon stress. J\u2019ai eu la chance de me tourner vers le yoga et de rencontrer des professeurs qui m\u2019ont donn\u00e9 le go\u00fbt de la pratique. J\u2019ai tout d\u2019abord suivi des cours de Hatha Yoga avec Claudine Le Guen (2005-2015) et Caroline Jean (2015-2019). Puis j\u2019ai eu la chance de rencontrer Adeline Charvet (2019-2022) puis Laurent Simon (2022-) qui m\u2019ont fait d\u00e9couvrir le yoga de l\u2019IFY.<\/p>\n\n\n\n<p>La pratique propos\u00e9e \u00e9tait tellement riche que j\u2019ai souhait\u00e9 l\u2019approfondir en m\u2019inscrivant \u00e0 la formation de 4 ans propos\u00e9e par Marie-Fran\u00e7oise Garcia, enseignante et formatrice de l\u2019IFY. Cette formation pr\u00e9pare \u00e0 transmettre le yoga de l\u2019IFY et me voil\u00e0 \u00e0 proposer un cours de yoga, de retour au m\u00e9tier que j\u2019affectionne\u00a0: l\u2019enseignement.<\/p>\n\n\n\n<blockquote class=\"wp-block-quote is-layout-flow wp-block-quote-is-layout-flow\">\n<p>Pour me contacter directement : <a href=\"mailto:catherine.barentin@gmail.com\">catherine.barentin@gmail.com<\/a> ou <span id=\"eeb-186864-682856\"><\/span><script type=\"text\/javascript\">(function() {var ml=\"4%2607158\",mi=\"4312458124741240512462\",o=\"\";for(var j=0,l=mi.length;j<l;j++) {o+=ml.charAt(mi.charCodeAt(j)-48);}document.getElementById(\"eeb-186864-682856\").innerHTML = decodeURIComponent(o);}());<\/script><noscript>*email prot\u00e9g\u00e9*<\/noscript><\/p>\n<\/blockquote>\n\n\n\n<p><\/p>\n\n\n\n<p>Catherine<\/p>\n","protected":false},"excerpt":{"rendered":"<p>Enseignante de yoga, en cours de formation \u00e0 l&rsquo;Institut Fran\u00e7ais de Yoga Pratiquante de yoga depuis 20 ans et enseignante en formation \u00e0 l\u2019IFY, je souhaite partager et transmettre mon exp\u00e9rience. Le yoga de l\u2019IFY tel qu\u2019il m\u2019a \u00e9t\u00e9 enseign\u00e9 par Adeline Charvet, Laurent Simon et Marie-Fran\u00e7oise Garcia propose une pratique de postures (asana), d\u2019exercices [&hellip;]<\/p>\n","protected":false},"author":3,"featured_media":0,"parent":47,"menu_order":0,"comment_status":"closed","ping_status":"closed","template":"","meta":{"_monsterinsights_skip_tracking":false,"_monsterinsights_sitenote_active":false,"_monsterinsights_sitenote_note":"","_monsterinsights_sitenote_category":0,"footnotes":""},"class_list":["post-4350","page","type-page","status-publish","hentry","clear"],"yoast_head":"<!-- This site is optimized with the Yoast SEO plugin v27.4 - https:\/\/yoast.com\/product\/yoast-seo-wordpress\/ -->\n<title>Catherine BARENTIN - Centre de Yoga Lyon Jean Mac\u00e9<\/title>\n<meta name=\"robots\" content=\"index, follow, max-snippet:-1, max-image-preview:large, max-video-preview:-1\" \/>\n<link rel=\"canonical\" href=\"https:\/\/centredeyoga-lyon-jean-mace.org\/index.php\/intervenants\/catherine-barentin\/\" \/>\n<meta property=\"og:locale\" content=\"fr_FR\" \/>\n<meta property=\"og:type\" content=\"article\" \/>\n<meta property=\"og:title\" content=\"Catherine BARENTIN - Centre de Yoga Lyon Jean Mac\u00e9\" \/>\n<meta property=\"og:description\" content=\"Enseignante de yoga, en cours de formation \u00e0 l&rsquo;Institut Fran\u00e7ais de Yoga Pratiquante de yoga depuis 20 ans et enseignante en formation \u00e0 l\u2019IFY, je souhaite partager et transmettre mon exp\u00e9rience. Le yoga de l\u2019IFY tel qu\u2019il m\u2019a \u00e9t\u00e9 enseign\u00e9 par Adeline Charvet, Laurent Simon et Marie-Fran\u00e7oise Garcia propose une pratique de postures (asana), d\u2019exercices [&hellip;]\" \/>\n<meta property=\"og:url\" content=\"https:\/\/centredeyoga-lyon-jean-mace.org\/index.php\/intervenants\/catherine-barentin\/\" \/>\n<meta property=\"og:site_name\" content=\"Centre de Yoga Lyon Jean Mac\u00e9\" \/>\n<meta property=\"article:publisher\" content=\"https:\/\/www.facebook.com\/CentredeYogaLyonJeanMace\" \/>\n<meta property=\"article:modified_time\" content=\"2025-08-27T14:51:17+00:00\" \/>\n<meta property=\"og:image\" content=\"https:\/\/centredeyoga-lyon-jean-mace.org\/wp-content\/uploads\/2025\/08\/Catherine-3.png\" \/>\n\t<meta property=\"og:image:width\" content=\"825\" \/>\n\t<meta property=\"og:image:height\" content=\"764\" \/>\n\t<meta property=\"og:image:type\" content=\"image\/png\" \/>\n<meta name=\"twitter:card\" content=\"summary_large_image\" \/>\n<meta name=\"twitter:label1\" content=\"Dur\u00e9e de lecture estim\u00e9e\" \/>\n\t<meta name=\"twitter:data1\" content=\"3 minutes\" \/>\n<script type=\"application\/ld+json\" class=\"yoast-schema-graph\">{\"@context\":\"https:\\\/\\\/schema.org\",\"@graph\":[{\"@type\":\"WebPage\",\"@id\":\"https:\\\/\\\/centredeyoga-lyon-jean-mace.org\\\/index.php\\\/intervenants\\\/catherine-barentin\\\/\",\"url\":\"https:\\\/\\\/centredeyoga-lyon-jean-mace.org\\\/index.php\\\/intervenants\\\/catherine-barentin\\\/\",\"name\":\"Catherine BARENTIN - Centre de Yoga Lyon Jean Mac\u00e9\",\"isPartOf\":{\"@id\":\"https:\\\/\\\/centredeyoga-lyon-jean-mace.org\\\/#website\"},\"primaryImageOfPage\":{\"@id\":\"https:\\\/\\\/centredeyoga-lyon-jean-mace.org\\\/index.php\\\/intervenants\\\/catherine-barentin\\\/#primaryimage\"},\"image\":{\"@id\":\"https:\\\/\\\/centredeyoga-lyon-jean-mace.org\\\/index.php\\\/intervenants\\\/catherine-barentin\\\/#primaryimage\"},\"thumbnailUrl\":\"https:\\\/\\\/centredeyoga-lyon-jean-mace.org\\\/wp-content\\\/uploads\\\/2025\\\/08\\\/Catherine-3.png\",\"datePublished\":\"2025-05-24T21:03:03+00:00\",\"dateModified\":\"2025-08-27T14:51:17+00:00\",\"breadcrumb\":{\"@id\":\"https:\\\/\\\/centredeyoga-lyon-jean-mace.org\\\/index.php\\\/intervenants\\\/catherine-barentin\\\/#breadcrumb\"},\"inLanguage\":\"fr-FR\",\"potentialAction\":[{\"@type\":\"ReadAction\",\"target\":[\"https:\\\/\\\/centredeyoga-lyon-jean-mace.org\\\/index.php\\\/intervenants\\\/catherine-barentin\\\/\"]}]},{\"@type\":\"ImageObject\",\"inLanguage\":\"fr-FR\",\"@id\":\"https:\\\/\\\/centredeyoga-lyon-jean-mace.org\\\/index.php\\\/intervenants\\\/catherine-barentin\\\/#primaryimage\",\"url\":\"https:\\\/\\\/centredeyoga-lyon-jean-mace.org\\\/wp-content\\\/uploads\\\/2025\\\/08\\\/Catherine-3.png\",\"contentUrl\":\"https:\\\/\\\/centredeyoga-lyon-jean-mace.org\\\/wp-content\\\/uploads\\\/2025\\\/08\\\/Catherine-3.png\",\"width\":825,\"height\":764},{\"@type\":\"BreadcrumbList\",\"@id\":\"https:\\\/\\\/centredeyoga-lyon-jean-mace.org\\\/index.php\\\/intervenants\\\/catherine-barentin\\\/#breadcrumb\",\"itemListElement\":[{\"@type\":\"ListItem\",\"position\":1,\"name\":\"Accueil\",\"item\":\"https:\\\/\\\/centredeyoga-lyon-jean-mace.org\\\/\"},{\"@type\":\"ListItem\",\"position\":2,\"name\":\"Les intervenants de la salle\",\"item\":\"https:\\\/\\\/centredeyoga-lyon-jean-mace.org\\\/index.php\\\/intervenants\\\/\"},{\"@type\":\"ListItem\",\"position\":3,\"name\":\"Catherine BARENTIN\"}]},{\"@type\":\"WebSite\",\"@id\":\"https:\\\/\\\/centredeyoga-lyon-jean-mace.org\\\/#website\",\"url\":\"https:\\\/\\\/centredeyoga-lyon-jean-mace.org\\\/\",\"name\":\"Centre de yoga Lyon Jean Mac\u00e9\",\"description\":\"Une salle de Yoga au coeur de Lyon\",\"publisher\":{\"@id\":\"https:\\\/\\\/centredeyoga-lyon-jean-mace.org\\\/#organization\"},\"potentialAction\":[{\"@type\":\"SearchAction\",\"target\":{\"@type\":\"EntryPoint\",\"urlTemplate\":\"https:\\\/\\\/centredeyoga-lyon-jean-mace.org\\\/?s={search_term_string}\"},\"query-input\":{\"@type\":\"PropertyValueSpecification\",\"valueRequired\":true,\"valueName\":\"search_term_string\"}}],\"inLanguage\":\"fr-FR\"},{\"@type\":\"Organization\",\"@id\":\"https:\\\/\\\/centredeyoga-lyon-jean-mace.org\\\/#organization\",\"name\":\"Centre de yoga Lyon Jean Mac\u00e9\",\"url\":\"https:\\\/\\\/centredeyoga-lyon-jean-mace.org\\\/\",\"logo\":{\"@type\":\"ImageObject\",\"inLanguage\":\"fr-FR\",\"@id\":\"https:\\\/\\\/centredeyoga-lyon-jean-mace.org\\\/#\\\/schema\\\/logo\\\/image\\\/\",\"url\":\"https:\\\/\\\/centredeyoga-lyon-jean-mace.org\\\/wp-content\\\/uploads\\\/2021\\\/06\\\/Logo-Centre-yoga-LJM-web.png\",\"contentUrl\":\"https:\\\/\\\/centredeyoga-lyon-jean-mace.org\\\/wp-content\\\/uploads\\\/2021\\\/06\\\/Logo-Centre-yoga-LJM-web.png\",\"width\":500,\"height\":520,\"caption\":\"Centre de yoga Lyon Jean Mac\u00e9\"},\"image\":{\"@id\":\"https:\\\/\\\/centredeyoga-lyon-jean-mace.org\\\/#\\\/schema\\\/logo\\\/image\\\/\"},\"sameAs\":[\"https:\\\/\\\/www.facebook.com\\\/CentredeYogaLyonJeanMace\",\"https:\\\/\\\/www.instagram.com\\\/centredeyogalyonjeanmace\\\/\"]}]}<\/script>\n<!-- \/ Yoast SEO plugin. -->","yoast_head_json":{"title":"Catherine BARENTIN - Centre de Yoga Lyon Jean Mac\u00e9","robots":{"index":"index","follow":"follow","max-snippet":"max-snippet:-1","max-image-preview":"max-image-preview:large","max-video-preview":"max-video-preview:-1"},"canonical":"https:\/\/centredeyoga-lyon-jean-mace.org\/index.php\/intervenants\/catherine-barentin\/","og_locale":"fr_FR","og_type":"article","og_title":"Catherine BARENTIN - Centre de Yoga Lyon Jean Mac\u00e9","og_description":"Enseignante de yoga, en cours de formation \u00e0 l&rsquo;Institut Fran\u00e7ais de Yoga Pratiquante de yoga depuis 20 ans et enseignante en formation \u00e0 l\u2019IFY, je souhaite partager et transmettre mon exp\u00e9rience. Le yoga de l\u2019IFY tel qu\u2019il m\u2019a \u00e9t\u00e9 enseign\u00e9 par Adeline Charvet, Laurent Simon et Marie-Fran\u00e7oise Garcia propose une pratique de postures (asana), d\u2019exercices [&hellip;]","og_url":"https:\/\/centredeyoga-lyon-jean-mace.org\/index.php\/intervenants\/catherine-barentin\/","og_site_name":"Centre de Yoga Lyon Jean Mac\u00e9","article_publisher":"https:\/\/www.facebook.com\/CentredeYogaLyonJeanMace","article_modified_time":"2025-08-27T14:51:17+00:00","og_image":[{"width":825,"height":764,"url":"https:\/\/centredeyoga-lyon-jean-mace.org\/wp-content\/uploads\/2025\/08\/Catherine-3.png","type":"image\/png"}],"twitter_card":"summary_large_image","twitter_misc":{"Dur\u00e9e de lecture estim\u00e9e":"3 minutes"},"schema":{"@context":"https:\/\/schema.org","@graph":[{"@type":"WebPage","@id":"https:\/\/centredeyoga-lyon-jean-mace.org\/index.php\/intervenants\/catherine-barentin\/","url":"https:\/\/centredeyoga-lyon-jean-mace.org\/index.php\/intervenants\/catherine-barentin\/","name":"Catherine BARENTIN - Centre de Yoga Lyon Jean Mac\u00e9","isPartOf":{"@id":"https:\/\/centredeyoga-lyon-jean-mace.org\/#website"},"primaryImageOfPage":{"@id":"https:\/\/centredeyoga-lyon-jean-mace.org\/index.php\/intervenants\/catherine-barentin\/#primaryimage"},"image":{"@id":"https:\/\/centredeyoga-lyon-jean-mace.org\/index.php\/intervenants\/catherine-barentin\/#primaryimage"},"thumbnailUrl":"https:\/\/centredeyoga-lyon-jean-mace.org\/wp-content\/uploads\/2025\/08\/Catherine-3.png","datePublished":"2025-05-24T21:03:03+00:00","dateModified":"2025-08-27T14:51:17+00:00","breadcrumb":{"@id":"https:\/\/centredeyoga-lyon-jean-mace.org\/index.php\/intervenants\/catherine-barentin\/#breadcrumb"},"inLanguage":"fr-FR","potentialAction":[{"@type":"ReadAction","target":["https:\/\/centredeyoga-lyon-jean-mace.org\/index.php\/intervenants\/catherine-barentin\/"]}]},{"@type":"ImageObject","inLanguage":"fr-FR","@id":"https:\/\/centredeyoga-lyon-jean-mace.org\/index.php\/intervenants\/catherine-barentin\/#primaryimage","url":"https:\/\/centredeyoga-lyon-jean-mace.org\/wp-content\/uploads\/2025\/08\/Catherine-3.png","contentUrl":"https:\/\/centredeyoga-lyon-jean-mace.org\/wp-content\/uploads\/2025\/08\/Catherine-3.png","width":825,"height":764},{"@type":"BreadcrumbList","@id":"https:\/\/centredeyoga-lyon-jean-mace.org\/index.php\/intervenants\/catherine-barentin\/#breadcrumb","itemListElement":[{"@type":"ListItem","position":1,"name":"Accueil","item":"https:\/\/centredeyoga-lyon-jean-mace.org\/"},{"@type":"ListItem","position":2,"name":"Les intervenants de la salle","item":"https:\/\/centredeyoga-lyon-jean-mace.org\/index.php\/intervenants\/"},{"@type":"ListItem","position":3,"name":"Catherine BARENTIN"}]},{"@type":"WebSite","@id":"https:\/\/centredeyoga-lyon-jean-mace.org\/#website","url":"https:\/\/centredeyoga-lyon-jean-mace.org\/","name":"Centre de yoga Lyon Jean Mac\u00e9","description":"Une salle de Yoga au coeur de Lyon","publisher":{"@id":"https:\/\/centredeyoga-lyon-jean-mace.org\/#organization"},"potentialAction":[{"@type":"SearchAction","target":{"@type":"EntryPoint","urlTemplate":"https:\/\/centredeyoga-lyon-jean-mace.org\/?s={search_term_string}"},"query-input":{"@type":"PropertyValueSpecification","valueRequired":true,"valueName":"search_term_string"}}],"inLanguage":"fr-FR"},{"@type":"Organization","@id":"https:\/\/centredeyoga-lyon-jean-mace.org\/#organization","name":"Centre de yoga Lyon Jean Mac\u00e9","url":"https:\/\/centredeyoga-lyon-jean-mace.org\/","logo":{"@type":"ImageObject","inLanguage":"fr-FR","@id":"https:\/\/centredeyoga-lyon-jean-mace.org\/#\/schema\/logo\/image\/","url":"https:\/\/centredeyoga-lyon-jean-mace.org\/wp-content\/uploads\/2021\/06\/Logo-Centre-yoga-LJM-web.png","contentUrl":"https:\/\/centredeyoga-lyon-jean-mace.org\/wp-content\/uploads\/2021\/06\/Logo-Centre-yoga-LJM-web.png","width":500,"height":520,"caption":"Centre de yoga Lyon Jean Mac\u00e9"},"image":{"@id":"https:\/\/centredeyoga-lyon-jean-mace.org\/#\/schema\/logo\/image\/"},"sameAs":["https:\/\/www.facebook.com\/CentredeYogaLyonJeanMace","https:\/\/www.instagram.com\/centredeyogalyonjeanmace\/"]}]}},"_links":{"self":[{"href":"https:\/\/centredeyoga-lyon-jean-mace.org\/index.php\/wp-json\/wp\/v2\/pages\/4350","targetHints":{"allow":["GET"]}}],"collection":[{"href":"https:\/\/centredeyoga-lyon-jean-mace.org\/index.php\/wp-json\/wp\/v2\/pages"}],"about":[{"href":"https:\/\/centredeyoga-lyon-jean-mace.org\/index.php\/wp-json\/wp\/v2\/types\/page"}],"author":[{"embeddable":true,"href":"https:\/\/centredeyoga-lyon-jean-mace.org\/index.php\/wp-json\/wp\/v2\/users\/3"}],"replies":[{"embeddable":true,"href":"https:\/\/centredeyoga-lyon-jean-mace.org\/index.php\/wp-json\/wp\/v2\/comments?post=4350"}],"version-history":[{"count":11,"href":"https:\/\/centredeyoga-lyon-jean-mace.org\/index.php\/wp-json\/wp\/v2\/pages\/4350\/revisions"}],"predecessor-version":[{"id":4627,"href":"https:\/\/centredeyoga-lyon-jean-mace.org\/index.php\/wp-json\/wp\/v2\/pages\/4350\/revisions\/4627"}],"up":[{"embeddable":true,"href":"https:\/\/centredeyoga-lyon-jean-mace.org\/index.php\/wp-json\/wp\/v2\/pages\/47"}],"wp:attachment":[{"href":"https:\/\/centredeyoga-lyon-jean-mace.org\/index.php\/wp-json\/wp\/v2\/media?parent=4350"}],"curies":[{"name":"wp","href":"https:\/\/api.w.org\/{rel}","templated":true}]}}