{"id":468,"date":"2016-11-05T10:38:40","date_gmt":"2016-11-05T09:38:40","guid":{"rendered":"http:\/\/centredeyoga-lyon-jean-mace.org\/?page_id=468"},"modified":"2025-10-08T16:45:09","modified_gmt":"2025-10-08T14:45:09","slug":"autres-activites","status":"publish","type":"page","link":"https:\/\/centredeyoga-lyon-jean-mace.org\/index.php\/autres-activites\/","title":{"rendered":"Autres activit\u00e9s"},"content":{"rendered":"\n<figure class=\"wp-block-image size-full is-style-default\"><img loading=\"lazy\" decoding=\"async\" width=\"2919\" height=\"1447\" src=\"https:\/\/centredeyoga-lyon-jean-mace.org\/wp-content\/uploads\/2025\/09\/Activites-autres-2.png\" alt=\"\" class=\"wp-image-4652\" srcset=\"https:\/\/centredeyoga-lyon-jean-mace.org\/wp-content\/uploads\/2025\/09\/Activites-autres-2.png 2919w, https:\/\/centredeyoga-lyon-jean-mace.org\/wp-content\/uploads\/2025\/09\/Activites-autres-2-300x149.png 300w, https:\/\/centredeyoga-lyon-jean-mace.org\/wp-content\/uploads\/2025\/09\/Activites-autres-2-768x381.png 768w, https:\/\/centredeyoga-lyon-jean-mace.org\/wp-content\/uploads\/2025\/09\/Activites-autres-2-1024x508.png 1024w, https:\/\/centredeyoga-lyon-jean-mace.org\/wp-content\/uploads\/2025\/09\/Activites-autres-2-1536x761.png 1536w, https:\/\/centredeyoga-lyon-jean-mace.org\/wp-content\/uploads\/2025\/09\/Activites-autres-2-2048x1015.png 2048w\" sizes=\"auto, (max-width: 2919px) 100vw, 2919px\" \/><\/figure>\n\n\n\n<p>En dehors des cours des yoga hebdomadaires, le Centre accueille d&rsquo;autres activit\u00e9s :<\/p>\n\n\n\n<h5 class=\"wp-block-heading\"><a href=\"https:\/\/centredeyoga-lyon-jean-mace.org\/index.php\/autres-activites\/consultation-et-massage-ayurvediques\/\">Consultations et massages ayurv\u00e9diques<\/a><br><a href=\"https:\/\/centredeyoga-lyon-jean-mace.org\/index.php\/autres-activites\/atelier-deveil-musical-parents-bebes\/\">\u00c9veil musical parents-b\u00e9b\u00e9s<\/a><br><a href=\"https:\/\/centredeyoga-lyon-jean-mace.org\/index.php\/autres-activites\/formation-en-massages\/\">Formation en massages<\/a><br><a href=\"https:\/\/centredeyoga-lyon-jean-mace.org\/index.php\/autres-activites\/kundalini-activation\/\">Kundalini Activation<\/a><br><a href=\"https:\/\/centredeyoga-lyon-jean-mace.org\/index.php\/autres-activites\/meditation-pleine-conscience\/\">M\u00e9ditation pleine conscience<\/a><br><a href=\"https:\/\/centredeyoga-lyon-jean-mace.org\/index.php\/autres-activites\/pilates\/\">Pilates<\/a><br><a href=\"https:\/\/centredeyoga-lyon-jean-mace.org\/index.php\/autres-activites\/soins-rebozo\/\">Soins REBOZO<\/a><br><a href=\"http:\/\/centredeyoga-lyon-jean-mace.org\/index.php\/autres-activites\/la-sophrologie\/\">Sophrologie<\/a><br><\/h5>\n\n\n\n<p>Retrouvez ces activit\u00e9s soit de mani\u00e8re r\u00e9guli\u00e8re en semaine, soit lors d&rsquo;ateliers, propos\u00e9s en g\u00e9n\u00e9ral les week-ends : <a href=\"https:\/\/centredeyoga-lyon-jean-mace.org\/index.php\/locations\/centre-de-yoga-lyon-jean-mace\/\">voir les prochaines dates pr\u00e9vues<\/a>.<\/p>\n\n\n\n<p><\/p>\n","protected":false},"excerpt":{"rendered":"<p>En dehors des cours des yoga hebdomadaires, le Centre accueille d&rsquo;autres activit\u00e9s : Consultations et massages ayurv\u00e9diques\u00c9veil musical parents-b\u00e9b\u00e9sFormation en massagesKundalini ActivationM\u00e9ditation pleine consciencePilatesSoins REBOZOSophrologie Retrouvez ces activit\u00e9s soit de mani\u00e8re r\u00e9guli\u00e8re en semaine, soit lors d&rsquo;ateliers, propos\u00e9s en g\u00e9n\u00e9ral les week-ends : voir les prochaines dates pr\u00e9vues.<\/p>\n","protected":false},"author":3,"featured_media":0,"parent":0,"menu_order":0,"comment_status":"closed","ping_status":"closed","template":"","meta":{"_monsterinsights_skip_tracking":false,"_monsterinsights_sitenote_active":false,"_monsterinsights_sitenote_note":"","_monsterinsights_sitenote_category":0,"footnotes":""},"class_list":["post-468","page","type-page","status-publish","hentry","clear"],"yoast_head":"<!-- This site is optimized with the Yoast SEO plugin v27.3 - https:\/\/yoast.com\/product\/yoast-seo-wordpress\/ -->\n<title>Autres activit\u00e9s - Centre de Yoga Lyon Jean Mac\u00e9<\/title>\n<meta name=\"robots\" content=\"index, follow, max-snippet:-1, max-image-preview:large, max-video-preview:-1\" \/>\n<link rel=\"canonical\" href=\"https:\/\/centredeyoga-lyon-jean-mace.org\/index.php\/autres-activites\/\" \/>\n<meta property=\"og:locale\" content=\"fr_FR\" \/>\n<meta property=\"og:type\" content=\"article\" \/>\n<meta property=\"og:title\" content=\"Autres activit\u00e9s - Centre de Yoga Lyon Jean Mac\u00e9\" \/>\n<meta property=\"og:description\" content=\"En dehors des cours des yoga hebdomadaires, le Centre accueille d&rsquo;autres activit\u00e9s : Consultations et massages ayurv\u00e9diques\u00c9veil musical parents-b\u00e9b\u00e9sFormation en massagesKundalini ActivationM\u00e9ditation pleine consciencePilatesSoins REBOZOSophrologie Retrouvez ces activit\u00e9s soit de mani\u00e8re r\u00e9guli\u00e8re en semaine, soit lors d&rsquo;ateliers, propos\u00e9s en g\u00e9n\u00e9ral les week-ends : voir les prochaines dates pr\u00e9vues.\" \/>\n<meta property=\"og:url\" content=\"https:\/\/centredeyoga-lyon-jean-mace.org\/index.php\/autres-activites\/\" \/>\n<meta property=\"og:site_name\" content=\"Centre de Yoga Lyon Jean Mac\u00e9\" \/>\n<meta property=\"article:publisher\" content=\"https:\/\/www.facebook.com\/CentredeYogaLyonJeanMace\" \/>\n<meta property=\"article:modified_time\" content=\"2025-10-08T14:45:09+00:00\" \/>\n<meta property=\"og:image\" content=\"https:\/\/centredeyoga-lyon-jean-mace.org\/wp-content\/uploads\/2025\/09\/Activites-autres-2-1024x508.png\" \/>\n\t<meta property=\"og:image:width\" content=\"1024\" \/>\n\t<meta property=\"og:image:height\" content=\"508\" \/>\n\t<meta property=\"og:image:type\" content=\"image\/png\" \/>\n<meta name=\"twitter:card\" content=\"summary_large_image\" \/>\n<meta name=\"twitter:label1\" content=\"Dur\u00e9e de lecture estim\u00e9e\" \/>\n\t<meta name=\"twitter:data1\" content=\"1 minute\" \/>\n<script type=\"application\/ld+json\" class=\"yoast-schema-graph\">{\"@context\":\"https:\\\/\\\/schema.org\",\"@graph\":[{\"@type\":\"WebPage\",\"@id\":\"https:\\\/\\\/centredeyoga-lyon-jean-mace.org\\\/index.php\\\/autres-activites\\\/\",\"url\":\"https:\\\/\\\/centredeyoga-lyon-jean-mace.org\\\/index.php\\\/autres-activites\\\/\",\"name\":\"Autres activit\u00e9s - Centre de Yoga Lyon Jean Mac\u00e9\",\"isPartOf\":{\"@id\":\"https:\\\/\\\/centredeyoga-lyon-jean-mace.org\\\/#website\"},\"primaryImageOfPage\":{\"@id\":\"https:\\\/\\\/centredeyoga-lyon-jean-mace.org\\\/index.php\\\/autres-activites\\\/#primaryimage\"},\"image\":{\"@id\":\"https:\\\/\\\/centredeyoga-lyon-jean-mace.org\\\/index.php\\\/autres-activites\\\/#primaryimage\"},\"thumbnailUrl\":\"https:\\\/\\\/centredeyoga-lyon-jean-mace.org\\\/wp-content\\\/uploads\\\/2025\\\/09\\\/Activites-autres-2.png\",\"datePublished\":\"2016-11-05T09:38:40+00:00\",\"dateModified\":\"2025-10-08T14:45:09+00:00\",\"breadcrumb\":{\"@id\":\"https:\\\/\\\/centredeyoga-lyon-jean-mace.org\\\/index.php\\\/autres-activites\\\/#breadcrumb\"},\"inLanguage\":\"fr-FR\",\"potentialAction\":[{\"@type\":\"ReadAction\",\"target\":[\"https:\\\/\\\/centredeyoga-lyon-jean-mace.org\\\/index.php\\\/autres-activites\\\/\"]}]},{\"@type\":\"ImageObject\",\"inLanguage\":\"fr-FR\",\"@id\":\"https:\\\/\\\/centredeyoga-lyon-jean-mace.org\\\/index.php\\\/autres-activites\\\/#primaryimage\",\"url\":\"https:\\\/\\\/centredeyoga-lyon-jean-mace.org\\\/wp-content\\\/uploads\\\/2025\\\/09\\\/Activites-autres-2.png\",\"contentUrl\":\"https:\\\/\\\/centredeyoga-lyon-jean-mace.org\\\/wp-content\\\/uploads\\\/2025\\\/09\\\/Activites-autres-2.png\",\"width\":2919,\"height\":1447},{\"@type\":\"BreadcrumbList\",\"@id\":\"https:\\\/\\\/centredeyoga-lyon-jean-mace.org\\\/index.php\\\/autres-activites\\\/#breadcrumb\",\"itemListElement\":[{\"@type\":\"ListItem\",\"position\":1,\"name\":\"Accueil\",\"item\":\"https:\\\/\\\/centredeyoga-lyon-jean-mace.org\\\/\"},{\"@type\":\"ListItem\",\"position\":2,\"name\":\"Autres activit\u00e9s\"}]},{\"@type\":\"WebSite\",\"@id\":\"https:\\\/\\\/centredeyoga-lyon-jean-mace.org\\\/#website\",\"url\":\"https:\\\/\\\/centredeyoga-lyon-jean-mace.org\\\/\",\"name\":\"Centre de yoga Lyon Jean Mac\u00e9\",\"description\":\"Une salle de Yoga au coeur de Lyon\",\"publisher\":{\"@id\":\"https:\\\/\\\/centredeyoga-lyon-jean-mace.org\\\/#organization\"},\"potentialAction\":[{\"@type\":\"SearchAction\",\"target\":{\"@type\":\"EntryPoint\",\"urlTemplate\":\"https:\\\/\\\/centredeyoga-lyon-jean-mace.org\\\/?s={search_term_string}\"},\"query-input\":{\"@type\":\"PropertyValueSpecification\",\"valueRequired\":true,\"valueName\":\"search_term_string\"}}],\"inLanguage\":\"fr-FR\"},{\"@type\":\"Organization\",\"@id\":\"https:\\\/\\\/centredeyoga-lyon-jean-mace.org\\\/#organization\",\"name\":\"Centre de yoga Lyon Jean Mac\u00e9\",\"url\":\"https:\\\/\\\/centredeyoga-lyon-jean-mace.org\\\/\",\"logo\":{\"@type\":\"ImageObject\",\"inLanguage\":\"fr-FR\",\"@id\":\"https:\\\/\\\/centredeyoga-lyon-jean-mace.org\\\/#\\\/schema\\\/logo\\\/image\\\/\",\"url\":\"https:\\\/\\\/centredeyoga-lyon-jean-mace.org\\\/wp-content\\\/uploads\\\/2021\\\/06\\\/Logo-Centre-yoga-LJM-web.png\",\"contentUrl\":\"https:\\\/\\\/centredeyoga-lyon-jean-mace.org\\\/wp-content\\\/uploads\\\/2021\\\/06\\\/Logo-Centre-yoga-LJM-web.png\",\"width\":500,\"height\":520,\"caption\":\"Centre de yoga Lyon Jean Mac\u00e9\"},\"image\":{\"@id\":\"https:\\\/\\\/centredeyoga-lyon-jean-mace.org\\\/#\\\/schema\\\/logo\\\/image\\\/\"},\"sameAs\":[\"https:\\\/\\\/www.facebook.com\\\/CentredeYogaLyonJeanMace\",\"https:\\\/\\\/www.instagram.com\\\/centredeyogalyonjeanmace\\\/\"]}]}<\/script>\n<!-- \/ Yoast SEO plugin. -->","yoast_head_json":{"title":"Autres activit\u00e9s - Centre de Yoga Lyon Jean Mac\u00e9","robots":{"index":"index","follow":"follow","max-snippet":"max-snippet:-1","max-image-preview":"max-image-preview:large","max-video-preview":"max-video-preview:-1"},"canonical":"https:\/\/centredeyoga-lyon-jean-mace.org\/index.php\/autres-activites\/","og_locale":"fr_FR","og_type":"article","og_title":"Autres activit\u00e9s - Centre de Yoga Lyon Jean Mac\u00e9","og_description":"En dehors des cours des yoga hebdomadaires, le Centre accueille d&rsquo;autres activit\u00e9s : Consultations et massages ayurv\u00e9diques\u00c9veil musical parents-b\u00e9b\u00e9sFormation en massagesKundalini ActivationM\u00e9ditation pleine consciencePilatesSoins REBOZOSophrologie Retrouvez ces activit\u00e9s soit de mani\u00e8re r\u00e9guli\u00e8re en semaine, soit lors d&rsquo;ateliers, propos\u00e9s en g\u00e9n\u00e9ral les week-ends : voir les prochaines dates pr\u00e9vues.","og_url":"https:\/\/centredeyoga-lyon-jean-mace.org\/index.php\/autres-activites\/","og_site_name":"Centre de Yoga Lyon Jean Mac\u00e9","article_publisher":"https:\/\/www.facebook.com\/CentredeYogaLyonJeanMace","article_modified_time":"2025-10-08T14:45:09+00:00","og_image":[{"width":1024,"height":508,"url":"https:\/\/centredeyoga-lyon-jean-mace.org\/wp-content\/uploads\/2025\/09\/Activites-autres-2-1024x508.png","type":"image\/png"}],"twitter_card":"summary_large_image","twitter_misc":{"Dur\u00e9e de lecture estim\u00e9e":"1 minute"},"schema":{"@context":"https:\/\/schema.org","@graph":[{"@type":"WebPage","@id":"https:\/\/centredeyoga-lyon-jean-mace.org\/index.php\/autres-activites\/","url":"https:\/\/centredeyoga-lyon-jean-mace.org\/index.php\/autres-activites\/","name":"Autres activit\u00e9s - Centre de Yoga Lyon Jean Mac\u00e9","isPartOf":{"@id":"https:\/\/centredeyoga-lyon-jean-mace.org\/#website"},"primaryImageOfPage":{"@id":"https:\/\/centredeyoga-lyon-jean-mace.org\/index.php\/autres-activites\/#primaryimage"},"image":{"@id":"https:\/\/centredeyoga-lyon-jean-mace.org\/index.php\/autres-activites\/#primaryimage"},"thumbnailUrl":"https:\/\/centredeyoga-lyon-jean-mace.org\/wp-content\/uploads\/2025\/09\/Activites-autres-2.png","datePublished":"2016-11-05T09:38:40+00:00","dateModified":"2025-10-08T14:45:09+00:00","breadcrumb":{"@id":"https:\/\/centredeyoga-lyon-jean-mace.org\/index.php\/autres-activites\/#breadcrumb"},"inLanguage":"fr-FR","potentialAction":[{"@type":"ReadAction","target":["https:\/\/centredeyoga-lyon-jean-mace.org\/index.php\/autres-activites\/"]}]},{"@type":"ImageObject","inLanguage":"fr-FR","@id":"https:\/\/centredeyoga-lyon-jean-mace.org\/index.php\/autres-activites\/#primaryimage","url":"https:\/\/centredeyoga-lyon-jean-mace.org\/wp-content\/uploads\/2025\/09\/Activites-autres-2.png","contentUrl":"https:\/\/centredeyoga-lyon-jean-mace.org\/wp-content\/uploads\/2025\/09\/Activites-autres-2.png","width":2919,"height":1447},{"@type":"BreadcrumbList","@id":"https:\/\/centredeyoga-lyon-jean-mace.org\/index.php\/autres-activites\/#breadcrumb","itemListElement":[{"@type":"ListItem","position":1,"name":"Accueil","item":"https:\/\/centredeyoga-lyon-jean-mace.org\/"},{"@type":"ListItem","position":2,"name":"Autres activit\u00e9s"}]},{"@type":"WebSite","@id":"https:\/\/centredeyoga-lyon-jean-mace.org\/#website","url":"https:\/\/centredeyoga-lyon-jean-mace.org\/","name":"Centre de yoga Lyon Jean Mac\u00e9","description":"Une salle de Yoga au coeur de Lyon","publisher":{"@id":"https:\/\/centredeyoga-lyon-jean-mace.org\/#organization"},"potentialAction":[{"@type":"SearchAction","target":{"@type":"EntryPoint","urlTemplate":"https:\/\/centredeyoga-lyon-jean-mace.org\/?s={search_term_string}"},"query-input":{"@type":"PropertyValueSpecification","valueRequired":true,"valueName":"search_term_string"}}],"inLanguage":"fr-FR"},{"@type":"Organization","@id":"https:\/\/centredeyoga-lyon-jean-mace.org\/#organization","name":"Centre de yoga Lyon Jean Mac\u00e9","url":"https:\/\/centredeyoga-lyon-jean-mace.org\/","logo":{"@type":"ImageObject","inLanguage":"fr-FR","@id":"https:\/\/centredeyoga-lyon-jean-mace.org\/#\/schema\/logo\/image\/","url":"https:\/\/centredeyoga-lyon-jean-mace.org\/wp-content\/uploads\/2021\/06\/Logo-Centre-yoga-LJM-web.png","contentUrl":"https:\/\/centredeyoga-lyon-jean-mace.org\/wp-content\/uploads\/2021\/06\/Logo-Centre-yoga-LJM-web.png","width":500,"height":520,"caption":"Centre de yoga Lyon Jean Mac\u00e9"},"image":{"@id":"https:\/\/centredeyoga-lyon-jean-mace.org\/#\/schema\/logo\/image\/"},"sameAs":["https:\/\/www.facebook.com\/CentredeYogaLyonJeanMace","https:\/\/www.instagram.com\/centredeyogalyonjeanmace\/"]}]}},"_links":{"self":[{"href":"https:\/\/centredeyoga-lyon-jean-mace.org\/index.php\/wp-json\/wp\/v2\/pages\/468","targetHints":{"allow":["GET"]}}],"collection":[{"href":"https:\/\/centredeyoga-lyon-jean-mace.org\/index.php\/wp-json\/wp\/v2\/pages"}],"about":[{"href":"https:\/\/centredeyoga-lyon-jean-mace.org\/index.php\/wp-json\/wp\/v2\/types\/page"}],"author":[{"embeddable":true,"href":"https:\/\/centredeyoga-lyon-jean-mace.org\/index.php\/wp-json\/wp\/v2\/users\/3"}],"replies":[{"embeddable":true,"href":"https:\/\/centredeyoga-lyon-jean-mace.org\/index.php\/wp-json\/wp\/v2\/comments?post=468"}],"version-history":[{"count":14,"href":"https:\/\/centredeyoga-lyon-jean-mace.org\/index.php\/wp-json\/wp\/v2\/pages\/468\/revisions"}],"predecessor-version":[{"id":4711,"href":"https:\/\/centredeyoga-lyon-jean-mace.org\/index.php\/wp-json\/wp\/v2\/pages\/468\/revisions\/4711"}],"wp:attachment":[{"href":"https:\/\/centredeyoga-lyon-jean-mace.org\/index.php\/wp-json\/wp\/v2\/media?parent=468"}],"curies":[{"name":"wp","href":"https:\/\/api.w.org\/{rel}","templated":true}]}}