{"id":47,"date":"2016-06-11T12:30:33","date_gmt":"2016-06-11T11:30:33","guid":{"rendered":"http:\/\/centredeyoga-lyon-jean-mace.org\/?page_id=47"},"modified":"2025-12-13T14:20:39","modified_gmt":"2025-12-13T12:20:39","slug":"intervenants","status":"publish","type":"page","link":"https:\/\/centredeyoga-lyon-jean-mace.org\/index.php\/intervenants\/","title":{"rendered":"Les intervenants de la salle"},"content":{"rendered":"\n<p>Le centre accueille plusieurs intervenants qui se r\u00e9partissent dans la semaine entre les diff\u00e9rents cr\u00e9neaux horaires<\/p>\n\n\n\n<div class=\"wp-block-media-text alignwide has-media-on-the-right is-stacked-on-mobile is-vertically-aligned-bottom\" style=\"grid-template-columns:auto 22%\"><div class=\"wp-block-media-text__content\">\n<h3 class=\"wp-block-heading\"><strong><a href=\"https:\/\/centredeyoga-lyon-jean-mace.org\/index.php\/le-yoga\/\">Yoga<\/a><\/strong><\/h3>\n<\/div><figure class=\"wp-block-media-text__media\"><img loading=\"lazy\" decoding=\"async\" width=\"330\" height=\"148\" src=\"https:\/\/centredeyoga-lyon-jean-mace.org\/wp-content\/uploads\/2021\/07\/Yoga.png\" alt=\"\" class=\"wp-image-2320 size-full\" srcset=\"https:\/\/centredeyoga-lyon-jean-mace.org\/wp-content\/uploads\/2021\/07\/Yoga.png 330w, https:\/\/centredeyoga-lyon-jean-mace.org\/wp-content\/uploads\/2021\/07\/Yoga-300x135.png 300w\" sizes=\"auto, (max-width: 330px) 100vw, 330px\" \/><\/figure><\/div>\n\n\n\n<div class=\"wp-block-columns is-layout-flex wp-container-core-columns-is-layout-9d6595d7 wp-block-columns-is-layout-flex\">\n<div class=\"wp-block-column is-layout-flow wp-block-column-is-layout-flow\" style=\"flex-basis:29%\">\n<p><a href=\"https:\/\/centredeyoga-lyon-jean-mace.org\/index.php\/intervenants\/odette-bissardon\/\">Odette BISSARDON<\/a><br><a href=\"https:\/\/centredeyoga-lyon-jean-mace.org\/index.php\/intervenants\/laurent-simon\/\">Laurent SIMON<\/a><br><a href=\"https:\/\/centredeyoga-lyon-jean-mace.org\/index.php\/intervenants\/anne-sophie-torta\/\">Anne-Sophie TORTA<\/a><br><a href=\"https:\/\/centredeyoga-lyon-jean-mace.org\/index.php\/intervenants\/barbara-bernard\/\">Barbara BERNARD<\/a><br><a href=\"https:\/\/centredeyoga-lyon-jean-mace.org\/index.php\/intervenants\/catherine-barentin\/\">Catherine BARENTIN<\/a><br><a href=\"https:\/\/centredeyoga-lyon-jean-mace.org\/index.php\/intervenants\/damien-afonso\/\">Damien AFONSO<\/a><br><a href=\"https:\/\/centredeyoga-lyon-jean-mace.org\/index.php\/intervenants\/diane-viossat\/\">Diane VIOSSAT<\/a><br><a href=\"https:\/\/centredeyoga-lyon-jean-mace.org\/index.php\/intervenants\/ingrid-patris\/\">Ingrid PATRIS<\/a><br><a href=\"https:\/\/centredeyoga-lyon-jean-mace.org\/index.php\/intervenants\/marie-laure-zekri\/\">Marie-Laure ZEKRI<\/a><br><a href=\"https:\/\/centredeyoga-lyon-jean-mace.org\/index.php\/intervenants\/pascal-lhuillier\/\">Pascal L\u2019HUILLIER<\/a><br><a href=\"https:\/\/centredeyoga-lyon-jean-mace.org\/index.php\/intervenants\/pascale-saulnier\/\">Pascale SAULNIER<\/a><\/p>\n<\/div>\n\n\n\n<div class=\"wp-block-column is-layout-flow wp-block-column-is-layout-flow\" style=\"flex-basis:66.66%\">\n<p>Cr\u00e9atrice de la salle<br>Gestionnaire de la salle<\/p>\n<\/div>\n<\/div>\n\n\n\n<hr class=\"wp-block-separator has-text-color has-luminous-vivid-orange-color has-css-opacity has-luminous-vivid-orange-background-color has-background is-style-dots\"\/>\n\n\n\n<div class=\"wp-block-media-text alignwide has-media-on-the-right is-stacked-on-mobile is-vertically-aligned-bottom\" style=\"grid-template-columns:auto 15%\"><div class=\"wp-block-media-text__content\">\n<h3 class=\"wp-block-heading\"><a href=\"https:\/\/centredeyoga-lyon-jean-mace.org\/index.php\/autres-activites\/pilates\/\">Pilates<\/a><\/h3>\n<\/div><figure class=\"wp-block-media-text__media\"><a href=\"https:\/\/centredeyoga-lyon-jean-mace.org\/index.php\/autres-activites\/yoga-du-son\/\" target=\"_blank\" rel=\"noopener noreferrer\"><img loading=\"lazy\" decoding=\"async\" width=\"381\" height=\"331\" src=\"https:\/\/centredeyoga-lyon-jean-mace.org\/wp-content\/uploads\/2020\/06\/pilates-.jpg\" alt=\"\" class=\"wp-image-1668 size-full\" srcset=\"https:\/\/centredeyoga-lyon-jean-mace.org\/wp-content\/uploads\/2020\/06\/pilates-.jpg 381w, https:\/\/centredeyoga-lyon-jean-mace.org\/wp-content\/uploads\/2020\/06\/pilates--300x261.jpg 300w\" sizes=\"auto, (max-width: 381px) 100vw, 381px\" \/><\/a><\/figure><\/div>\n\n\n\n<p><a href=\"https:\/\/centredeyoga-lyon-jean-mace.org\/index.php\/intervenants\/noemie-olive\/\">No\u00e9mie OLIVE<\/a><\/p>\n\n\n\n<hr class=\"wp-block-separator has-text-color has-luminous-vivid-orange-color has-css-opacity has-luminous-vivid-orange-background-color has-background is-style-dots\"\/>\n\n\n\n<div class=\"wp-block-media-text alignwide has-media-on-the-right is-stacked-on-mobile is-vertically-aligned-bottom\" style=\"grid-template-columns:auto 18%\"><div class=\"wp-block-media-text__content\">\n<h3 class=\"wp-block-heading\"><strong><a href=\"http:\/\/centredeyoga-lyon-jean-mace.org\/index.php\/autres-activites\/la-sophrologie\/\">Sophrologie<\/a><\/strong><\/h3>\n<\/div><figure class=\"wp-block-media-text__media\"><a href=\"http:\/\/centredeyoga-lyon-jean-mace.org\/index.php\/autres-activites\/la-sophrologie\/\" target=\"_blank\" rel=\"noopener noreferrer\"><img loading=\"lazy\" decoding=\"async\" width=\"225\" height=\"225\" src=\"http:\/\/centredeyoga-lyon-jean-mace.org\/wp-content\/uploads\/2020\/06\/logo-sophro-19.jpeg\" alt=\"\" class=\"wp-image-1667 size-full\" srcset=\"https:\/\/centredeyoga-lyon-jean-mace.org\/wp-content\/uploads\/2020\/06\/logo-sophro-19.jpeg 225w, https:\/\/centredeyoga-lyon-jean-mace.org\/wp-content\/uploads\/2020\/06\/logo-sophro-19-150x150.jpeg 150w\" sizes=\"auto, (max-width: 225px) 100vw, 225px\" \/><\/a><\/figure><\/div>\n\n\n\n<p><a href=\"http:\/\/centredeyoga-lyon-jean-mace.org\/index.php\/intervenants\/nadine-lavolaine\/\">Nadine LAVOLAINE<\/a><\/p>\n\n\n\n<hr class=\"wp-block-separator has-text-color has-luminous-vivid-orange-color has-css-opacity has-luminous-vivid-orange-background-color has-background is-style-dots\"\/>\n\n\n\n<div class=\"wp-block-media-text alignwide has-media-on-the-right is-stacked-on-mobile is-vertically-aligned-bottom\" style=\"grid-template-columns:auto 18%\"><div class=\"wp-block-media-text__content\">\n<h4 class=\"wp-block-heading\"><strong><a href=\"https:\/\/centredeyoga-lyon-jean-mace.org\/index.php\/autres-activites\/meditation-pleine-conscience\/\">M\u00e9ditation Pleine Conscience <strong>(<\/strong>MBSR)<\/a><\/strong><\/h4>\n<\/div><figure class=\"wp-block-media-text__media\"><a href=\"https:\/\/centredeyoga-lyon-jean-mace.org\/index.php\/autres-activites\/meditation-pleine-conscience\/\" target=\"_blank\" rel=\"noopener noreferrer\"><img loading=\"lazy\" decoding=\"async\" width=\"345\" height=\"308\" src=\"https:\/\/centredeyoga-lyon-jean-mace.org\/wp-content\/uploads\/2021\/06\/Mindfulness_illustration_11.jpg\" alt=\"\" class=\"wp-image-2232 size-full\" srcset=\"https:\/\/centredeyoga-lyon-jean-mace.org\/wp-content\/uploads\/2021\/06\/Mindfulness_illustration_11.jpg 345w, https:\/\/centredeyoga-lyon-jean-mace.org\/wp-content\/uploads\/2021\/06\/Mindfulness_illustration_11-300x268.jpg 300w\" sizes=\"auto, (max-width: 345px) 100vw, 345px\" \/><\/a><\/figure><\/div>\n\n\n\n<p><a href=\"https:\/\/centredeyoga-lyon-jean-mace.org\/index.php\/intervenants\/anne-sophie-torta\/\">Anne-Sophie TORTA<\/a><\/p>\n\n\n\n<hr class=\"wp-block-separator has-text-color has-luminous-vivid-orange-color has-css-opacity has-luminous-vivid-orange-background-color has-background is-style-dots\"\/>\n\n\n\n<div class=\"wp-block-media-text alignwide has-media-on-the-right is-stacked-on-mobile is-vertically-aligned-bottom\" style=\"grid-template-columns:auto 15%\"><div class=\"wp-block-media-text__content\">\n<h3 class=\"wp-block-heading\"><a href=\"https:\/\/centredeyoga-lyon-jean-mace.org\/index.php\/autres-activites\/yoga-du-son\/\">Yoga du son<\/a> et <a href=\"https:\/\/centredeyoga-lyon-jean-mace.org\/index.php\/autres-activites\/kundalini-activation\/\">Kundalini activation<\/a><\/h3>\n<\/div><figure class=\"wp-block-media-text__media\"><a href=\"https:\/\/centredeyoga-lyon-jean-mace.org\/index.php\/autres-activites\/yoga-du-son\/\" target=\"_blank\" rel=\"noopener noreferrer\"><img loading=\"lazy\" decoding=\"async\" width=\"75\" height=\"70\" src=\"https:\/\/centredeyoga-lyon-jean-mace.org\/wp-content\/uploads\/2025\/07\/Logo-Lucie-Richard.png\" alt=\"\" class=\"wp-image-4421 size-full\"\/><\/a><\/figure><\/div>\n\n\n\n<p><a href=\"https:\/\/centredeyoga-lyon-jean-mace.org\/index.php\/intervenants\/lucie-richard\/\">Lucie RICHARD<\/a><\/p>\n\n\n\n<hr class=\"wp-block-separator has-text-color has-luminous-vivid-orange-color has-css-opacity has-luminous-vivid-orange-background-color has-background is-style-dots\"\/>\n\n\n\n<div class=\"wp-block-media-text alignwide has-media-on-the-right is-stacked-on-mobile is-vertically-aligned-bottom\" style=\"grid-template-columns:auto 15%\"><div class=\"wp-block-media-text__content\">\n<h3 class=\"wp-block-heading\"><a href=\"https:\/\/centredeyoga-lyon-jean-mace.org\/index.php\/autres-activites\/atelier-deveil-musical-parents-bebes\/\">\u00c9veil musical parents-b\u00e9b\u00e9s<\/a><\/h3>\n<\/div><figure class=\"wp-block-media-text__media\"><a href=\"https:\/\/centredeyoga-lyon-jean-mace.org\/index.php\/autres-activites\/yoga-du-son\/\" target=\"_blank\" rel=\"noopener noreferrer\"><img loading=\"lazy\" decoding=\"async\" width=\"1024\" height=\"702\" src=\"https:\/\/centredeyoga-lyon-jean-mace.org\/wp-content\/uploads\/2024\/12\/music-2028528_1280-1024x702.png\" alt=\"\" class=\"wp-image-4176 size-full\" srcset=\"https:\/\/centredeyoga-lyon-jean-mace.org\/wp-content\/uploads\/2024\/12\/music-2028528_1280-1024x702.png 1024w, https:\/\/centredeyoga-lyon-jean-mace.org\/wp-content\/uploads\/2024\/12\/music-2028528_1280-300x206.png 300w, https:\/\/centredeyoga-lyon-jean-mace.org\/wp-content\/uploads\/2024\/12\/music-2028528_1280-768x527.png 768w, https:\/\/centredeyoga-lyon-jean-mace.org\/wp-content\/uploads\/2024\/12\/music-2028528_1280.png 1280w\" sizes=\"auto, (max-width: 1024px) 100vw, 1024px\" \/><\/a><\/figure><\/div>\n\n\n\n<p><a href=\"https:\/\/centredeyoga-lyon-jean-mace.org\/index.php\/intervenants\/julie-robert\/\">Julie ROBERT<\/a><\/p>\n","protected":false},"excerpt":{"rendered":"<p>Le centre accueille plusieurs intervenants qui se r\u00e9partissent dans la semaine entre les diff\u00e9rents cr\u00e9neaux horaires Yoga Odette BISSARDONLaurent SIMONAnne-Sophie TORTABarbara BERNARDCatherine BARENTINDamien AFONSODiane VIOSSATIngrid PATRISMarie-Laure ZEKRIPascal L\u2019HUILLIERPascale SAULNIER Cr\u00e9atrice de la salleGestionnaire de la salle Pilates No\u00e9mie OLIVE Sophrologie Nadine LAVOLAINE M\u00e9ditation Pleine Conscience (MBSR) Anne-Sophie TORTA Yoga du son et Kundalini activation Lucie [&hellip;]<\/p>\n","protected":false},"author":3,"featured_media":0,"parent":0,"menu_order":0,"comment_status":"closed","ping_status":"closed","template":"","meta":{"_monsterinsights_skip_tracking":false,"_monsterinsights_sitenote_active":false,"_monsterinsights_sitenote_note":"","_monsterinsights_sitenote_category":0,"footnotes":""},"class_list":["post-47","page","type-page","status-publish","hentry","clear"],"yoast_head":"<!-- This site is optimized with the Yoast SEO plugin v27.4 - https:\/\/yoast.com\/product\/yoast-seo-wordpress\/ -->\n<title>Les intervenants du Centre de yoga Lyon Jean Mac\u00e9<\/title>\n<meta name=\"description\" content=\"Le centre accueille plusieurs intervenants qui se r\u00e9partissent dans la semaine entre les diff\u00e9rents cr\u00e9neaux horaires\" \/>\n<meta name=\"robots\" content=\"index, follow, max-snippet:-1, max-image-preview:large, max-video-preview:-1\" \/>\n<link rel=\"canonical\" href=\"https:\/\/centredeyoga-lyon-jean-mace.org\/index.php\/intervenants\/\" \/>\n<meta property=\"og:locale\" content=\"fr_FR\" \/>\n<meta property=\"og:type\" content=\"article\" \/>\n<meta property=\"og:title\" content=\"Les intervenants du Centre de yoga Lyon Jean Mac\u00e9\" \/>\n<meta property=\"og:description\" content=\"Le centre accueille plusieurs intervenants qui se r\u00e9partissent dans la semaine entre les diff\u00e9rents cr\u00e9neaux horaires\" \/>\n<meta property=\"og:url\" content=\"https:\/\/centredeyoga-lyon-jean-mace.org\/index.php\/intervenants\/\" \/>\n<meta property=\"og:site_name\" content=\"Centre de Yoga Lyon Jean Mac\u00e9\" \/>\n<meta property=\"article:publisher\" content=\"https:\/\/www.facebook.com\/CentredeYogaLyonJeanMace\" \/>\n<meta property=\"article:modified_time\" content=\"2025-12-13T12:20:39+00:00\" \/>\n<meta property=\"og:image\" content=\"https:\/\/centredeyoga-lyon-jean-mace.org\/wp-content\/uploads\/2021\/07\/Yoga.png\" \/>\n\t<meta property=\"og:image:width\" content=\"330\" \/>\n\t<meta property=\"og:image:height\" content=\"148\" \/>\n\t<meta property=\"og:image:type\" content=\"image\/png\" \/>\n<meta name=\"twitter:card\" content=\"summary_large_image\" \/>\n<meta name=\"twitter:label1\" content=\"Dur\u00e9e de lecture estim\u00e9e\" \/>\n\t<meta name=\"twitter:data1\" content=\"2 minutes\" \/>\n<script type=\"application\/ld+json\" class=\"yoast-schema-graph\">{\"@context\":\"https:\\\/\\\/schema.org\",\"@graph\":[{\"@type\":\"WebPage\",\"@id\":\"https:\\\/\\\/centredeyoga-lyon-jean-mace.org\\\/index.php\\\/intervenants\\\/\",\"url\":\"https:\\\/\\\/centredeyoga-lyon-jean-mace.org\\\/index.php\\\/intervenants\\\/\",\"name\":\"Les intervenants du Centre de yoga Lyon Jean Mac\u00e9\",\"isPartOf\":{\"@id\":\"https:\\\/\\\/centredeyoga-lyon-jean-mace.org\\\/#website\"},\"primaryImageOfPage\":{\"@id\":\"https:\\\/\\\/centredeyoga-lyon-jean-mace.org\\\/index.php\\\/intervenants\\\/#primaryimage\"},\"image\":{\"@id\":\"https:\\\/\\\/centredeyoga-lyon-jean-mace.org\\\/index.php\\\/intervenants\\\/#primaryimage\"},\"thumbnailUrl\":\"https:\\\/\\\/centredeyoga-lyon-jean-mace.org\\\/wp-content\\\/uploads\\\/2021\\\/07\\\/Yoga.png\",\"datePublished\":\"2016-06-11T11:30:33+00:00\",\"dateModified\":\"2025-12-13T12:20:39+00:00\",\"description\":\"Le centre accueille plusieurs intervenants qui se r\u00e9partissent dans la semaine entre les diff\u00e9rents cr\u00e9neaux horaires\",\"breadcrumb\":{\"@id\":\"https:\\\/\\\/centredeyoga-lyon-jean-mace.org\\\/index.php\\\/intervenants\\\/#breadcrumb\"},\"inLanguage\":\"fr-FR\",\"potentialAction\":[{\"@type\":\"ReadAction\",\"target\":[\"https:\\\/\\\/centredeyoga-lyon-jean-mace.org\\\/index.php\\\/intervenants\\\/\"]}]},{\"@type\":\"ImageObject\",\"inLanguage\":\"fr-FR\",\"@id\":\"https:\\\/\\\/centredeyoga-lyon-jean-mace.org\\\/index.php\\\/intervenants\\\/#primaryimage\",\"url\":\"https:\\\/\\\/centredeyoga-lyon-jean-mace.org\\\/wp-content\\\/uploads\\\/2021\\\/07\\\/Yoga.png\",\"contentUrl\":\"https:\\\/\\\/centredeyoga-lyon-jean-mace.org\\\/wp-content\\\/uploads\\\/2021\\\/07\\\/Yoga.png\",\"width\":330,\"height\":148},{\"@type\":\"BreadcrumbList\",\"@id\":\"https:\\\/\\\/centredeyoga-lyon-jean-mace.org\\\/index.php\\\/intervenants\\\/#breadcrumb\",\"itemListElement\":[{\"@type\":\"ListItem\",\"position\":1,\"name\":\"Accueil\",\"item\":\"https:\\\/\\\/centredeyoga-lyon-jean-mace.org\\\/\"},{\"@type\":\"ListItem\",\"position\":2,\"name\":\"Les intervenants de la salle\"}]},{\"@type\":\"WebSite\",\"@id\":\"https:\\\/\\\/centredeyoga-lyon-jean-mace.org\\\/#website\",\"url\":\"https:\\\/\\\/centredeyoga-lyon-jean-mace.org\\\/\",\"name\":\"Centre de yoga Lyon Jean Mac\u00e9\",\"description\":\"Une salle de Yoga au coeur de Lyon\",\"publisher\":{\"@id\":\"https:\\\/\\\/centredeyoga-lyon-jean-mace.org\\\/#organization\"},\"potentialAction\":[{\"@type\":\"SearchAction\",\"target\":{\"@type\":\"EntryPoint\",\"urlTemplate\":\"https:\\\/\\\/centredeyoga-lyon-jean-mace.org\\\/?s={search_term_string}\"},\"query-input\":{\"@type\":\"PropertyValueSpecification\",\"valueRequired\":true,\"valueName\":\"search_term_string\"}}],\"inLanguage\":\"fr-FR\"},{\"@type\":\"Organization\",\"@id\":\"https:\\\/\\\/centredeyoga-lyon-jean-mace.org\\\/#organization\",\"name\":\"Centre de yoga Lyon Jean Mac\u00e9\",\"url\":\"https:\\\/\\\/centredeyoga-lyon-jean-mace.org\\\/\",\"logo\":{\"@type\":\"ImageObject\",\"inLanguage\":\"fr-FR\",\"@id\":\"https:\\\/\\\/centredeyoga-lyon-jean-mace.org\\\/#\\\/schema\\\/logo\\\/image\\\/\",\"url\":\"https:\\\/\\\/centredeyoga-lyon-jean-mace.org\\\/wp-content\\\/uploads\\\/2021\\\/06\\\/Logo-Centre-yoga-LJM-web.png\",\"contentUrl\":\"https:\\\/\\\/centredeyoga-lyon-jean-mace.org\\\/wp-content\\\/uploads\\\/2021\\\/06\\\/Logo-Centre-yoga-LJM-web.png\",\"width\":500,\"height\":520,\"caption\":\"Centre de yoga Lyon Jean Mac\u00e9\"},\"image\":{\"@id\":\"https:\\\/\\\/centredeyoga-lyon-jean-mace.org\\\/#\\\/schema\\\/logo\\\/image\\\/\"},\"sameAs\":[\"https:\\\/\\\/www.facebook.com\\\/CentredeYogaLyonJeanMace\",\"https:\\\/\\\/www.instagram.com\\\/centredeyogalyonjeanmace\\\/\"]}]}<\/script>\n<!-- \/ Yoast SEO plugin. -->","yoast_head_json":{"title":"Les intervenants du Centre de yoga Lyon Jean Mac\u00e9","description":"Le centre accueille plusieurs intervenants qui se r\u00e9partissent dans la semaine entre les diff\u00e9rents cr\u00e9neaux horaires","robots":{"index":"index","follow":"follow","max-snippet":"max-snippet:-1","max-image-preview":"max-image-preview:large","max-video-preview":"max-video-preview:-1"},"canonical":"https:\/\/centredeyoga-lyon-jean-mace.org\/index.php\/intervenants\/","og_locale":"fr_FR","og_type":"article","og_title":"Les intervenants du Centre de yoga Lyon Jean Mac\u00e9","og_description":"Le centre accueille plusieurs intervenants qui se r\u00e9partissent dans la semaine entre les diff\u00e9rents cr\u00e9neaux horaires","og_url":"https:\/\/centredeyoga-lyon-jean-mace.org\/index.php\/intervenants\/","og_site_name":"Centre de Yoga Lyon Jean Mac\u00e9","article_publisher":"https:\/\/www.facebook.com\/CentredeYogaLyonJeanMace","article_modified_time":"2025-12-13T12:20:39+00:00","og_image":[{"width":330,"height":148,"url":"https:\/\/centredeyoga-lyon-jean-mace.org\/wp-content\/uploads\/2021\/07\/Yoga.png","type":"image\/png"}],"twitter_card":"summary_large_image","twitter_misc":{"Dur\u00e9e de lecture estim\u00e9e":"2 minutes"},"schema":{"@context":"https:\/\/schema.org","@graph":[{"@type":"WebPage","@id":"https:\/\/centredeyoga-lyon-jean-mace.org\/index.php\/intervenants\/","url":"https:\/\/centredeyoga-lyon-jean-mace.org\/index.php\/intervenants\/","name":"Les intervenants du Centre de yoga Lyon Jean Mac\u00e9","isPartOf":{"@id":"https:\/\/centredeyoga-lyon-jean-mace.org\/#website"},"primaryImageOfPage":{"@id":"https:\/\/centredeyoga-lyon-jean-mace.org\/index.php\/intervenants\/#primaryimage"},"image":{"@id":"https:\/\/centredeyoga-lyon-jean-mace.org\/index.php\/intervenants\/#primaryimage"},"thumbnailUrl":"https:\/\/centredeyoga-lyon-jean-mace.org\/wp-content\/uploads\/2021\/07\/Yoga.png","datePublished":"2016-06-11T11:30:33+00:00","dateModified":"2025-12-13T12:20:39+00:00","description":"Le centre accueille plusieurs intervenants qui se r\u00e9partissent dans la semaine entre les diff\u00e9rents cr\u00e9neaux horaires","breadcrumb":{"@id":"https:\/\/centredeyoga-lyon-jean-mace.org\/index.php\/intervenants\/#breadcrumb"},"inLanguage":"fr-FR","potentialAction":[{"@type":"ReadAction","target":["https:\/\/centredeyoga-lyon-jean-mace.org\/index.php\/intervenants\/"]}]},{"@type":"ImageObject","inLanguage":"fr-FR","@id":"https:\/\/centredeyoga-lyon-jean-mace.org\/index.php\/intervenants\/#primaryimage","url":"https:\/\/centredeyoga-lyon-jean-mace.org\/wp-content\/uploads\/2021\/07\/Yoga.png","contentUrl":"https:\/\/centredeyoga-lyon-jean-mace.org\/wp-content\/uploads\/2021\/07\/Yoga.png","width":330,"height":148},{"@type":"BreadcrumbList","@id":"https:\/\/centredeyoga-lyon-jean-mace.org\/index.php\/intervenants\/#breadcrumb","itemListElement":[{"@type":"ListItem","position":1,"name":"Accueil","item":"https:\/\/centredeyoga-lyon-jean-mace.org\/"},{"@type":"ListItem","position":2,"name":"Les intervenants de la salle"}]},{"@type":"WebSite","@id":"https:\/\/centredeyoga-lyon-jean-mace.org\/#website","url":"https:\/\/centredeyoga-lyon-jean-mace.org\/","name":"Centre de yoga Lyon Jean Mac\u00e9","description":"Une salle de Yoga au coeur de Lyon","publisher":{"@id":"https:\/\/centredeyoga-lyon-jean-mace.org\/#organization"},"potentialAction":[{"@type":"SearchAction","target":{"@type":"EntryPoint","urlTemplate":"https:\/\/centredeyoga-lyon-jean-mace.org\/?s={search_term_string}"},"query-input":{"@type":"PropertyValueSpecification","valueRequired":true,"valueName":"search_term_string"}}],"inLanguage":"fr-FR"},{"@type":"Organization","@id":"https:\/\/centredeyoga-lyon-jean-mace.org\/#organization","name":"Centre de yoga Lyon Jean Mac\u00e9","url":"https:\/\/centredeyoga-lyon-jean-mace.org\/","logo":{"@type":"ImageObject","inLanguage":"fr-FR","@id":"https:\/\/centredeyoga-lyon-jean-mace.org\/#\/schema\/logo\/image\/","url":"https:\/\/centredeyoga-lyon-jean-mace.org\/wp-content\/uploads\/2021\/06\/Logo-Centre-yoga-LJM-web.png","contentUrl":"https:\/\/centredeyoga-lyon-jean-mace.org\/wp-content\/uploads\/2021\/06\/Logo-Centre-yoga-LJM-web.png","width":500,"height":520,"caption":"Centre de yoga Lyon Jean Mac\u00e9"},"image":{"@id":"https:\/\/centredeyoga-lyon-jean-mace.org\/#\/schema\/logo\/image\/"},"sameAs":["https:\/\/www.facebook.com\/CentredeYogaLyonJeanMace","https:\/\/www.instagram.com\/centredeyogalyonjeanmace\/"]}]}},"_links":{"self":[{"href":"https:\/\/centredeyoga-lyon-jean-mace.org\/index.php\/wp-json\/wp\/v2\/pages\/47","targetHints":{"allow":["GET"]}}],"collection":[{"href":"https:\/\/centredeyoga-lyon-jean-mace.org\/index.php\/wp-json\/wp\/v2\/pages"}],"about":[{"href":"https:\/\/centredeyoga-lyon-jean-mace.org\/index.php\/wp-json\/wp\/v2\/types\/page"}],"author":[{"embeddable":true,"href":"https:\/\/centredeyoga-lyon-jean-mace.org\/index.php\/wp-json\/wp\/v2\/users\/3"}],"replies":[{"embeddable":true,"href":"https:\/\/centredeyoga-lyon-jean-mace.org\/index.php\/wp-json\/wp\/v2\/comments?post=47"}],"version-history":[{"count":14,"href":"https:\/\/centredeyoga-lyon-jean-mace.org\/index.php\/wp-json\/wp\/v2\/pages\/47\/revisions"}],"predecessor-version":[{"id":5128,"href":"https:\/\/centredeyoga-lyon-jean-mace.org\/index.php\/wp-json\/wp\/v2\/pages\/47\/revisions\/5128"}],"wp:attachment":[{"href":"https:\/\/centredeyoga-lyon-jean-mace.org\/index.php\/wp-json\/wp\/v2\/media?parent=47"}],"curies":[{"name":"wp","href":"https:\/\/api.w.org\/{rel}","templated":true}]}}