{"id":5100,"date":"2025-12-07T11:23:48","date_gmt":"2025-12-07T09:23:48","guid":{"rendered":"https:\/\/centredeyoga-lyon-jean-mace.org\/?page_id=5100"},"modified":"2025-12-07T12:42:13","modified_gmt":"2025-12-07T10:42:13","slug":"yoga-sur-chaise-et-yoga-seniors","status":"publish","type":"page","link":"https:\/\/centredeyoga-lyon-jean-mace.org\/index.php\/le-yoga-pratique-et-effets\/yoga-adapte-chaise-prevention-sante\/yoga-sur-chaise-et-yoga-seniors\/","title":{"rendered":"Yoga sur chaise et yoga seniors"},"content":{"rendered":"\n<p>Le yoga dit \u00ab\u00a0<strong>yoga sur chaise<\/strong>\u00ab\u00a0, aussi appel\u00e9 parfois \u00ab\u00a0<strong>yoga pour seniors<\/strong>\u00a0\u00bb quand il vise sp\u00e9cifiquement ce public, utilise une assise (chaise, tabouret..). Cette assise permet de <strong>remplacer les postures<\/strong> dans lesquelles les participants ne se sentent pas confortables.<br>Habituellement, ce sont les postures sur le tapis qui sont remplac\u00e9es par une assise sur chaise : \u00e0 quatre pattes, assises sur le sol et bien s\u00fbr allong\u00e9es. Mais les postures debout peuvent \u00e9galement \u00eatre remplac\u00e9es en cas de manque d&rsquo;\u00e9quilibre ou de fatigue.<\/p>\n\n\n\n<figure class=\"wp-block-image size-large is-style-rounded\"><img loading=\"lazy\" decoding=\"async\" width=\"1024\" height=\"318\" src=\"https:\/\/centredeyoga-lyon-jean-mace.org\/wp-content\/uploads\/2025\/12\/Haut-de-page-23-1024x318.jpg\" alt=\"Posture de yoga sur chaise\" class=\"wp-image-5105\" srcset=\"https:\/\/centredeyoga-lyon-jean-mace.org\/wp-content\/uploads\/2025\/12\/Haut-de-page-23-1024x318.jpg 1024w, https:\/\/centredeyoga-lyon-jean-mace.org\/wp-content\/uploads\/2025\/12\/Haut-de-page-23-300x93.jpg 300w, https:\/\/centredeyoga-lyon-jean-mace.org\/wp-content\/uploads\/2025\/12\/Haut-de-page-23-768x238.jpg 768w, https:\/\/centredeyoga-lyon-jean-mace.org\/wp-content\/uploads\/2025\/12\/Haut-de-page-23.jpg 1061w\" sizes=\"auto, (max-width: 1024px) 100vw, 1024px\" \/><\/figure>\n\n\n\n<p>Dans notre courant de yoga, <strong>la chaise ou le tabouret font partie des supports utilis\u00e9s couramment<\/strong>. Nous partons toujours du principe d&rsquo;<strong>utiliser le bon support pour la bonne personne<\/strong>. Les chaises sont donc <strong>consid\u00e9r\u00e9es comme n&rsquo;importe quel autre support<\/strong> : coussin, brique, bolster, etc. Nous ne parlons donc pas strictement de \u00ab\u00a0yoga sur chaise\u00a0\u00bb car la chaise est inclue d\u00e9j\u00e0 dans nos propositions de pratiques de yoga. Nous conseillons diff\u00e9rents supports aux personnes pr\u00e9sentes, y compris des chaises.<\/p>\n\n\n\n<p>Tous nos cr\u00e9neaux horaires vous proposerons donc du yoga sur chaise, si vous en avez besoin!<\/p>\n\n\n\n<p><a href=\"https:\/\/centredeyoga-lyon-jean-mace.org\/index.php\/le-yoga-pratique-et-effets\/yoga-adapte-chaise-prevention-sante\/\">Retour \u00e0 la page Yoga adapt\u00e9<\/a><\/p>\n\n\n\n<div class=\"wp-block-buttons is-horizontal is-content-justification-center is-layout-flex wp-container-core-buttons-is-layout-499968f5 wp-block-buttons-is-layout-flex\">\n<div class=\"wp-block-button\"><a class=\"wp-block-button__link has-white-color has-luminous-vivid-amber-to-luminous-vivid-orange-gradient-background has-text-color has-background wp-element-button\" href=\"https:\/\/centredeyoga-lyon-jean-mace.org\/index.php\/cours\/cours-hebdomadaires-yoga-pilates-sophrologie-lyon-7\/\"><strong>Voir tous les cr\u00e9neaux horaires<\/strong><\/a><\/div>\n<\/div>\n","protected":false},"excerpt":{"rendered":"<p>Le yoga dit \u00ab\u00a0yoga sur chaise\u00ab\u00a0, aussi appel\u00e9 parfois \u00ab\u00a0yoga pour seniors\u00a0\u00bb quand il vise sp\u00e9cifiquement ce public, utilise une assise (chaise, tabouret..). Cette assise permet de remplacer les postures dans lesquelles les participants ne se sentent pas confortables.Habituellement, ce sont les postures sur le tapis qui sont remplac\u00e9es par une assise sur chaise : [&hellip;]<\/p>\n","protected":false},"author":3,"featured_media":0,"parent":4931,"menu_order":0,"comment_status":"closed","ping_status":"closed","template":"","meta":{"_monsterinsights_skip_tracking":false,"_monsterinsights_sitenote_active":false,"_monsterinsights_sitenote_note":"","_monsterinsights_sitenote_category":0,"footnotes":""},"class_list":["post-5100","page","type-page","status-publish","hentry","clear"],"yoast_head":"<!-- This site is optimized with the Yoast SEO plugin v27.5 - https:\/\/yoast.com\/product\/yoast-seo-wordpress\/ -->\n<title>Yoga sur chaise et yoga seniors - Centre de Yoga Lyon Jean Mac\u00e9<\/title>\n<meta name=\"description\" content=\"Le yoga sur chaise ou pour seniors utilise une assise pour adapter les postures dans lesquelles les participants ne sont pas confortables\" \/>\n<meta name=\"robots\" content=\"index, follow, max-snippet:-1, max-image-preview:large, max-video-preview:-1\" \/>\n<link rel=\"canonical\" href=\"https:\/\/centredeyoga-lyon-jean-mace.org\/index.php\/le-yoga-pratique-et-effets\/yoga-adapte-chaise-prevention-sante\/yoga-sur-chaise-et-yoga-seniors\/\" \/>\n<meta property=\"og:locale\" content=\"fr_FR\" \/>\n<meta property=\"og:type\" content=\"article\" \/>\n<meta property=\"og:title\" content=\"Yoga sur chaise et yoga seniors - Centre de Yoga Lyon Jean Mac\u00e9\" \/>\n<meta property=\"og:description\" content=\"Le yoga sur chaise ou pour seniors utilise une assise pour adapter les postures dans lesquelles les participants ne sont pas confortables\" \/>\n<meta property=\"og:url\" content=\"https:\/\/centredeyoga-lyon-jean-mace.org\/index.php\/le-yoga-pratique-et-effets\/yoga-adapte-chaise-prevention-sante\/yoga-sur-chaise-et-yoga-seniors\/\" \/>\n<meta property=\"og:site_name\" content=\"Centre de Yoga Lyon Jean Mac\u00e9\" \/>\n<meta property=\"article:publisher\" content=\"https:\/\/www.facebook.com\/CentredeYogaLyonJeanMace\" \/>\n<meta property=\"article:modified_time\" content=\"2025-12-07T10:42:13+00:00\" \/>\n<meta property=\"og:image\" content=\"https:\/\/centredeyoga-lyon-jean-mace.org\/wp-content\/uploads\/2025\/12\/Haut-de-page-23.jpg\" \/>\n\t<meta property=\"og:image:width\" content=\"1061\" \/>\n\t<meta property=\"og:image:height\" content=\"329\" \/>\n\t<meta property=\"og:image:type\" content=\"image\/jpeg\" \/>\n<meta name=\"twitter:card\" content=\"summary_large_image\" \/>\n<meta name=\"twitter:label1\" content=\"Dur\u00e9e de lecture estim\u00e9e\" \/>\n\t<meta name=\"twitter:data1\" content=\"2 minutes\" \/>\n<script type=\"application\/ld+json\" class=\"yoast-schema-graph\">{\"@context\":\"https:\\\/\\\/schema.org\",\"@graph\":[{\"@type\":\"WebPage\",\"@id\":\"https:\\\/\\\/centredeyoga-lyon-jean-mace.org\\\/index.php\\\/le-yoga-pratique-et-effets\\\/yoga-adapte-chaise-prevention-sante\\\/yoga-sur-chaise-et-yoga-seniors\\\/\",\"url\":\"https:\\\/\\\/centredeyoga-lyon-jean-mace.org\\\/index.php\\\/le-yoga-pratique-et-effets\\\/yoga-adapte-chaise-prevention-sante\\\/yoga-sur-chaise-et-yoga-seniors\\\/\",\"name\":\"Yoga sur chaise et yoga seniors - Centre de Yoga Lyon Jean Mac\u00e9\",\"isPartOf\":{\"@id\":\"https:\\\/\\\/centredeyoga-lyon-jean-mace.org\\\/#website\"},\"primaryImageOfPage\":{\"@id\":\"https:\\\/\\\/centredeyoga-lyon-jean-mace.org\\\/index.php\\\/le-yoga-pratique-et-effets\\\/yoga-adapte-chaise-prevention-sante\\\/yoga-sur-chaise-et-yoga-seniors\\\/#primaryimage\"},\"image\":{\"@id\":\"https:\\\/\\\/centredeyoga-lyon-jean-mace.org\\\/index.php\\\/le-yoga-pratique-et-effets\\\/yoga-adapte-chaise-prevention-sante\\\/yoga-sur-chaise-et-yoga-seniors\\\/#primaryimage\"},\"thumbnailUrl\":\"https:\\\/\\\/centredeyoga-lyon-jean-mace.org\\\/wp-content\\\/uploads\\\/2025\\\/12\\\/Haut-de-page-23-1024x318.jpg\",\"datePublished\":\"2025-12-07T09:23:48+00:00\",\"dateModified\":\"2025-12-07T10:42:13+00:00\",\"description\":\"Le yoga sur chaise ou pour seniors utilise une assise pour adapter les postures dans lesquelles les participants ne sont pas confortables\",\"breadcrumb\":{\"@id\":\"https:\\\/\\\/centredeyoga-lyon-jean-mace.org\\\/index.php\\\/le-yoga-pratique-et-effets\\\/yoga-adapte-chaise-prevention-sante\\\/yoga-sur-chaise-et-yoga-seniors\\\/#breadcrumb\"},\"inLanguage\":\"fr-FR\",\"potentialAction\":[{\"@type\":\"ReadAction\",\"target\":[\"https:\\\/\\\/centredeyoga-lyon-jean-mace.org\\\/index.php\\\/le-yoga-pratique-et-effets\\\/yoga-adapte-chaise-prevention-sante\\\/yoga-sur-chaise-et-yoga-seniors\\\/\"]}]},{\"@type\":\"ImageObject\",\"inLanguage\":\"fr-FR\",\"@id\":\"https:\\\/\\\/centredeyoga-lyon-jean-mace.org\\\/index.php\\\/le-yoga-pratique-et-effets\\\/yoga-adapte-chaise-prevention-sante\\\/yoga-sur-chaise-et-yoga-seniors\\\/#primaryimage\",\"url\":\"https:\\\/\\\/centredeyoga-lyon-jean-mace.org\\\/wp-content\\\/uploads\\\/2025\\\/12\\\/Haut-de-page-23.jpg\",\"contentUrl\":\"https:\\\/\\\/centredeyoga-lyon-jean-mace.org\\\/wp-content\\\/uploads\\\/2025\\\/12\\\/Haut-de-page-23.jpg\",\"width\":1061,\"height\":329},{\"@type\":\"BreadcrumbList\",\"@id\":\"https:\\\/\\\/centredeyoga-lyon-jean-mace.org\\\/index.php\\\/le-yoga-pratique-et-effets\\\/yoga-adapte-chaise-prevention-sante\\\/yoga-sur-chaise-et-yoga-seniors\\\/#breadcrumb\",\"itemListElement\":[{\"@type\":\"ListItem\",\"position\":1,\"name\":\"Accueil\",\"item\":\"https:\\\/\\\/centredeyoga-lyon-jean-mace.org\\\/\"},{\"@type\":\"ListItem\",\"position\":2,\"name\":\"La pratique du Yoga et ses effets\",\"item\":\"https:\\\/\\\/centredeyoga-lyon-jean-mace.org\\\/index.php\\\/le-yoga-pratique-et-effets\\\/\"},{\"@type\":\"ListItem\",\"position\":3,\"name\":\"Yoga adapt\u00e9 &#8211; pr\u00e9vention pour votre sant\u00e9\",\"item\":\"https:\\\/\\\/centredeyoga-lyon-jean-mace.org\\\/index.php\\\/le-yoga-pratique-et-effets\\\/yoga-adapte-chaise-prevention-sante\\\/\"},{\"@type\":\"ListItem\",\"position\":4,\"name\":\"Yoga sur chaise et yoga seniors\"}]},{\"@type\":\"WebSite\",\"@id\":\"https:\\\/\\\/centredeyoga-lyon-jean-mace.org\\\/#website\",\"url\":\"https:\\\/\\\/centredeyoga-lyon-jean-mace.org\\\/\",\"name\":\"Centre de yoga Lyon Jean Mac\u00e9\",\"description\":\"Une salle de Yoga au coeur de Lyon\",\"publisher\":{\"@id\":\"https:\\\/\\\/centredeyoga-lyon-jean-mace.org\\\/#organization\"},\"potentialAction\":[{\"@type\":\"SearchAction\",\"target\":{\"@type\":\"EntryPoint\",\"urlTemplate\":\"https:\\\/\\\/centredeyoga-lyon-jean-mace.org\\\/?s={search_term_string}\"},\"query-input\":{\"@type\":\"PropertyValueSpecification\",\"valueRequired\":true,\"valueName\":\"search_term_string\"}}],\"inLanguage\":\"fr-FR\"},{\"@type\":\"Organization\",\"@id\":\"https:\\\/\\\/centredeyoga-lyon-jean-mace.org\\\/#organization\",\"name\":\"Centre de yoga Lyon Jean Mac\u00e9\",\"url\":\"https:\\\/\\\/centredeyoga-lyon-jean-mace.org\\\/\",\"logo\":{\"@type\":\"ImageObject\",\"inLanguage\":\"fr-FR\",\"@id\":\"https:\\\/\\\/centredeyoga-lyon-jean-mace.org\\\/#\\\/schema\\\/logo\\\/image\\\/\",\"url\":\"https:\\\/\\\/centredeyoga-lyon-jean-mace.org\\\/wp-content\\\/uploads\\\/2021\\\/06\\\/Logo-Centre-yoga-LJM-web.png\",\"contentUrl\":\"https:\\\/\\\/centredeyoga-lyon-jean-mace.org\\\/wp-content\\\/uploads\\\/2021\\\/06\\\/Logo-Centre-yoga-LJM-web.png\",\"width\":500,\"height\":520,\"caption\":\"Centre de yoga Lyon Jean Mac\u00e9\"},\"image\":{\"@id\":\"https:\\\/\\\/centredeyoga-lyon-jean-mace.org\\\/#\\\/schema\\\/logo\\\/image\\\/\"},\"sameAs\":[\"https:\\\/\\\/www.facebook.com\\\/CentredeYogaLyonJeanMace\",\"https:\\\/\\\/www.instagram.com\\\/centredeyogalyonjeanmace\\\/\"]}]}<\/script>\n<!-- \/ Yoast SEO plugin. -->","yoast_head_json":{"title":"Yoga sur chaise et yoga seniors - Centre de Yoga Lyon Jean Mac\u00e9","description":"Le yoga sur chaise ou pour seniors utilise une assise pour adapter les postures dans lesquelles les participants ne sont pas confortables","robots":{"index":"index","follow":"follow","max-snippet":"max-snippet:-1","max-image-preview":"max-image-preview:large","max-video-preview":"max-video-preview:-1"},"canonical":"https:\/\/centredeyoga-lyon-jean-mace.org\/index.php\/le-yoga-pratique-et-effets\/yoga-adapte-chaise-prevention-sante\/yoga-sur-chaise-et-yoga-seniors\/","og_locale":"fr_FR","og_type":"article","og_title":"Yoga sur chaise et yoga seniors - Centre de Yoga Lyon Jean Mac\u00e9","og_description":"Le yoga sur chaise ou pour seniors utilise une assise pour adapter les postures dans lesquelles les participants ne sont pas confortables","og_url":"https:\/\/centredeyoga-lyon-jean-mace.org\/index.php\/le-yoga-pratique-et-effets\/yoga-adapte-chaise-prevention-sante\/yoga-sur-chaise-et-yoga-seniors\/","og_site_name":"Centre de Yoga Lyon Jean Mac\u00e9","article_publisher":"https:\/\/www.facebook.com\/CentredeYogaLyonJeanMace","article_modified_time":"2025-12-07T10:42:13+00:00","og_image":[{"width":1061,"height":329,"url":"https:\/\/centredeyoga-lyon-jean-mace.org\/wp-content\/uploads\/2025\/12\/Haut-de-page-23.jpg","type":"image\/jpeg"}],"twitter_card":"summary_large_image","twitter_misc":{"Dur\u00e9e de lecture estim\u00e9e":"2 minutes"},"schema":{"@context":"https:\/\/schema.org","@graph":[{"@type":"WebPage","@id":"https:\/\/centredeyoga-lyon-jean-mace.org\/index.php\/le-yoga-pratique-et-effets\/yoga-adapte-chaise-prevention-sante\/yoga-sur-chaise-et-yoga-seniors\/","url":"https:\/\/centredeyoga-lyon-jean-mace.org\/index.php\/le-yoga-pratique-et-effets\/yoga-adapte-chaise-prevention-sante\/yoga-sur-chaise-et-yoga-seniors\/","name":"Yoga sur chaise et yoga seniors - Centre de Yoga Lyon Jean Mac\u00e9","isPartOf":{"@id":"https:\/\/centredeyoga-lyon-jean-mace.org\/#website"},"primaryImageOfPage":{"@id":"https:\/\/centredeyoga-lyon-jean-mace.org\/index.php\/le-yoga-pratique-et-effets\/yoga-adapte-chaise-prevention-sante\/yoga-sur-chaise-et-yoga-seniors\/#primaryimage"},"image":{"@id":"https:\/\/centredeyoga-lyon-jean-mace.org\/index.php\/le-yoga-pratique-et-effets\/yoga-adapte-chaise-prevention-sante\/yoga-sur-chaise-et-yoga-seniors\/#primaryimage"},"thumbnailUrl":"https:\/\/centredeyoga-lyon-jean-mace.org\/wp-content\/uploads\/2025\/12\/Haut-de-page-23-1024x318.jpg","datePublished":"2025-12-07T09:23:48+00:00","dateModified":"2025-12-07T10:42:13+00:00","description":"Le yoga sur chaise ou pour seniors utilise une assise pour adapter les postures dans lesquelles les participants ne sont pas confortables","breadcrumb":{"@id":"https:\/\/centredeyoga-lyon-jean-mace.org\/index.php\/le-yoga-pratique-et-effets\/yoga-adapte-chaise-prevention-sante\/yoga-sur-chaise-et-yoga-seniors\/#breadcrumb"},"inLanguage":"fr-FR","potentialAction":[{"@type":"ReadAction","target":["https:\/\/centredeyoga-lyon-jean-mace.org\/index.php\/le-yoga-pratique-et-effets\/yoga-adapte-chaise-prevention-sante\/yoga-sur-chaise-et-yoga-seniors\/"]}]},{"@type":"ImageObject","inLanguage":"fr-FR","@id":"https:\/\/centredeyoga-lyon-jean-mace.org\/index.php\/le-yoga-pratique-et-effets\/yoga-adapte-chaise-prevention-sante\/yoga-sur-chaise-et-yoga-seniors\/#primaryimage","url":"https:\/\/centredeyoga-lyon-jean-mace.org\/wp-content\/uploads\/2025\/12\/Haut-de-page-23.jpg","contentUrl":"https:\/\/centredeyoga-lyon-jean-mace.org\/wp-content\/uploads\/2025\/12\/Haut-de-page-23.jpg","width":1061,"height":329},{"@type":"BreadcrumbList","@id":"https:\/\/centredeyoga-lyon-jean-mace.org\/index.php\/le-yoga-pratique-et-effets\/yoga-adapte-chaise-prevention-sante\/yoga-sur-chaise-et-yoga-seniors\/#breadcrumb","itemListElement":[{"@type":"ListItem","position":1,"name":"Accueil","item":"https:\/\/centredeyoga-lyon-jean-mace.org\/"},{"@type":"ListItem","position":2,"name":"La pratique du Yoga et ses effets","item":"https:\/\/centredeyoga-lyon-jean-mace.org\/index.php\/le-yoga-pratique-et-effets\/"},{"@type":"ListItem","position":3,"name":"Yoga adapt\u00e9 &#8211; pr\u00e9vention pour votre sant\u00e9","item":"https:\/\/centredeyoga-lyon-jean-mace.org\/index.php\/le-yoga-pratique-et-effets\/yoga-adapte-chaise-prevention-sante\/"},{"@type":"ListItem","position":4,"name":"Yoga sur chaise et yoga seniors"}]},{"@type":"WebSite","@id":"https:\/\/centredeyoga-lyon-jean-mace.org\/#website","url":"https:\/\/centredeyoga-lyon-jean-mace.org\/","name":"Centre de yoga Lyon Jean Mac\u00e9","description":"Une salle de Yoga au coeur de Lyon","publisher":{"@id":"https:\/\/centredeyoga-lyon-jean-mace.org\/#organization"},"potentialAction":[{"@type":"SearchAction","target":{"@type":"EntryPoint","urlTemplate":"https:\/\/centredeyoga-lyon-jean-mace.org\/?s={search_term_string}"},"query-input":{"@type":"PropertyValueSpecification","valueRequired":true,"valueName":"search_term_string"}}],"inLanguage":"fr-FR"},{"@type":"Organization","@id":"https:\/\/centredeyoga-lyon-jean-mace.org\/#organization","name":"Centre de yoga Lyon Jean Mac\u00e9","url":"https:\/\/centredeyoga-lyon-jean-mace.org\/","logo":{"@type":"ImageObject","inLanguage":"fr-FR","@id":"https:\/\/centredeyoga-lyon-jean-mace.org\/#\/schema\/logo\/image\/","url":"https:\/\/centredeyoga-lyon-jean-mace.org\/wp-content\/uploads\/2021\/06\/Logo-Centre-yoga-LJM-web.png","contentUrl":"https:\/\/centredeyoga-lyon-jean-mace.org\/wp-content\/uploads\/2021\/06\/Logo-Centre-yoga-LJM-web.png","width":500,"height":520,"caption":"Centre de yoga Lyon Jean Mac\u00e9"},"image":{"@id":"https:\/\/centredeyoga-lyon-jean-mace.org\/#\/schema\/logo\/image\/"},"sameAs":["https:\/\/www.facebook.com\/CentredeYogaLyonJeanMace","https:\/\/www.instagram.com\/centredeyogalyonjeanmace\/"]}]}},"_links":{"self":[{"href":"https:\/\/centredeyoga-lyon-jean-mace.org\/index.php\/wp-json\/wp\/v2\/pages\/5100","targetHints":{"allow":["GET"]}}],"collection":[{"href":"https:\/\/centredeyoga-lyon-jean-mace.org\/index.php\/wp-json\/wp\/v2\/pages"}],"about":[{"href":"https:\/\/centredeyoga-lyon-jean-mace.org\/index.php\/wp-json\/wp\/v2\/types\/page"}],"author":[{"embeddable":true,"href":"https:\/\/centredeyoga-lyon-jean-mace.org\/index.php\/wp-json\/wp\/v2\/users\/3"}],"replies":[{"embeddable":true,"href":"https:\/\/centredeyoga-lyon-jean-mace.org\/index.php\/wp-json\/wp\/v2\/comments?post=5100"}],"version-history":[{"count":4,"href":"https:\/\/centredeyoga-lyon-jean-mace.org\/index.php\/wp-json\/wp\/v2\/pages\/5100\/revisions"}],"predecessor-version":[{"id":5110,"href":"https:\/\/centredeyoga-lyon-jean-mace.org\/index.php\/wp-json\/wp\/v2\/pages\/5100\/revisions\/5110"}],"up":[{"embeddable":true,"href":"https:\/\/centredeyoga-lyon-jean-mace.org\/index.php\/wp-json\/wp\/v2\/pages\/4931"}],"wp:attachment":[{"href":"https:\/\/centredeyoga-lyon-jean-mace.org\/index.php\/wp-json\/wp\/v2\/media?parent=5100"}],"curies":[{"name":"wp","href":"https:\/\/api.w.org\/{rel}","templated":true}]}}