{"id":5259,"date":"2026-05-14T10:51:07","date_gmt":"2026-05-14T08:51:07","guid":{"rendered":"https:\/\/centredeyoga-lyon-jean-mace.org\/?page_id=5259"},"modified":"2026-05-14T11:09:16","modified_gmt":"2026-05-14T09:09:16","slug":"lydia-piaton","status":"publish","type":"page","link":"https:\/\/centredeyoga-lyon-jean-mace.org\/index.php\/intervenants\/lydia-piaton\/","title":{"rendered":"Lydia PIATON"},"content":{"rendered":"\n<div class=\"wp-block-group\"><div class=\"wp-block-group__inner-container is-layout-flow wp-block-group-is-layout-flow\">\n<div class=\"wp-block-columns is-layout-flex wp-container-core-columns-is-layout-9d6595d7 wp-block-columns-is-layout-flex\">\n<div class=\"wp-block-column is-layout-flow wp-block-column-is-layout-flow\" style=\"flex-basis:33.33%\">\n<figure class=\"wp-block-image size-full is-resized is-style-rounded\"><img loading=\"lazy\" decoding=\"async\" width=\"900\" height=\"920\" src=\"https:\/\/centredeyoga-lyon-jean-mace.org\/wp-content\/uploads\/2022\/05\/Sans-photo.jpg\" alt=\"\" class=\"wp-image-2763\" style=\"width:186px;height:auto\" srcset=\"https:\/\/centredeyoga-lyon-jean-mace.org\/wp-content\/uploads\/2022\/05\/Sans-photo.jpg 900w, https:\/\/centredeyoga-lyon-jean-mace.org\/wp-content\/uploads\/2022\/05\/Sans-photo-293x300.jpg 293w, https:\/\/centredeyoga-lyon-jean-mace.org\/wp-content\/uploads\/2022\/05\/Sans-photo-768x785.jpg 768w\" sizes=\"auto, (max-width: 900px) 100vw, 900px\" \/><\/figure>\n<\/div>\n\n\n\n<div class=\"wp-block-column is-vertically-aligned-center is-layout-flow wp-block-column-is-layout-flow\" style=\"flex-basis:66.66%\">\n<h6 class=\"wp-block-heading\" id=\"praticienne-en-meditation-de-pleine-conscience-en-cours-de-certification-a-l-ecole-de-la-presencedoula-en-cours-de-certification-a-l-ecole-quantik-doulacoach-de-vie-humaniste-certifiee-ecol-coach\"><a href=\"https:\/\/centredeyoga-lyon-jean-mace.org\/index.php\/autres-activites\/la-sophrologie\/\">Sophrologue<\/a> certifi\u00e9<\/h6>\n\n\n\n<p>Professionnelle au parcours atypique, j\u2019ai \u00e9volu\u00e9 dans des univers vari\u00e9s, de la mode \u00e0 la vente, enrichissant ainsi mes comp\u00e9tences et mon adaptabilit\u00e9. Dipl\u00f4m\u00e9e en stylisme, j\u2019ai d\u00e9but\u00e9 \u00e0 Paris avant de poursuivre une carri\u00e8re dans le pr\u00eat-\u00e0-porter, puis de m\u2019installer en Guadeloupe o\u00f9 j\u2019ai g\u00e9r\u00e9 plusieurs boutiques pendant huit ans.<\/p>\n<\/div>\n<\/div>\n\n\n\n<p>Apr\u00e8s une reconversion dans le secteur commercial, j\u2019ai d\u00e9velopp\u00e9 polyvalence, sens du challenge et capacit\u00e9 \u00e0 rebondir dans des environnements exigeants. Des \u00e9preuves personnelles marquantes m\u2019ont amen\u00e9e \u00e0 entamer un profond travail de reconstruction et de d\u00e9veloppement personnel.<\/p>\n\n\n\n<p>Un voyage humanitaire en Inde a \u00e9t\u00e9 un v\u00e9ritable tournant, me guidant vers l\u2019art-th\u00e9rapie puis la sophrologie. Ces pratiques, que j\u2019explore \u00e9galement \u00e0 travers l\u2019art intuitif, m\u2019ont permis de me reconnecter \u00e0 mes ressources int\u00e9rieures.<\/p>\n\n\n\n<p>Sophrologue depuis 2017, j\u2019accompagne aujourd\u2019hui un large public en individuel et en ateliers, notamment des personnes atteintes du cancer, des \u00e9tudiants, des artistes, des personnes \u00e2g\u00e9es, femmes enceintes, avec une approche globale centr\u00e9e sur le lien corps-esprit et la gestion des \u00e9motions.<\/p>\n\n\n\n<p><\/p>\n<\/div><\/div>\n\n\n\n<blockquote class=\"wp-block-quote is-layout-flow wp-block-quote-is-layout-flow\">\n<p>Pour me contacter directement : <a href=\"mailto:piaton.lydia@gmail.com\" target=\"_blank\" rel=\"noreferrer noopener\">piaton.lydia@gmail.com<\/a><br>ou <span id=\"eeb-447888-459081\"><\/span><script type=\"text\/javascript\">(function() {var ml=\"6740%182\",mi=\"3147361473224735147350\",o=\"\";for(var j=0,l=mi.length;j<l;j++) {o+=ml.charAt(mi.charCodeAt(j)-48);}document.getElementById(\"eeb-447888-459081\").innerHTML = decodeURIComponent(o);}());<\/script><noscript>*email prot\u00e9g\u00e9*<\/noscript><\/p>\n<\/blockquote>\n\n\n\n<p>Lydia<\/p>\n","protected":false},"excerpt":{"rendered":"<p>Sophrologue certifi\u00e9 Professionnelle au parcours atypique, j\u2019ai \u00e9volu\u00e9 dans des univers vari\u00e9s, de la mode \u00e0 la vente, enrichissant ainsi mes comp\u00e9tences et mon adaptabilit\u00e9. Dipl\u00f4m\u00e9e en stylisme, j\u2019ai d\u00e9but\u00e9 \u00e0 Paris avant de poursuivre une carri\u00e8re dans le pr\u00eat-\u00e0-porter, puis de m\u2019installer en Guadeloupe o\u00f9 j\u2019ai g\u00e9r\u00e9 plusieurs boutiques pendant huit ans. Apr\u00e8s une [&hellip;]<\/p>\n","protected":false},"author":3,"featured_media":0,"parent":47,"menu_order":0,"comment_status":"closed","ping_status":"closed","template":"","meta":{"_monsterinsights_skip_tracking":false,"_monsterinsights_sitenote_active":false,"_monsterinsights_sitenote_note":"","_monsterinsights_sitenote_category":0,"footnotes":""},"class_list":["post-5259","page","type-page","status-publish","hentry","clear"],"yoast_head":"<!-- This site is optimized with the Yoast SEO plugin v27.6 - https:\/\/yoast.com\/product\/yoast-seo-wordpress\/ -->\n<title>Lydia PIATON - Centre de Yoga Lyon Jean Mac\u00e9<\/title>\n<meta name=\"robots\" content=\"index, follow, max-snippet:-1, max-image-preview:large, max-video-preview:-1\" \/>\n<link rel=\"canonical\" href=\"https:\/\/centredeyoga-lyon-jean-mace.org\/index.php\/intervenants\/lydia-piaton\/\" \/>\n<meta property=\"og:locale\" content=\"fr_FR\" \/>\n<meta property=\"og:type\" content=\"article\" \/>\n<meta property=\"og:title\" content=\"Lydia PIATON - Centre de Yoga Lyon Jean Mac\u00e9\" \/>\n<meta property=\"og:description\" content=\"Sophrologue certifi\u00e9 Professionnelle au parcours atypique, j\u2019ai \u00e9volu\u00e9 dans des univers vari\u00e9s, de la mode \u00e0 la vente, enrichissant ainsi mes comp\u00e9tences et mon adaptabilit\u00e9. Dipl\u00f4m\u00e9e en stylisme, j\u2019ai d\u00e9but\u00e9 \u00e0 Paris avant de poursuivre une carri\u00e8re dans le pr\u00eat-\u00e0-porter, puis de m\u2019installer en Guadeloupe o\u00f9 j\u2019ai g\u00e9r\u00e9 plusieurs boutiques pendant huit ans. Apr\u00e8s une [&hellip;]\" \/>\n<meta property=\"og:url\" content=\"https:\/\/centredeyoga-lyon-jean-mace.org\/index.php\/intervenants\/lydia-piaton\/\" \/>\n<meta property=\"og:site_name\" content=\"Centre de Yoga Lyon Jean Mac\u00e9\" \/>\n<meta property=\"article:publisher\" content=\"https:\/\/www.facebook.com\/CentredeYogaLyonJeanMace\" \/>\n<meta property=\"article:modified_time\" content=\"2026-05-14T09:09:16+00:00\" \/>\n<meta property=\"og:image\" content=\"https:\/\/centredeyoga-lyon-jean-mace.org\/wp-content\/uploads\/2022\/05\/Sans-photo.jpg\" \/>\n\t<meta property=\"og:image:width\" content=\"900\" \/>\n\t<meta property=\"og:image:height\" content=\"920\" \/>\n\t<meta property=\"og:image:type\" content=\"image\/jpeg\" \/>\n<meta name=\"twitter:card\" content=\"summary_large_image\" \/>\n<meta name=\"twitter:label1\" content=\"Dur\u00e9e de lecture estim\u00e9e\" \/>\n\t<meta name=\"twitter:data1\" content=\"2 minutes\" \/>\n<script type=\"application\/ld+json\" class=\"yoast-schema-graph\">{\"@context\":\"https:\\\/\\\/schema.org\",\"@graph\":[{\"@type\":\"WebPage\",\"@id\":\"https:\\\/\\\/centredeyoga-lyon-jean-mace.org\\\/index.php\\\/intervenants\\\/lydia-piaton\\\/\",\"url\":\"https:\\\/\\\/centredeyoga-lyon-jean-mace.org\\\/index.php\\\/intervenants\\\/lydia-piaton\\\/\",\"name\":\"Lydia PIATON - Centre de Yoga Lyon Jean Mac\u00e9\",\"isPartOf\":{\"@id\":\"https:\\\/\\\/centredeyoga-lyon-jean-mace.org\\\/#website\"},\"primaryImageOfPage\":{\"@id\":\"https:\\\/\\\/centredeyoga-lyon-jean-mace.org\\\/index.php\\\/intervenants\\\/lydia-piaton\\\/#primaryimage\"},\"image\":{\"@id\":\"https:\\\/\\\/centredeyoga-lyon-jean-mace.org\\\/index.php\\\/intervenants\\\/lydia-piaton\\\/#primaryimage\"},\"thumbnailUrl\":\"https:\\\/\\\/centredeyoga-lyon-jean-mace.org\\\/wp-content\\\/uploads\\\/2022\\\/05\\\/Sans-photo.jpg\",\"datePublished\":\"2026-05-14T08:51:07+00:00\",\"dateModified\":\"2026-05-14T09:09:16+00:00\",\"breadcrumb\":{\"@id\":\"https:\\\/\\\/centredeyoga-lyon-jean-mace.org\\\/index.php\\\/intervenants\\\/lydia-piaton\\\/#breadcrumb\"},\"inLanguage\":\"fr-FR\",\"potentialAction\":[{\"@type\":\"ReadAction\",\"target\":[\"https:\\\/\\\/centredeyoga-lyon-jean-mace.org\\\/index.php\\\/intervenants\\\/lydia-piaton\\\/\"]}]},{\"@type\":\"ImageObject\",\"inLanguage\":\"fr-FR\",\"@id\":\"https:\\\/\\\/centredeyoga-lyon-jean-mace.org\\\/index.php\\\/intervenants\\\/lydia-piaton\\\/#primaryimage\",\"url\":\"https:\\\/\\\/centredeyoga-lyon-jean-mace.org\\\/wp-content\\\/uploads\\\/2022\\\/05\\\/Sans-photo.jpg\",\"contentUrl\":\"https:\\\/\\\/centredeyoga-lyon-jean-mace.org\\\/wp-content\\\/uploads\\\/2022\\\/05\\\/Sans-photo.jpg\",\"width\":900,\"height\":920},{\"@type\":\"BreadcrumbList\",\"@id\":\"https:\\\/\\\/centredeyoga-lyon-jean-mace.org\\\/index.php\\\/intervenants\\\/lydia-piaton\\\/#breadcrumb\",\"itemListElement\":[{\"@type\":\"ListItem\",\"position\":1,\"name\":\"Accueil\",\"item\":\"https:\\\/\\\/centredeyoga-lyon-jean-mace.org\\\/\"},{\"@type\":\"ListItem\",\"position\":2,\"name\":\"Les intervenants de la salle\",\"item\":\"https:\\\/\\\/centredeyoga-lyon-jean-mace.org\\\/index.php\\\/intervenants\\\/\"},{\"@type\":\"ListItem\",\"position\":3,\"name\":\"Lydia PIATON\"}]},{\"@type\":\"WebSite\",\"@id\":\"https:\\\/\\\/centredeyoga-lyon-jean-mace.org\\\/#website\",\"url\":\"https:\\\/\\\/centredeyoga-lyon-jean-mace.org\\\/\",\"name\":\"Centre de yoga Lyon Jean Mac\u00e9\",\"description\":\"Une salle de Yoga au coeur de Lyon\",\"publisher\":{\"@id\":\"https:\\\/\\\/centredeyoga-lyon-jean-mace.org\\\/#organization\"},\"potentialAction\":[{\"@type\":\"SearchAction\",\"target\":{\"@type\":\"EntryPoint\",\"urlTemplate\":\"https:\\\/\\\/centredeyoga-lyon-jean-mace.org\\\/?s={search_term_string}\"},\"query-input\":{\"@type\":\"PropertyValueSpecification\",\"valueRequired\":true,\"valueName\":\"search_term_string\"}}],\"inLanguage\":\"fr-FR\"},{\"@type\":\"Organization\",\"@id\":\"https:\\\/\\\/centredeyoga-lyon-jean-mace.org\\\/#organization\",\"name\":\"Centre de yoga Lyon Jean Mac\u00e9\",\"url\":\"https:\\\/\\\/centredeyoga-lyon-jean-mace.org\\\/\",\"logo\":{\"@type\":\"ImageObject\",\"inLanguage\":\"fr-FR\",\"@id\":\"https:\\\/\\\/centredeyoga-lyon-jean-mace.org\\\/#\\\/schema\\\/logo\\\/image\\\/\",\"url\":\"https:\\\/\\\/centredeyoga-lyon-jean-mace.org\\\/wp-content\\\/uploads\\\/2021\\\/06\\\/Logo-Centre-yoga-LJM-web.png\",\"contentUrl\":\"https:\\\/\\\/centredeyoga-lyon-jean-mace.org\\\/wp-content\\\/uploads\\\/2021\\\/06\\\/Logo-Centre-yoga-LJM-web.png\",\"width\":500,\"height\":520,\"caption\":\"Centre de yoga Lyon Jean Mac\u00e9\"},\"image\":{\"@id\":\"https:\\\/\\\/centredeyoga-lyon-jean-mace.org\\\/#\\\/schema\\\/logo\\\/image\\\/\"},\"sameAs\":[\"https:\\\/\\\/www.facebook.com\\\/CentredeYogaLyonJeanMace\",\"https:\\\/\\\/www.instagram.com\\\/centredeyogalyonjeanmace\\\/\"]}]}<\/script>\n<!-- \/ Yoast SEO plugin. -->","yoast_head_json":{"title":"Lydia PIATON - Centre de Yoga Lyon Jean Mac\u00e9","robots":{"index":"index","follow":"follow","max-snippet":"max-snippet:-1","max-image-preview":"max-image-preview:large","max-video-preview":"max-video-preview:-1"},"canonical":"https:\/\/centredeyoga-lyon-jean-mace.org\/index.php\/intervenants\/lydia-piaton\/","og_locale":"fr_FR","og_type":"article","og_title":"Lydia PIATON - Centre de Yoga Lyon Jean Mac\u00e9","og_description":"Sophrologue certifi\u00e9 Professionnelle au parcours atypique, j\u2019ai \u00e9volu\u00e9 dans des univers vari\u00e9s, de la mode \u00e0 la vente, enrichissant ainsi mes comp\u00e9tences et mon adaptabilit\u00e9. Dipl\u00f4m\u00e9e en stylisme, j\u2019ai d\u00e9but\u00e9 \u00e0 Paris avant de poursuivre une carri\u00e8re dans le pr\u00eat-\u00e0-porter, puis de m\u2019installer en Guadeloupe o\u00f9 j\u2019ai g\u00e9r\u00e9 plusieurs boutiques pendant huit ans. Apr\u00e8s une [&hellip;]","og_url":"https:\/\/centredeyoga-lyon-jean-mace.org\/index.php\/intervenants\/lydia-piaton\/","og_site_name":"Centre de Yoga Lyon Jean Mac\u00e9","article_publisher":"https:\/\/www.facebook.com\/CentredeYogaLyonJeanMace","article_modified_time":"2026-05-14T09:09:16+00:00","og_image":[{"width":900,"height":920,"url":"https:\/\/centredeyoga-lyon-jean-mace.org\/wp-content\/uploads\/2022\/05\/Sans-photo.jpg","type":"image\/jpeg"}],"twitter_card":"summary_large_image","twitter_misc":{"Dur\u00e9e de lecture estim\u00e9e":"2 minutes"},"schema":{"@context":"https:\/\/schema.org","@graph":[{"@type":"WebPage","@id":"https:\/\/centredeyoga-lyon-jean-mace.org\/index.php\/intervenants\/lydia-piaton\/","url":"https:\/\/centredeyoga-lyon-jean-mace.org\/index.php\/intervenants\/lydia-piaton\/","name":"Lydia PIATON - Centre de Yoga Lyon Jean Mac\u00e9","isPartOf":{"@id":"https:\/\/centredeyoga-lyon-jean-mace.org\/#website"},"primaryImageOfPage":{"@id":"https:\/\/centredeyoga-lyon-jean-mace.org\/index.php\/intervenants\/lydia-piaton\/#primaryimage"},"image":{"@id":"https:\/\/centredeyoga-lyon-jean-mace.org\/index.php\/intervenants\/lydia-piaton\/#primaryimage"},"thumbnailUrl":"https:\/\/centredeyoga-lyon-jean-mace.org\/wp-content\/uploads\/2022\/05\/Sans-photo.jpg","datePublished":"2026-05-14T08:51:07+00:00","dateModified":"2026-05-14T09:09:16+00:00","breadcrumb":{"@id":"https:\/\/centredeyoga-lyon-jean-mace.org\/index.php\/intervenants\/lydia-piaton\/#breadcrumb"},"inLanguage":"fr-FR","potentialAction":[{"@type":"ReadAction","target":["https:\/\/centredeyoga-lyon-jean-mace.org\/index.php\/intervenants\/lydia-piaton\/"]}]},{"@type":"ImageObject","inLanguage":"fr-FR","@id":"https:\/\/centredeyoga-lyon-jean-mace.org\/index.php\/intervenants\/lydia-piaton\/#primaryimage","url":"https:\/\/centredeyoga-lyon-jean-mace.org\/wp-content\/uploads\/2022\/05\/Sans-photo.jpg","contentUrl":"https:\/\/centredeyoga-lyon-jean-mace.org\/wp-content\/uploads\/2022\/05\/Sans-photo.jpg","width":900,"height":920},{"@type":"BreadcrumbList","@id":"https:\/\/centredeyoga-lyon-jean-mace.org\/index.php\/intervenants\/lydia-piaton\/#breadcrumb","itemListElement":[{"@type":"ListItem","position":1,"name":"Accueil","item":"https:\/\/centredeyoga-lyon-jean-mace.org\/"},{"@type":"ListItem","position":2,"name":"Les intervenants de la salle","item":"https:\/\/centredeyoga-lyon-jean-mace.org\/index.php\/intervenants\/"},{"@type":"ListItem","position":3,"name":"Lydia PIATON"}]},{"@type":"WebSite","@id":"https:\/\/centredeyoga-lyon-jean-mace.org\/#website","url":"https:\/\/centredeyoga-lyon-jean-mace.org\/","name":"Centre de yoga Lyon Jean Mac\u00e9","description":"Une salle de Yoga au coeur de Lyon","publisher":{"@id":"https:\/\/centredeyoga-lyon-jean-mace.org\/#organization"},"potentialAction":[{"@type":"SearchAction","target":{"@type":"EntryPoint","urlTemplate":"https:\/\/centredeyoga-lyon-jean-mace.org\/?s={search_term_string}"},"query-input":{"@type":"PropertyValueSpecification","valueRequired":true,"valueName":"search_term_string"}}],"inLanguage":"fr-FR"},{"@type":"Organization","@id":"https:\/\/centredeyoga-lyon-jean-mace.org\/#organization","name":"Centre de yoga Lyon Jean Mac\u00e9","url":"https:\/\/centredeyoga-lyon-jean-mace.org\/","logo":{"@type":"ImageObject","inLanguage":"fr-FR","@id":"https:\/\/centredeyoga-lyon-jean-mace.org\/#\/schema\/logo\/image\/","url":"https:\/\/centredeyoga-lyon-jean-mace.org\/wp-content\/uploads\/2021\/06\/Logo-Centre-yoga-LJM-web.png","contentUrl":"https:\/\/centredeyoga-lyon-jean-mace.org\/wp-content\/uploads\/2021\/06\/Logo-Centre-yoga-LJM-web.png","width":500,"height":520,"caption":"Centre de yoga Lyon Jean Mac\u00e9"},"image":{"@id":"https:\/\/centredeyoga-lyon-jean-mace.org\/#\/schema\/logo\/image\/"},"sameAs":["https:\/\/www.facebook.com\/CentredeYogaLyonJeanMace","https:\/\/www.instagram.com\/centredeyogalyonjeanmace\/"]}]}},"_links":{"self":[{"href":"https:\/\/centredeyoga-lyon-jean-mace.org\/index.php\/wp-json\/wp\/v2\/pages\/5259","targetHints":{"allow":["GET"]}}],"collection":[{"href":"https:\/\/centredeyoga-lyon-jean-mace.org\/index.php\/wp-json\/wp\/v2\/pages"}],"about":[{"href":"https:\/\/centredeyoga-lyon-jean-mace.org\/index.php\/wp-json\/wp\/v2\/types\/page"}],"author":[{"embeddable":true,"href":"https:\/\/centredeyoga-lyon-jean-mace.org\/index.php\/wp-json\/wp\/v2\/users\/3"}],"replies":[{"embeddable":true,"href":"https:\/\/centredeyoga-lyon-jean-mace.org\/index.php\/wp-json\/wp\/v2\/comments?post=5259"}],"version-history":[{"count":2,"href":"https:\/\/centredeyoga-lyon-jean-mace.org\/index.php\/wp-json\/wp\/v2\/pages\/5259\/revisions"}],"predecessor-version":[{"id":5271,"href":"https:\/\/centredeyoga-lyon-jean-mace.org\/index.php\/wp-json\/wp\/v2\/pages\/5259\/revisions\/5271"}],"up":[{"embeddable":true,"href":"https:\/\/centredeyoga-lyon-jean-mace.org\/index.php\/wp-json\/wp\/v2\/pages\/47"}],"wp:attachment":[{"href":"https:\/\/centredeyoga-lyon-jean-mace.org\/index.php\/wp-json\/wp\/v2\/media?parent=5259"}],"curies":[{"name":"wp","href":"https:\/\/api.w.org\/{rel}","templated":true}]}}