{"id":63,"date":"2016-06-11T13:16:22","date_gmt":"2016-06-11T12:16:22","guid":{"rendered":"http:\/\/centredeyoga-lyon-jean-mace.org\/?page_id=63"},"modified":"2026-03-18T11:23:03","modified_gmt":"2026-03-18T09:23:03","slug":"contact-yoga-lyon-7","status":"publish","type":"page","link":"https:\/\/centredeyoga-lyon-jean-mace.org\/index.php\/contact-yoga-lyon-7\/","title":{"rendered":"Restons en contact"},"content":{"rendered":"\n<h2 class=\"wp-block-heading\">Inscriptions<\/h2>\n\n\n\n<p>Toutes les inscriptions et les s\u00e9ances d&rsquo;essai se font aupr\u00e8s de votre enseignant. <strong>Contactez-le directement<\/strong> par mail ou t\u00e9l\u00e9phone : les coordonn\u00e9es sont <a href=\"http:\/\/centredeyoga-lyon-jean-mace.org\/index.php\/intervenants\/\">sur leurs pages<\/a>.<\/p>\n\n\n\n<h2 class=\"wp-block-heading\">Renseignements g\u00e9n\u00e9raux<\/h2>\n\n\n\n<p>Pour <strong>toute question g\u00e9n\u00e9rale<\/strong> sur le Yoga ou sur le Centre, contactez <a href=\"https:\/\/centredeyoga-lyon-jean-mace.org\/index.php\/intervenants\/laurent-simon\/\">Laurent<\/a> : <a href=\"mailto:laurent.simon@mailo.com\">laurent.simon@mailo.com<\/a> ou 06 78 86 89 92.<br>Vous trouverez les <strong>tarifs <\/strong>sous le calendrier <a href=\"https:\/\/centredeyoga-lyon-jean-mace.org\/index.php\/cours\/cours-hebdomadaires-yoga-pilates-sophrologie-lyon-7\/\">des cours collectifs<\/a>.<\/p>\n\n\n\n<h2 class=\"wp-block-heading\">Venir au Centre<\/h2>\n\n\n\n<p class=\"has-luminous-vivid-orange-color has-text-color has-link-color wp-elements-0462ad4784207da59432bbf7f24ded7e\"><strong>ATTENTION <\/strong>: Notre Centre <strong>n&rsquo;a PAS de point d&rsquo;accueil permanent<\/strong>. Merci donc de <strong>prendre rendez-vous avant de venir<\/strong>, sinon vous pourriez <strong>trouver salle close<\/strong> ou <strong>d\u00e9ranger une pratique en cours<\/strong>&#8230;<\/p>\n\n\n\n<div class=\"wp-block-columns is-layout-flex wp-container-core-columns-is-layout-9d6595d7 wp-block-columns-is-layout-flex\">\n<div class=\"wp-block-column is-layout-flow wp-block-column-is-layout-flow\" style=\"flex-basis:75%\">\n<p><\/p>\n\n\n\n<p class=\"has-medium-font-size\">Le Centre est situ\u00e9 au <strong>13 rue Camille Roy, Lyon 7\u00b0<\/strong><\/p>\n\n\n\n<p>Il est notamment accessible par le <strong>M\u00e9tro B<\/strong> (arr\u00eat \u00ab\u00a0Jean Mac\u00e9\u00a0\u00bb) ou le <strong>Tram T2<\/strong> (arr\u00eats \u00ab\u00a0Jean Mac\u00e9\u00a0\u00bb ou \u00ab\u00a0Garibaldi &#8211; Berthelot\u00a0\u00bb)<\/p>\n<\/div>\n\n\n\n<div class=\"wp-block-column is-layout-flow wp-block-column-is-layout-flow\" style=\"flex-basis:25%\">\n<figure class=\"wp-block-image size-large is-resized\"><img loading=\"lazy\" decoding=\"async\" width=\"500\" height=\"520\" src=\"https:\/\/centredeyoga-lyon-jean-mace.org\/wp-content\/uploads\/2021\/06\/Logo-Centre-yoga-LJM-web.png\" alt=\"Logo Centre de Yoga Lyon Jean Mac\u00e9\" class=\"wp-image-2108\" style=\"width:165px;height:171px\" srcset=\"https:\/\/centredeyoga-lyon-jean-mace.org\/wp-content\/uploads\/2021\/06\/Logo-Centre-yoga-LJM-web.png 500w, https:\/\/centredeyoga-lyon-jean-mace.org\/wp-content\/uploads\/2021\/06\/Logo-Centre-yoga-LJM-web-288x300.png 288w\" sizes=\"auto, (max-width: 500px) 100vw, 500px\" \/><\/figure>\n<\/div>\n<\/div>\n\n\n\n<style type=\"text\/css\" id=\"umsMapStyles_1_91942\">\r\n    #ultimate_maps_1_91942 {\r\n        width: 100%;\r\n        height: 550px;\r\n                border: 0px solid ;\r\n        margin: 0px;\r\n    }\r\n    #mapsControlsNum_1_91942 {\r\n        width:100%    }\r\n    .umsMapDetailsContainer#umsMapDetailsContainer_1_91942 {\r\n        height:550px;\r\n    }\r\n    .ums_MapPreview#ultimate_maps_1_91942 {\r\n        \/*position:absolute;*\/\r\n        width:100%;\r\n    }\r\n    #mapConElem_1_91942{\r\n        width:100%    }\r\n    <\/style><div class=\"ums_map_opts\" id=\"mapConElem_1_91942\" data-id=\"1\" data-view-id=\"1_91942\" > <div class=\"umsMapDetailsContainer\" id=\"umsMapDetailsContainer_1_91942\"> <i class=\"umsKMLLayersPreloader fa fa-spinner fa-spin\" aria-hidden=\"true\" style=\"display: none;\"><\/i> <div class=\"ums_MapPreview \" id=\"ultimate_maps_1_91942\"><\/div> <\/div> <div class=\"umsMapMarkerFilters\" id=\"umsMapMarkerFilters_1_91942\"> <\/div> <div class=\"umsMapProControlsCon\" id=\"umsMapProControlsCon_1_91942\"> <a title=\"Google Map Plugin\" style=\"border:none; color: #26bfc1 !important; font-size: 9px; display: block; float: right; padding-right: 10px;\" href=\"https:\/\/supsystic.com\/plugins\/google-maps-plugin\/?utm_medium=love_link_hide\" target=\"_blank\">Google Map Plugin<\/a><div style=\"clear: both;\"><\/div> <\/div> <div class=\"umsMapProDirectionsCon\" id=\"umsMapProDirectionsCon_1_91942\" > <\/div> <div class=\"umsMapProKmlFilterCon\" id=\"umsMapProKmlFilterCon_1_91942\" > <\/div> <div class=\"umsSocialSharingShell umsSocialSharingShell_1_91942\"> <\/div> <div style=\"clear: both;\"><\/div> <\/div>\n\n\n\n<h2 class=\"wp-block-heading\">Suivez les nouveaut\u00e9s<\/h2>\n\n\n\n<div class=\"wp-block-columns is-layout-flex wp-container-core-columns-is-layout-9d6595d7 wp-block-columns-is-layout-flex\">\n<div class=\"wp-block-column is-layout-flow wp-block-column-is-layout-flow\" style=\"flex-basis:100px\">\n<figure class=\"wp-block-image size-large is-resized\"><a href=\"https:\/\/www.facebook.com\/Centre-de-yoga-Lyon-Jean-Mac%C3%A9-110398057407790\/\" target=\"_blank\" rel=\"noopener\"><img loading=\"lazy\" decoding=\"async\" width=\"1024\" height=\"1024\" src=\"https:\/\/centredeyoga-lyon-jean-mace.org\/wp-content\/uploads\/2020\/07\/Facebook-Logo-1024x1024.png\" alt=\"\" class=\"wp-image-1698\"\/><\/a><figcaption class=\"wp-element-caption\">Facebook<\/figcaption><\/figure>\n<\/div>\n\n\n\n<div class=\"wp-block-column is-layout-flow wp-block-column-is-layout-flow\" style=\"flex-basis:100px\">\n<figure class=\"wp-block-image size-large is-resized\"><a href=\"https:\/\/www.instagram.com\/centredeyogalyonjeanmace\" target=\"_blank\" rel=\"noopener\"><img loading=\"lazy\" decoding=\"async\" width=\"1024\" height=\"1024\" src=\"https:\/\/centredeyoga-lyon-jean-mace.org\/wp-content\/uploads\/2021\/09\/instagram-1024x1024.png\" alt=\"\" class=\"wp-image-2447\"\/><\/a><figcaption class=\"wp-element-caption\">Instagram<\/figcaption><\/figure>\n<\/div>\n\n\n\n<div class=\"wp-block-column is-layout-flow wp-block-column-is-layout-flow\"><\/div>\n\n\n\n<div class=\"wp-block-column is-layout-flow wp-block-column-is-layout-flow\"><\/div>\n<\/div>\n\n\n\n<h5 class=\"wp-block-heading\">Inscrivez-vous \u00e0 notre Lettre d&rsquo;information<\/h5>\n\n\n\n<p><em>Vous pourrez vous d\u00e9sinscrire d\u00e8s que vous le souhaitez \u00e0 partir d&rsquo;un lien pr\u00e9sent dans chaque mail re\u00e7u.<\/em><\/p>\n\n\n\n<p>Consulter notre <a aria-label=\"Politique de confidentialit\u00e9 (s\u2019ouvre dans un nouvel onglet)\" href=\"http:\/\/centredeyoga-lyon-jean-mace.org\/index.php\/politique-de-confidentialite\/\" target=\"_blank\" rel=\"noreferrer noopener\">Politique de confidentialit\u00e9<\/a><\/p>\n\n\n\n<p><\/p>\n\n\n\n<p><a href=\"https:\/\/centredeyoga-lyon-jean-mace.org\/index.php\/contact-yoga-lyon-7\/partenaires-et-amis\/\">Voir nos liens vers les amis et partenaires<\/a><\/p>\n","protected":false},"excerpt":{"rendered":"<p>Inscriptions Toutes les inscriptions et les s\u00e9ances d&rsquo;essai se font aupr\u00e8s de votre enseignant. Contactez-le directement par mail ou t\u00e9l\u00e9phone : les coordonn\u00e9es sont sur leurs pages. Renseignements g\u00e9n\u00e9raux Pour toute question g\u00e9n\u00e9rale sur le Yoga ou sur le Centre, contactez Laurent : laurent.simon@mailo.com ou 06 78 86 89 92.Vous trouverez les tarifs sous le [&hellip;]<\/p>\n","protected":false},"author":3,"featured_media":0,"parent":0,"menu_order":0,"comment_status":"closed","ping_status":"closed","template":"","meta":{"_monsterinsights_skip_tracking":false,"_monsterinsights_sitenote_active":false,"_monsterinsights_sitenote_note":"","_monsterinsights_sitenote_category":0,"footnotes":""},"class_list":["post-63","page","type-page","status-publish","hentry","clear"],"yoast_head":"<!-- This site is optimized with the Yoast SEO plugin v27.3 - https:\/\/yoast.com\/product\/yoast-seo-wordpress\/ -->\n<title>Restons en contact - Centre de Yoga Lyon Jean Mac\u00e9 - Lyon 7<\/title>\n<meta name=\"description\" content=\"Centre de Yoga Lyon Jean Mac\u00e9 - Lyon 7 : Contactez-nous pour toute demande de cours d&#039;essai ou pour une inscription, m\u00eame en cours d&#039;ann\u00e9e.\" \/>\n<meta name=\"robots\" content=\"index, follow, max-snippet:-1, max-image-preview:large, max-video-preview:-1\" \/>\n<link rel=\"canonical\" href=\"https:\/\/centredeyoga-lyon-jean-mace.org\/index.php\/contact-yoga-lyon-7\/\" \/>\n<meta property=\"og:locale\" content=\"fr_FR\" \/>\n<meta property=\"og:type\" content=\"article\" \/>\n<meta property=\"og:title\" content=\"Restons en contact - Centre de Yoga Lyon Jean Mac\u00e9 - Lyon 7\" \/>\n<meta property=\"og:description\" content=\"Centre de Yoga Lyon Jean Mac\u00e9 - Lyon 7 : Contactez-nous pour toute demande de cours d&#039;essai ou pour une inscription, m\u00eame en cours d&#039;ann\u00e9e.\" \/>\n<meta property=\"og:url\" content=\"https:\/\/centredeyoga-lyon-jean-mace.org\/index.php\/contact-yoga-lyon-7\/\" \/>\n<meta property=\"og:site_name\" content=\"Centre de Yoga Lyon Jean Mac\u00e9\" \/>\n<meta property=\"article:publisher\" content=\"https:\/\/www.facebook.com\/CentredeYogaLyonJeanMace\" \/>\n<meta property=\"article:modified_time\" content=\"2026-03-18T09:23:03+00:00\" \/>\n<meta property=\"og:image\" content=\"https:\/\/centredeyoga-lyon-jean-mace.org\/wp-content\/uploads\/2021\/06\/Logo-Centre-yoga-LJM-web.png\" \/>\n\t<meta property=\"og:image:width\" content=\"500\" \/>\n\t<meta property=\"og:image:height\" content=\"520\" \/>\n\t<meta property=\"og:image:type\" content=\"image\/png\" \/>\n<meta name=\"twitter:card\" content=\"summary_large_image\" \/>\n<meta name=\"twitter:label1\" content=\"Dur\u00e9e de lecture estim\u00e9e\" \/>\n\t<meta name=\"twitter:data1\" content=\"2 minutes\" \/>\n<script type=\"application\/ld+json\" class=\"yoast-schema-graph\">{\"@context\":\"https:\\\/\\\/schema.org\",\"@graph\":[{\"@type\":\"WebPage\",\"@id\":\"https:\\\/\\\/centredeyoga-lyon-jean-mace.org\\\/index.php\\\/contact-yoga-lyon-7\\\/\",\"url\":\"https:\\\/\\\/centredeyoga-lyon-jean-mace.org\\\/index.php\\\/contact-yoga-lyon-7\\\/\",\"name\":\"Restons en contact - Centre de Yoga Lyon Jean Mac\u00e9 - Lyon 7\",\"isPartOf\":{\"@id\":\"https:\\\/\\\/centredeyoga-lyon-jean-mace.org\\\/#website\"},\"primaryImageOfPage\":{\"@id\":\"https:\\\/\\\/centredeyoga-lyon-jean-mace.org\\\/index.php\\\/contact-yoga-lyon-7\\\/#primaryimage\"},\"image\":{\"@id\":\"https:\\\/\\\/centredeyoga-lyon-jean-mace.org\\\/index.php\\\/contact-yoga-lyon-7\\\/#primaryimage\"},\"thumbnailUrl\":\"https:\\\/\\\/centredeyoga-lyon-jean-mace.org\\\/wp-content\\\/uploads\\\/2021\\\/06\\\/Logo-Centre-yoga-LJM-web.png\",\"datePublished\":\"2016-06-11T12:16:22+00:00\",\"dateModified\":\"2026-03-18T09:23:03+00:00\",\"description\":\"Centre de Yoga Lyon Jean Mac\u00e9 - Lyon 7 : Contactez-nous pour toute demande de cours d'essai ou pour une inscription, m\u00eame en cours d'ann\u00e9e.\",\"breadcrumb\":{\"@id\":\"https:\\\/\\\/centredeyoga-lyon-jean-mace.org\\\/index.php\\\/contact-yoga-lyon-7\\\/#breadcrumb\"},\"inLanguage\":\"fr-FR\",\"potentialAction\":[{\"@type\":\"ReadAction\",\"target\":[\"https:\\\/\\\/centredeyoga-lyon-jean-mace.org\\\/index.php\\\/contact-yoga-lyon-7\\\/\"]}]},{\"@type\":\"ImageObject\",\"inLanguage\":\"fr-FR\",\"@id\":\"https:\\\/\\\/centredeyoga-lyon-jean-mace.org\\\/index.php\\\/contact-yoga-lyon-7\\\/#primaryimage\",\"url\":\"https:\\\/\\\/centredeyoga-lyon-jean-mace.org\\\/wp-content\\\/uploads\\\/2021\\\/06\\\/Logo-Centre-yoga-LJM-web.png\",\"contentUrl\":\"https:\\\/\\\/centredeyoga-lyon-jean-mace.org\\\/wp-content\\\/uploads\\\/2021\\\/06\\\/Logo-Centre-yoga-LJM-web.png\",\"width\":500,\"height\":520},{\"@type\":\"BreadcrumbList\",\"@id\":\"https:\\\/\\\/centredeyoga-lyon-jean-mace.org\\\/index.php\\\/contact-yoga-lyon-7\\\/#breadcrumb\",\"itemListElement\":[{\"@type\":\"ListItem\",\"position\":1,\"name\":\"Accueil\",\"item\":\"https:\\\/\\\/centredeyoga-lyon-jean-mace.org\\\/\"},{\"@type\":\"ListItem\",\"position\":2,\"name\":\"Restons en contact\"}]},{\"@type\":\"WebSite\",\"@id\":\"https:\\\/\\\/centredeyoga-lyon-jean-mace.org\\\/#website\",\"url\":\"https:\\\/\\\/centredeyoga-lyon-jean-mace.org\\\/\",\"name\":\"Centre de yoga Lyon Jean Mac\u00e9\",\"description\":\"Une salle de Yoga au coeur de Lyon\",\"publisher\":{\"@id\":\"https:\\\/\\\/centredeyoga-lyon-jean-mace.org\\\/#organization\"},\"potentialAction\":[{\"@type\":\"SearchAction\",\"target\":{\"@type\":\"EntryPoint\",\"urlTemplate\":\"https:\\\/\\\/centredeyoga-lyon-jean-mace.org\\\/?s={search_term_string}\"},\"query-input\":{\"@type\":\"PropertyValueSpecification\",\"valueRequired\":true,\"valueName\":\"search_term_string\"}}],\"inLanguage\":\"fr-FR\"},{\"@type\":\"Organization\",\"@id\":\"https:\\\/\\\/centredeyoga-lyon-jean-mace.org\\\/#organization\",\"name\":\"Centre de yoga Lyon Jean Mac\u00e9\",\"url\":\"https:\\\/\\\/centredeyoga-lyon-jean-mace.org\\\/\",\"logo\":{\"@type\":\"ImageObject\",\"inLanguage\":\"fr-FR\",\"@id\":\"https:\\\/\\\/centredeyoga-lyon-jean-mace.org\\\/#\\\/schema\\\/logo\\\/image\\\/\",\"url\":\"https:\\\/\\\/centredeyoga-lyon-jean-mace.org\\\/wp-content\\\/uploads\\\/2021\\\/06\\\/Logo-Centre-yoga-LJM-web.png\",\"contentUrl\":\"https:\\\/\\\/centredeyoga-lyon-jean-mace.org\\\/wp-content\\\/uploads\\\/2021\\\/06\\\/Logo-Centre-yoga-LJM-web.png\",\"width\":500,\"height\":520,\"caption\":\"Centre de yoga Lyon Jean Mac\u00e9\"},\"image\":{\"@id\":\"https:\\\/\\\/centredeyoga-lyon-jean-mace.org\\\/#\\\/schema\\\/logo\\\/image\\\/\"},\"sameAs\":[\"https:\\\/\\\/www.facebook.com\\\/CentredeYogaLyonJeanMace\",\"https:\\\/\\\/www.instagram.com\\\/centredeyogalyonjeanmace\\\/\"]}]}<\/script>\n<!-- \/ Yoast SEO plugin. -->","yoast_head_json":{"title":"Restons en contact - Centre de Yoga Lyon Jean Mac\u00e9 - Lyon 7","description":"Centre de Yoga Lyon Jean Mac\u00e9 - Lyon 7 : Contactez-nous pour toute demande de cours d'essai ou pour une inscription, m\u00eame en cours d'ann\u00e9e.","robots":{"index":"index","follow":"follow","max-snippet":"max-snippet:-1","max-image-preview":"max-image-preview:large","max-video-preview":"max-video-preview:-1"},"canonical":"https:\/\/centredeyoga-lyon-jean-mace.org\/index.php\/contact-yoga-lyon-7\/","og_locale":"fr_FR","og_type":"article","og_title":"Restons en contact - Centre de Yoga Lyon Jean Mac\u00e9 - Lyon 7","og_description":"Centre de Yoga Lyon Jean Mac\u00e9 - Lyon 7 : Contactez-nous pour toute demande de cours d'essai ou pour une inscription, m\u00eame en cours d'ann\u00e9e.","og_url":"https:\/\/centredeyoga-lyon-jean-mace.org\/index.php\/contact-yoga-lyon-7\/","og_site_name":"Centre de Yoga Lyon Jean Mac\u00e9","article_publisher":"https:\/\/www.facebook.com\/CentredeYogaLyonJeanMace","article_modified_time":"2026-03-18T09:23:03+00:00","og_image":[{"width":500,"height":520,"url":"https:\/\/centredeyoga-lyon-jean-mace.org\/wp-content\/uploads\/2021\/06\/Logo-Centre-yoga-LJM-web.png","type":"image\/png"}],"twitter_card":"summary_large_image","twitter_misc":{"Dur\u00e9e de lecture estim\u00e9e":"2 minutes"},"schema":{"@context":"https:\/\/schema.org","@graph":[{"@type":"WebPage","@id":"https:\/\/centredeyoga-lyon-jean-mace.org\/index.php\/contact-yoga-lyon-7\/","url":"https:\/\/centredeyoga-lyon-jean-mace.org\/index.php\/contact-yoga-lyon-7\/","name":"Restons en contact - Centre de Yoga Lyon Jean Mac\u00e9 - Lyon 7","isPartOf":{"@id":"https:\/\/centredeyoga-lyon-jean-mace.org\/#website"},"primaryImageOfPage":{"@id":"https:\/\/centredeyoga-lyon-jean-mace.org\/index.php\/contact-yoga-lyon-7\/#primaryimage"},"image":{"@id":"https:\/\/centredeyoga-lyon-jean-mace.org\/index.php\/contact-yoga-lyon-7\/#primaryimage"},"thumbnailUrl":"https:\/\/centredeyoga-lyon-jean-mace.org\/wp-content\/uploads\/2021\/06\/Logo-Centre-yoga-LJM-web.png","datePublished":"2016-06-11T12:16:22+00:00","dateModified":"2026-03-18T09:23:03+00:00","description":"Centre de Yoga Lyon Jean Mac\u00e9 - Lyon 7 : Contactez-nous pour toute demande de cours d'essai ou pour une inscription, m\u00eame en cours d'ann\u00e9e.","breadcrumb":{"@id":"https:\/\/centredeyoga-lyon-jean-mace.org\/index.php\/contact-yoga-lyon-7\/#breadcrumb"},"inLanguage":"fr-FR","potentialAction":[{"@type":"ReadAction","target":["https:\/\/centredeyoga-lyon-jean-mace.org\/index.php\/contact-yoga-lyon-7\/"]}]},{"@type":"ImageObject","inLanguage":"fr-FR","@id":"https:\/\/centredeyoga-lyon-jean-mace.org\/index.php\/contact-yoga-lyon-7\/#primaryimage","url":"https:\/\/centredeyoga-lyon-jean-mace.org\/wp-content\/uploads\/2021\/06\/Logo-Centre-yoga-LJM-web.png","contentUrl":"https:\/\/centredeyoga-lyon-jean-mace.org\/wp-content\/uploads\/2021\/06\/Logo-Centre-yoga-LJM-web.png","width":500,"height":520},{"@type":"BreadcrumbList","@id":"https:\/\/centredeyoga-lyon-jean-mace.org\/index.php\/contact-yoga-lyon-7\/#breadcrumb","itemListElement":[{"@type":"ListItem","position":1,"name":"Accueil","item":"https:\/\/centredeyoga-lyon-jean-mace.org\/"},{"@type":"ListItem","position":2,"name":"Restons en contact"}]},{"@type":"WebSite","@id":"https:\/\/centredeyoga-lyon-jean-mace.org\/#website","url":"https:\/\/centredeyoga-lyon-jean-mace.org\/","name":"Centre de yoga Lyon Jean Mac\u00e9","description":"Une salle de Yoga au coeur de Lyon","publisher":{"@id":"https:\/\/centredeyoga-lyon-jean-mace.org\/#organization"},"potentialAction":[{"@type":"SearchAction","target":{"@type":"EntryPoint","urlTemplate":"https:\/\/centredeyoga-lyon-jean-mace.org\/?s={search_term_string}"},"query-input":{"@type":"PropertyValueSpecification","valueRequired":true,"valueName":"search_term_string"}}],"inLanguage":"fr-FR"},{"@type":"Organization","@id":"https:\/\/centredeyoga-lyon-jean-mace.org\/#organization","name":"Centre de yoga Lyon Jean Mac\u00e9","url":"https:\/\/centredeyoga-lyon-jean-mace.org\/","logo":{"@type":"ImageObject","inLanguage":"fr-FR","@id":"https:\/\/centredeyoga-lyon-jean-mace.org\/#\/schema\/logo\/image\/","url":"https:\/\/centredeyoga-lyon-jean-mace.org\/wp-content\/uploads\/2021\/06\/Logo-Centre-yoga-LJM-web.png","contentUrl":"https:\/\/centredeyoga-lyon-jean-mace.org\/wp-content\/uploads\/2021\/06\/Logo-Centre-yoga-LJM-web.png","width":500,"height":520,"caption":"Centre de yoga Lyon Jean Mac\u00e9"},"image":{"@id":"https:\/\/centredeyoga-lyon-jean-mace.org\/#\/schema\/logo\/image\/"},"sameAs":["https:\/\/www.facebook.com\/CentredeYogaLyonJeanMace","https:\/\/www.instagram.com\/centredeyogalyonjeanmace\/"]}]}},"_links":{"self":[{"href":"https:\/\/centredeyoga-lyon-jean-mace.org\/index.php\/wp-json\/wp\/v2\/pages\/63","targetHints":{"allow":["GET"]}}],"collection":[{"href":"https:\/\/centredeyoga-lyon-jean-mace.org\/index.php\/wp-json\/wp\/v2\/pages"}],"about":[{"href":"https:\/\/centredeyoga-lyon-jean-mace.org\/index.php\/wp-json\/wp\/v2\/types\/page"}],"author":[{"embeddable":true,"href":"https:\/\/centredeyoga-lyon-jean-mace.org\/index.php\/wp-json\/wp\/v2\/users\/3"}],"replies":[{"embeddable":true,"href":"https:\/\/centredeyoga-lyon-jean-mace.org\/index.php\/wp-json\/wp\/v2\/comments?post=63"}],"version-history":[{"count":9,"href":"https:\/\/centredeyoga-lyon-jean-mace.org\/index.php\/wp-json\/wp\/v2\/pages\/63\/revisions"}],"predecessor-version":[{"id":5234,"href":"https:\/\/centredeyoga-lyon-jean-mace.org\/index.php\/wp-json\/wp\/v2\/pages\/63\/revisions\/5234"}],"wp:attachment":[{"href":"https:\/\/centredeyoga-lyon-jean-mace.org\/index.php\/wp-json\/wp\/v2\/media?parent=63"}],"curies":[{"name":"wp","href":"https:\/\/api.w.org\/{rel}","templated":true}]}}