{"id":841,"date":"2018-06-25T15:50:17","date_gmt":"2018-06-25T14:50:17","guid":{"rendered":"http:\/\/centredeyoga-lyon-jean-mace.org\/?page_id=841"},"modified":"2024-12-20T10:17:31","modified_gmt":"2024-12-20T08:17:31","slug":"atelier-approfondissement-au-yoga-lyon","status":"publish","type":"page","link":"https:\/\/centredeyoga-lyon-jean-mace.org\/index.php\/cours\/atelier-approfondissement-au-yoga-lyon\/","title":{"rendered":"Ateliers d&rsquo;approfondissement au Yoga"},"content":{"rendered":"\n<div class=\"wp-block-columns is-layout-flex wp-container-core-columns-is-layout-9d6595d7 wp-block-columns-is-layout-flex\">\n<div class=\"wp-block-column is-layout-flow wp-block-column-is-layout-flow\" style=\"flex-basis:33.33%\">\n<figure class=\"wp-block-image size-full\"><img loading=\"lazy\" decoding=\"async\" width=\"215\" height=\"300\" src=\"https:\/\/centredeyoga-lyon-jean-mace.org\/wp-content\/uploads\/2018\/09\/Th\u00e9orie.png\" alt=\"\" class=\"wp-image-902\"\/><\/figure>\n<\/div>\n\n\n\n<div class=\"wp-block-column is-layout-flow wp-block-column-is-layout-flow\" style=\"flex-basis:66.66%\">\n<h4 class=\"wp-block-heading\">Lier th\u00e9orie et pratique<\/h4>\n\n\n\n<p>Le Centre de Yoga Lyon Jean Mac\u00e9 propose r\u00e9guli\u00e8rement des ateliers d&rsquo;approfondissement \u00e0 la pratique et la th\u00e9orie du Yoga. Ils sont l&rsquo;occasion de <strong>r\u00e9fl\u00e9chir plus en d\u00e9tail sur des th\u00e9matiques particuli\u00e8res.<\/strong><\/p>\n\n\n\n<p>Ainsi, ces ateliers permettent :<br>&#8211; d&rsquo;<strong>approcher autrement le travail postural<\/strong> (exp\u00e9rimenter et \u00e9changer en petits groupes autour d&rsquo;un th\u00e8me, d&rsquo;une probl\u00e9matique)<br>&#8211; de <strong>s&rsquo;initier au texte \u00ab\u00a0yoga s\u016btra\u00a0\u00bb de Pata\u00f1jali<\/strong> et d&rsquo;y trouver substance et nourriture, tout en proposant leur d\u00e9clinaison dans notre contexte europ\u00e9en<\/p>\n<\/div>\n<\/div>\n\n\n\n<p>Les ateliers permettent d&rsquo;apporter des \u00e9l\u00e9ments pr\u00e9cis et concrets pour <strong>devenir acteur de sa pratique<\/strong> et compl\u00e9ter les informations des s\u00e9ances hebdomadaires. C&rsquo;est en approfondissant sa connaissance que le Yoga devient un outil pour apporter clart\u00e9 et s\u00e9r\u00e9nit\u00e9 \u00e0 sa vie. Ainsi, ces temps d&rsquo;\u00e9changes m\u00e9langent une partie th\u00e9orique et une partie pratique pour aider les participants \u00e0 int\u00e9grer les bienfaits du Yoga dans leur quotidien.<\/p>\n\n\n\n<figure class=\"wp-block-image size-large is-style-rounded\"><img loading=\"lazy\" decoding=\"async\" width=\"1024\" height=\"729\" src=\"https:\/\/centredeyoga-lyon-jean-mace.org\/wp-content\/uploads\/2023\/11\/IMG_9479-1024x729.jpg\" alt=\"\" class=\"wp-image-3558\" srcset=\"https:\/\/centredeyoga-lyon-jean-mace.org\/wp-content\/uploads\/2023\/11\/IMG_9479-1024x729.jpg 1024w, https:\/\/centredeyoga-lyon-jean-mace.org\/wp-content\/uploads\/2023\/11\/IMG_9479-300x214.jpg 300w, https:\/\/centredeyoga-lyon-jean-mace.org\/wp-content\/uploads\/2023\/11\/IMG_9479-768x547.jpg 768w, https:\/\/centredeyoga-lyon-jean-mace.org\/wp-content\/uploads\/2023\/11\/IMG_9479-1536x1093.jpg 1536w, https:\/\/centredeyoga-lyon-jean-mace.org\/wp-content\/uploads\/2023\/11\/IMG_9479-2048x1458.jpg 2048w\" sizes=\"auto, (max-width: 1024px) 100vw, 1024px\" \/><\/figure>\n\n\n\n<h4 class=\"wp-block-heading\">Organisation<\/h4>\n\n\n\n<p>Ils prennent place g\u00e9n\u00e9ralement <strong>le samedi matin de 9h30 \u00e0 12h30<\/strong> et compl\u00e8tent les cours hebdomadaires. Ils sont donc propos\u00e9s \u00e0 part, avec un tarif propre. Pensez \u00e0 r\u00e9server aupr\u00e8s de l&rsquo;enseignant concern\u00e9. Diff\u00e9rents intervenants se relaient pour les organiser tout au long de l&rsquo;ann\u00e9e, sur diff\u00e9rentes th\u00e9matiques.<\/p>\n\n\n\n<p>Ces ateliers sont affich\u00e9s au fur et \u00e0 mesure \u00e0 droite de cette page dans la section \u00ab\u00a0\u00c9v\u00e9nements\u00a0\u00bb et indiqu\u00e9s sur <a href=\"https:\/\/www.facebook.com\/Centre-de-yoga-Lyon-Jean-Mac%C3%A9-110398057407790\/\" target=\"_blank\" rel=\"noopener noreferrer\">Facebook<\/a>.<\/p>\n\n\n\n<hr class=\"wp-block-separator has-text-color has-luminous-vivid-orange-color has-css-opacity has-luminous-vivid-orange-background-color has-background is-style-dots\"\/>\n\n\n\n<h5 class=\"wp-block-heading\"><a href=\"https:\/\/centredeyoga-lyon-jean-mace.org\/index.php\/cours\/cours-hebdomadaires-yoga-pilates-sophrologie-lyon-7\/\">Cours collectifs<\/a><br><a href=\"https:\/\/centredeyoga-lyon-jean-mace.org\/index.php\/cours\/cours-individuels\/\">Cours individuels<\/a><\/h5>\n\n\n\n<p><a href=\"http:\/\/centredeyoga-lyon-jean-mace.org\/index.php\/le-yoga\/\">retour \u00e0 la page Yoga<\/a><\/p>\n","protected":false},"excerpt":{"rendered":"<p>Lier th\u00e9orie et pratique Le Centre de Yoga Lyon Jean Mac\u00e9 propose r\u00e9guli\u00e8rement des ateliers d&rsquo;approfondissement \u00e0 la pratique et la th\u00e9orie du Yoga. Ils sont l&rsquo;occasion de r\u00e9fl\u00e9chir plus en d\u00e9tail sur des th\u00e9matiques particuli\u00e8res. Ainsi, ces ateliers permettent :&#8211; d&rsquo;approcher autrement le travail postural (exp\u00e9rimenter et \u00e9changer en petits groupes autour d&rsquo;un th\u00e8me, [&hellip;]<\/p>\n","protected":false},"author":3,"featured_media":0,"parent":1778,"menu_order":0,"comment_status":"closed","ping_status":"closed","template":"","meta":{"_monsterinsights_skip_tracking":false,"_monsterinsights_sitenote_active":false,"_monsterinsights_sitenote_note":"","_monsterinsights_sitenote_category":0,"footnotes":""},"class_list":["post-841","page","type-page","status-publish","hentry","clear"],"yoast_head":"<!-- This site is optimized with the Yoast SEO plugin v27.5 - https:\/\/yoast.com\/product\/yoast-seo-wordpress\/ -->\n<title>Atelier Yoga Lyon 7 - Centre de Yoga Lyon Jean Mac\u00e9 - pratique th\u00e9orie<\/title>\n<meta name=\"description\" content=\"Atelier Yoga Lyon 7. Ils permettent\u00a0d&#039;approfondir le travail postural, une th\u00e9matique particuli\u00e8re et de s&#039;initier au &quot;yoga s\u016btra&quot;\" \/>\n<meta name=\"robots\" content=\"index, follow, max-snippet:-1, max-image-preview:large, max-video-preview:-1\" \/>\n<link rel=\"canonical\" href=\"https:\/\/centredeyoga-lyon-jean-mace.org\/index.php\/cours\/atelier-approfondissement-au-yoga-lyon\/\" \/>\n<meta property=\"og:locale\" content=\"fr_FR\" \/>\n<meta property=\"og:type\" content=\"article\" \/>\n<meta property=\"og:title\" content=\"Atelier Yoga Lyon 7 - Centre de Yoga Lyon Jean Mac\u00e9 - pratique th\u00e9orie\" \/>\n<meta property=\"og:description\" content=\"Atelier Yoga Lyon 7. Ils permettent\u00a0d&#039;approfondir le travail postural, une th\u00e9matique particuli\u00e8re et de s&#039;initier au &quot;yoga s\u016btra&quot;\" \/>\n<meta property=\"og:url\" content=\"https:\/\/centredeyoga-lyon-jean-mace.org\/index.php\/cours\/atelier-approfondissement-au-yoga-lyon\/\" \/>\n<meta property=\"og:site_name\" content=\"Centre de Yoga Lyon Jean Mac\u00e9\" \/>\n<meta property=\"article:publisher\" content=\"https:\/\/www.facebook.com\/CentredeYogaLyonJeanMace\" \/>\n<meta property=\"article:modified_time\" content=\"2024-12-20T08:17:31+00:00\" \/>\n<meta property=\"og:image\" content=\"https:\/\/centredeyoga-lyon-jean-mace.org\/wp-content\/uploads\/2023\/11\/IMG_9479-1024x729.jpg\" \/>\n<meta name=\"twitter:card\" content=\"summary_large_image\" \/>\n<meta name=\"twitter:label1\" content=\"Dur\u00e9e de lecture estim\u00e9e\" \/>\n\t<meta name=\"twitter:data1\" content=\"2 minutes\" \/>\n<script type=\"application\/ld+json\" class=\"yoast-schema-graph\">{\"@context\":\"https:\\\/\\\/schema.org\",\"@graph\":[{\"@type\":\"WebPage\",\"@id\":\"https:\\\/\\\/centredeyoga-lyon-jean-mace.org\\\/index.php\\\/cours\\\/atelier-approfondissement-au-yoga-lyon\\\/\",\"url\":\"https:\\\/\\\/centredeyoga-lyon-jean-mace.org\\\/index.php\\\/cours\\\/atelier-approfondissement-au-yoga-lyon\\\/\",\"name\":\"Atelier Yoga Lyon 7 - Centre de Yoga Lyon Jean Mac\u00e9 - pratique th\u00e9orie\",\"isPartOf\":{\"@id\":\"https:\\\/\\\/centredeyoga-lyon-jean-mace.org\\\/#website\"},\"primaryImageOfPage\":{\"@id\":\"https:\\\/\\\/centredeyoga-lyon-jean-mace.org\\\/index.php\\\/cours\\\/atelier-approfondissement-au-yoga-lyon\\\/#primaryimage\"},\"image\":{\"@id\":\"https:\\\/\\\/centredeyoga-lyon-jean-mace.org\\\/index.php\\\/cours\\\/atelier-approfondissement-au-yoga-lyon\\\/#primaryimage\"},\"thumbnailUrl\":\"https:\\\/\\\/centredeyoga-lyon-jean-mace.org\\\/wp-content\\\/uploads\\\/2023\\\/11\\\/IMG_9479-1024x729.jpg\",\"datePublished\":\"2018-06-25T14:50:17+00:00\",\"dateModified\":\"2024-12-20T08:17:31+00:00\",\"description\":\"Atelier Yoga Lyon 7. Ils permettent\u00a0d'approfondir le travail postural, une th\u00e9matique particuli\u00e8re et de s'initier au \\\"yoga s\u016btra\\\"\",\"breadcrumb\":{\"@id\":\"https:\\\/\\\/centredeyoga-lyon-jean-mace.org\\\/index.php\\\/cours\\\/atelier-approfondissement-au-yoga-lyon\\\/#breadcrumb\"},\"inLanguage\":\"fr-FR\",\"potentialAction\":[{\"@type\":\"ReadAction\",\"target\":[\"https:\\\/\\\/centredeyoga-lyon-jean-mace.org\\\/index.php\\\/cours\\\/atelier-approfondissement-au-yoga-lyon\\\/\"]}]},{\"@type\":\"ImageObject\",\"inLanguage\":\"fr-FR\",\"@id\":\"https:\\\/\\\/centredeyoga-lyon-jean-mace.org\\\/index.php\\\/cours\\\/atelier-approfondissement-au-yoga-lyon\\\/#primaryimage\",\"url\":\"https:\\\/\\\/centredeyoga-lyon-jean-mace.org\\\/wp-content\\\/uploads\\\/2023\\\/11\\\/IMG_9479-scaled.jpg\",\"contentUrl\":\"https:\\\/\\\/centredeyoga-lyon-jean-mace.org\\\/wp-content\\\/uploads\\\/2023\\\/11\\\/IMG_9479-scaled.jpg\",\"width\":2560,\"height\":1822},{\"@type\":\"BreadcrumbList\",\"@id\":\"https:\\\/\\\/centredeyoga-lyon-jean-mace.org\\\/index.php\\\/cours\\\/atelier-approfondissement-au-yoga-lyon\\\/#breadcrumb\",\"itemListElement\":[{\"@type\":\"ListItem\",\"position\":1,\"name\":\"Accueil\",\"item\":\"https:\\\/\\\/centredeyoga-lyon-jean-mace.org\\\/\"},{\"@type\":\"ListItem\",\"position\":2,\"name\":\"Les cours et ateliers\",\"item\":\"https:\\\/\\\/centredeyoga-lyon-jean-mace.org\\\/index.php\\\/cours\\\/\"},{\"@type\":\"ListItem\",\"position\":3,\"name\":\"Ateliers d&rsquo;approfondissement au Yoga\"}]},{\"@type\":\"WebSite\",\"@id\":\"https:\\\/\\\/centredeyoga-lyon-jean-mace.org\\\/#website\",\"url\":\"https:\\\/\\\/centredeyoga-lyon-jean-mace.org\\\/\",\"name\":\"Centre de yoga Lyon Jean Mac\u00e9\",\"description\":\"Une salle de Yoga au coeur de Lyon\",\"publisher\":{\"@id\":\"https:\\\/\\\/centredeyoga-lyon-jean-mace.org\\\/#organization\"},\"potentialAction\":[{\"@type\":\"SearchAction\",\"target\":{\"@type\":\"EntryPoint\",\"urlTemplate\":\"https:\\\/\\\/centredeyoga-lyon-jean-mace.org\\\/?s={search_term_string}\"},\"query-input\":{\"@type\":\"PropertyValueSpecification\",\"valueRequired\":true,\"valueName\":\"search_term_string\"}}],\"inLanguage\":\"fr-FR\"},{\"@type\":\"Organization\",\"@id\":\"https:\\\/\\\/centredeyoga-lyon-jean-mace.org\\\/#organization\",\"name\":\"Centre de yoga Lyon Jean Mac\u00e9\",\"url\":\"https:\\\/\\\/centredeyoga-lyon-jean-mace.org\\\/\",\"logo\":{\"@type\":\"ImageObject\",\"inLanguage\":\"fr-FR\",\"@id\":\"https:\\\/\\\/centredeyoga-lyon-jean-mace.org\\\/#\\\/schema\\\/logo\\\/image\\\/\",\"url\":\"https:\\\/\\\/centredeyoga-lyon-jean-mace.org\\\/wp-content\\\/uploads\\\/2021\\\/06\\\/Logo-Centre-yoga-LJM-web.png\",\"contentUrl\":\"https:\\\/\\\/centredeyoga-lyon-jean-mace.org\\\/wp-content\\\/uploads\\\/2021\\\/06\\\/Logo-Centre-yoga-LJM-web.png\",\"width\":500,\"height\":520,\"caption\":\"Centre de yoga Lyon Jean Mac\u00e9\"},\"image\":{\"@id\":\"https:\\\/\\\/centredeyoga-lyon-jean-mace.org\\\/#\\\/schema\\\/logo\\\/image\\\/\"},\"sameAs\":[\"https:\\\/\\\/www.facebook.com\\\/CentredeYogaLyonJeanMace\",\"https:\\\/\\\/www.instagram.com\\\/centredeyogalyonjeanmace\\\/\"]}]}<\/script>\n<!-- \/ Yoast SEO plugin. -->","yoast_head_json":{"title":"Atelier Yoga Lyon 7 - Centre de Yoga Lyon Jean Mac\u00e9 - pratique th\u00e9orie","description":"Atelier Yoga Lyon 7. Ils permettent\u00a0d'approfondir le travail postural, une th\u00e9matique particuli\u00e8re et de s'initier au \"yoga s\u016btra\"","robots":{"index":"index","follow":"follow","max-snippet":"max-snippet:-1","max-image-preview":"max-image-preview:large","max-video-preview":"max-video-preview:-1"},"canonical":"https:\/\/centredeyoga-lyon-jean-mace.org\/index.php\/cours\/atelier-approfondissement-au-yoga-lyon\/","og_locale":"fr_FR","og_type":"article","og_title":"Atelier Yoga Lyon 7 - Centre de Yoga Lyon Jean Mac\u00e9 - pratique th\u00e9orie","og_description":"Atelier Yoga Lyon 7. Ils permettent\u00a0d'approfondir le travail postural, une th\u00e9matique particuli\u00e8re et de s'initier au \"yoga s\u016btra\"","og_url":"https:\/\/centredeyoga-lyon-jean-mace.org\/index.php\/cours\/atelier-approfondissement-au-yoga-lyon\/","og_site_name":"Centre de Yoga Lyon Jean Mac\u00e9","article_publisher":"https:\/\/www.facebook.com\/CentredeYogaLyonJeanMace","article_modified_time":"2024-12-20T08:17:31+00:00","og_image":[{"url":"https:\/\/centredeyoga-lyon-jean-mace.org\/wp-content\/uploads\/2023\/11\/IMG_9479-1024x729.jpg","type":"","width":"","height":""}],"twitter_card":"summary_large_image","twitter_misc":{"Dur\u00e9e de lecture estim\u00e9e":"2 minutes"},"schema":{"@context":"https:\/\/schema.org","@graph":[{"@type":"WebPage","@id":"https:\/\/centredeyoga-lyon-jean-mace.org\/index.php\/cours\/atelier-approfondissement-au-yoga-lyon\/","url":"https:\/\/centredeyoga-lyon-jean-mace.org\/index.php\/cours\/atelier-approfondissement-au-yoga-lyon\/","name":"Atelier Yoga Lyon 7 - Centre de Yoga Lyon Jean Mac\u00e9 - pratique th\u00e9orie","isPartOf":{"@id":"https:\/\/centredeyoga-lyon-jean-mace.org\/#website"},"primaryImageOfPage":{"@id":"https:\/\/centredeyoga-lyon-jean-mace.org\/index.php\/cours\/atelier-approfondissement-au-yoga-lyon\/#primaryimage"},"image":{"@id":"https:\/\/centredeyoga-lyon-jean-mace.org\/index.php\/cours\/atelier-approfondissement-au-yoga-lyon\/#primaryimage"},"thumbnailUrl":"https:\/\/centredeyoga-lyon-jean-mace.org\/wp-content\/uploads\/2023\/11\/IMG_9479-1024x729.jpg","datePublished":"2018-06-25T14:50:17+00:00","dateModified":"2024-12-20T08:17:31+00:00","description":"Atelier Yoga Lyon 7. Ils permettent\u00a0d'approfondir le travail postural, une th\u00e9matique particuli\u00e8re et de s'initier au \"yoga s\u016btra\"","breadcrumb":{"@id":"https:\/\/centredeyoga-lyon-jean-mace.org\/index.php\/cours\/atelier-approfondissement-au-yoga-lyon\/#breadcrumb"},"inLanguage":"fr-FR","potentialAction":[{"@type":"ReadAction","target":["https:\/\/centredeyoga-lyon-jean-mace.org\/index.php\/cours\/atelier-approfondissement-au-yoga-lyon\/"]}]},{"@type":"ImageObject","inLanguage":"fr-FR","@id":"https:\/\/centredeyoga-lyon-jean-mace.org\/index.php\/cours\/atelier-approfondissement-au-yoga-lyon\/#primaryimage","url":"https:\/\/centredeyoga-lyon-jean-mace.org\/wp-content\/uploads\/2023\/11\/IMG_9479-scaled.jpg","contentUrl":"https:\/\/centredeyoga-lyon-jean-mace.org\/wp-content\/uploads\/2023\/11\/IMG_9479-scaled.jpg","width":2560,"height":1822},{"@type":"BreadcrumbList","@id":"https:\/\/centredeyoga-lyon-jean-mace.org\/index.php\/cours\/atelier-approfondissement-au-yoga-lyon\/#breadcrumb","itemListElement":[{"@type":"ListItem","position":1,"name":"Accueil","item":"https:\/\/centredeyoga-lyon-jean-mace.org\/"},{"@type":"ListItem","position":2,"name":"Les cours et ateliers","item":"https:\/\/centredeyoga-lyon-jean-mace.org\/index.php\/cours\/"},{"@type":"ListItem","position":3,"name":"Ateliers d&rsquo;approfondissement au Yoga"}]},{"@type":"WebSite","@id":"https:\/\/centredeyoga-lyon-jean-mace.org\/#website","url":"https:\/\/centredeyoga-lyon-jean-mace.org\/","name":"Centre de yoga Lyon Jean Mac\u00e9","description":"Une salle de Yoga au coeur de Lyon","publisher":{"@id":"https:\/\/centredeyoga-lyon-jean-mace.org\/#organization"},"potentialAction":[{"@type":"SearchAction","target":{"@type":"EntryPoint","urlTemplate":"https:\/\/centredeyoga-lyon-jean-mace.org\/?s={search_term_string}"},"query-input":{"@type":"PropertyValueSpecification","valueRequired":true,"valueName":"search_term_string"}}],"inLanguage":"fr-FR"},{"@type":"Organization","@id":"https:\/\/centredeyoga-lyon-jean-mace.org\/#organization","name":"Centre de yoga Lyon Jean Mac\u00e9","url":"https:\/\/centredeyoga-lyon-jean-mace.org\/","logo":{"@type":"ImageObject","inLanguage":"fr-FR","@id":"https:\/\/centredeyoga-lyon-jean-mace.org\/#\/schema\/logo\/image\/","url":"https:\/\/centredeyoga-lyon-jean-mace.org\/wp-content\/uploads\/2021\/06\/Logo-Centre-yoga-LJM-web.png","contentUrl":"https:\/\/centredeyoga-lyon-jean-mace.org\/wp-content\/uploads\/2021\/06\/Logo-Centre-yoga-LJM-web.png","width":500,"height":520,"caption":"Centre de yoga Lyon Jean Mac\u00e9"},"image":{"@id":"https:\/\/centredeyoga-lyon-jean-mace.org\/#\/schema\/logo\/image\/"},"sameAs":["https:\/\/www.facebook.com\/CentredeYogaLyonJeanMace","https:\/\/www.instagram.com\/centredeyogalyonjeanmace\/"]}]}},"_links":{"self":[{"href":"https:\/\/centredeyoga-lyon-jean-mace.org\/index.php\/wp-json\/wp\/v2\/pages\/841","targetHints":{"allow":["GET"]}}],"collection":[{"href":"https:\/\/centredeyoga-lyon-jean-mace.org\/index.php\/wp-json\/wp\/v2\/pages"}],"about":[{"href":"https:\/\/centredeyoga-lyon-jean-mace.org\/index.php\/wp-json\/wp\/v2\/types\/page"}],"author":[{"embeddable":true,"href":"https:\/\/centredeyoga-lyon-jean-mace.org\/index.php\/wp-json\/wp\/v2\/users\/3"}],"replies":[{"embeddable":true,"href":"https:\/\/centredeyoga-lyon-jean-mace.org\/index.php\/wp-json\/wp\/v2\/comments?post=841"}],"version-history":[{"count":3,"href":"https:\/\/centredeyoga-lyon-jean-mace.org\/index.php\/wp-json\/wp\/v2\/pages\/841\/revisions"}],"predecessor-version":[{"id":4116,"href":"https:\/\/centredeyoga-lyon-jean-mace.org\/index.php\/wp-json\/wp\/v2\/pages\/841\/revisions\/4116"}],"up":[{"embeddable":true,"href":"https:\/\/centredeyoga-lyon-jean-mace.org\/index.php\/wp-json\/wp\/v2\/pages\/1778"}],"wp:attachment":[{"href":"https:\/\/centredeyoga-lyon-jean-mace.org\/index.php\/wp-json\/wp\/v2\/media?parent=841"}],"curies":[{"name":"wp","href":"https:\/\/api.w.org\/{rel}","templated":true}]}}